{"id":632,"date":"2017-02-02T14:27:30","date_gmt":"2017-02-02T14:27:30","guid":{"rendered":"http:\/\/test.kriesi.at\/enfold-2017\/?page_id=632"},"modified":"2022-06-23T13:53:16","modified_gmt":"2022-06-23T13:53:16","slug":"contact","status":"publish","type":"page","link":"https:\/\/rimanagency.com\/fr\/contact\/","title":{"rendered":"Contact"},"content":{"rendered":"<style type=\"text\/css\" data-created_by=\"avia_inline_auto\" id=\"style-css-av-38n70g-6d9db78b8ff39ad4055f8f22779426b1\">\n.avia-section.av-38n70g-6d9db78b8ff39ad4055f8f22779426b1 .av-extra-border-element .av-extra-border-inner{\nbackground-color:#ffffff;\n}\n<\/style>\n<div id='av_section_1'  class='avia-section av-38n70g-6d9db78b8ff39ad4055f8f22779426b1 main_color avia-section-large avia-no-border-styling  avia-builder-el-0  el_before_av_section  avia-builder-el-first  avia-bg-style-scroll av-arrow-down-section container_wrap sidebar_right'  ><div class='container av-section-cont-open' ><main  role=\"main\" itemprop=\"mainContentOfPage\"  class='template-page content  av-content-small alpha units'><div class='post-entry post-entry-type-page post-entry-632'><div class='entry-content-wrapper clearfix'>\n\n<style type=\"text\/css\" data-created_by=\"avia_inline_auto\" id=\"style-css-av-h3ay8-be13e099dc26235fc5e8e67bd2e1a50e\">\n#top .av-special-heading.av-h3ay8-be13e099dc26235fc5e8e67bd2e1a50e{\npadding-bottom:20px;\nfont-size:40px;\n}\nbody .av-special-heading.av-h3ay8-be13e099dc26235fc5e8e67bd2e1a50e .av-special-heading-tag .heading-char{\nfont-size:25px;\n}\n#top #wrap_all .av-special-heading.av-h3ay8-be13e099dc26235fc5e8e67bd2e1a50e .av-special-heading-tag{\nfont-size:40px;\n}\n.av-special-heading.av-h3ay8-be13e099dc26235fc5e8e67bd2e1a50e .av-subheading{\nfont-size:15px;\n}\n\n@media only screen and (min-width: 480px) and (max-width: 767px){ \n#top #wrap_all .av-special-heading.av-h3ay8-be13e099dc26235fc5e8e67bd2e1a50e .av-special-heading-tag{\nfont-size:0.8em;\n}\n}\n\n@media only screen and (max-width: 479px){ \n#top #wrap_all .av-special-heading.av-h3ay8-be13e099dc26235fc5e8e67bd2e1a50e .av-special-heading-tag{\nfont-size:0.8em;\n}\n}\n<\/style>\n<div  class='av-special-heading av-h3ay8-be13e099dc26235fc5e8e67bd2e1a50e av-special-heading-h2 blockquote modern-quote  avia-builder-el-1  el_before_av_one_half  avia-builder-el-first  av-inherit-size'><h2 class='av-special-heading-tag'  itemprop=\"headline\"  >Contact<\/h2><div class=\"special-heading-border\"><div class=\"special-heading-inner-border\"><\/div><\/div><\/div>\n\n<style type=\"text\/css\" data-created_by=\"avia_inline_auto\" id=\"style-css-av-2x9rtc-8c735caea353992d43cd4f1e941b30b4\">\n.flex_column.av-2x9rtc-8c735caea353992d43cd4f1e941b30b4{\nborder-radius:0px 0px 0px 0px;\npadding:0px 0px 0px 0px;\n}\n<\/style>\n<div  class='flex_column av-2x9rtc-8c735caea353992d43cd4f1e941b30b4 av_one_half  avia-builder-el-2  el_after_av_heading  el_before_av_one_half  first flex_column_div av-zero-column-padding'     ><section  class='av_textblock_section av-1tfvg0-6a93aa4fad69261335ba16696e8823c0'   itemscope=\"itemscope\" itemtype=\"https:\/\/schema.org\/CreativeWork\" ><div class='avia_textblock'  itemprop=\"text\" ><h2>Emplacement canadien<\/h2>\n<p>Agence Riman \\ Succursale canadienne<\/p>\n<h4><\/h4>\n<\/div><\/section><br \/>\n<section  class='av_textblock_section av-l4r2zngp-6d7875f62271aebc8763ef84d671be5b'   itemscope=\"itemscope\" itemtype=\"https:\/\/schema.org\/CreativeWork\" ><div class='avia_textblock'  itemprop=\"text\" ><p><iframe loading=\"lazy\" style=\"border: 0;\" src=\"https:\/\/www.google.com\/maps\/embed?pb=!1m18!1m12!1m3!1d2795.5758435628827!2d-73.521886484192!3d45.518616437831284!2m3!1f0!2f0!3f0!3m2!1i1024!2i768!4f13.1!3m3!1m2!1s0x4cc91bb3e8a9e227%3A0x3e37ed6e8abad40!2sRiman%20Agency!5e0!3m2!1sen!2sca!4v1655992166938!5m2!1sen!2sca\" width=\"600\" height=\"450\" allowfullscreen=\"allowfullscreen\"><\/iframe><\/p>\n<\/div><\/section><\/p><\/div>\n<style type=\"text\/css\" data-created_by=\"avia_inline_auto\" id=\"style-css-av-1z11q8-2f9e98d1796501d26b543c04af82b892\">\n.flex_column.av-1z11q8-2f9e98d1796501d26b543c04af82b892{\nborder-radius:0px 0px 0px 0px;\npadding:0px 0px 0px 0px;\n}\n<\/style>\n<div  class='flex_column av-1z11q8-2f9e98d1796501d26b543c04af82b892 av_one_half  avia-builder-el-5  el_after_av_one_half  el_before_av_one_half  flex_column_div av-zero-column-padding'     ><section  class='av_textblock_section av-l4r2vqic-c30f095667499b468b3d94bdd5526954'   itemscope=\"itemscope\" itemtype=\"https:\/\/schema.org\/CreativeWork\" ><div class='avia_textblock'  itemprop=\"text\" ><p>L&#039;agence Riman a pour objectif de cr\u00e9er des marques authentiques et de les amener au niveau sup\u00e9rieur avec les derni\u00e8res strat\u00e9gies de marketing num\u00e9rique.<\/p>\n<h4>ADRESSE<\/h4>\n<p>Montr\u00e9al, Qu\u00e9bec, Canada<\/p>\n<div class=\"desktop-title-content\">1414 Rue Saint-Charles O<\/div>\n<p><span class=\"desktop-title-subcontent\">Longueuil (QC) J4K 1A9<\/span><\/p>\n<h4>CONTACT<\/h4>\n<p>t@rimanagency.com<\/p>\n<p>+1-514-813-1655<\/p>\n<h4><\/h4>\n<\/div><\/section><\/div>\n<style type=\"text\/css\" data-created_by=\"avia_inline_auto\" id=\"style-css-av-av_one_half-068220c8262444be99a83ad265bdcedb\">\n.flex_column.av-av_one_half-068220c8262444be99a83ad265bdcedb{\nborder-radius:0px 0px 0px 0px;\npadding:0px 0px 0px 0px;\n}\n<\/style>\n<div  class='flex_column av-av_one_half-068220c8262444be99a83ad265bdcedb av_one_half  avia-builder-el-7  el_after_av_one_half  el_before_av_one_half  first flex_column_div av-zero-column-padding  column-top-margin'     ><section  class='av_textblock_section av-l4r2wypz-a49f77388b7f34528a1bf197fc7af052'   itemscope=\"itemscope\" itemtype=\"https:\/\/schema.org\/CreativeWork\" ><div class='avia_textblock'  itemprop=\"text\" ><h2>Localisation aux \u00c9mirats arabes unis<\/h2>\n<p>Agence Riman \\ Branche Moyen-Orient<\/p>\n<h4><\/h4>\n<\/div><\/section><br \/>\n<section  class='av_textblock_section av-l4r32l03-b942618658fc94e61bb1c1f3b8860094'   itemscope=\"itemscope\" itemtype=\"https:\/\/schema.org\/CreativeWork\" ><div class='avia_textblock'  itemprop=\"text\" ><p><iframe loading=\"lazy\" style=\"border: 0;\" src=\"https:\/\/www.google.com\/maps\/embed?pb=!1m18!1m12!1m3!1d1804.7306318789251!2d55.28490905821913!3d25.221384472481205!2m3!1f0!2f0!3f0!3m2!1i1024!2i768!4f13.1!3m3!1m2!1s0x3e5f432d6a37d4bf%3A0x315c77c169e5a12d!2sWeWork%20-%20Office%20Space%20%26%20Coworking!5e0!3m2!1sen!2sca!4v1655992298556!5m2!1sen!2sca\" width=\"600\" height=\"450\" allowfullscreen=\"allowfullscreen\"><\/iframe><\/p>\n<\/div><\/section><\/p><\/div>\n<style type=\"text\/css\" data-created_by=\"avia_inline_auto\" id=\"style-css-av-av_one_half-e671fab5613f317ef63eb9ab712c64a3\">\n.flex_column.av-av_one_half-e671fab5613f317ef63eb9ab712c64a3{\nborder-radius:0px 0px 0px 0px;\npadding:0px 0px 0px 0px;\n}\n<\/style>\n<div  class='flex_column av-av_one_half-e671fab5613f317ef63eb9ab712c64a3 av_one_half  avia-builder-el-10  el_after_av_one_half  avia-builder-el-last  flex_column_div av-zero-column-padding  column-top-margin'     ><section  class='av_textblock_section av-l4r337xw-49c9c6c74ebf832e1b9689ae0feec571'   itemscope=\"itemscope\" itemtype=\"https:\/\/schema.org\/CreativeWork\" ><div class='avia_textblock'  itemprop=\"text\" ><p>L&#039;agence Riman a pour objectif de cr\u00e9er des marques authentiques et de les amener au niveau sup\u00e9rieur avec les derni\u00e8res strat\u00e9gies de marketing num\u00e9rique.<\/p>\n<h4>ADRESSE<\/h4>\n<p>One Central 8e et 9e \u00e9tage<\/p>\n<p>Duba\u00ef \u2013 \u00c9mirats arabes unis<\/p>\n<h4>CONTACT<\/h4>\n<p>t@rimanagency.com<\/p>\n<h4><\/h4>\n<\/div><\/section><\/div><\/div><\/div><\/main><!-- close content main element --><\/div><div class='av-extra-border-element border-extra-arrow-down'><div class='av-extra-border-outer'><div class='av-extra-border-inner'><\/div><\/div><\/div><\/div>\n<style type=\"text\/css\" data-created_by=\"avia_inline_auto\" id=\"style-css-av-1lz1z4-82934c2dc7bf669b0ac2d3a86cd0fbd4\">\n.avia-section.av-1lz1z4-82934c2dc7bf669b0ac2d3a86cd0fbd4{\nbackground-repeat:no-repeat;\nbackground-image:url(https:\/\/rimanagency.com\/wp-content\/uploads\/2015\/07\/business-office-work.jpg);\nbackground-position:50% 50%;\nbackground-attachment:fixed;\n}\n.avia-section.av-1lz1z4-82934c2dc7bf669b0ac2d3a86cd0fbd4 .av-section-color-overlay{\nopacity:0.9;\nbackground-color:#35383c;\n}\n<\/style>\n<div id='newsletter'  class='avia-section av-1lz1z4-82934c2dc7bf669b0ac2d3a86cd0fbd4 main_color avia-section-huge avia-no-border-styling  avia-builder-el-12  el_after_av_section  avia-builder-el-last  avia-full-stretch avia-bg-style-fixed av-section-color-overlay-active container_wrap sidebar_right'  data-section-bg-repeat='stretch'><div class=\"av-section-color-overlay-wrap\"><div class=\"av-section-color-overlay\"><\/div><div class='container av-section-cont-open' ><div class='template-page content  av-content-small alpha units'><div class='post-entry post-entry-type-page post-entry-632'><div class='entry-content-wrapper clearfix'>\n\n<style type=\"text\/css\" data-created_by=\"avia_inline_auto\" id=\"style-css-av-7uqq8-80acd5a00e11a31716beb62f2e8758d7\">\n#top .av-special-heading.av-7uqq8-80acd5a00e11a31716beb62f2e8758d7{\npadding-bottom:20px;\ncolor:#ffffff;\nfont-size:40px;\n}\nbody .av-special-heading.av-7uqq8-80acd5a00e11a31716beb62f2e8758d7 .av-special-heading-tag .heading-char{\nfont-size:25px;\n}\n#top #wrap_all .av-special-heading.av-7uqq8-80acd5a00e11a31716beb62f2e8758d7 .av-special-heading-tag{\nfont-size:40px;\n}\n.av-special-heading.av-7uqq8-80acd5a00e11a31716beb62f2e8758d7 .special-heading-inner-border{\nborder-color:#ffffff;\n}\n.av-special-heading.av-7uqq8-80acd5a00e11a31716beb62f2e8758d7 .av-subheading{\nfont-size:15px;\n}\n\n@media only screen and (min-width: 480px) and (max-width: 767px){ \n#top #wrap_all .av-special-heading.av-7uqq8-80acd5a00e11a31716beb62f2e8758d7 .av-special-heading-tag{\nfont-size:0.8em;\n}\n}\n\n@media only screen and (max-width: 479px){ \n#top #wrap_all .av-special-heading.av-7uqq8-80acd5a00e11a31716beb62f2e8758d7 .av-special-heading-tag{\nfont-size:0.8em;\n}\n}\n<\/style>\n<div  class='av-special-heading av-7uqq8-80acd5a00e11a31716beb62f2e8758d7 av-special-heading-h1 custom-color-heading blockquote modern-quote modern-centered  avia-builder-el-13  el_before_av_one_fifth  avia-builder-el-first  av-inherit-size'><h1 class='av-special-heading-tag'  itemprop=\"headline\"  >Vous souhaitez rester inform\u00e9 ?<br \/>\nInscrivez-vous \u00e0 notre newsletter<\/h1><div class=\"special-heading-border\"><div class=\"special-heading-inner-border\"><\/div><\/div><\/div>\n\n<style type=\"text\/css\" data-created_by=\"avia_inline_auto\" id=\"style-css-av-19h2wg-d4f31d9640feaaaa58c74227be366c26\">\n.flex_column.av-19h2wg-d4f31d9640feaaaa58c74227be366c26{\nborder-radius:0px 0px 0px 0px;\npadding:0px 0px 0px 0px;\n}\n<\/style>\n<div  class='flex_column av-19h2wg-d4f31d9640feaaaa58c74227be366c26 av_one_fifth  avia-builder-el-14  el_after_av_heading  el_before_av_three_fifth  first flex_column_div av-animated-generic fade-in av-zero-column-padding'     ><\/div>\n<style type=\"text\/css\" data-created_by=\"avia_inline_auto\" id=\"style-css-av-12ii2g-bb4df43e964258c9fe4ec6238b01bc66\">\n.flex_column.av-12ii2g-bb4df43e964258c9fe4ec6238b01bc66{\nborder-radius:0px 0px 0px 0px;\npadding:0px 0px 0px 0px;\n}\n<\/style>\n<div  class='flex_column av-12ii2g-bb4df43e964258c9fe4ec6238b01bc66 av_three_fifth  avia-builder-el-15  el_after_av_one_fifth  el_before_av_one_fifth  flex_column_div av-animated-generic fade-in av-zero-column-padding'     ><style type=\"text\/css\" data-created_by=\"avia_inline_auto\" id=\"style-css-av-dhwrs-bbdb8d6a147fd05f92f0db6f530cdc08\">\n#top .av_textblock_section.av-dhwrs-bbdb8d6a147fd05f92f0db6f530cdc08 .avia_textblock{\ncolor:#cecece;\n}\n<\/style>\n<section  class='av_textblock_section av-dhwrs-bbdb8d6a147fd05f92f0db6f530cdc08'   itemscope=\"itemscope\" itemtype=\"https:\/\/schema.org\/CreativeWork\" ><div class='avia_textblock av_inherit_color'  itemprop=\"text\" ><p style=\"text-align: center;\">Nous respectons votre vie priv\u00e9e. Nous ne vous enverrons jamais de spam et ne transmettrons jamais vos informations \u00e0 des tiers.<\/p>\n<\/div><\/section><\/div>\n<style type=\"text\/css\" data-created_by=\"avia_inline_auto\" id=\"style-css-av-9cry0-44ce90e4f7e9708683b5b2f0ab440118\">\n.flex_column.av-9cry0-44ce90e4f7e9708683b5b2f0ab440118{\nborder-radius:0px 0px 0px 0px;\npadding:0px 0px 0px 0px;\n}\n<\/style>\n<div  class='flex_column av-9cry0-44ce90e4f7e9708683b5b2f0ab440118 av_one_fifth  avia-builder-el-17  el_after_av_three_fifth  avia-builder-el-last  flex_column_div av-animated-generic fade-in av-zero-column-padding'     ><\/div>\n<\/div><\/div><\/div><!-- close content main div --><\/div><\/div><\/div><div id='after_section_2'  class='main_color av_default_container_wrap container_wrap sidebar_right'  ><div class='container av-section-cont-open' ><div class='template-page content  av-content-small alpha units'><div class='post-entry post-entry-type-page post-entry-632'><div class='entry-content-wrapper clearfix'><\/p>","protected":false},"excerpt":{"rendered":"","protected":false},"author":2,"featured_media":0,"parent":0,"menu_order":0,"comment_status":"closed","ping_status":"closed","template":"","meta":{"footnotes":""},"class_list":["post-632","page","type-page","status-publish","hentry"],"yoast_head":"<!-- This site is optimized with the Yoast SEO plugin v27.4 - https:\/\/yoast.com\/product\/yoast-seo-wordpress\/ -->\n<title>Contact Riman Agency - Canadian Digital Agency<\/title>\n<meta name=\"description\" content=\"Get more visitors, More relevant clicks to your site. SEO optimization, SEM campaigns, Social Media Optimization, Content Strategy.\" \/>\n<meta name=\"robots\" content=\"index, follow, max-snippet:-1, max-image-preview:large, max-video-preview:-1\" \/>\n<link rel=\"canonical\" href=\"https:\/\/rimanagency.com\/fr\/contact\/\" \/>\n<meta property=\"og:locale\" content=\"fr_CA\" \/>\n<meta property=\"og:type\" content=\"article\" \/>\n<meta property=\"og:title\" content=\"Contact Riman Agency - Canadian Digital Agency\" \/>\n<meta property=\"og:description\" content=\"Get more visitors, More relevant clicks to your site. SEO optimization, SEM campaigns, Social Media Optimization, Content Strategy.\" \/>\n<meta property=\"og:url\" content=\"https:\/\/rimanagency.com\/fr\/contact\/\" \/>\n<meta property=\"og:site_name\" content=\"Riman Agency\" \/>\n<meta property=\"article:modified_time\" content=\"2022-06-23T13:53:16+00:00\" \/>\n<meta property=\"og:image\" content=\"https:\/\/rimanagency.com\/wp-content\/uploads\/2018\/04\/patrick-tomasso-406271-unsplash1.jpg\" \/>\n\t<meta property=\"og:image:width\" content=\"1500\" \/>\n\t<meta property=\"og:image:height\" content=\"857\" \/>\n\t<meta property=\"og:image:type\" content=\"image\/jpeg\" \/>\n<meta name=\"twitter:card\" content=\"summary_large_image\" \/>\n<meta name=\"twitter:title\" content=\"Contact me | Optimize your site and Bring more traffic to your business\" \/>\n<meta name=\"twitter:description\" content=\"Get more visitors, More relevant clicks to your site. SEO optimization, SEM campaigns, Social Media Optimization, Content Strategy.\" \/>\n<meta name=\"twitter:image\" content=\"https:\/\/rimanagency.com\/wp-content\/uploads\/2018\/04\/patrick-tomasso-406271-unsplash1.jpg\" \/>\n<meta name=\"twitter:label1\" content=\"Est. reading time\" \/>\n\t<meta name=\"twitter:data1\" content=\"3 minutes\" \/>\n<script type=\"application\/ld+json\" class=\"yoast-schema-graph\">{\"@context\":\"https:\\\/\\\/schema.org\",\"@graph\":[{\"@type\":\"WebPage\",\"@id\":\"https:\\\/\\\/rimanagency.com\\\/contact\\\/\",\"url\":\"https:\\\/\\\/rimanagency.com\\\/contact\\\/\",\"name\":\"Contact Riman Agency - Canadian Digital Agency\",\"isPartOf\":{\"@id\":\"https:\\\/\\\/rimanagency.com\\\/#website\"},\"datePublished\":\"2017-02-02T14:27:30+00:00\",\"dateModified\":\"2022-06-23T13:53:16+00:00\",\"description\":\"Get more visitors, More relevant clicks to your site. SEO optimization, SEM campaigns, Social Media Optimization, Content Strategy.\",\"breadcrumb\":{\"@id\":\"https:\\\/\\\/rimanagency.com\\\/contact\\\/#breadcrumb\"},\"inLanguage\":\"fr-CA\",\"potentialAction\":[{\"@type\":\"ReadAction\",\"target\":[\"https:\\\/\\\/rimanagency.com\\\/contact\\\/\"]}]},{\"@type\":\"BreadcrumbList\",\"@id\":\"https:\\\/\\\/rimanagency.com\\\/contact\\\/#breadcrumb\",\"itemListElement\":[{\"@type\":\"ListItem\",\"position\":1,\"name\":\"Home\",\"item\":\"https:\\\/\\\/rimanagency.com\\\/home\\\/\"},{\"@type\":\"ListItem\",\"position\":2,\"name\":\"Contact\"}]},{\"@type\":\"WebSite\",\"@id\":\"https:\\\/\\\/rimanagency.com\\\/#website\",\"url\":\"https:\\\/\\\/rimanagency.com\\\/\",\"name\":\"Riman Agency\",\"description\":\"A Full Service Digital Marketing Agency\",\"publisher\":{\"@id\":\"https:\\\/\\\/rimanagency.com\\\/#organization\"},\"potentialAction\":[{\"@type\":\"SearchAction\",\"target\":{\"@type\":\"EntryPoint\",\"urlTemplate\":\"https:\\\/\\\/rimanagency.com\\\/?s={search_term_string}\"},\"query-input\":{\"@type\":\"PropertyValueSpecification\",\"valueRequired\":true,\"valueName\":\"search_term_string\"}}],\"inLanguage\":\"fr-CA\"},{\"@type\":\"Organization\",\"@id\":\"https:\\\/\\\/rimanagency.com\\\/#organization\",\"name\":\"Riman Agency\",\"url\":\"https:\\\/\\\/rimanagency.com\\\/\",\"logo\":{\"@type\":\"ImageObject\",\"inLanguage\":\"fr-CA\",\"@id\":\"https:\\\/\\\/rimanagency.com\\\/#\\\/schema\\\/logo\\\/image\\\/\",\"url\":\"https:\\\/\\\/rimanagency.com\\\/wp-content\\\/uploads\\\/2022\\\/02\\\/RIMANagency-all-logos-1-2.png\",\"contentUrl\":\"https:\\\/\\\/rimanagency.com\\\/wp-content\\\/uploads\\\/2022\\\/02\\\/RIMANagency-all-logos-1-2.png\",\"width\":694,\"height\":211,\"caption\":\"Riman Agency\"},\"image\":{\"@id\":\"https:\\\/\\\/rimanagency.com\\\/#\\\/schema\\\/logo\\\/image\\\/\"}}]}<\/script>\n<!-- \/ Yoast SEO plugin. -->","yoast_head_json":{"title":"Contact Riman Agency - Canadian Digital Agency","description":"Get more visitors, More relevant clicks to your site. SEO optimization, SEM campaigns, Social Media Optimization, Content Strategy.","robots":{"index":"index","follow":"follow","max-snippet":"max-snippet:-1","max-image-preview":"max-image-preview:large","max-video-preview":"max-video-preview:-1"},"canonical":"https:\/\/rimanagency.com\/fr\/contact\/","og_locale":"fr_CA","og_type":"article","og_title":"Contact Riman Agency - Canadian Digital Agency","og_description":"Get more visitors, More relevant clicks to your site. SEO optimization, SEM campaigns, Social Media Optimization, Content Strategy.","og_url":"https:\/\/rimanagency.com\/fr\/contact\/","og_site_name":"Riman Agency","article_modified_time":"2022-06-23T13:53:16+00:00","og_image":[{"width":1500,"height":857,"url":"https:\/\/rimanagency.com\/wp-content\/uploads\/2018\/04\/patrick-tomasso-406271-unsplash1.jpg","type":"image\/jpeg"}],"twitter_card":"summary_large_image","twitter_title":"Contact me | Optimize your site and Bring more traffic to your business","twitter_description":"Get more visitors, More relevant clicks to your site. SEO optimization, SEM campaigns, Social Media Optimization, Content Strategy.","twitter_image":"https:\/\/rimanagency.com\/wp-content\/uploads\/2018\/04\/patrick-tomasso-406271-unsplash1.jpg","twitter_misc":{"Est. reading time":"3 minutes"},"schema":{"@context":"https:\/\/schema.org","@graph":[{"@type":"WebPage","@id":"https:\/\/rimanagency.com\/contact\/","url":"https:\/\/rimanagency.com\/contact\/","name":"Contact Riman Agency - Canadian Digital Agency","isPartOf":{"@id":"https:\/\/rimanagency.com\/#website"},"datePublished":"2017-02-02T14:27:30+00:00","dateModified":"2022-06-23T13:53:16+00:00","description":"Get more visitors, More relevant clicks to your site. SEO optimization, SEM campaigns, Social Media Optimization, Content Strategy.","breadcrumb":{"@id":"https:\/\/rimanagency.com\/contact\/#breadcrumb"},"inLanguage":"fr-CA","potentialAction":[{"@type":"ReadAction","target":["https:\/\/rimanagency.com\/contact\/"]}]},{"@type":"BreadcrumbList","@id":"https:\/\/rimanagency.com\/contact\/#breadcrumb","itemListElement":[{"@type":"ListItem","position":1,"name":"Home","item":"https:\/\/rimanagency.com\/home\/"},{"@type":"ListItem","position":2,"name":"Contact"}]},{"@type":"WebSite","@id":"https:\/\/rimanagency.com\/#website","url":"https:\/\/rimanagency.com\/","name":"Agence Riman","description":"Une agence de marketing num\u00e9rique \u00e0 service complet","publisher":{"@id":"https:\/\/rimanagency.com\/#organization"},"potentialAction":[{"@type":"SearchAction","target":{"@type":"EntryPoint","urlTemplate":"https:\/\/rimanagency.com\/?s={search_term_string}"},"query-input":{"@type":"PropertyValueSpecification","valueRequired":true,"valueName":"search_term_string"}}],"inLanguage":"fr-CA"},{"@type":"Organization","@id":"https:\/\/rimanagency.com\/#organization","name":"Agence Riman","url":"https:\/\/rimanagency.com\/","logo":{"@type":"ImageObject","inLanguage":"fr-CA","@id":"https:\/\/rimanagency.com\/#\/schema\/logo\/image\/","url":"https:\/\/rimanagency.com\/wp-content\/uploads\/2022\/02\/RIMANagency-all-logos-1-2.png","contentUrl":"https:\/\/rimanagency.com\/wp-content\/uploads\/2022\/02\/RIMANagency-all-logos-1-2.png","width":694,"height":211,"caption":"Riman Agency"},"image":{"@id":"https:\/\/rimanagency.com\/#\/schema\/logo\/image\/"}}]}},"_links":{"self":[{"href":"https:\/\/rimanagency.com\/fr\/wp-json\/wp\/v2\/pages\/632","targetHints":{"allow":["GET"]}}],"collection":[{"href":"https:\/\/rimanagency.com\/fr\/wp-json\/wp\/v2\/pages"}],"about":[{"href":"https:\/\/rimanagency.com\/fr\/wp-json\/wp\/v2\/types\/page"}],"author":[{"embeddable":true,"href":"https:\/\/rimanagency.com\/fr\/wp-json\/wp\/v2\/users\/2"}],"replies":[{"embeddable":true,"href":"https:\/\/rimanagency.com\/fr\/wp-json\/wp\/v2\/comments?post=632"}],"version-history":[{"count":0,"href":"https:\/\/rimanagency.com\/fr\/wp-json\/wp\/v2\/pages\/632\/revisions"}],"wp:attachment":[{"href":"https:\/\/rimanagency.com\/fr\/wp-json\/wp\/v2\/media?parent=632"}],"curies":[{"name":"wp","href":"https:\/\/api.w.org\/{rel}","templated":true}]}}