{"id":4971,"date":"2026-05-10T15:50:29","date_gmt":"2026-05-10T15:50:29","guid":{"rendered":"https:\/\/rimanagency.com\/entrepreneur-guideline-2e-complete-series\/"},"modified":"2026-05-10T15:50:29","modified_gmt":"2026-05-10T15:50:29","slug":"entrepreneur-guideline-2e-complete-series","status":"publish","type":"page","link":"https:\/\/rimanagency.com\/fr\/entrepreneur-guideline-2e-complete-series\/","title":{"rendered":"Guide de l&#039;entrepreneur 2E \u2014 S\u00e9rie compl\u00e8te"},"content":{"rendered":"<p><strong>Guide de l&#039;entrepreneur 2E\u00a0: Comment prosp\u00e9rer et survivre \u00e0 l&#039;\u00e8re de l&#039;IA en tant qu&#039;entrepreneur<\/strong> \u2014 Une s\u00e9rie compl\u00e8te, chapitre par chapitre, de Tarek Riman. Ce guide r\u00e9pertorie les 22 chapitres et d\u00e9taille le fonctionnement de l&#039;entrepreneur moderne, de l&#039;id\u00e9e au plan sur 90 jours.<\/p>\n<h2>Ce que cette s\u00e9rie aborde<\/h2>\n<p>Vingt-deux chapitres pratiques couvrant les opportunit\u00e9s, la validation, la construction, le marketing, les ventes, l&#039;\u00e9quipe, les op\u00e9rations, les finances, l&#039;\u00e9tat d&#039;esprit et la mesure \u2014 tous les syst\u00e8mes dont un fondateur en 2026 a besoin pour cr\u00e9er et maintenir une entreprise rentable \u00e0 l&#039;\u00e8re de l&#039;IA.<\/p>\n<h2>Index complet des chapitres<\/h2>\n<ol>\n<li><a href=\"https:\/\/rimanagency.com\/fr\/?p=4949\">Pourquoi cr\u00e9er une entreprise en 2026 ?<\/a><\/li>\n<li><a href=\"https:\/\/rimanagency.com\/fr\/?p=4950\">Niche, Voix et Coin<\/a><\/li>\n<li><a href=\"https:\/\/rimanagency.com\/fr\/?p=4951\">La pile de l&#039;entrepreneur moderne<\/a><\/li>\n<li><a href=\"https:\/\/rimanagency.com\/fr\/?p=4952\">L&#039;IA comme cofondateur<\/a><\/li>\n<li><a href=\"https:\/\/rimanagency.com\/fr\/?p=4953\">De l&#039;id\u00e9e au MVP en 30 jours<\/a><\/li>\n<li><a href=\"https:\/\/rimanagency.com\/fr\/?p=4954\">Cr\u00e9ation de produits natifs de l&#039;IA<\/a><\/li>\n<li><a href=\"https:\/\/rimanagency.com\/fr\/?p=4955\">Marketing et visibilit\u00e9 (SEO + AEO + GEO)<\/a><\/li>\n<li><a href=\"https:\/\/rimanagency.com\/fr\/?p=4956\">Les ventes \u00e0 l&#039;\u00e8re de l&#039;IA<\/a><\/li>\n<li><a href=\"https:\/\/rimanagency.com\/fr\/?p=4957\">Marque, confiance et marque personnelle du fondateur<\/a><\/li>\n<li><a href=\"https:\/\/rimanagency.com\/fr\/?p=4958\">Construire une \u00e9quipe agile et optimis\u00e9e par l&#039;IA<\/a><\/li>\n<li><a href=\"https:\/\/rimanagency.com\/fr\/?p=4959\">Op\u00e9rations et automatisation sans dette<\/a><\/li>\n<li><a href=\"https:\/\/rimanagency.com\/fr\/?p=4960\">Financement, tarification et rentabilit\u00e9 unitaire<\/a><\/li>\n<li><a href=\"https:\/\/rimanagency.com\/fr\/?p=4961\">D\u00e9couverte et validation des clients<\/a><\/li>\n<li><a href=\"https:\/\/rimanagency.com\/fr\/?p=4962\">Courriel, infolettre et audience d\u00e9tenue<\/a><\/li>\n<li><a href=\"https:\/\/rimanagency.com\/fr\/?p=4963\">Le moteur de contenu<\/a><\/li>\n<li><a href=\"https:\/\/rimanagency.com\/fr\/?p=4964\">Publicit\u00e9 payante qui ne gaspille pas d&#039;argent<\/a><\/li>\n<li><a href=\"https:\/\/rimanagency.com\/fr\/?p=4965\">Assistance et fid\u00e9lisation de la client\u00e8le<\/a><\/li>\n<li><a href=\"https:\/\/rimanagency.com\/fr\/?p=4966\">Cr\u00e9ation d&#039;entreprise, services juridiques, fiscaux et d&#039;entreprise<\/a><\/li>\n<li><a href=\"https:\/\/rimanagency.com\/fr\/?p=4967\">Productivit\u00e9, concentration et semaine du fondateur<\/a><\/li>\n<li><a href=\"https:\/\/rimanagency.com\/fr\/?p=4968\">Mentalit\u00e9 et mod\u00e8les mentaux du fondateur<\/a><\/li>\n<li><a href=\"https:\/\/rimanagency.com\/fr\/?p=4969\">Mesure \u2014 Le tableau de bord du fondateur<\/a><\/li>\n<li><a href=\"https:\/\/rimanagency.com\/fr\/?p=4970\">Votre plan de 90 jours et au-del\u00e0<\/a><\/li>\n<\/ol>\n<h2>Comment lire cette s\u00e9rie<\/h2>\n<ul>\n<li><strong>S\u00e9quentiel:<\/strong> Commencez par le chapitre 1 et lisez-les en entier \u2014 chaque chapitre s&#039;appuie sur le pr\u00e9c\u00e9dent.<\/li>\n<li><strong>Par probl\u00e8me :<\/strong> Passez directement au chapitre qui correspond \u00e0 votre goulot d&#039;\u00e9tranglement actuel.<\/li>\n<li><strong>En tant que cahier d&#039;exercices\u00a0:<\/strong> Chaque chapitre se termine par des \u00e9tapes d&#039;action \u2014 travaillez-les chaque semaine.<\/li>\n<\/ul>\n<h2>S\u00e9ries apparent\u00e9es<\/h2>\n<ul>\n<li><a href=\"https:\/\/rimanagency.com\/fr\/aeo-2e-complete-series\/\">Optimisation des moteurs de r\u00e9ponse 2E<\/a> \u2014 29 chapitres sur l&#039;AEO, le manuel utilis\u00e9 dans cette s\u00e9rie.<\/li>\n<li><a href=\"https:\/\/rimanagency.com\/fr\/blogger-guideline-2e-complete-series\/\">Guide du blogueur 2E<\/a> \u2014 16 chapitres sur la cr\u00e9ation d&#039;un blog rentable \u00e0 l&#039;\u00e8re de l&#039;IA.<\/li>\n<li><a href=\"https:\/\/rimanagency.com\/fr\/500-ways-ai-marketing-2026-complete-series\/\">500 fa\u00e7ons d&#039;utiliser l&#039;IA en marketing d&#039;ici 2026<\/a> \u2014 25 \u00e9l\u00e9ments cl\u00e9s des strat\u00e9gies marketing \u00e0 l&#039;\u00e8re de l&#039;IA.<\/li>\n<\/ul>\n<hr>\n<p><strong>\u00c0 propos de l&#039;agence Riman\u00a0:<\/strong> Nous aidons les fondateurs \u00e0 lancer, d\u00e9velopper et faire \u00e9voluer leur entreprise \u00e0 l&#039;\u00e8re de l&#039;IA. <a href=\"https:\/\/rimanagency.com\/fr\/contact\/\">R\u00e9servez un appel d\u00e9couverte<\/a>.<\/p>","protected":false},"excerpt":{"rendered":"<p>The Entrepreneur Guideline 2E: How to Thrive and Survive in the Age of AI as an Entrepreneur \u2014 a complete chapter-by-chapter series by Tarek Riman. This hub indexes all 22 chapters and walks through the modern entrepreneur&#8217;s full operating system, from idea to 90-day plan. What This Series Covers Twenty-two practical chapters covering opportunity, validation, [&hellip;]<\/p>\n","protected":false},"author":4,"featured_media":0,"parent":0,"menu_order":0,"comment_status":"closed","ping_status":"closed","template":"","meta":{"footnotes":""},"class_list":["post-4971","page","type-page","status-publish","hentry"],"yoast_head":"<!-- This site is optimized with the Yoast SEO plugin v27.5 - https:\/\/yoast.com\/product\/yoast-seo-wordpress\/ -->\n<title>The Entrepreneur Guideline 2E \u2014 Complete Series - Riman Agency<\/title>\n<meta name=\"robots\" content=\"index, follow, max-snippet:-1, max-image-preview:large, max-video-preview:-1\" \/>\n<link rel=\"canonical\" href=\"https:\/\/rimanagency.com\/fr\/entrepreneur-guideline-2e-complete-series\/\" \/>\n<meta property=\"og:locale\" content=\"fr_CA\" \/>\n<meta property=\"og:type\" content=\"article\" \/>\n<meta property=\"og:title\" content=\"The Entrepreneur Guideline 2E \u2014 Complete Series - Riman Agency\" \/>\n<meta property=\"og:description\" content=\"The Entrepreneur Guideline 2E: How to Thrive and Survive in the Age of AI as an Entrepreneur \u2014 a complete chapter-by-chapter series by Tarek Riman. This hub indexes all 22 chapters and walks through the modern entrepreneur&#8217;s full operating system, from idea to 90-day plan. What This Series Covers Twenty-two practical chapters covering opportunity, validation, [&hellip;]\" \/>\n<meta property=\"og:url\" content=\"https:\/\/rimanagency.com\/fr\/entrepreneur-guideline-2e-complete-series\/\" \/>\n<meta property=\"og:site_name\" content=\"Riman Agency\" \/>\n<meta name=\"twitter:card\" content=\"summary_large_image\" \/>\n<meta name=\"twitter:label1\" content=\"Est. reading time\" \/>\n\t<meta name=\"twitter:data1\" content=\"1 minute\" \/>\n<script type=\"application\/ld+json\" class=\"yoast-schema-graph\">{\"@context\":\"https:\\\/\\\/schema.org\",\"@graph\":[{\"@type\":\"WebPage\",\"@id\":\"https:\\\/\\\/rimanagency.com\\\/entrepreneur-guideline-2e-complete-series\\\/\",\"url\":\"https:\\\/\\\/rimanagency.com\\\/entrepreneur-guideline-2e-complete-series\\\/\",\"name\":\"The Entrepreneur Guideline 2E \u2014 Complete Series - Riman Agency\",\"isPartOf\":{\"@id\":\"https:\\\/\\\/rimanagency.com\\\/#website\"},\"datePublished\":\"2026-05-10T15:50:29+00:00\",\"breadcrumb\":{\"@id\":\"https:\\\/\\\/rimanagency.com\\\/entrepreneur-guideline-2e-complete-series\\\/#breadcrumb\"},\"inLanguage\":\"fr-CA\",\"potentialAction\":[{\"@type\":\"ReadAction\",\"target\":[\"https:\\\/\\\/rimanagency.com\\\/entrepreneur-guideline-2e-complete-series\\\/\"]}]},{\"@type\":\"BreadcrumbList\",\"@id\":\"https:\\\/\\\/rimanagency.com\\\/entrepreneur-guideline-2e-complete-series\\\/#breadcrumb\",\"itemListElement\":[{\"@type\":\"ListItem\",\"position\":1,\"name\":\"Home\",\"item\":\"https:\\\/\\\/rimanagency.com\\\/home\\\/\"},{\"@type\":\"ListItem\",\"position\":2,\"name\":\"The Entrepreneur Guideline 2E \u2014 Complete Series\"}]},{\"@type\":\"WebSite\",\"@id\":\"https:\\\/\\\/rimanagency.com\\\/#website\",\"url\":\"https:\\\/\\\/rimanagency.com\\\/\",\"name\":\"Riman Agency\",\"description\":\"A Full Service Digital Marketing Agency\",\"publisher\":{\"@id\":\"https:\\\/\\\/rimanagency.com\\\/#organization\"},\"potentialAction\":[{\"@type\":\"SearchAction\",\"target\":{\"@type\":\"EntryPoint\",\"urlTemplate\":\"https:\\\/\\\/rimanagency.com\\\/?s={search_term_string}\"},\"query-input\":{\"@type\":\"PropertyValueSpecification\",\"valueRequired\":true,\"valueName\":\"search_term_string\"}}],\"inLanguage\":\"fr-CA\"},{\"@type\":\"Organization\",\"@id\":\"https:\\\/\\\/rimanagency.com\\\/#organization\",\"name\":\"Riman Agency\",\"url\":\"https:\\\/\\\/rimanagency.com\\\/\",\"logo\":{\"@type\":\"ImageObject\",\"inLanguage\":\"fr-CA\",\"@id\":\"https:\\\/\\\/rimanagency.com\\\/#\\\/schema\\\/logo\\\/image\\\/\",\"url\":\"https:\\\/\\\/rimanagency.com\\\/wp-content\\\/uploads\\\/2022\\\/02\\\/RIMANagency-all-logos-1-2.png\",\"contentUrl\":\"https:\\\/\\\/rimanagency.com\\\/wp-content\\\/uploads\\\/2022\\\/02\\\/RIMANagency-all-logos-1-2.png\",\"width\":694,\"height\":211,\"caption\":\"Riman Agency\"},\"image\":{\"@id\":\"https:\\\/\\\/rimanagency.com\\\/#\\\/schema\\\/logo\\\/image\\\/\"}}]}<\/script>\n<!-- \/ Yoast SEO plugin. -->","yoast_head_json":{"title":"The Entrepreneur Guideline 2E \u2014 Complete Series - Riman Agency","robots":{"index":"index","follow":"follow","max-snippet":"max-snippet:-1","max-image-preview":"max-image-preview:large","max-video-preview":"max-video-preview:-1"},"canonical":"https:\/\/rimanagency.com\/fr\/entrepreneur-guideline-2e-complete-series\/","og_locale":"fr_CA","og_type":"article","og_title":"The Entrepreneur Guideline 2E \u2014 Complete Series - Riman Agency","og_description":"The Entrepreneur Guideline 2E: How to Thrive and Survive in the Age of AI as an Entrepreneur \u2014 a complete chapter-by-chapter series by Tarek Riman. This hub indexes all 22 chapters and walks through the modern entrepreneur&#8217;s full operating system, from idea to 90-day plan. What This Series Covers Twenty-two practical chapters covering opportunity, validation, [&hellip;]","og_url":"https:\/\/rimanagency.com\/fr\/entrepreneur-guideline-2e-complete-series\/","og_site_name":"Riman Agency","twitter_card":"summary_large_image","twitter_misc":{"Est. reading time":"1 minute"},"schema":{"@context":"https:\/\/schema.org","@graph":[{"@type":"WebPage","@id":"https:\/\/rimanagency.com\/entrepreneur-guideline-2e-complete-series\/","url":"https:\/\/rimanagency.com\/entrepreneur-guideline-2e-complete-series\/","name":"The Entrepreneur Guideline 2E \u2014 Complete Series - Riman Agency","isPartOf":{"@id":"https:\/\/rimanagency.com\/#website"},"datePublished":"2026-05-10T15:50:29+00:00","breadcrumb":{"@id":"https:\/\/rimanagency.com\/entrepreneur-guideline-2e-complete-series\/#breadcrumb"},"inLanguage":"fr-CA","potentialAction":[{"@type":"ReadAction","target":["https:\/\/rimanagency.com\/entrepreneur-guideline-2e-complete-series\/"]}]},{"@type":"BreadcrumbList","@id":"https:\/\/rimanagency.com\/entrepreneur-guideline-2e-complete-series\/#breadcrumb","itemListElement":[{"@type":"ListItem","position":1,"name":"Home","item":"https:\/\/rimanagency.com\/home\/"},{"@type":"ListItem","position":2,"name":"The Entrepreneur Guideline 2E \u2014 Complete Series"}]},{"@type":"WebSite","@id":"https:\/\/rimanagency.com\/#website","url":"https:\/\/rimanagency.com\/","name":"Agence Riman","description":"Une agence de marketing num\u00e9rique \u00e0 service complet","publisher":{"@id":"https:\/\/rimanagency.com\/#organization"},"potentialAction":[{"@type":"SearchAction","target":{"@type":"EntryPoint","urlTemplate":"https:\/\/rimanagency.com\/?s={search_term_string}"},"query-input":{"@type":"PropertyValueSpecification","valueRequired":true,"valueName":"search_term_string"}}],"inLanguage":"fr-CA"},{"@type":"Organization","@id":"https:\/\/rimanagency.com\/#organization","name":"Agence Riman","url":"https:\/\/rimanagency.com\/","logo":{"@type":"ImageObject","inLanguage":"fr-CA","@id":"https:\/\/rimanagency.com\/#\/schema\/logo\/image\/","url":"https:\/\/rimanagency.com\/wp-content\/uploads\/2022\/02\/RIMANagency-all-logos-1-2.png","contentUrl":"https:\/\/rimanagency.com\/wp-content\/uploads\/2022\/02\/RIMANagency-all-logos-1-2.png","width":694,"height":211,"caption":"Riman Agency"},"image":{"@id":"https:\/\/rimanagency.com\/#\/schema\/logo\/image\/"}}]}},"_links":{"self":[{"href":"https:\/\/rimanagency.com\/fr\/wp-json\/wp\/v2\/pages\/4971","targetHints":{"allow":["GET"]}}],"collection":[{"href":"https:\/\/rimanagency.com\/fr\/wp-json\/wp\/v2\/pages"}],"about":[{"href":"https:\/\/rimanagency.com\/fr\/wp-json\/wp\/v2\/types\/page"}],"author":[{"embeddable":true,"href":"https:\/\/rimanagency.com\/fr\/wp-json\/wp\/v2\/users\/4"}],"replies":[{"embeddable":true,"href":"https:\/\/rimanagency.com\/fr\/wp-json\/wp\/v2\/comments?post=4971"}],"version-history":[{"count":0,"href":"https:\/\/rimanagency.com\/fr\/wp-json\/wp\/v2\/pages\/4971\/revisions"}],"wp:attachment":[{"href":"https:\/\/rimanagency.com\/fr\/wp-json\/wp\/v2\/media?parent=4971"}],"curies":[{"name":"wp","href":"https:\/\/api.w.org\/{rel}","templated":true}]}}