{"id":4946,"date":"2026-05-10T15:24:21","date_gmt":"2026-05-10T15:24:21","guid":{"rendered":"https:\/\/rimanagency.com\/500-ways-ai-marketing-2026-complete-series\/"},"modified":"2026-05-10T15:24:21","modified_gmt":"2026-05-10T15:24:21","slug":"500-ways-ai-marketing-2026-complete-series","status":"publish","type":"page","link":"https:\/\/rimanagency.com\/fr\/500-ways-ai-marketing-2026-complete-series\/","title":{"rendered":"500 fa\u00e7ons d&#039;utiliser l&#039;IA dans votre strat\u00e9gie marketing en 2026\u00a0: la s\u00e9rie compl\u00e8te en 25 parties"},"content":{"rendered":"<p><strong>Voici l&#039;int\u00e9gralit\u00e9 de la s\u00e9rie en 25 parties, adapt\u00e9e de <em>500 fa\u00e7ons d&#039;utiliser l&#039;IA dans votre strat\u00e9gie marketing en 2026<\/em> Par Tarek Riman, fondateur de l&#039;agence Riman. 500 strat\u00e9gies concr\u00e8tes r\u00e9parties dans 25 domaines marketing, organis\u00e9es pour vous permettre de trouver ce dont vous avez besoin en moins de 60 secondes. Chaque \u00e9l\u00e9ment est publi\u00e9 sous forme d&#039;article de blog ind\u00e9pendant et optimis\u00e9 pour le r\u00e9f\u00e9rencement naturel (AEO)\u00a0: r\u00e9ponse directe au prospect, r\u00e9sum\u00e9 des 20 strat\u00e9gies, tableau r\u00e9capitulatif et FAQ.<\/strong><\/p>\n<blockquote><p>\u201c Choisissez un nom de domaine. Lancez un projet cette semaine. \u201d \u2014 Tarek Riman<\/p><\/blockquote>\n<h2>Comment lire cette s\u00e9rie<\/h2>\n<p>Ce document n&#039;est pas \u00e0 lire d&#039;un bout \u00e0 l&#039;autre. Il s&#039;agit d&#039;un guide. Ouvrez la section correspondant \u00e0 votre principal besoin. Consultez le tableau r\u00e9capitulatif. S\u00e9lectionnez trois actions qui vous semblent les plus pertinentes. Testez-les pendant les 30 prochains jours. Revenez au trimestre suivant et choisissez les actions suivantes. N&#039;essayez pas de mettre en \u0153uvre 500 choses d&#039;un coup\u00a0; mettez-en en \u0153uvre 15, puis 15 autres. C&#039;est ainsi que le v\u00e9ritable changement s&#039;op\u00e8re par effet cumulatif.<\/p>\n<h2>Section 1 \u2014 Strat\u00e9gie et analyse (Parties 1 \u00e0 5)<\/h2>\n<ol>\n<li><a href=\"https:\/\/rimanagency.com\/fr\/2026\/05\/10\/ai-marketing-strategy-planning-foundations\/\"><strong>Fondements de la strat\u00e9gie et de la planification<\/strong><\/a> \u2014 20 strat\u00e9gies pour les briefs, les OKR, le positionnement, les renseignements, la notation, la planification, les analyses pr\u00e9-mortem et les audits de flux de travail.<\/li>\n<li><a href=\"https:\/\/rimanagency.com\/fr\/2026\/05\/10\/ai-market-research-competitive-intelligence\/\"><strong>\u00c9tudes de march\u00e9 et veille concurrentielle<\/strong><\/a> \u2014 20 strat\u00e9gies pour une veille concurrentielle et de march\u00e9 continue.<\/li>\n<li><a href=\"https:\/\/rimanagency.com\/fr\/2026\/05\/10\/ai-audience-research-personas\/\"><strong>\u00c9tudes d&#039;audience et personas<\/strong><\/a> \u2014 20 strat\u00e9gies pour vivre, une compr\u00e9hension du client fond\u00e9e sur le comportement.<\/li>\n<li><a href=\"https:\/\/rimanagency.com\/fr\/2026\/05\/10\/ai-content-strategy-planning\/\"><strong>Strat\u00e9gie et planification de contenu<\/strong><\/a> \u2014 20 strat\u00e9gies de contenu qui misent sur la somme plut\u00f4t que sur la dispersion.<\/li>\n<li><a href=\"https:\/\/rimanagency.com\/fr\/2026\/05\/10\/ai-copywriting-long-form-content\/\"><strong>R\u00e9daction publicitaire et contenu long format<\/strong><\/a> \u2014 20 actions visant \u00e0 utiliser l&#039;IA comme levier pour la voix, et non comme un substitut.<\/li>\n<\/ol>\n<h2>Section 2 \u2014 Cr\u00e9ation et canaux (Parties 6 \u00e0 10)<\/h2>\n<ol start=\"6\">\n<li><a href=\"https:\/\/rimanagency.com\/fr\/2026\/05\/10\/ai-visual-content-design\/\"><strong>Contenu visuel et conception<\/strong><\/a> \u2014 20 strat\u00e9gies pour une production visuelle IA \u00e0 grande \u00e9chelle et coh\u00e9rente avec l&#039;image de marque.<\/li>\n<li><a href=\"https:\/\/rimanagency.com\/fr\/2026\/05\/10\/ai-video-audio-content\/\"><strong>Contenu vid\u00e9o et audio<\/strong><\/a> \u2014 20 pi\u00e8ces de th\u00e9\u00e2tre pour une production vid\u00e9o et audio syst\u00e9matique.<\/li>\n<li><a href=\"https:\/\/rimanagency.com\/fr\/2026\/05\/10\/ai-seo-fundamentals\/\"><strong>Principes fondamentaux du SEO<\/strong><\/a> \u2014 20 pi\u00e8ces de th\u00e9\u00e2tre pour la recherche organique de compos\u00e9s.<\/li>\n<li><a href=\"https:\/\/rimanagency.com\/fr\/2026\/05\/10\/ai-generative-engine-optimization-geo-plays\/\"><strong>Optimisation g\u00e9n\u00e9rative des moteurs (GEO)<\/strong><\/a> \u2014 20 coups de ma\u00eetre pour devenir la marque des moteurs d&#039;IA.<\/li>\n<li><a href=\"https:\/\/rimanagency.com\/fr\/2026\/05\/10\/ai-social-media-strategy-execution\/\"><strong>Strat\u00e9gie et mise en \u0153uvre des m\u00e9dias sociaux<\/strong><\/a> \u2014 20 pi\u00e8ces de th\u00e9\u00e2tre pour une pr\u00e9sence sociale syst\u00e9matique et ax\u00e9e sur la voix.<\/li>\n<\/ol>\n<h2>Section 3 \u2014 Communaut\u00e9 et croissance (Parties 11 \u00e0 15)<\/h2>\n<ol start=\"11\">\n<li><a href=\"https:\/\/rimanagency.com\/fr\/2026\/05\/10\/ai-community-building-plays\/\"><strong>D\u00e9veloppement communautaire<\/strong><\/a> \u2014 20 pi\u00e8ces de th\u00e9\u00e2tre pour renforcer les liens communautaires.<\/li>\n<li><a href=\"https:\/\/rimanagency.com\/fr\/2026\/05\/10\/ai-influencer-creator-marketing-plays\/\"><strong>Marketing d&#039;influence et de cr\u00e9ateurs<\/strong><\/a> \u2014 20 pi\u00e8ces pour des portefeuilles de cr\u00e9ateurs syst\u00e9matiques.<\/li>\n<li><a href=\"https:\/\/rimanagency.com\/fr\/2026\/05\/10\/ai-email-marketing-plays\/\"><strong>Marketing par e-mail<\/strong><\/a> \u2014 20 strat\u00e9gies pour le canal marketing offrant le meilleur retour sur investissement.<\/li>\n<li><a href=\"https:\/\/rimanagency.com\/fr\/2026\/05\/10\/ai-marketing-automation-plays\/\"><strong>Automatisation du marketing<\/strong><\/a> \u2014 20 strat\u00e9gies pour automatiser les flux de travail dans l&#039;ensemble de la cha\u00eene marketing.<\/li>\n<li><a href=\"https:\/\/rimanagency.com\/fr\/2026\/05\/10\/ai-paid-search-display-plays\/\"><strong>R\u00e9f\u00e9rencement payant et affichage<\/strong><\/a> \u2014 20 strat\u00e9gies pour la recherche payante \u00e0 l&#039;\u00e8re de l&#039;IA sur les plateformes.<\/li>\n<\/ol>\n<h2>Section 4 \u2014 Conversion et exp\u00e9rience (Parties 16 \u00e0 20)<\/h2>\n<ol start=\"16\">\n<li><a href=\"https:\/\/rimanagency.com\/fr\/2026\/05\/10\/ai-paid-social-performance-creative\/\"><strong>Publicit\u00e9 payante sur les r\u00e9seaux sociaux et cr\u00e9ation de performance<\/strong><\/a> \u2014 20 pi\u00e8ces de th\u00e9\u00e2tre payantes pour les r\u00e9seaux sociaux.<\/li>\n<li><a href=\"https:\/\/rimanagency.com\/fr\/2026\/05\/10\/ai-cro-conversion-rate-optimization-plays\/\"><strong>Optimisation du taux de conversion<\/strong><\/a> \u2014 20 pi\u00e8ces pour un CRO syst\u00e9matique qui compose.<\/li>\n<li><a href=\"https:\/\/rimanagency.com\/fr\/2026\/05\/10\/ai-personalization-customer-experience-plays\/\"><strong>Personnalisation et exp\u00e9rience client<\/strong><\/a> \u2014 20 strat\u00e9gies de personnalisation que les clients remarquent r\u00e9ellement.<\/li>\n<li><a href=\"https:\/\/rimanagency.com\/fr\/2026\/05\/10\/ai-customer-success-retention-plays\/\"><strong>Succ\u00e8s et fid\u00e9lisation des clients<\/strong><\/a> \u2014 20 strat\u00e9gies pour une r\u00e9tention qui s&#039;accumule.<\/li>\n<li><a href=\"https:\/\/rimanagency.com\/fr\/2026\/05\/10\/ai-sales-enablement-abm-plays\/\"><strong>Activation des ventes et ABM<\/strong><\/a> \u2014 20 strat\u00e9gies pour un alignement des ventes et du marketing qui g\u00e9n\u00e8re des prospects.<\/li>\n<\/ol>\n<h2>Section 5 \u2014 Mesures et op\u00e9rations (Parties 21 \u00e0 25)<\/h2>\n<ol start=\"21\">\n<li><a href=\"https:\/\/rimanagency.com\/fr\/2026\/05\/10\/ai-events-webinars-experiential-plays\/\"><strong>\u00c9v\u00e9nements, webinaires et exp\u00e9riences<\/strong><\/a> \u2014 20 pi\u00e8ces pour des \u00e9v\u00e9nements qui s&#039;accumulent plut\u00f4t que de s&#039;\u00e9vaporer.<\/li>\n<li><a href=\"https:\/\/rimanagency.com\/fr\/2026\/05\/10\/ai-pr-thought-leadership-plays\/\"><strong>Relations publiques et leadership \u00e9clair\u00e9<\/strong><\/a> \u2014 20 strat\u00e9gies pour des relations publiques syst\u00e9matiques et un leadership d&#039;opinion.<\/li>\n<li><a href=\"https:\/\/rimanagency.com\/fr\/2026\/05\/10\/ai-analytics-attribution-measurement-plays\/\"><strong>Analyse, attribution et mesure<\/strong><\/a> \u2014 20 strat\u00e9gies pour une analyse qui oriente les d\u00e9cisions.<\/li>\n<li><a href=\"https:\/\/rimanagency.com\/fr\/2026\/05\/10\/ai-agents-workflow-automation-plays\/\"><strong>Agents d&#039;IA et automatisation des flux de travail<\/strong><\/a> \u2014 20 strat\u00e9gies pour d\u00e9ployer des agents \u00e0 travers l&#039;ensemble de la pile marketing.<\/li>\n<li><a href=\"https:\/\/rimanagency.com\/fr\/2026\/05\/10\/ai-governance-ethics-future-proofing-plays\/\"><strong>Gouvernance, \u00e9thique et p\u00e9rennisation<\/strong><\/a> \u2014 20 strat\u00e9gies pour une gouvernance de l&#039;IA permettant une mise \u00e0 l&#039;\u00e9chelle.<\/li>\n<\/ol>\n<h2>Les trois choses qui comptent le plus<\/h2>\n<p><strong>Premi\u00e8rement, l&#039;IA amplifie ce que vous poss\u00e9dez d\u00e9j\u00e0.<\/strong> Une strat\u00e9gie solide, une fois acc\u00e9l\u00e9r\u00e9e, devient une strat\u00e9gie dominante. Une strat\u00e9gie faible, une fois acc\u00e9l\u00e9r\u00e9e, m\u00e8ne plus vite \u00e0 l&#039;\u00e9chec. Consolidez d&#039;abord les bases.<\/p>\n<p><strong>Deux \u2014 La quantit\u00e9 est une marchandise, le go\u00fbt est rare.<\/strong> Aujourd&#039;hui, n&#039;importe qui peut cr\u00e9er des milliers de publicit\u00e9s, d&#039;articles ou d&#039;e-mails. Mais rares sont ceux qui savent choisir les dix meilleurs. Investissez dans le discernement \u00e9ditorial.<\/p>\n<p><strong>Trois \u2014 Votre avantage concurrentiel, c&#039;est ce que l&#039;IA ne peut pas copier.<\/strong> Donn\u00e9es exclusives. Point de vue original. Distribution ma\u00eetris\u00e9e. Communaut\u00e9 authentique. Relations humaines. Tout le reste n&#039;est que marchandise.<\/p>\n<h2>S\u00e9ries apparent\u00e9es<\/h2>\n<ul>\n<li><a href=\"https:\/\/rimanagency.com\/fr\/aeo-2e-complete-series\/\"><strong>Introduction \u00e0 l&#039;optimisation des moteurs de r\u00e9ponse (2e \u00e9dition) \u2014 S\u00e9rie de 29 chapitres<\/strong><\/a><\/li>\n<li><a href=\"https:\/\/rimanagency.com\/fr\/blogger-guideline-2e-complete-series\/\"><strong>Le guide du blogueur (2e \u00e9dition) \u2014 S\u00e9rie de 16 chapitres<\/strong><\/a><\/li>\n<\/ul>\n<h2>Travaillez avec l&#039;agence Riman<\/h2>\n<p>L&#039;agence Riman installe des syst\u00e8mes d&#039;exploitation marketing bas\u00e9s sur l&#039;IA pour ses clients des secteurs B2B, des services, du e-commerce et des marques de cr\u00e9ateurs. Choisissez trois actions par trimestre\u00a0; nous nous chargeons de leur d\u00e9ploiement. <a href=\"https:\/\/rimanagency.com\/fr\/contact-us\/\"><strong>Entrer en contact<\/strong><\/a> si vous souhaitez commencer par un projet pilote de 30 jours.<\/p>","protected":false},"excerpt":{"rendered":"<p>This is the complete 25-part series adapted from 500 Ways to Use AI for Your Marketing Strategy in 2026 by Tarek Riman, founder of Riman Agency. 500 concrete plays across 25 marketing domains, organized so you can find what you need in under 60 seconds. Every part is published as a standalone, AEO-optimized blog post [&hellip;]<\/p>\n","protected":false},"author":4,"featured_media":0,"parent":0,"menu_order":0,"comment_status":"closed","ping_status":"closed","template":"","meta":{"footnotes":""},"class_list":["post-4946","page","type-page","status-publish","hentry"],"yoast_head":"<!-- This site is optimized with the Yoast SEO plugin v27.5 - https:\/\/yoast.com\/product\/yoast-seo-wordpress\/ -->\n<title>500 Ways to Use AI for Your Marketing Strategy in 2026: The Complete 25-Part Series - Riman Agency<\/title>\n<meta name=\"robots\" content=\"index, follow, max-snippet:-1, max-image-preview:large, max-video-preview:-1\" \/>\n<link rel=\"canonical\" href=\"https:\/\/rimanagency.com\/fr\/500-ways-ai-marketing-2026-complete-series\/\" \/>\n<meta property=\"og:locale\" content=\"fr_CA\" \/>\n<meta property=\"og:type\" content=\"article\" \/>\n<meta property=\"og:title\" content=\"500 Ways to Use AI for Your Marketing Strategy in 2026: The Complete 25-Part Series - Riman Agency\" \/>\n<meta property=\"og:description\" content=\"This is the complete 25-part series adapted from 500 Ways to Use AI for Your Marketing Strategy in 2026 by Tarek Riman, founder of Riman Agency. 500 concrete plays across 25 marketing domains, organized so you can find what you need in under 60 seconds. Every part is published as a standalone, AEO-optimized blog post [&hellip;]\" \/>\n<meta property=\"og:url\" content=\"https:\/\/rimanagency.com\/fr\/500-ways-ai-marketing-2026-complete-series\/\" \/>\n<meta property=\"og:site_name\" content=\"Riman Agency\" \/>\n<meta name=\"twitter:card\" content=\"summary_large_image\" \/>\n<meta name=\"twitter:label1\" content=\"Est. reading time\" \/>\n\t<meta name=\"twitter:data1\" content=\"3 minutes\" \/>\n<script type=\"application\/ld+json\" class=\"yoast-schema-graph\">{\"@context\":\"https:\\\/\\\/schema.org\",\"@graph\":[{\"@type\":\"WebPage\",\"@id\":\"https:\\\/\\\/rimanagency.com\\\/500-ways-ai-marketing-2026-complete-series\\\/\",\"url\":\"https:\\\/\\\/rimanagency.com\\\/500-ways-ai-marketing-2026-complete-series\\\/\",\"name\":\"500 Ways to Use AI for Your Marketing Strategy in 2026: The Complete 25-Part Series - Riman Agency\",\"isPartOf\":{\"@id\":\"https:\\\/\\\/rimanagency.com\\\/#website\"},\"datePublished\":\"2026-05-10T15:24:21+00:00\",\"breadcrumb\":{\"@id\":\"https:\\\/\\\/rimanagency.com\\\/500-ways-ai-marketing-2026-complete-series\\\/#breadcrumb\"},\"inLanguage\":\"fr-CA\",\"potentialAction\":[{\"@type\":\"ReadAction\",\"target\":[\"https:\\\/\\\/rimanagency.com\\\/500-ways-ai-marketing-2026-complete-series\\\/\"]}]},{\"@type\":\"BreadcrumbList\",\"@id\":\"https:\\\/\\\/rimanagency.com\\\/500-ways-ai-marketing-2026-complete-series\\\/#breadcrumb\",\"itemListElement\":[{\"@type\":\"ListItem\",\"position\":1,\"name\":\"Home\",\"item\":\"https:\\\/\\\/rimanagency.com\\\/home\\\/\"},{\"@type\":\"ListItem\",\"position\":2,\"name\":\"500 Ways to Use AI for Your Marketing Strategy in 2026: The Complete 25-Part Series\"}]},{\"@type\":\"WebSite\",\"@id\":\"https:\\\/\\\/rimanagency.com\\\/#website\",\"url\":\"https:\\\/\\\/rimanagency.com\\\/\",\"name\":\"Riman Agency\",\"description\":\"A Full Service Digital Marketing Agency\",\"publisher\":{\"@id\":\"https:\\\/\\\/rimanagency.com\\\/#organization\"},\"potentialAction\":[{\"@type\":\"SearchAction\",\"target\":{\"@type\":\"EntryPoint\",\"urlTemplate\":\"https:\\\/\\\/rimanagency.com\\\/?s={search_term_string}\"},\"query-input\":{\"@type\":\"PropertyValueSpecification\",\"valueRequired\":true,\"valueName\":\"search_term_string\"}}],\"inLanguage\":\"fr-CA\"},{\"@type\":\"Organization\",\"@id\":\"https:\\\/\\\/rimanagency.com\\\/#organization\",\"name\":\"Riman Agency\",\"url\":\"https:\\\/\\\/rimanagency.com\\\/\",\"logo\":{\"@type\":\"ImageObject\",\"inLanguage\":\"fr-CA\",\"@id\":\"https:\\\/\\\/rimanagency.com\\\/#\\\/schema\\\/logo\\\/image\\\/\",\"url\":\"https:\\\/\\\/rimanagency.com\\\/wp-content\\\/uploads\\\/2022\\\/02\\\/RIMANagency-all-logos-1-2.png\",\"contentUrl\":\"https:\\\/\\\/rimanagency.com\\\/wp-content\\\/uploads\\\/2022\\\/02\\\/RIMANagency-all-logos-1-2.png\",\"width\":694,\"height\":211,\"caption\":\"Riman Agency\"},\"image\":{\"@id\":\"https:\\\/\\\/rimanagency.com\\\/#\\\/schema\\\/logo\\\/image\\\/\"}}]}<\/script>\n<!-- \/ Yoast SEO plugin. -->","yoast_head_json":{"title":"500 Ways to Use AI for Your Marketing Strategy in 2026: The Complete 25-Part Series - Riman Agency","robots":{"index":"index","follow":"follow","max-snippet":"max-snippet:-1","max-image-preview":"max-image-preview:large","max-video-preview":"max-video-preview:-1"},"canonical":"https:\/\/rimanagency.com\/fr\/500-ways-ai-marketing-2026-complete-series\/","og_locale":"fr_CA","og_type":"article","og_title":"500 Ways to Use AI for Your Marketing Strategy in 2026: The Complete 25-Part Series - Riman Agency","og_description":"This is the complete 25-part series adapted from 500 Ways to Use AI for Your Marketing Strategy in 2026 by Tarek Riman, founder of Riman Agency. 500 concrete plays across 25 marketing domains, organized so you can find what you need in under 60 seconds. Every part is published as a standalone, AEO-optimized blog post [&hellip;]","og_url":"https:\/\/rimanagency.com\/fr\/500-ways-ai-marketing-2026-complete-series\/","og_site_name":"Riman Agency","twitter_card":"summary_large_image","twitter_misc":{"Est. reading time":"3 minutes"},"schema":{"@context":"https:\/\/schema.org","@graph":[{"@type":"WebPage","@id":"https:\/\/rimanagency.com\/500-ways-ai-marketing-2026-complete-series\/","url":"https:\/\/rimanagency.com\/500-ways-ai-marketing-2026-complete-series\/","name":"500 Ways to Use AI for Your Marketing Strategy in 2026: The Complete 25-Part Series - Riman Agency","isPartOf":{"@id":"https:\/\/rimanagency.com\/#website"},"datePublished":"2026-05-10T15:24:21+00:00","breadcrumb":{"@id":"https:\/\/rimanagency.com\/500-ways-ai-marketing-2026-complete-series\/#breadcrumb"},"inLanguage":"fr-CA","potentialAction":[{"@type":"ReadAction","target":["https:\/\/rimanagency.com\/500-ways-ai-marketing-2026-complete-series\/"]}]},{"@type":"BreadcrumbList","@id":"https:\/\/rimanagency.com\/500-ways-ai-marketing-2026-complete-series\/#breadcrumb","itemListElement":[{"@type":"ListItem","position":1,"name":"Home","item":"https:\/\/rimanagency.com\/home\/"},{"@type":"ListItem","position":2,"name":"500 Ways to Use AI for Your Marketing Strategy in 2026: The Complete 25-Part Series"}]},{"@type":"WebSite","@id":"https:\/\/rimanagency.com\/#website","url":"https:\/\/rimanagency.com\/","name":"Agence Riman","description":"Une agence de marketing num\u00e9rique \u00e0 service complet","publisher":{"@id":"https:\/\/rimanagency.com\/#organization"},"potentialAction":[{"@type":"SearchAction","target":{"@type":"EntryPoint","urlTemplate":"https:\/\/rimanagency.com\/?s={search_term_string}"},"query-input":{"@type":"PropertyValueSpecification","valueRequired":true,"valueName":"search_term_string"}}],"inLanguage":"fr-CA"},{"@type":"Organization","@id":"https:\/\/rimanagency.com\/#organization","name":"Agence Riman","url":"https:\/\/rimanagency.com\/","logo":{"@type":"ImageObject","inLanguage":"fr-CA","@id":"https:\/\/rimanagency.com\/#\/schema\/logo\/image\/","url":"https:\/\/rimanagency.com\/wp-content\/uploads\/2022\/02\/RIMANagency-all-logos-1-2.png","contentUrl":"https:\/\/rimanagency.com\/wp-content\/uploads\/2022\/02\/RIMANagency-all-logos-1-2.png","width":694,"height":211,"caption":"Riman Agency"},"image":{"@id":"https:\/\/rimanagency.com\/#\/schema\/logo\/image\/"}}]}},"_links":{"self":[{"href":"https:\/\/rimanagency.com\/fr\/wp-json\/wp\/v2\/pages\/4946","targetHints":{"allow":["GET"]}}],"collection":[{"href":"https:\/\/rimanagency.com\/fr\/wp-json\/wp\/v2\/pages"}],"about":[{"href":"https:\/\/rimanagency.com\/fr\/wp-json\/wp\/v2\/types\/page"}],"author":[{"embeddable":true,"href":"https:\/\/rimanagency.com\/fr\/wp-json\/wp\/v2\/users\/4"}],"replies":[{"embeddable":true,"href":"https:\/\/rimanagency.com\/fr\/wp-json\/wp\/v2\/comments?post=4946"}],"version-history":[{"count":0,"href":"https:\/\/rimanagency.com\/fr\/wp-json\/wp\/v2\/pages\/4946\/revisions"}],"wp:attachment":[{"href":"https:\/\/rimanagency.com\/fr\/wp-json\/wp\/v2\/media?parent=4946"}],"curies":[{"name":"wp","href":"https:\/\/api.w.org\/{rel}","templated":true}]}}