{"id":4918,"date":"2026-05-10T14:26:20","date_gmt":"2026-05-10T14:26:20","guid":{"rendered":"https:\/\/rimanagency.com\/blogger-guideline-2e-complete-series\/"},"modified":"2026-05-10T14:26:20","modified_gmt":"2026-05-10T14:26:20","slug":"blogger-guideline-2e-complete-series","status":"publish","type":"page","link":"https:\/\/rimanagency.com\/fr\/blogger-guideline-2e-complete-series\/","title":{"rendered":"Le guide du blogueur (2e \u00e9dition) : L&#039;int\u00e9gralit\u00e9 de la s\u00e9rie en 16 chapitres"},"content":{"rendered":"<p><strong>Voici l&#039;int\u00e9gralit\u00e9 de la s\u00e9rie en 16 chapitres, adapt\u00e9e de <em>Guide du blogueur\u00a0: Comment bloguer \u00e0 l\u2019\u00e8re de l\u2019IA (2e \u00e9dition)<\/em> Par Tarek Riman, fondateur de Riman Agency. Chaque chapitre est publi\u00e9 sous forme d&#039;article de blog ind\u00e9pendant, optimis\u00e9 pour les plateformes d&#039;acquisition d&#039;agents (AEO)\u00a0: r\u00e9ponses directes aux prospects, r\u00e8gles de d\u00e9cision, exemples de preuves et FAQ. Lisez-le dans l&#039;ordre pour obtenir le guide complet, ou acc\u00e9dez directement au chapitre qui vous int\u00e9resse.<\/strong><\/p>\n<blockquote><p>\u201c \u00c0 l\u2019\u00e8re de l\u2019IA, on ne gagne pas en \u00e9crivant plus. On gagne en \u00e9crivant ce que personne d\u2019autre ne peut \u00e9crire. \u201d \u2014 Tarek Riman<\/p><\/blockquote>\n<h2>Comment lire cette s\u00e9rie<\/h2>\n<table>\n<thead>\n<tr>\n<th>Chemin<\/th>\n<th>Temps<\/th>\n<th>Id\u00e9al pour<\/th>\n<\/tr>\n<\/thead>\n<tbody>\n<tr>\n<td><strong>Lire l&#039;int\u00e9gralit\u00e9<\/strong><\/td>\n<td>8 \u00e0 12 heures<\/td>\n<td>De la premi\u00e8re \u00e0 la derni\u00e8re page. Id\u00e9al si vous d\u00e9butez dans le blogging ou l&#039;IA, ou si vous \u00e9laborez une strat\u00e9gie \u00e0 partir de z\u00e9ro.<\/td>\n<\/tr>\n<tr>\n<td><strong>Le chemin du red\u00e9marrage<\/strong><\/td>\n<td>~3 heures<\/td>\n<td>Chapitres 1, 4, 8, 9, 14, 15. Le changement, le flux de travail, la nouvelle visibilit\u00e9, la nouvelle \u00e9conomie.<\/td>\n<\/tr>\n<tr>\n<td><strong>Le parcours sp\u00e9cialis\u00e9<\/strong><\/td>\n<td>Choisir des chapitres<\/td>\n<td>R\u00e9dacteurs (4, 5) \u2022 SEO (7\u201310) \u2022 Social\/communaut\u00e9 (11, 13) \u2022 Mon\u00e9tisation (15) \u2022 Analyse (14).<\/td>\n<\/tr>\n<\/tbody>\n<\/table>\n<h2>Partie I \u2014 Les fondements du blog moderne (Chapitres 1 \u00e0 3)<\/h2>\n<ol>\n<li><a href=\"https:\/\/rimanagency.com\/fr\/2026\/05\/10\/why-blog-in-2026-new-mandate\/\"><strong>Pourquoi bloguer en 2026\u00a0? Le nouveau imp\u00e9ratif des blogueurs modernes<\/strong><\/a> \u2014 Les cinq vraies raisons, les trois arch\u00e9types de blogueurs et la r\u00e8gle des 18 mois.<\/li>\n<li><a href=\"https:\/\/rimanagency.com\/fr\/2026\/05\/10\/niche-voice-positioning-ai-era\/\"><strong>Niche, voix et positionnement \u00e0 l&#039;\u00e8re de l&#039;IA<\/strong><\/a> \u2014 Le triangle de la niche, la fiche de travail sur la voix et le test de positionnement en une phrase.<\/li>\n<li><a href=\"https:\/\/rimanagency.com\/fr\/2026\/05\/10\/choosing-blogging-platform-2026\/\"><strong>Choisir sa plateforme de blog\u00a0: WordPress, Substack, Ghost, Beehiiv ou Medium<\/strong><\/a> \u2014 Le cadre de d\u00e9cision et les recommandations par d\u00e9faut selon le cas d&#039;utilisation.<\/li>\n<\/ol>\n<h2>Partie II \u2014 Le contenu \u00e0 l\u2019\u00e8re de l\u2019IA (Chapitres 4 \u00e0 6)<\/h2>\n<ol start=\"4\">\n<li><a href=\"https:\/\/rimanagency.com\/fr\/2026\/05\/10\/ai-assisted-writing-workflow\/\"><strong>Le flux de travail d&#039;\u00e9criture assist\u00e9e par l&#039;IA : un syst\u00e8me en six \u00e9tapes<\/strong><\/a> \u2014 Note \u2192 recherche \u2192 plan \u2192 brouillon \u2192 validation vocale \u2192 v\u00e9rification des faits et envoi.<\/li>\n<li><a href=\"https:\/\/rimanagency.com\/fr\/2026\/05\/10\/storytelling-eeat-voice-ai-era\/\"><strong>Narration, EEAT et Voix : Le foss\u00e9 humain<\/strong><\/a> \u2014 Pourquoi le contenu narratif s&#039;accumule tandis que le contenu de r\u00e9f\u00e9rence est cit\u00e9.<\/li>\n<li><a href=\"https:\/\/rimanagency.com\/fr\/2026\/05\/10\/ai-visuals-bloggers-2026\/\"><strong>Visuels IA pour les blogueurs\u00a0: images, vid\u00e9os et pile visuelle<\/strong><\/a> \u2014 Coh\u00e9rence du style, graphiques comme sources de citations et utilisation \u00e9thique des images issues de l&#039;IA.<\/li>\n<\/ol>\n<h2>Partie III \u2014 Visibilit\u00e9 : SEO, AEO et GEO (Chapitres 7 \u00e0 10)<\/h2>\n<ol start=\"7\">\n<li><a href=\"https:\/\/rimanagency.com\/fr\/2026\/05\/10\/seo-foundations-2026\/\"><strong>Les fondamentaux du SEO qui restent essentiels en 2026<\/strong><\/a> \u2014 Cinq principes fondamentaux, la checklist sur la page et les flux de travail de Search Console.<\/li>\n<li><a href=\"https:\/\/rimanagency.com\/fr\/2026\/05\/10\/aeo-for-bloggers-cited-by-ai\/\"><strong>AEO pour les blogueurs\u00a0: Comment \u00eatre cit\u00e9 par les moteurs d\u2019IA<\/strong><\/a> \u2014 Le triangle des citations, le module de r\u00e9ponses et le partage des citations comme nouvelle \u00e9toile polaire.<\/li>\n<li><a href=\"https:\/\/rimanagency.com\/fr\/2026\/05\/10\/geo-generative-engine-optimization\/\"><strong>GEO \u2014 Optimisation g\u00e9n\u00e9rative pour les moteurs de recherche pour les blogueurs<\/strong><\/a> \u2014 Les trois leviers GEO\u00a0: force de l\u2019entit\u00e9 de marque, pr\u00e9sence des donn\u00e9es d\u2019entra\u00eenement, importance structurelle.<\/li>\n<li><a href=\"https:\/\/rimanagency.com\/fr\/2026\/05\/10\/keyword-research-topical-authority-linking\/\"><strong>Recherche de mots cl\u00e9s, autorit\u00e9 th\u00e9matique et liens<\/strong><\/a> \u2014 Regroupements de questions, habitudes de liens internes et obtention de backlinks gr\u00e2ce \u00e0 un travail original.<\/li>\n<\/ol>\n<h2>Partie IV \u2014 Distribution et communaut\u00e9 (Chapitres 11 \u00e0 13)<\/h2>\n<ol start=\"11\">\n<li><a href=\"https:\/\/rimanagency.com\/fr\/2026\/05\/10\/social-media-for-bloggers-2026\/\"><strong>Les r\u00e9seaux sociaux pour les blogueurs en 2026\u00a0: Guide de distribution<\/strong><\/a> \u2014 Choisissez une plateforme principale et r\u00e9utilisez chaque publication pour en faire 5 \u00e0 10 contenus pour les r\u00e9seaux sociaux.<\/li>\n<li><a href=\"https:\/\/rimanagency.com\/fr\/2026\/05\/10\/email-newsletter-strategy-bloggers-2026\/\"><strong>Strat\u00e9gie de marketing par e-mail et newsletter pour les blogueurs<\/strong><\/a> \u2014 Les aimants \u00e0 prospects, la s\u00e9quence de bienvenue, les newsletters payantes et le seul public qui vous appartient.<\/li>\n<li><a href=\"https:\/\/rimanagency.com\/fr\/2026\/05\/10\/community-personal-brand-bloggers\/\"><strong>D\u00e9veloppement de communaut\u00e9 et marque personnelle pour les blogueurs<\/strong><\/a> \u2014 Trois mod\u00e8les communautaires, les habitudes de construction de marque et la courbe des 18 \u00e0 24 mois.<\/li>\n<\/ol>\n<h2>Partie V \u2014 Mesure et mon\u00e9tisation (Chapitres 14\u201315)<\/h2>\n<ol start=\"14\">\n<li><a href=\"https:\/\/rimanagency.com\/fr\/2026\/05\/10\/blog-analytics-2026-blogger-scorecard\/\"><strong>Analyse des blogs en 2026\u00a0: Le tableau de bord du blogueur<\/strong><\/a> \u2014 Cinq chiffres sur une seule page\u00a0: trafic, part de citations, email, revenus, recherche de marque.<\/li>\n<li><a href=\"https:\/\/rimanagency.com\/fr\/2026\/05\/10\/blog-monetization-2026\/\"><strong>Mon\u00e9tisation des blogs en 2026\u00a0: cumuler trois \u00e0 cinq sources de revenus<\/strong><\/a> \u2014 La courbe des revenus sur 18 mois et la bonne configuration par arch\u00e9type.<\/li>\n<\/ol>\n<h2>Partie VI \u2014 Au-del\u00e0 du texte et la voie \u00e0 suivre (Chapitre 16)<\/h2>\n<ol start=\"16\">\n<li><a href=\"https:\/\/rimanagency.com\/fr\/2026\/05\/10\/multi-format-content-vlogs-podcasts-microblogging\/\"><strong>Contenu multiformat pour les blogueurs\u00a0: vlogs, podcasts et microblogage<\/strong><\/a> \u2014 Une id\u00e9e profonde, une id\u00e9e superficielle. Le processus de reconversion qui transforme une id\u00e9e en sept actifs.<\/li>\n<\/ol>\n<h2>\u00c0 propos du livre<\/h2>\n<p><em>Guide du blogueur\u00a0: Comment bloguer \u00e0 l\u2019\u00e8re de l\u2019IA (2e \u00e9dition)<\/em> est un guide complet de r\u00e9f\u00e9rencement (SEO), d&#039;optimisation pour les annonceurs (AEO) et de g\u00e9olocalisation (GEO) destin\u00e9 aux blogueurs, aux r\u00e9dacteurs et aux cr\u00e9ateurs de contenu en 2026. Par Tarek Riman, fondateur de l&#039;agence Riman, avec plus de 15 ans d&#039;exp\u00e9rience dans le r\u00e9f\u00e9rencement et le marketing digital.<\/p>\n<h2>S\u00e9ries apparent\u00e9es<\/h2>\n<p>Vous recherchez le guide complet sur l&#039;AEO\u00a0? Consultez le document compl\u00e9mentaire. <a href=\"https:\/\/rimanagency.com\/fr\/aeo-2e-complete-series\/\"><strong>Introduction \u00e0 l&#039;optimisation des moteurs de r\u00e9ponse (2e \u00e9dition) \u2014 S\u00e9rie de 29 chapitres<\/strong><\/a>.<\/p>\n<h2>Travaillez avec l&#039;agence Riman<\/h2>\n<p>L&#039;agence Riman met en place une infrastructure de blog moderne pour ses clients des secteurs B2B, des services et des marques de cr\u00e9ateurs\u00a0: validation de niche, ton et positionnement, bases SEO + AEO + GEO, programmes d&#039;emailing, solutions de mon\u00e9tisation et le rythme op\u00e9rationnel qui assure le bon fonctionnement de l&#039;ensemble. <a href=\"https:\/\/rimanagency.com\/fr\/contact-us\/\"><strong>Entrer en contact<\/strong><\/a> si vous souhaitez un programme de blog mesurable en 90 jours.<\/p>","protected":false},"excerpt":{"rendered":"<p>This is the complete 16-chapter series adapted from The Blogger Guideline: How to Blog in the Age of AI (2nd Edition) by Tarek Riman, founder of Riman Agency. Every chapter is published as a standalone, AEO-optimized blog post \u2014 direct-answer lead, decision rules, evidence blocks, and FAQs. Read in order for the full playbook, or [&hellip;]<\/p>\n","protected":false},"author":4,"featured_media":0,"parent":0,"menu_order":0,"comment_status":"closed","ping_status":"closed","template":"","meta":{"footnotes":""},"class_list":["post-4918","page","type-page","status-publish","hentry"],"yoast_head":"<!-- This site is optimized with the Yoast SEO plugin v27.5 - https:\/\/yoast.com\/product\/yoast-seo-wordpress\/ -->\n<title>The Blogger Guideline (2nd Edition): The Complete 16-Chapter Series - Riman Agency<\/title>\n<meta name=\"robots\" content=\"index, follow, max-snippet:-1, max-image-preview:large, max-video-preview:-1\" \/>\n<link rel=\"canonical\" href=\"https:\/\/rimanagency.com\/fr\/blogger-guideline-2e-complete-series\/\" \/>\n<meta property=\"og:locale\" content=\"fr_CA\" \/>\n<meta property=\"og:type\" content=\"article\" \/>\n<meta property=\"og:title\" content=\"The Blogger Guideline (2nd Edition): The Complete 16-Chapter Series - Riman Agency\" \/>\n<meta property=\"og:description\" content=\"This is the complete 16-chapter series adapted from The Blogger Guideline: How to Blog in the Age of AI (2nd Edition) by Tarek Riman, founder of Riman Agency. Every chapter is published as a standalone, AEO-optimized blog post \u2014 direct-answer lead, decision rules, evidence blocks, and FAQs. Read in order for the full playbook, or [&hellip;]\" \/>\n<meta property=\"og:url\" content=\"https:\/\/rimanagency.com\/fr\/blogger-guideline-2e-complete-series\/\" \/>\n<meta property=\"og:site_name\" content=\"Riman Agency\" \/>\n<meta name=\"twitter:card\" content=\"summary_large_image\" \/>\n<meta name=\"twitter:label1\" content=\"Est. reading time\" \/>\n\t<meta name=\"twitter:data1\" content=\"3 minutes\" \/>\n<script type=\"application\/ld+json\" class=\"yoast-schema-graph\">{\"@context\":\"https:\\\/\\\/schema.org\",\"@graph\":[{\"@type\":\"WebPage\",\"@id\":\"https:\\\/\\\/rimanagency.com\\\/blogger-guideline-2e-complete-series\\\/\",\"url\":\"https:\\\/\\\/rimanagency.com\\\/blogger-guideline-2e-complete-series\\\/\",\"name\":\"The Blogger Guideline (2nd Edition): The Complete 16-Chapter Series - Riman Agency\",\"isPartOf\":{\"@id\":\"https:\\\/\\\/rimanagency.com\\\/#website\"},\"datePublished\":\"2026-05-10T14:26:20+00:00\",\"breadcrumb\":{\"@id\":\"https:\\\/\\\/rimanagency.com\\\/blogger-guideline-2e-complete-series\\\/#breadcrumb\"},\"inLanguage\":\"fr-CA\",\"potentialAction\":[{\"@type\":\"ReadAction\",\"target\":[\"https:\\\/\\\/rimanagency.com\\\/blogger-guideline-2e-complete-series\\\/\"]}]},{\"@type\":\"BreadcrumbList\",\"@id\":\"https:\\\/\\\/rimanagency.com\\\/blogger-guideline-2e-complete-series\\\/#breadcrumb\",\"itemListElement\":[{\"@type\":\"ListItem\",\"position\":1,\"name\":\"Home\",\"item\":\"https:\\\/\\\/rimanagency.com\\\/home\\\/\"},{\"@type\":\"ListItem\",\"position\":2,\"name\":\"The Blogger Guideline (2nd Edition): The Complete 16-Chapter Series\"}]},{\"@type\":\"WebSite\",\"@id\":\"https:\\\/\\\/rimanagency.com\\\/#website\",\"url\":\"https:\\\/\\\/rimanagency.com\\\/\",\"name\":\"Riman Agency\",\"description\":\"A Full Service Digital Marketing Agency\",\"publisher\":{\"@id\":\"https:\\\/\\\/rimanagency.com\\\/#organization\"},\"potentialAction\":[{\"@type\":\"SearchAction\",\"target\":{\"@type\":\"EntryPoint\",\"urlTemplate\":\"https:\\\/\\\/rimanagency.com\\\/?s={search_term_string}\"},\"query-input\":{\"@type\":\"PropertyValueSpecification\",\"valueRequired\":true,\"valueName\":\"search_term_string\"}}],\"inLanguage\":\"fr-CA\"},{\"@type\":\"Organization\",\"@id\":\"https:\\\/\\\/rimanagency.com\\\/#organization\",\"name\":\"Riman Agency\",\"url\":\"https:\\\/\\\/rimanagency.com\\\/\",\"logo\":{\"@type\":\"ImageObject\",\"inLanguage\":\"fr-CA\",\"@id\":\"https:\\\/\\\/rimanagency.com\\\/#\\\/schema\\\/logo\\\/image\\\/\",\"url\":\"https:\\\/\\\/rimanagency.com\\\/wp-content\\\/uploads\\\/2022\\\/02\\\/RIMANagency-all-logos-1-2.png\",\"contentUrl\":\"https:\\\/\\\/rimanagency.com\\\/wp-content\\\/uploads\\\/2022\\\/02\\\/RIMANagency-all-logos-1-2.png\",\"width\":694,\"height\":211,\"caption\":\"Riman Agency\"},\"image\":{\"@id\":\"https:\\\/\\\/rimanagency.com\\\/#\\\/schema\\\/logo\\\/image\\\/\"}}]}<\/script>\n<!-- \/ Yoast SEO plugin. -->","yoast_head_json":{"title":"The Blogger Guideline (2nd Edition): The Complete 16-Chapter Series - Riman Agency","robots":{"index":"index","follow":"follow","max-snippet":"max-snippet:-1","max-image-preview":"max-image-preview:large","max-video-preview":"max-video-preview:-1"},"canonical":"https:\/\/rimanagency.com\/fr\/blogger-guideline-2e-complete-series\/","og_locale":"fr_CA","og_type":"article","og_title":"The Blogger Guideline (2nd Edition): The Complete 16-Chapter Series - Riman Agency","og_description":"This is the complete 16-chapter series adapted from The Blogger Guideline: How to Blog in the Age of AI (2nd Edition) by Tarek Riman, founder of Riman Agency. Every chapter is published as a standalone, AEO-optimized blog post \u2014 direct-answer lead, decision rules, evidence blocks, and FAQs. Read in order for the full playbook, or [&hellip;]","og_url":"https:\/\/rimanagency.com\/fr\/blogger-guideline-2e-complete-series\/","og_site_name":"Riman Agency","twitter_card":"summary_large_image","twitter_misc":{"Est. reading time":"3 minutes"},"schema":{"@context":"https:\/\/schema.org","@graph":[{"@type":"WebPage","@id":"https:\/\/rimanagency.com\/blogger-guideline-2e-complete-series\/","url":"https:\/\/rimanagency.com\/blogger-guideline-2e-complete-series\/","name":"The Blogger Guideline (2nd Edition): The Complete 16-Chapter Series - Riman Agency","isPartOf":{"@id":"https:\/\/rimanagency.com\/#website"},"datePublished":"2026-05-10T14:26:20+00:00","breadcrumb":{"@id":"https:\/\/rimanagency.com\/blogger-guideline-2e-complete-series\/#breadcrumb"},"inLanguage":"fr-CA","potentialAction":[{"@type":"ReadAction","target":["https:\/\/rimanagency.com\/blogger-guideline-2e-complete-series\/"]}]},{"@type":"BreadcrumbList","@id":"https:\/\/rimanagency.com\/blogger-guideline-2e-complete-series\/#breadcrumb","itemListElement":[{"@type":"ListItem","position":1,"name":"Home","item":"https:\/\/rimanagency.com\/home\/"},{"@type":"ListItem","position":2,"name":"The Blogger Guideline (2nd Edition): The Complete 16-Chapter Series"}]},{"@type":"WebSite","@id":"https:\/\/rimanagency.com\/#website","url":"https:\/\/rimanagency.com\/","name":"Agence Riman","description":"Une agence de marketing num\u00e9rique \u00e0 service complet","publisher":{"@id":"https:\/\/rimanagency.com\/#organization"},"potentialAction":[{"@type":"SearchAction","target":{"@type":"EntryPoint","urlTemplate":"https:\/\/rimanagency.com\/?s={search_term_string}"},"query-input":{"@type":"PropertyValueSpecification","valueRequired":true,"valueName":"search_term_string"}}],"inLanguage":"fr-CA"},{"@type":"Organization","@id":"https:\/\/rimanagency.com\/#organization","name":"Agence Riman","url":"https:\/\/rimanagency.com\/","logo":{"@type":"ImageObject","inLanguage":"fr-CA","@id":"https:\/\/rimanagency.com\/#\/schema\/logo\/image\/","url":"https:\/\/rimanagency.com\/wp-content\/uploads\/2022\/02\/RIMANagency-all-logos-1-2.png","contentUrl":"https:\/\/rimanagency.com\/wp-content\/uploads\/2022\/02\/RIMANagency-all-logos-1-2.png","width":694,"height":211,"caption":"Riman Agency"},"image":{"@id":"https:\/\/rimanagency.com\/#\/schema\/logo\/image\/"}}]}},"_links":{"self":[{"href":"https:\/\/rimanagency.com\/fr\/wp-json\/wp\/v2\/pages\/4918","targetHints":{"allow":["GET"]}}],"collection":[{"href":"https:\/\/rimanagency.com\/fr\/wp-json\/wp\/v2\/pages"}],"about":[{"href":"https:\/\/rimanagency.com\/fr\/wp-json\/wp\/v2\/types\/page"}],"author":[{"embeddable":true,"href":"https:\/\/rimanagency.com\/fr\/wp-json\/wp\/v2\/users\/4"}],"replies":[{"embeddable":true,"href":"https:\/\/rimanagency.com\/fr\/wp-json\/wp\/v2\/comments?post=4918"}],"version-history":[{"count":0,"href":"https:\/\/rimanagency.com\/fr\/wp-json\/wp\/v2\/pages\/4918\/revisions"}],"wp:attachment":[{"href":"https:\/\/rimanagency.com\/fr\/wp-json\/wp\/v2\/media?parent=4918"}],"curies":[{"name":"wp","href":"https:\/\/api.w.org\/{rel}","templated":true}]}}