{"id":4899,"date":"2026-05-10T13:49:16","date_gmt":"2026-05-10T13:49:16","guid":{"rendered":"https:\/\/rimanagency.com\/aeo-2e-complete-series\/"},"modified":"2026-05-10T13:49:16","modified_gmt":"2026-05-10T13:49:16","slug":"aeo-2e-complete-series","status":"publish","type":"page","link":"https:\/\/rimanagency.com\/fr\/aeo-2e-complete-series\/","title":{"rendered":"Introduction \u00e0 l&#039;optimisation des moteurs de r\u00e9ponse (2e \u00e9dition)\u00a0: La s\u00e9rie compl\u00e8te de 29 chapitres"},"content":{"rendered":"<p><strong>Voici l&#039;int\u00e9gralit\u00e9 de la s\u00e9rie en 29 chapitres, adapt\u00e9e de <em>Introduction \u00e0 l&#039;optimisation pour les moteurs de r\u00e9ponse\u00a0: du SEO \u00e0 l&#039;AEO (2e \u00e9dition)<\/em> Par Tarek Riman, fondateur de Riman Agency. Chaque chapitre est publi\u00e9 sous forme d&#039;article de blog ind\u00e9pendant et optimis\u00e9 pour AEO\u00a0: r\u00e9ponse directe \u00e0 la question, diagramme personnalis\u00e9, r\u00e8gles de d\u00e9cision, exemples de preuves et FAQ. Lisez-le dans l&#039;ordre pour obtenir le guide complet, ou acc\u00e9dez directement au chapitre qui vous int\u00e9resse.<\/strong><\/p>\n<blockquote><p>\u201c\u00a0Les classements vous font figurer dans les r\u00e9sultats de recherche. Les r\u00e9ponses vous font choisir et citer. \u00c0 l\u2019\u00e8re des r\u00e9ponses, la victoire ne r\u00e9side pas dans la d\u00e9couverte, mais dans la qualit\u00e9 de la r\u00e9f\u00e9rence.\u00a0\u201d \u2014 Tarek Riman<\/p><\/blockquote>\n<h2>Comment lire cette s\u00e9rie<\/h2>\n<table>\n<thead>\n<tr>\n<th>Chemin<\/th>\n<th>Temps<\/th>\n<th>Id\u00e9al pour<\/th>\n<\/tr>\n<\/thead>\n<tbody>\n<tr>\n<td><strong>Lire l&#039;int\u00e9gralit\u00e9<\/strong><\/td>\n<td>10 \u00e0 15 heures<\/td>\n<td>De A \u00e0 Z. Id\u00e9al si AEO est nouveau pour vous, ou si vous partez de z\u00e9ro.<\/td>\n<\/tr>\n<tr>\n<td><strong>Le parcours du manager<\/strong><\/td>\n<td>~3 heures<\/td>\n<td>Chapitres 1, 2, 4, 14, 15, 20 \u2014 le changement, le mod\u00e8le op\u00e9rationnel, la mesure, la feuille de route sur 12 mois.<\/td>\n<\/tr>\n<tr>\n<td><strong>Le parcours du sp\u00e9cialiste<\/strong><\/td>\n<td>Choisissez votre r\u00f4le<\/td>\n<td>R\u00e9dacteurs (5, 7, 8) \u2022 SEO (2, 6, 10, 11) \u2022 RP (12) \u2022 Social\/communaut\u00e9 (13) \u2022 Analyse (14) \u2022 Leadership (15, 20, 21).<\/td>\n<\/tr>\n<\/tbody>\n<\/table>\n<h2>Partie I \u2014 Fondation (Chapitres 1 \u00e0 3)<\/h2>\n<ol>\n<li><a href=\"https:\/\/rimanagency.com\/fr\/2026\/05\/10\/what-is-aeo-welcome-to-the-answer-era-of-search\/\"><strong>Qu&#039;est-ce que l&#039;AEO\u00a0? Bienvenue dans l&#039;\u00e8re des r\u00e9ponses \u00e0 la recherche<\/strong><\/a> \u2014 La d\u00e9finition en une phrase, le tableau de bord AEO, la cha\u00eene d&#039;approvisionnement des r\u00e9ponses et un d\u00e9marrage rapide en 7 jours.<\/li>\n<li><a href=\"https:\/\/rimanagency.com\/fr\/2026\/05\/10\/from-seo-to-aeo-what-stays-changes-breaks\/\"><strong>Du SEO \u00e0 l&#039;AEO\u00a0: ce qui reste, ce qui change, ce qui dispara\u00eet<\/strong><\/a> \u2014 Le plan de transition 30\/60\/90 et les quatre ressources AEO dont chaque sujet a besoin.<\/li>\n<li><a href=\"https:\/\/rimanagency.com\/fr\/2026\/05\/10\/how-google-ai-overviews-and-ai-mode-work\/\"><strong>Comment fonctionnent les aper\u00e7us de l&#039;IA de Google et le mode IA (en langage clair)<\/strong><\/a> \u2014 Le processus de r\u00e9ponse en cinq \u00e9tapes et comment r\u00e9diger du contenu que AIO peut citer.<\/li>\n<\/ol>\n<h2>Partie II \u2014 M\u00e9thodologie (Chapitres 4 \u00e0 10)<\/h2>\n<ol start=\"4\">\n<li><a href=\"https:\/\/rimanagency.com\/fr\/2026\/05\/10\/answer-supply-chain-intent-answer-citation-action\/\"><strong>La cha\u00eene d&#039;approvisionnement des r\u00e9ponses\u00a0: Intention \u2192 R\u00e9ponse \u2192 Citation \u2192 Action<\/strong><\/a> \u2014 Six \u00e9tapes, six propri\u00e9taires, six indicateurs cl\u00e9s de performance.<\/li>\n<li><a href=\"https:\/\/rimanagency.com\/fr\/2026\/05\/10\/content-that-gets-cited-structure-evidence-entities\/\"><strong>Contenu cit\u00e9\u00a0: structure, preuves et entit\u00e9s<\/strong><\/a> \u2014 Le triangle des citations et le score de qualit\u00e9 des citations.<\/li>\n<li><a href=\"https:\/\/rimanagency.com\/fr\/2026\/05\/10\/what-ai-overviews-cite-why-ranking-still-matters\/\"><strong>Ce que les synth\u00e8ses sur l&#039;IA citent \u2014 et pourquoi le classement reste important<\/strong><\/a> \u2014 Le mod\u00e8le en deux \u00e9tapes et l\u2019audit des \u00e9carts de citation.<\/li>\n<li><a href=\"https:\/\/rimanagency.com\/fr\/2026\/05\/10\/query-research-for-aeo\/\"><strong>Recherche de requ\u00eates pour AEO<\/strong><\/a> \u2014 La pyramide des requ\u00eates AEO et les sources de contenu communautaire.<\/li>\n<li><a href=\"https:\/\/rimanagency.com\/fr\/2026\/05\/10\/aeo-writing-formula-apon\/\"><strong>La formule de r\u00e9daction AEO\u00a0: APON (R\u00e9ponse + Preuve + Options + \u00c9tape suivante)<\/strong><\/a> \u2014 L\u2019empreinte structurelle des pages cit\u00e9es.<\/li>\n<li><a href=\"https:\/\/rimanagency.com\/fr\/2026\/05\/10\/evidence-citation-ready-writing\/\"><strong>R\u00e9daction de textes argument\u00e9s et pr\u00eats \u00e0 \u00eatre cit\u00e9s \u2014 sans para\u00eetre trop acad\u00e9mique<\/strong><\/a> \u2014 L\u2019\u00e9chelle des preuves et les blocs de citations.<\/li>\n<li><a href=\"https:\/\/rimanagency.com\/fr\/2026\/05\/10\/multi-format-content-topic-kits\/\"><strong>Contenu multiformat\u00a0: Transformez un sujet en un kit de sujets qui vous permettra de remporter des citations<\/strong><\/a> \u2014 Atomiser une fois, diffuser plusieurs fois.<\/li>\n<\/ol>\n<h2>Partie III \u2014 Ex\u00e9cution (Chapitres 11 \u00e0 17)<\/h2>\n<ol start=\"11\">\n<li><a href=\"https:\/\/rimanagency.com\/fr\/2026\/05\/10\/technical-readiness-for-aeo-indexing-is-oxygen\/\"><strong>Pr\u00e9paration technique pour l&#039;AEO\u00a0: l&#039;indexation est essentielle.<\/strong><\/a> \u2014 La pile technique \u00e0 cinq couches.<\/li>\n<li><a href=\"https:\/\/rimanagency.com\/fr\/2026\/05\/10\/serp-feature-strategy-ai-overviews-snippets\/\"><strong>Strat\u00e9gie de fonctionnalit\u00e9s SERP\u00a0: Aper\u00e7us IA gagnants, extraits optimis\u00e9s et visibilit\u00e9 au-dessus de la ligne de flottaison<\/strong><\/a> \u2014 Partage de pixels et double capture.<\/li>\n<li><a href=\"https:\/\/rimanagency.com\/fr\/2026\/05\/10\/pr-for-aeo-citation-economy\/\"><strong>Relations publiques pour AEO\u00a0: Au c\u0153ur de l\u2019\u00e9conomie des citations<\/strong><\/a> \u2014 La formule de la d\u00e9claration citable et les six atouts en relations publiques qui s&#039;accumulent.<\/li>\n<li><a href=\"https:\/\/rimanagency.com\/fr\/2026\/05\/10\/social-reddit-community-aeo\/\"><strong>R\u00e9seaux sociaux, Reddit et communaut\u00e9\u00a0: le moteur cach\u00e9 d\u2019AEO<\/strong><\/a> \u2014 La boucle communaut\u00e9-contenu.<\/li>\n<li><a href=\"https:\/\/rimanagency.com\/fr\/2026\/05\/10\/aeo-analytics-measuring-visibility\/\"><strong>AEO Analytics\u00a0: Comment mesurer la visibilit\u00e9 lorsque les clics ne disent pas tout\u00a0?<\/strong><\/a> \u2014 Partager comme l&#039;\u00e9toile polaire.<\/li>\n<li><a href=\"https:\/\/rimanagency.com\/fr\/2026\/05\/10\/operationalizing-aeo-program-not-tactics\/\"><strong>Mise en \u0153uvre op\u00e9rationnelle de l&#039;AEO\u00a0: en faire un programme (et non des tactiques al\u00e9atoires)<\/strong><\/a> \u2014 Priorisation ICE-AEO et d\u00e9finition de \u00ab termin\u00e9 \u00bb.<\/li>\n<li><a href=\"https:\/\/rimanagency.com\/fr\/2026\/05\/10\/platform-playbooks-chatgpt-ai-mode-aio-perplexity\/\"><strong>Guides de la plateforme\u00a0: R\u00e9ussir dans la recherche ChatGPT, le mode IA, les aper\u00e7us de l\u2019IA et la perplexit\u00e9<\/strong><\/a> \u2014 Une base, quatre axes de format.<\/li>\n<\/ol>\n<h2>Partie IV \u2014 Niveau avanc\u00e9 (Chapitres 18 \u00e0 22)<\/h2>\n<ol start=\"18\">\n<li><a href=\"https:\/\/rimanagency.com\/fr\/2026\/05\/10\/entity-optimization-aeo\/\"><strong>Optimisation des entit\u00e9s\u00a0: Comment devenir \u201c\u00a0La Chose\u00a0\u201d\u00a0? Les moteurs de r\u00e9ponse font confiance \u00e0<\/strong><\/a> \u2014 La pile d&#039;entit\u00e9s et le pack d&#039;entit\u00e9s.<\/li>\n<li><a href=\"https:\/\/rimanagency.com\/fr\/2026\/05\/10\/conversion-answer-era-citations-to-customers\/\"><strong>Conversion \u00e0 l&#039;\u00e8re des r\u00e9ponses : transformer les citations en clients<\/strong><\/a> \u2014 Le cadre A2A et les ponts de conversion.<\/li>\n<li><a href=\"https:\/\/rimanagency.com\/fr\/2026\/05\/10\/aeo-governance-risk-compliance\/\"><strong>Gouvernance, risques et conformit\u00e9\u00a0: comment obtenir l\u2019AEO sans nuire \u00e0 l\u2019image de marque\u00a0? Comment obtenir l\u2019AEO sans impacter n\u00e9gativement l\u2019image de marque\u00a0?<\/strong><\/a> \u2014 Le mod\u00e8le de r\u00e9ponse s\u00e9curis\u00e9e et l&#039;approbation par paliers.<\/li>\n<li><a href=\"https:\/\/rimanagency.com\/fr\/2026\/05\/10\/aeo-operating-system-12-month-roadmap\/\"><strong>Le syst\u00e8me d&#039;exploitation AEO\u00a0: votre feuille de route sur 12\u00a0mois, vos mod\u00e8les et les erreurs \u00e0 \u00e9viter<\/strong><\/a> \u2014 Cinq boucles, les 4 principaux indicateurs et huit mod\u00e8les.<\/li>\n<li><a href=\"https:\/\/rimanagency.com\/fr\/2026\/05\/10\/future-of-aeo-search-becomes-interface\/\"><strong>L&#039;avenir de l&#039;AEO\u00a0: rester visible alors que la recherche devient une interface<\/strong><\/a> \u2014 L&#039;\u00e9chelle de maturit\u00e9 : Pr\u00e9sent \u2192 R\u00e9utilisable \u2192 Fiable \u2192 Pr\u00e9f\u00e9r\u00e9.<\/li>\n<\/ol>\n<h2>Partie V \u2014 Pi\u00e8ces sp\u00e9cialis\u00e9es (Chapitres 23 \u00e0 28)<\/h2>\n<ol start=\"23\">\n<li><a href=\"https:\/\/rimanagency.com\/fr\/2026\/05\/10\/aeo-audits-step-by-step\/\"><strong>Audits AEO\u00a0: Guide \u00e9tape par \u00e9tape<\/strong><\/a> \u2014 Le cadre d&#039;audit \u00e0 cinq niveaux.<\/li>\n<li><a href=\"https:\/\/rimanagency.com\/fr\/2026\/05\/10\/local-aeo-geography\/\"><strong>AEO local\u00a0: Visibilit\u00e9 optimale des r\u00e9ponses dans votre zone g\u00e9ographique<\/strong><\/a> \u2014 Sprint Google Business Profile et discipline NAP.<\/li>\n<li><a href=\"https:\/\/rimanagency.com\/fr\/2026\/05\/10\/international-multilingual-aeo\/\"><strong>AEO international et multilingue\u00a0: Des r\u00e9ponses gagnantes par-del\u00e0 les langues et les fronti\u00e8res<\/strong><\/a> \u2014 La localisation AEO vaut mieux que la traduction.<\/li>\n<li><a href=\"https:\/\/rimanagency.com\/fr\/2026\/05\/10\/b2b-aeo-long-sales-cycles\/\"><strong>B2B AEO\u00a0: Visibilit\u00e9 optimale des r\u00e9ponses dans les cycles de vente longs<\/strong><\/a> \u2014 Les cinq mod\u00e8les de requ\u00eates B2B et le triangle d&#039;autorit\u00e9.<\/li>\n<li><a href=\"https:\/\/rimanagency.com\/fr\/2026\/05\/10\/ecommerce-aeo-getting-cited\/\"><strong>E-commerce AEO\u00a0: \u00catre cit\u00e9 lorsque les acheteurs demandent quoi acheter<\/strong><\/a> \u2014 Am\u00e9liorations des pages produits et augmentation de la densit\u00e9 des avis.<\/li>\n<li><a href=\"https:\/\/rimanagency.com\/fr\/2026\/05\/10\/aeo-case-studies-real-teams-win\/\"><strong>\u00c9tudes de cas AEO\u00a0: Comment de v\u00e9ritables \u00e9quipes obtiennent des citations, du trafic et la confiance<\/strong><\/a> \u2014 Sept cas composites et une mise en garde.<\/li>\n<\/ol>\n<h2>Partie VI \u2014 Bo\u00eete \u00e0 outils (Chapitre 29)<\/h2>\n<ol start=\"29\">\n<li><a href=\"https:\/\/rimanagency.com\/fr\/2026\/05\/10\/aeo-toolkit-worksheets-checklists-dashboards\/\"><strong>La bo\u00eete \u00e0 outils de l&#039;AEO\u00a0: feuilles de travail, listes de contr\u00f4le et tableaux de bord que vous pouvez utiliser cette semaine<\/strong><\/a> \u2014 Le pack de d\u00e9marrage : 7 ressources qui couvrent 90% du travail.<\/li>\n<\/ol>\n<h2>\u00c0 propos du livre<\/h2>\n<p><em>Introduction \u00e0 l&#039;optimisation pour les moteurs de r\u00e9ponse\u00a0: du SEO \u00e0 l&#039;AEO (2e \u00e9dition)<\/em> Ce guide pratique de l&#039;AEO (Acquisition de R\u00e9f\u00e9rencement Avanc\u00e9e) est une m\u00e9thode qui consiste \u00e0 cr\u00e9er du contenu apportant la r\u00e9ponse la plus pertinente aux questions pos\u00e9es sur Google AI Overviews, AI Mode, ChatGPT Search, Perplexity et les plateformes communautaires qui les alimentent. \u00c9crit par Tarek Riman, fondateur de Riman Agency, fort de plus de 15 ans d&#039;exp\u00e9rience en SEO et marketing digital.<\/p>\n<h2>Travaillez avec l&#039;agence Riman<\/h2>\n<p>L&#039;agence Riman installe le syst\u00e8me d&#039;exploitation AEO complet pour ses clients des secteurs B2B, des services, du commerce \u00e9lectronique et de l&#039;\u00e9dition\u00a0: ensembles de requ\u00eates, suivi hebdomadaire, kits th\u00e9matiques, \u00e9l\u00e9ments de preuve, alignement des relations publiques et tableau de bord ex\u00e9cutif. <a href=\"https:\/\/rimanagency.com\/fr\/contact-us\/\"><strong>Entrer en contact<\/strong><\/a> si vous souhaitez un programme AEO mesurable en 30 jours.<\/p>","protected":false},"excerpt":{"rendered":"<p>This is the complete 29-chapter series adapted from Intro to Answer Engine Optimization: From SEO to AEO (2nd Edition) by Tarek Riman, founder of Riman Agency. Every chapter is published as a standalone, AEO-optimized blog post \u2014 direct-answer lead, custom diagram, decision rules, evidence blocks, and FAQs. Read in order for the full playbook, or [&hellip;]<\/p>\n","protected":false},"author":4,"featured_media":0,"parent":0,"menu_order":0,"comment_status":"closed","ping_status":"closed","template":"","meta":{"footnotes":""},"class_list":["post-4899","page","type-page","status-publish","hentry"],"yoast_head":"<!-- This site is optimized with the Yoast SEO plugin v27.5 - https:\/\/yoast.com\/product\/yoast-seo-wordpress\/ -->\n<title>Intro to Answer Engine Optimization (2nd Edition): The Complete 29-Chapter Series - Riman Agency<\/title>\n<meta name=\"robots\" content=\"index, follow, max-snippet:-1, max-image-preview:large, max-video-preview:-1\" \/>\n<link rel=\"canonical\" href=\"https:\/\/rimanagency.com\/fr\/aeo-2e-complete-series\/\" \/>\n<meta property=\"og:locale\" content=\"fr_CA\" \/>\n<meta property=\"og:type\" content=\"article\" \/>\n<meta property=\"og:title\" content=\"Intro to Answer Engine Optimization (2nd Edition): The Complete 29-Chapter Series - Riman Agency\" \/>\n<meta property=\"og:description\" content=\"This is the complete 29-chapter series adapted from Intro to Answer Engine Optimization: From SEO to AEO (2nd Edition) by Tarek Riman, founder of Riman Agency. Every chapter is published as a standalone, AEO-optimized blog post \u2014 direct-answer lead, custom diagram, decision rules, evidence blocks, and FAQs. Read in order for the full playbook, or [&hellip;]\" \/>\n<meta property=\"og:url\" content=\"https:\/\/rimanagency.com\/fr\/aeo-2e-complete-series\/\" \/>\n<meta property=\"og:site_name\" content=\"Riman Agency\" \/>\n<meta name=\"twitter:card\" content=\"summary_large_image\" \/>\n<meta name=\"twitter:label1\" content=\"Est. reading time\" \/>\n\t<meta name=\"twitter:data1\" content=\"4 minutes\" \/>\n<script type=\"application\/ld+json\" class=\"yoast-schema-graph\">{\"@context\":\"https:\\\/\\\/schema.org\",\"@graph\":[{\"@type\":\"WebPage\",\"@id\":\"https:\\\/\\\/rimanagency.com\\\/aeo-2e-complete-series\\\/\",\"url\":\"https:\\\/\\\/rimanagency.com\\\/aeo-2e-complete-series\\\/\",\"name\":\"Intro to Answer Engine Optimization (2nd Edition): The Complete 29-Chapter Series - Riman Agency\",\"isPartOf\":{\"@id\":\"https:\\\/\\\/rimanagency.com\\\/#website\"},\"datePublished\":\"2026-05-10T13:49:16+00:00\",\"breadcrumb\":{\"@id\":\"https:\\\/\\\/rimanagency.com\\\/aeo-2e-complete-series\\\/#breadcrumb\"},\"inLanguage\":\"fr-CA\",\"potentialAction\":[{\"@type\":\"ReadAction\",\"target\":[\"https:\\\/\\\/rimanagency.com\\\/aeo-2e-complete-series\\\/\"]}]},{\"@type\":\"BreadcrumbList\",\"@id\":\"https:\\\/\\\/rimanagency.com\\\/aeo-2e-complete-series\\\/#breadcrumb\",\"itemListElement\":[{\"@type\":\"ListItem\",\"position\":1,\"name\":\"Home\",\"item\":\"https:\\\/\\\/rimanagency.com\\\/home\\\/\"},{\"@type\":\"ListItem\",\"position\":2,\"name\":\"Intro to Answer Engine Optimization (2nd Edition): The Complete 29-Chapter Series\"}]},{\"@type\":\"WebSite\",\"@id\":\"https:\\\/\\\/rimanagency.com\\\/#website\",\"url\":\"https:\\\/\\\/rimanagency.com\\\/\",\"name\":\"Riman Agency\",\"description\":\"A Full Service Digital Marketing Agency\",\"publisher\":{\"@id\":\"https:\\\/\\\/rimanagency.com\\\/#organization\"},\"potentialAction\":[{\"@type\":\"SearchAction\",\"target\":{\"@type\":\"EntryPoint\",\"urlTemplate\":\"https:\\\/\\\/rimanagency.com\\\/?s={search_term_string}\"},\"query-input\":{\"@type\":\"PropertyValueSpecification\",\"valueRequired\":true,\"valueName\":\"search_term_string\"}}],\"inLanguage\":\"fr-CA\"},{\"@type\":\"Organization\",\"@id\":\"https:\\\/\\\/rimanagency.com\\\/#organization\",\"name\":\"Riman Agency\",\"url\":\"https:\\\/\\\/rimanagency.com\\\/\",\"logo\":{\"@type\":\"ImageObject\",\"inLanguage\":\"fr-CA\",\"@id\":\"https:\\\/\\\/rimanagency.com\\\/#\\\/schema\\\/logo\\\/image\\\/\",\"url\":\"https:\\\/\\\/rimanagency.com\\\/wp-content\\\/uploads\\\/2022\\\/02\\\/RIMANagency-all-logos-1-2.png\",\"contentUrl\":\"https:\\\/\\\/rimanagency.com\\\/wp-content\\\/uploads\\\/2022\\\/02\\\/RIMANagency-all-logos-1-2.png\",\"width\":694,\"height\":211,\"caption\":\"Riman Agency\"},\"image\":{\"@id\":\"https:\\\/\\\/rimanagency.com\\\/#\\\/schema\\\/logo\\\/image\\\/\"}}]}<\/script>\n<!-- \/ Yoast SEO plugin. -->","yoast_head_json":{"title":"Intro to Answer Engine Optimization (2nd Edition): The Complete 29-Chapter Series - Riman Agency","robots":{"index":"index","follow":"follow","max-snippet":"max-snippet:-1","max-image-preview":"max-image-preview:large","max-video-preview":"max-video-preview:-1"},"canonical":"https:\/\/rimanagency.com\/fr\/aeo-2e-complete-series\/","og_locale":"fr_CA","og_type":"article","og_title":"Intro to Answer Engine Optimization (2nd Edition): The Complete 29-Chapter Series - Riman Agency","og_description":"This is the complete 29-chapter series adapted from Intro to Answer Engine Optimization: From SEO to AEO (2nd Edition) by Tarek Riman, founder of Riman Agency. Every chapter is published as a standalone, AEO-optimized blog post \u2014 direct-answer lead, custom diagram, decision rules, evidence blocks, and FAQs. Read in order for the full playbook, or [&hellip;]","og_url":"https:\/\/rimanagency.com\/fr\/aeo-2e-complete-series\/","og_site_name":"Riman Agency","twitter_card":"summary_large_image","twitter_misc":{"Est. reading time":"4 minutes"},"schema":{"@context":"https:\/\/schema.org","@graph":[{"@type":"WebPage","@id":"https:\/\/rimanagency.com\/aeo-2e-complete-series\/","url":"https:\/\/rimanagency.com\/aeo-2e-complete-series\/","name":"Intro to Answer Engine Optimization (2nd Edition): The Complete 29-Chapter Series - Riman Agency","isPartOf":{"@id":"https:\/\/rimanagency.com\/#website"},"datePublished":"2026-05-10T13:49:16+00:00","breadcrumb":{"@id":"https:\/\/rimanagency.com\/aeo-2e-complete-series\/#breadcrumb"},"inLanguage":"fr-CA","potentialAction":[{"@type":"ReadAction","target":["https:\/\/rimanagency.com\/aeo-2e-complete-series\/"]}]},{"@type":"BreadcrumbList","@id":"https:\/\/rimanagency.com\/aeo-2e-complete-series\/#breadcrumb","itemListElement":[{"@type":"ListItem","position":1,"name":"Home","item":"https:\/\/rimanagency.com\/home\/"},{"@type":"ListItem","position":2,"name":"Intro to Answer Engine Optimization (2nd Edition): The Complete 29-Chapter Series"}]},{"@type":"WebSite","@id":"https:\/\/rimanagency.com\/#website","url":"https:\/\/rimanagency.com\/","name":"Agence Riman","description":"Une agence de marketing num\u00e9rique \u00e0 service complet","publisher":{"@id":"https:\/\/rimanagency.com\/#organization"},"potentialAction":[{"@type":"SearchAction","target":{"@type":"EntryPoint","urlTemplate":"https:\/\/rimanagency.com\/?s={search_term_string}"},"query-input":{"@type":"PropertyValueSpecification","valueRequired":true,"valueName":"search_term_string"}}],"inLanguage":"fr-CA"},{"@type":"Organization","@id":"https:\/\/rimanagency.com\/#organization","name":"Agence Riman","url":"https:\/\/rimanagency.com\/","logo":{"@type":"ImageObject","inLanguage":"fr-CA","@id":"https:\/\/rimanagency.com\/#\/schema\/logo\/image\/","url":"https:\/\/rimanagency.com\/wp-content\/uploads\/2022\/02\/RIMANagency-all-logos-1-2.png","contentUrl":"https:\/\/rimanagency.com\/wp-content\/uploads\/2022\/02\/RIMANagency-all-logos-1-2.png","width":694,"height":211,"caption":"Riman Agency"},"image":{"@id":"https:\/\/rimanagency.com\/#\/schema\/logo\/image\/"}}]}},"_links":{"self":[{"href":"https:\/\/rimanagency.com\/fr\/wp-json\/wp\/v2\/pages\/4899","targetHints":{"allow":["GET"]}}],"collection":[{"href":"https:\/\/rimanagency.com\/fr\/wp-json\/wp\/v2\/pages"}],"about":[{"href":"https:\/\/rimanagency.com\/fr\/wp-json\/wp\/v2\/types\/page"}],"author":[{"embeddable":true,"href":"https:\/\/rimanagency.com\/fr\/wp-json\/wp\/v2\/users\/4"}],"replies":[{"embeddable":true,"href":"https:\/\/rimanagency.com\/fr\/wp-json\/wp\/v2\/comments?post=4899"}],"version-history":[{"count":0,"href":"https:\/\/rimanagency.com\/fr\/wp-json\/wp\/v2\/pages\/4899\/revisions"}],"wp:attachment":[{"href":"https:\/\/rimanagency.com\/fr\/wp-json\/wp\/v2\/media?parent=4899"}],"curies":[{"name":"wp","href":"https:\/\/api.w.org\/{rel}","templated":true}]}}