{"id":4740,"date":"2026-05-09T10:08:28","date_gmt":"2026-05-09T10:08:28","guid":{"rendered":"https:\/\/rimanagency.com\/operating-margin-calculator\/"},"modified":"2026-05-09T10:08:28","modified_gmt":"2026-05-09T10:08:28","slug":"operating-margin-calculator","status":"publish","type":"page","link":"https:\/\/rimanagency.com\/fr\/operating-margin-calculator\/","title":{"rendered":"Calculateur de marge op\u00e9rationnelle"},"content":{"rendered":"<style>.rt-h{background:linear-gradient(135deg,#f1f5e8,#e8efdb);border-radius:14px;padding:32px;margin:0 0 24px;text-align:center}.rt-h h1{margin:0 0 10px;font-size:28px;color:#4a6320}.rt-g{display:grid;grid-template-columns:1fr 1fr;gap:18px;margin:0 0 24px}.rt-f,.rt-o{background:#fff;border:1px solid #e0e6d8;border-radius:10px;padding:22px}.rt-f h3,.rt-o h3{margin:0 0 14px;color:#4a6320;font-size:18px}.rt-f label{display:block;font-size:13px;color:#516048;font-weight:600;margin:10px 0 6px}.rt-f input,.rt-f select,.rt-f textarea{width:100%;padding:9px;border:1px solid #d4dac6;border-radius:6px;font-size:14px;box-sizing:border-box;font-family:inherit}.rt-btn{background:#719430;color:#fff;border:none;padding:11px 20px;border-radius:6px;font-weight:700;cursor:pointer;width:100%;margin-top:14px;font-size:15px}.rt-btn:hover{background:#4a6320}.rt-o-big{font-size:38px;font-weight:800;color:#719430;text-align:center;margin:6px 0}.rt-o-row{display:flex;justify-content:space-between;padding:9px 0;border-bottom:1px solid #f0f3e8;font-size:14px}.rt-o-row:last-child{border:none}.rt-o-row b{color:#4a6320}.rt-cta{background:linear-gradient(135deg,#719430,#4a6320);color:#fff;border-radius:14px;padding:32px;text-align:center;margin:30px 0}.rt-cta a{background:#fff;color:#4a6320;padding:12px 28px;border-radius:6px;font-weight:700;text-decoration:none;display:inline-block;margin-top:14px}.rt-code{background:#1e1e1e;color:#a3c163;padding:14px;border-radius:8px;font-family:Consolas,monospace;font-size:12px;white-space:pre-wrap;word-break:break-all;max-height:300px;overflow:auto}@media(max-width:768px){.rt-g{grid-template-columns:1fr}}<\/style>\n<div class=\"rt-h\">\n<h1>Calculateur de marge op\u00e9rationnelle<\/h1>\n<p>Calculez la marge op\u00e9rationnelle \u2014 l&#039;indicateur qui r\u00e9v\u00e8le si votre mod\u00e8le d&#039;entreprise g\u00e9n\u00e8re des profits \u00e0 grande \u00e9chelle.<\/p>\n<\/div>\n<div class=\"rt-g\">\n<div class=\"rt-f\">\n<h3>Entr\u00e9es<\/h3>\n<p><label>Revenus ($)<\/label><input type=\"number\" id=\"om-rev\" value=\"1000000\"><label>R\u00e9sultat d&#039;exploitation ($)<\/label><input type=\"number\" id=\"om-op\" value=\"150000\"><button class=\"rt-btn\" onclick=\"calcOm()\">Calculer<\/button><\/div>\n<div class=\"rt-o\">\n<h3>Marge op\u00e9rationnelle<\/h3>\n<div class=\"rt-o-big\" id=\"om-big\">\u2014<\/div>\n<p style=\"text-align:center;color:#516048;font-size:13px;margin:0 0 18px\" id=\"om-v\">Ex\u00e9cuter le calcul<\/p>\n<div class=\"rt-o-row\"><span>marge op\u00e9rationnelle<\/span><b id=\"om-num\">\u2014<\/b><\/div>\n<div class=\"rt-o-row\"><span>Verdict<\/span><b id=\"om-vd\">\u2014<\/b><\/div>\n<\/div>\n<\/div>\n<p><script>function calcOm(){var r=+document.getElementById(\"om-rev\").value||0;var o=+document.getElementById(\"om-op\").value||0;if(!r)return;var om=o\/r*100;var v=om>=20?\"Excellent\":om>=10?\"Healthy\":om>=5?\"Average\":om>=0?\"Thin\":\"Loss-making\";document.getElementById(\"om-big\").textContent=om.toFixed(1)+\"%\";document.getElementById(\"om-v\").textContent=v;document.getElementById(\"om-num\").textContent=om.toFixed(2)+\"%\";document.getElementById(\"om-vd\").textContent=v;}<\/script><\/p>\n<h2>La marge op\u00e9rationnelle distingue les bonnes entreprises des excellentes entreprises.<\/h2>\n<p>Deux entreprises peuvent avoir la m\u00eame marge brute mais des marges d&#039;exploitation tr\u00e8s diff\u00e9rentes. Cette diff\u00e9rence r\u00e9side dans l&#039;efficacit\u00e9 op\u00e9rationnelle\u00a0: la part de la marge brute qui reste apr\u00e8s d\u00e9duction des frais de vente, de marketing, de R&amp;D et des frais g\u00e9n\u00e9raux. Une compression persistante de la marge d&#039;exploitation signale g\u00e9n\u00e9ralement un probl\u00e8me structurel du mod\u00e8le \u00e9conomique.<\/p>\n<h2>Foire aux questions<\/h2>\n<p><strong>Marge op\u00e9rationnelle ou marge d&#039;EBITDA ?<\/strong><br \/>La marge op\u00e9rationnelle inclut l&#039;amortissement\u00a0; l&#039;EBITDA, non. Les deux indicateurs ont leur utilit\u00e9. L&#039;EBITDA est plus facilement comparable entre les secteurs \u00e0 forte intensit\u00e9 capitalistique.<\/p>\n<div class=\"rt-cta\">\n<h3 style=\"margin:0 0 6px\">Vous souhaitez un marketing qui am\u00e9liore la marge op\u00e9rationnelle, et pas seulement le chiffre d&#039;affaires ?<\/h3>\n<p style=\"margin:0;opacity:.95\">L&#039;agence Riman con\u00e7oit des solutions marketing \u00e0 faible co\u00fbt.<\/p>\n<p><a href=\"\/fr\/contact\/\">Parlez \u00e0 la strat\u00e9gie<\/a><\/div>","protected":false},"excerpt":{"rendered":"<p>Operating Margin Calculator Compute operating margin \u2014 the metric that reveals whether your business model produces profit at scale. Inputs Revenue ($)Operating income ($)Calculate Operating Margin \u2014 Run calculation Operating margin\u2014 Verdict\u2014 Operating margin separates good businesses from great ones Two companies can have the same gross margin but vastly different operating margins. The difference [&hellip;]<\/p>\n","protected":false},"author":4,"featured_media":0,"parent":0,"menu_order":0,"comment_status":"closed","ping_status":"closed","template":"","meta":{"footnotes":""},"class_list":["post-4740","page","type-page","status-publish","hentry"],"yoast_head":"<!-- This site is optimized with the Yoast SEO plugin v27.5 - https:\/\/yoast.com\/product\/yoast-seo-wordpress\/ -->\n<title>Operating Margin Calculator - Riman Agency<\/title>\n<meta name=\"robots\" content=\"index, follow, max-snippet:-1, max-image-preview:large, max-video-preview:-1\" \/>\n<link rel=\"canonical\" href=\"https:\/\/rimanagency.com\/fr\/operating-margin-calculator\/\" \/>\n<meta property=\"og:locale\" content=\"fr_CA\" \/>\n<meta property=\"og:type\" content=\"article\" \/>\n<meta property=\"og:title\" content=\"Operating Margin Calculator - Riman Agency\" \/>\n<meta property=\"og:description\" content=\"Operating Margin Calculator Compute operating margin \u2014 the metric that reveals whether your business model produces profit at scale. Inputs Revenue ($)Operating income ($)Calculate Operating Margin \u2014 Run calculation Operating margin\u2014 Verdict\u2014 Operating margin separates good businesses from great ones Two companies can have the same gross margin but vastly different operating margins. The difference [&hellip;]\" \/>\n<meta property=\"og:url\" content=\"https:\/\/rimanagency.com\/fr\/operating-margin-calculator\/\" \/>\n<meta property=\"og:site_name\" content=\"Riman Agency\" \/>\n<meta name=\"twitter:card\" content=\"summary_large_image\" \/>\n<meta name=\"twitter:label1\" content=\"Est. reading time\" \/>\n\t<meta name=\"twitter:data1\" content=\"1 minute\" \/>\n<script type=\"application\/ld+json\" class=\"yoast-schema-graph\">{\"@context\":\"https:\\\/\\\/schema.org\",\"@graph\":[{\"@type\":\"WebPage\",\"@id\":\"https:\\\/\\\/rimanagency.com\\\/operating-margin-calculator\\\/\",\"url\":\"https:\\\/\\\/rimanagency.com\\\/operating-margin-calculator\\\/\",\"name\":\"Operating Margin Calculator - Riman Agency\",\"isPartOf\":{\"@id\":\"https:\\\/\\\/rimanagency.com\\\/#website\"},\"datePublished\":\"2026-05-09T10:08:28+00:00\",\"breadcrumb\":{\"@id\":\"https:\\\/\\\/rimanagency.com\\\/operating-margin-calculator\\\/#breadcrumb\"},\"inLanguage\":\"fr-CA\",\"potentialAction\":[{\"@type\":\"ReadAction\",\"target\":[\"https:\\\/\\\/rimanagency.com\\\/operating-margin-calculator\\\/\"]}]},{\"@type\":\"BreadcrumbList\",\"@id\":\"https:\\\/\\\/rimanagency.com\\\/operating-margin-calculator\\\/#breadcrumb\",\"itemListElement\":[{\"@type\":\"ListItem\",\"position\":1,\"name\":\"Home\",\"item\":\"https:\\\/\\\/rimanagency.com\\\/home\\\/\"},{\"@type\":\"ListItem\",\"position\":2,\"name\":\"Operating Margin Calculator\"}]},{\"@type\":\"WebSite\",\"@id\":\"https:\\\/\\\/rimanagency.com\\\/#website\",\"url\":\"https:\\\/\\\/rimanagency.com\\\/\",\"name\":\"Riman Agency\",\"description\":\"A Full Service Digital Marketing Agency\",\"publisher\":{\"@id\":\"https:\\\/\\\/rimanagency.com\\\/#organization\"},\"potentialAction\":[{\"@type\":\"SearchAction\",\"target\":{\"@type\":\"EntryPoint\",\"urlTemplate\":\"https:\\\/\\\/rimanagency.com\\\/?s={search_term_string}\"},\"query-input\":{\"@type\":\"PropertyValueSpecification\",\"valueRequired\":true,\"valueName\":\"search_term_string\"}}],\"inLanguage\":\"fr-CA\"},{\"@type\":\"Organization\",\"@id\":\"https:\\\/\\\/rimanagency.com\\\/#organization\",\"name\":\"Riman Agency\",\"url\":\"https:\\\/\\\/rimanagency.com\\\/\",\"logo\":{\"@type\":\"ImageObject\",\"inLanguage\":\"fr-CA\",\"@id\":\"https:\\\/\\\/rimanagency.com\\\/#\\\/schema\\\/logo\\\/image\\\/\",\"url\":\"https:\\\/\\\/rimanagency.com\\\/wp-content\\\/uploads\\\/2022\\\/02\\\/RIMANagency-all-logos-1-2.png\",\"contentUrl\":\"https:\\\/\\\/rimanagency.com\\\/wp-content\\\/uploads\\\/2022\\\/02\\\/RIMANagency-all-logos-1-2.png\",\"width\":694,\"height\":211,\"caption\":\"Riman Agency\"},\"image\":{\"@id\":\"https:\\\/\\\/rimanagency.com\\\/#\\\/schema\\\/logo\\\/image\\\/\"}}]}<\/script>\n<!-- \/ Yoast SEO plugin. -->","yoast_head_json":{"title":"Operating Margin Calculator - Riman Agency","robots":{"index":"index","follow":"follow","max-snippet":"max-snippet:-1","max-image-preview":"max-image-preview:large","max-video-preview":"max-video-preview:-1"},"canonical":"https:\/\/rimanagency.com\/fr\/operating-margin-calculator\/","og_locale":"fr_CA","og_type":"article","og_title":"Operating Margin Calculator - Riman Agency","og_description":"Operating Margin Calculator Compute operating margin \u2014 the metric that reveals whether your business model produces profit at scale. Inputs Revenue ($)Operating income ($)Calculate Operating Margin \u2014 Run calculation Operating margin\u2014 Verdict\u2014 Operating margin separates good businesses from great ones Two companies can have the same gross margin but vastly different operating margins. The difference [&hellip;]","og_url":"https:\/\/rimanagency.com\/fr\/operating-margin-calculator\/","og_site_name":"Riman Agency","twitter_card":"summary_large_image","twitter_misc":{"Est. reading time":"1 minute"},"schema":{"@context":"https:\/\/schema.org","@graph":[{"@type":"WebPage","@id":"https:\/\/rimanagency.com\/operating-margin-calculator\/","url":"https:\/\/rimanagency.com\/operating-margin-calculator\/","name":"Operating Margin Calculator - Riman Agency","isPartOf":{"@id":"https:\/\/rimanagency.com\/#website"},"datePublished":"2026-05-09T10:08:28+00:00","breadcrumb":{"@id":"https:\/\/rimanagency.com\/operating-margin-calculator\/#breadcrumb"},"inLanguage":"fr-CA","potentialAction":[{"@type":"ReadAction","target":["https:\/\/rimanagency.com\/operating-margin-calculator\/"]}]},{"@type":"BreadcrumbList","@id":"https:\/\/rimanagency.com\/operating-margin-calculator\/#breadcrumb","itemListElement":[{"@type":"ListItem","position":1,"name":"Home","item":"https:\/\/rimanagency.com\/home\/"},{"@type":"ListItem","position":2,"name":"Operating Margin Calculator"}]},{"@type":"WebSite","@id":"https:\/\/rimanagency.com\/#website","url":"https:\/\/rimanagency.com\/","name":"Agence Riman","description":"Une agence de marketing num\u00e9rique \u00e0 service complet","publisher":{"@id":"https:\/\/rimanagency.com\/#organization"},"potentialAction":[{"@type":"SearchAction","target":{"@type":"EntryPoint","urlTemplate":"https:\/\/rimanagency.com\/?s={search_term_string}"},"query-input":{"@type":"PropertyValueSpecification","valueRequired":true,"valueName":"search_term_string"}}],"inLanguage":"fr-CA"},{"@type":"Organization","@id":"https:\/\/rimanagency.com\/#organization","name":"Agence Riman","url":"https:\/\/rimanagency.com\/","logo":{"@type":"ImageObject","inLanguage":"fr-CA","@id":"https:\/\/rimanagency.com\/#\/schema\/logo\/image\/","url":"https:\/\/rimanagency.com\/wp-content\/uploads\/2022\/02\/RIMANagency-all-logos-1-2.png","contentUrl":"https:\/\/rimanagency.com\/wp-content\/uploads\/2022\/02\/RIMANagency-all-logos-1-2.png","width":694,"height":211,"caption":"Riman Agency"},"image":{"@id":"https:\/\/rimanagency.com\/#\/schema\/logo\/image\/"}}]}},"_links":{"self":[{"href":"https:\/\/rimanagency.com\/fr\/wp-json\/wp\/v2\/pages\/4740","targetHints":{"allow":["GET"]}}],"collection":[{"href":"https:\/\/rimanagency.com\/fr\/wp-json\/wp\/v2\/pages"}],"about":[{"href":"https:\/\/rimanagency.com\/fr\/wp-json\/wp\/v2\/types\/page"}],"author":[{"embeddable":true,"href":"https:\/\/rimanagency.com\/fr\/wp-json\/wp\/v2\/users\/4"}],"replies":[{"embeddable":true,"href":"https:\/\/rimanagency.com\/fr\/wp-json\/wp\/v2\/comments?post=4740"}],"version-history":[{"count":0,"href":"https:\/\/rimanagency.com\/fr\/wp-json\/wp\/v2\/pages\/4740\/revisions"}],"wp:attachment":[{"href":"https:\/\/rimanagency.com\/fr\/wp-json\/wp\/v2\/media?parent=4740"}],"curies":[{"name":"wp","href":"https:\/\/api.w.org\/{rel}","templated":true}]}}