{"id":4737,"date":"2026-05-09T10:08:25","date_gmt":"2026-05-09T10:08:25","guid":{"rendered":"https:\/\/rimanagency.com\/return-on-equity-roe-calculator\/"},"modified":"2026-05-09T10:08:25","modified_gmt":"2026-05-09T10:08:25","slug":"return-on-equity-roe-calculator","status":"publish","type":"page","link":"https:\/\/rimanagency.com\/fr\/return-on-equity-roe-calculator\/","title":{"rendered":"Calculateur de rendement des capitaux propres (ROE)"},"content":{"rendered":"<style>.rt-h{background:linear-gradient(135deg,#f1f5e8,#e8efdb);border-radius:14px;padding:32px;margin:0 0 24px;text-align:center}.rt-h h1{margin:0 0 10px;font-size:28px;color:#4a6320}.rt-g{display:grid;grid-template-columns:1fr 1fr;gap:18px;margin:0 0 24px}.rt-f,.rt-o{background:#fff;border:1px solid #e0e6d8;border-radius:10px;padding:22px}.rt-f h3,.rt-o h3{margin:0 0 14px;color:#4a6320;font-size:18px}.rt-f label{display:block;font-size:13px;color:#516048;font-weight:600;margin:10px 0 6px}.rt-f input,.rt-f select,.rt-f textarea{width:100%;padding:9px;border:1px solid #d4dac6;border-radius:6px;font-size:14px;box-sizing:border-box;font-family:inherit}.rt-btn{background:#719430;color:#fff;border:none;padding:11px 20px;border-radius:6px;font-weight:700;cursor:pointer;width:100%;margin-top:14px;font-size:15px}.rt-btn:hover{background:#4a6320}.rt-o-big{font-size:38px;font-weight:800;color:#719430;text-align:center;margin:6px 0}.rt-o-row{display:flex;justify-content:space-between;padding:9px 0;border-bottom:1px solid #f0f3e8;font-size:14px}.rt-o-row:last-child{border:none}.rt-o-row b{color:#4a6320}.rt-cta{background:linear-gradient(135deg,#719430,#4a6320);color:#fff;border-radius:14px;padding:32px;text-align:center;margin:30px 0}.rt-cta a{background:#fff;color:#4a6320;padding:12px 28px;border-radius:6px;font-weight:700;text-decoration:none;display:inline-block;margin-top:14px}.rt-code{background:#1e1e1e;color:#a3c163;padding:14px;border-radius:8px;font-family:Consolas,monospace;font-size:12px;white-space:pre-wrap;word-break:break-all;max-height:300px;overflow:auto}@media(max-width:768px){.rt-g{grid-template-columns:1fr}}<\/style>\n<div class=\"rt-h\">\n<h1>Calculateur de ROE<\/h1>\n<p>Calculer le rendement des capitaux propres \u2014 l&#039;indicateur cl\u00e9 permettant d&#039;\u00e9valuer la capacit\u00e9 d&#039;une entreprise \u00e0 transformer le capital des actionnaires en profit.<\/p>\n<\/div>\n<div class=\"rt-g\">\n<div class=\"rt-f\">\n<h3>Entr\u00e9es<\/h3>\n<p><label>R\u00e9sultat net ($)<\/label><input type=\"number\" id=\"roe-ni\" value=\"500000\"><label>Capitaux propres moyens ($)<\/label><input type=\"number\" id=\"roe-eq\" value=\"2500000\"><button class=\"rt-btn\" onclick=\"calcRoe()\">Calculer<\/button><\/div>\n<div class=\"rt-o\">\n<h3>CHEVREUIL<\/h3>\n<div class=\"rt-o-big\" id=\"roe-big\">\u2014<\/div>\n<p style=\"text-align:center;color:#516048;font-size:13px;margin:0 0 18px\" id=\"roe-v\">Ex\u00e9cuter le calcul<\/p>\n<div class=\"rt-o-row\"><span>CHEVREUIL<\/span><b id=\"roe-num\">\u2014<\/b><\/div>\n<div class=\"rt-o-row\"><span>Verdict<\/span><b id=\"roe-vd\">\u2014<\/b><\/div>\n<\/div>\n<\/div>\n<p><script>function calcRoe(){var n=+document.getElementById(\"roe-ni\").value||0;var e=+document.getElementById(\"roe-eq\").value||0;if(!e)return;var roe=n\/e*100;var v=roe>=20?\"Excellent\":roe>=15?\"Healthy\":roe>=10?\"Average\":\"Below market\";document.getElementById(\"roe-big\").textContent=roe.toFixed(2)+\"%\";document.getElementById(\"roe-v\").textContent=v;document.getElementById(\"roe-num\").textContent=roe.toFixed(2)+\"%\";document.getElementById(\"roe-vd\").textContent=v;}<\/script><\/p>\n<h2>Le ROE est le ratio de rentabilit\u00e9 le plus scrut\u00e9.<\/h2>\n<p>Les investisseurs comparent le ROE sur plusieurs ann\u00e9es et avec celui des concurrents pour \u00e9valuer la qualit\u00e9 de la gestion. Un ROE sup\u00e9rieur \u00e0 151\u00a0000 $ est consid\u00e9r\u00e9 comme sain \u00e0 long terme pour la plupart des secteurs\u00a0; les entreprises de logiciels et celles \u00e0 faible intensit\u00e9 capitalistique d\u00e9passent r\u00e9guli\u00e8rement 251\u00a0000 $. Un ROE constamment faible est un indicateur de mauvaise allocation des capitaux.<\/p>\n<h2>Foire aux questions<\/h2>\n<p><strong>R\u00e9sultat net ou r\u00e9sultat d&#039;exploitation ?<\/strong><br \/>Le ROE utilise le r\u00e9sultat net (apr\u00e8s imp\u00f4t). Pour comparer l&#039;efficacit\u00e9 op\u00e9rationnelle, utilisez le ROIC.<\/p>\n<div class=\"rt-cta\">\n<h3 style=\"margin:0 0 6px\">Vous avez besoin d&#039;aide pour \u00e9laborer des programmes marketing qui am\u00e9liorent le ROE\u00a0?<\/h3>\n<p style=\"margin:0;opacity:.95\">L&#039;agence Riman con\u00e7oit des strat\u00e9gies marketing \u00e0 fort impact.<\/p>\n<p><a href=\"\/fr\/contact\/\">Parlez \u00e0 la strat\u00e9gie<\/a><\/div>","protected":false},"excerpt":{"rendered":"<p>ROE Calculator Compute return on equity \u2014 the headline metric for evaluating how well a company turns shareholder capital into profit. Inputs Net income ($)Average shareholder equity ($)Calculate ROE \u2014 Run calculation ROE\u2014 Verdict\u2014 ROE is the most-watched profitability ratio Investors compare ROE across years and across competitors to evaluate management quality. 15%+ is a [&hellip;]<\/p>\n","protected":false},"author":4,"featured_media":0,"parent":0,"menu_order":0,"comment_status":"closed","ping_status":"closed","template":"","meta":{"footnotes":""},"class_list":["post-4737","page","type-page","status-publish","hentry"],"yoast_head":"<!-- This site is optimized with the Yoast SEO plugin v27.5 - https:\/\/yoast.com\/product\/yoast-seo-wordpress\/ -->\n<title>Return on Equity (ROE) Calculator - Riman Agency<\/title>\n<meta name=\"robots\" content=\"index, follow, max-snippet:-1, max-image-preview:large, max-video-preview:-1\" \/>\n<link rel=\"canonical\" href=\"https:\/\/rimanagency.com\/fr\/return-on-equity-roe-calculator\/\" \/>\n<meta property=\"og:locale\" content=\"fr_CA\" \/>\n<meta property=\"og:type\" content=\"article\" \/>\n<meta property=\"og:title\" content=\"Return on Equity (ROE) Calculator - Riman Agency\" \/>\n<meta property=\"og:description\" content=\"ROE Calculator Compute return on equity \u2014 the headline metric for evaluating how well a company turns shareholder capital into profit. Inputs Net income ($)Average shareholder equity ($)Calculate ROE \u2014 Run calculation ROE\u2014 Verdict\u2014 ROE is the most-watched profitability ratio Investors compare ROE across years and across competitors to evaluate management quality. 15%+ is a [&hellip;]\" \/>\n<meta property=\"og:url\" content=\"https:\/\/rimanagency.com\/fr\/return-on-equity-roe-calculator\/\" \/>\n<meta property=\"og:site_name\" content=\"Riman Agency\" \/>\n<meta name=\"twitter:card\" content=\"summary_large_image\" \/>\n<meta name=\"twitter:label1\" content=\"Est. reading time\" \/>\n\t<meta name=\"twitter:data1\" content=\"1 minute\" \/>\n<script type=\"application\/ld+json\" class=\"yoast-schema-graph\">{\"@context\":\"https:\\\/\\\/schema.org\",\"@graph\":[{\"@type\":\"WebPage\",\"@id\":\"https:\\\/\\\/rimanagency.com\\\/return-on-equity-roe-calculator\\\/\",\"url\":\"https:\\\/\\\/rimanagency.com\\\/return-on-equity-roe-calculator\\\/\",\"name\":\"Return on Equity (ROE) Calculator - Riman Agency\",\"isPartOf\":{\"@id\":\"https:\\\/\\\/rimanagency.com\\\/#website\"},\"datePublished\":\"2026-05-09T10:08:25+00:00\",\"breadcrumb\":{\"@id\":\"https:\\\/\\\/rimanagency.com\\\/return-on-equity-roe-calculator\\\/#breadcrumb\"},\"inLanguage\":\"fr-CA\",\"potentialAction\":[{\"@type\":\"ReadAction\",\"target\":[\"https:\\\/\\\/rimanagency.com\\\/return-on-equity-roe-calculator\\\/\"]}]},{\"@type\":\"BreadcrumbList\",\"@id\":\"https:\\\/\\\/rimanagency.com\\\/return-on-equity-roe-calculator\\\/#breadcrumb\",\"itemListElement\":[{\"@type\":\"ListItem\",\"position\":1,\"name\":\"Home\",\"item\":\"https:\\\/\\\/rimanagency.com\\\/home\\\/\"},{\"@type\":\"ListItem\",\"position\":2,\"name\":\"Return on Equity (ROE) Calculator\"}]},{\"@type\":\"WebSite\",\"@id\":\"https:\\\/\\\/rimanagency.com\\\/#website\",\"url\":\"https:\\\/\\\/rimanagency.com\\\/\",\"name\":\"Riman Agency\",\"description\":\"A Full Service Digital Marketing Agency\",\"publisher\":{\"@id\":\"https:\\\/\\\/rimanagency.com\\\/#organization\"},\"potentialAction\":[{\"@type\":\"SearchAction\",\"target\":{\"@type\":\"EntryPoint\",\"urlTemplate\":\"https:\\\/\\\/rimanagency.com\\\/?s={search_term_string}\"},\"query-input\":{\"@type\":\"PropertyValueSpecification\",\"valueRequired\":true,\"valueName\":\"search_term_string\"}}],\"inLanguage\":\"fr-CA\"},{\"@type\":\"Organization\",\"@id\":\"https:\\\/\\\/rimanagency.com\\\/#organization\",\"name\":\"Riman Agency\",\"url\":\"https:\\\/\\\/rimanagency.com\\\/\",\"logo\":{\"@type\":\"ImageObject\",\"inLanguage\":\"fr-CA\",\"@id\":\"https:\\\/\\\/rimanagency.com\\\/#\\\/schema\\\/logo\\\/image\\\/\",\"url\":\"https:\\\/\\\/rimanagency.com\\\/wp-content\\\/uploads\\\/2022\\\/02\\\/RIMANagency-all-logos-1-2.png\",\"contentUrl\":\"https:\\\/\\\/rimanagency.com\\\/wp-content\\\/uploads\\\/2022\\\/02\\\/RIMANagency-all-logos-1-2.png\",\"width\":694,\"height\":211,\"caption\":\"Riman Agency\"},\"image\":{\"@id\":\"https:\\\/\\\/rimanagency.com\\\/#\\\/schema\\\/logo\\\/image\\\/\"}}]}<\/script>\n<!-- \/ Yoast SEO plugin. -->","yoast_head_json":{"title":"Return on Equity (ROE) Calculator - Riman Agency","robots":{"index":"index","follow":"follow","max-snippet":"max-snippet:-1","max-image-preview":"max-image-preview:large","max-video-preview":"max-video-preview:-1"},"canonical":"https:\/\/rimanagency.com\/fr\/return-on-equity-roe-calculator\/","og_locale":"fr_CA","og_type":"article","og_title":"Return on Equity (ROE) Calculator - Riman Agency","og_description":"ROE Calculator Compute return on equity \u2014 the headline metric for evaluating how well a company turns shareholder capital into profit. Inputs Net income ($)Average shareholder equity ($)Calculate ROE \u2014 Run calculation ROE\u2014 Verdict\u2014 ROE is the most-watched profitability ratio Investors compare ROE across years and across competitors to evaluate management quality. 15%+ is a [&hellip;]","og_url":"https:\/\/rimanagency.com\/fr\/return-on-equity-roe-calculator\/","og_site_name":"Riman Agency","twitter_card":"summary_large_image","twitter_misc":{"Est. reading time":"1 minute"},"schema":{"@context":"https:\/\/schema.org","@graph":[{"@type":"WebPage","@id":"https:\/\/rimanagency.com\/return-on-equity-roe-calculator\/","url":"https:\/\/rimanagency.com\/return-on-equity-roe-calculator\/","name":"Return on Equity (ROE) Calculator - Riman Agency","isPartOf":{"@id":"https:\/\/rimanagency.com\/#website"},"datePublished":"2026-05-09T10:08:25+00:00","breadcrumb":{"@id":"https:\/\/rimanagency.com\/return-on-equity-roe-calculator\/#breadcrumb"},"inLanguage":"fr-CA","potentialAction":[{"@type":"ReadAction","target":["https:\/\/rimanagency.com\/return-on-equity-roe-calculator\/"]}]},{"@type":"BreadcrumbList","@id":"https:\/\/rimanagency.com\/return-on-equity-roe-calculator\/#breadcrumb","itemListElement":[{"@type":"ListItem","position":1,"name":"Home","item":"https:\/\/rimanagency.com\/home\/"},{"@type":"ListItem","position":2,"name":"Return on Equity (ROE) Calculator"}]},{"@type":"WebSite","@id":"https:\/\/rimanagency.com\/#website","url":"https:\/\/rimanagency.com\/","name":"Agence Riman","description":"Une agence de marketing num\u00e9rique \u00e0 service complet","publisher":{"@id":"https:\/\/rimanagency.com\/#organization"},"potentialAction":[{"@type":"SearchAction","target":{"@type":"EntryPoint","urlTemplate":"https:\/\/rimanagency.com\/?s={search_term_string}"},"query-input":{"@type":"PropertyValueSpecification","valueRequired":true,"valueName":"search_term_string"}}],"inLanguage":"fr-CA"},{"@type":"Organization","@id":"https:\/\/rimanagency.com\/#organization","name":"Agence Riman","url":"https:\/\/rimanagency.com\/","logo":{"@type":"ImageObject","inLanguage":"fr-CA","@id":"https:\/\/rimanagency.com\/#\/schema\/logo\/image\/","url":"https:\/\/rimanagency.com\/wp-content\/uploads\/2022\/02\/RIMANagency-all-logos-1-2.png","contentUrl":"https:\/\/rimanagency.com\/wp-content\/uploads\/2022\/02\/RIMANagency-all-logos-1-2.png","width":694,"height":211,"caption":"Riman Agency"},"image":{"@id":"https:\/\/rimanagency.com\/#\/schema\/logo\/image\/"}}]}},"_links":{"self":[{"href":"https:\/\/rimanagency.com\/fr\/wp-json\/wp\/v2\/pages\/4737","targetHints":{"allow":["GET"]}}],"collection":[{"href":"https:\/\/rimanagency.com\/fr\/wp-json\/wp\/v2\/pages"}],"about":[{"href":"https:\/\/rimanagency.com\/fr\/wp-json\/wp\/v2\/types\/page"}],"author":[{"embeddable":true,"href":"https:\/\/rimanagency.com\/fr\/wp-json\/wp\/v2\/users\/4"}],"replies":[{"embeddable":true,"href":"https:\/\/rimanagency.com\/fr\/wp-json\/wp\/v2\/comments?post=4737"}],"version-history":[{"count":0,"href":"https:\/\/rimanagency.com\/fr\/wp-json\/wp\/v2\/pages\/4737\/revisions"}],"wp:attachment":[{"href":"https:\/\/rimanagency.com\/fr\/wp-json\/wp\/v2\/media?parent=4737"}],"curies":[{"name":"wp","href":"https:\/\/api.w.org\/{rel}","templated":true}]}}