{"id":4732,"date":"2026-05-09T10:08:21","date_gmt":"2026-05-09T10:08:21","guid":{"rendered":"https:\/\/rimanagency.com\/event-schema-quick-generator\/"},"modified":"2026-05-09T10:08:21","modified_gmt":"2026-05-09T10:08:21","slug":"event-schema-quick-generator","status":"publish","type":"page","link":"https:\/\/rimanagency.com\/fr\/event-schema-quick-generator\/","title":{"rendered":"G\u00e9n\u00e9rateur rapide de sch\u00e9mas d&#039;\u00e9v\u00e9nements"},"content":{"rendered":"<style>.rt-h{background:linear-gradient(135deg,#f1f5e8,#e8efdb);border-radius:14px;padding:32px;margin:0 0 24px;text-align:center}.rt-h h1{margin:0 0 10px;font-size:28px;color:#4a6320}.rt-g{display:grid;grid-template-columns:1fr 1fr;gap:18px;margin:0 0 24px}.rt-f,.rt-o{background:#fff;border:1px solid #e0e6d8;border-radius:10px;padding:22px}.rt-f h3,.rt-o h3{margin:0 0 14px;color:#4a6320;font-size:18px}.rt-f label{display:block;font-size:13px;color:#516048;font-weight:600;margin:10px 0 6px}.rt-f input,.rt-f select,.rt-f textarea{width:100%;padding:9px;border:1px solid #d4dac6;border-radius:6px;font-size:14px;box-sizing:border-box;font-family:inherit}.rt-btn{background:#719430;color:#fff;border:none;padding:11px 20px;border-radius:6px;font-weight:700;cursor:pointer;width:100%;margin-top:14px;font-size:15px}.rt-btn:hover{background:#4a6320}.rt-o-big{font-size:38px;font-weight:800;color:#719430;text-align:center;margin:6px 0}.rt-o-row{display:flex;justify-content:space-between;padding:9px 0;border-bottom:1px solid #f0f3e8;font-size:14px}.rt-o-row:last-child{border:none}.rt-o-row b{color:#4a6320}.rt-cta{background:linear-gradient(135deg,#719430,#4a6320);color:#fff;border-radius:14px;padding:32px;text-align:center;margin:30px 0}.rt-cta a{background:#fff;color:#4a6320;padding:12px 28px;border-radius:6px;font-weight:700;text-decoration:none;display:inline-block;margin-top:14px}.rt-code{background:#1e1e1e;color:#a3c163;padding:14px;border-radius:8px;font-family:Consolas,monospace;font-size:12px;white-space:pre-wrap;word-break:break-all;max-height:300px;overflow:auto}@media(max-width:768px){.rt-g{grid-template-columns:1fr}}<\/style>\n<div class=\"rt-h\">\n<h1>G\u00e9n\u00e9rateur rapide de sch\u00e9mas d&#039;\u00e9v\u00e9nements<\/h1>\n<p>Un g\u00e9n\u00e9rateur JSON-LD d&#039;\u00e9v\u00e9nements plus simple, ax\u00e9 sur les \u00e9l\u00e9ments essentiels que sont la date et le lieu.<\/p>\n<\/div>\n<div class=\"rt-g\">\n<div class=\"rt-f\">\n<h3>Entr\u00e9es d&#039;\u00e9v\u00e9nements<\/h3>\n<p><label>Nom de l&#039;\u00e9v\u00e9nement<\/label><input type=\"text\" id=\"ev-name\"><label>D\u00e9marrer (ISO)<\/label><input type=\"text\" id=\"ev-start\" placeholder=\"2026-06-15T18:00\"><label>Fin (ISO)<\/label><input type=\"text\" id=\"ev-end\" placeholder=\"2026-06-15T21:00\"><label>Nom du lieu<\/label><input type=\"text\" id=\"ev-venue\"><label>Ville<\/label><input type=\"text\" id=\"ev-city\"><label>Mode de pr\u00e9sence<\/label><select id=\"ev-mode\"><option value=\"OfflineEventAttendanceMode\">En personne<\/option><option value=\"OnlineEventAttendanceMode\">En ligne<\/option><option value=\"MixedEventAttendanceMode\">Hybride<\/option><\/select><label>URL de l&#039;\u00e9v\u00e9nement<\/label><input type=\"text\" id=\"ev-url\"><label>Prix<\/label><input type=\"number\" id=\"ev-price\" value=\"0\" step=\"0.01\"><button class=\"rt-btn\" onclick=\"calcEv()\">G\u00e9n\u00e9rer<\/button><\/div>\n<div class=\"rt-o\">\n<h3>JSON-LD<\/h3>\n<div id=\"ev-out\" class=\"rt-code\">Cliquez sur g\u00e9n\u00e9rer\u2026<\/div>\n<p><button class=\"rt-btn\" style=\"background:#516048;margin-top:10px\" onclick=\"copyEv()\">Copie<\/button><\/div>\n<\/div>\n<p><script>function calcEv(){var get=function(id){return document.getElementById(id).value};var schema={\"@context\":\"https:\/\/schema.org\",\"@type\":\"Event\",name:get(\"ev-name\"),startDate:get(\"ev-start\"),endDate:get(\"ev-end\"),location:{\"@type\":\"Place\",name:get(\"ev-venue\"),address:get(\"ev-city\")},eventAttendanceMode:\"https:\/\/schema.org\/\"+get(\"ev-mode\"),url:get(\"ev-url\"),offers:{\"@type\":\"Offer\",price:get(\"ev-price\"),priceCurrency:\"USD\",availability:\"https:\/\/schema.org\/InStock\"}};document.getElementById(\"ev-out\").textContent=JSON.stringify(schema,null,2);function copyEv(){navigator.clipboard.writeText(document.getElementById(\"ev-out\").textContent);event.target.textContent=\"\u2713 Copied\";setTimeout(function(){event.target.textContent=\"Copy\"},1500)}}<\/script><\/p>\n<h2>Le sch\u00e9ma d&#039;\u00e9v\u00e9nement d\u00e9bloque les listes d&#039;\u00e9v\u00e9nements de Google<\/h2>\n<p>Les \u00e9v\u00e9nements correctement balis\u00e9s apparaissent dans les encadr\u00e9s d&#039;\u00e9v\u00e9nements de la recherche Google, le carrousel des r\u00e9sultats de recherche et les r\u00e9sum\u00e9s de recherche bas\u00e9s sur l&#039;IA. Les champs minimums requis sont le nom, la date de d\u00e9but et un objet de lieu\u00a0; toutefois, l&#039;ajout d&#039;offres et du mode de pr\u00e9sence am\u00e9liore consid\u00e9rablement l&#039;\u00e9ligibilit\u00e9 aux r\u00e9sultats enrichis.<\/p>\n<h2>Foire aux questions<\/h2>\n<p><strong>\u00c9v\u00e9nements hybrides ?<\/strong><br \/>Utilisez eventAttendanceMode \u201d MixedEventAttendanceMode \u201d et fournissez \u00e0 la fois un emplacement physique et un objet virtualLocation.<\/p>\n<div class=\"rt-cta\">\n<h3 style=\"margin:0 0 6px\">Besoin d&#039;un marketing \u00e9v\u00e9nementiel qui r\u00e9serve des places et g\u00e9n\u00e8re des prospects ?<\/h3>\n<p style=\"margin:0;opacity:.95\">L&#039;agence Riman g\u00e8re des programmes de marketing \u00e9v\u00e9nementiel.<\/p>\n<p><a href=\"\/fr\/contact\/\">Planifiez mon \u00e9v\u00e9nement<\/a><\/div>","protected":false},"excerpt":{"rendered":"<p>Event Schema Quick Generator A simpler Event JSON-LD generator focused on date + venue essentials. Event Inputs Event nameStart (ISO)End (ISO)Venue nameCityAttendance modeIn-personOnlineHybridEvent URLPriceGenerate JSON-LD Click generate\u2026 Copy Event schema unlocks Google\\u2019s event listings Properly marked-up events appear in Google search event boxes, the Search results carousel, and AI search summaries. The minimum required fields [&hellip;]<\/p>\n","protected":false},"author":4,"featured_media":0,"parent":0,"menu_order":0,"comment_status":"closed","ping_status":"closed","template":"","meta":{"footnotes":""},"class_list":["post-4732","page","type-page","status-publish","hentry"],"yoast_head":"<!-- This site is optimized with the Yoast SEO plugin v27.5 - https:\/\/yoast.com\/product\/yoast-seo-wordpress\/ -->\n<title>Event Schema Quick Generator - Riman Agency<\/title>\n<meta name=\"robots\" content=\"index, follow, max-snippet:-1, max-image-preview:large, max-video-preview:-1\" \/>\n<link rel=\"canonical\" href=\"https:\/\/rimanagency.com\/fr\/event-schema-quick-generator\/\" \/>\n<meta property=\"og:locale\" content=\"fr_CA\" \/>\n<meta property=\"og:type\" content=\"article\" \/>\n<meta property=\"og:title\" content=\"Event Schema Quick Generator - Riman Agency\" \/>\n<meta property=\"og:description\" content=\"Event Schema Quick Generator A simpler Event JSON-LD generator focused on date + venue essentials. Event Inputs Event nameStart (ISO)End (ISO)Venue nameCityAttendance modeIn-personOnlineHybridEvent URLPriceGenerate JSON-LD Click generate\u2026 Copy Event schema unlocks Googleu2019s event listings Properly marked-up events appear in Google search event boxes, the Search results carousel, and AI search summaries. The minimum required fields [&hellip;]\" \/>\n<meta property=\"og:url\" content=\"https:\/\/rimanagency.com\/fr\/event-schema-quick-generator\/\" \/>\n<meta property=\"og:site_name\" content=\"Riman Agency\" \/>\n<meta name=\"twitter:card\" content=\"summary_large_image\" \/>\n<meta name=\"twitter:label1\" content=\"Est. reading time\" \/>\n\t<meta name=\"twitter:data1\" content=\"1 minute\" \/>\n<script type=\"application\/ld+json\" class=\"yoast-schema-graph\">{\"@context\":\"https:\\\/\\\/schema.org\",\"@graph\":[{\"@type\":\"WebPage\",\"@id\":\"https:\\\/\\\/rimanagency.com\\\/event-schema-quick-generator\\\/\",\"url\":\"https:\\\/\\\/rimanagency.com\\\/event-schema-quick-generator\\\/\",\"name\":\"Event Schema Quick Generator - Riman Agency\",\"isPartOf\":{\"@id\":\"https:\\\/\\\/rimanagency.com\\\/#website\"},\"datePublished\":\"2026-05-09T10:08:21+00:00\",\"breadcrumb\":{\"@id\":\"https:\\\/\\\/rimanagency.com\\\/event-schema-quick-generator\\\/#breadcrumb\"},\"inLanguage\":\"fr-CA\",\"potentialAction\":[{\"@type\":\"ReadAction\",\"target\":[\"https:\\\/\\\/rimanagency.com\\\/event-schema-quick-generator\\\/\"]}]},{\"@type\":\"BreadcrumbList\",\"@id\":\"https:\\\/\\\/rimanagency.com\\\/event-schema-quick-generator\\\/#breadcrumb\",\"itemListElement\":[{\"@type\":\"ListItem\",\"position\":1,\"name\":\"Home\",\"item\":\"https:\\\/\\\/rimanagency.com\\\/home\\\/\"},{\"@type\":\"ListItem\",\"position\":2,\"name\":\"Event Schema Quick Generator\"}]},{\"@type\":\"WebSite\",\"@id\":\"https:\\\/\\\/rimanagency.com\\\/#website\",\"url\":\"https:\\\/\\\/rimanagency.com\\\/\",\"name\":\"Riman Agency\",\"description\":\"A Full Service Digital Marketing Agency\",\"publisher\":{\"@id\":\"https:\\\/\\\/rimanagency.com\\\/#organization\"},\"potentialAction\":[{\"@type\":\"SearchAction\",\"target\":{\"@type\":\"EntryPoint\",\"urlTemplate\":\"https:\\\/\\\/rimanagency.com\\\/?s={search_term_string}\"},\"query-input\":{\"@type\":\"PropertyValueSpecification\",\"valueRequired\":true,\"valueName\":\"search_term_string\"}}],\"inLanguage\":\"fr-CA\"},{\"@type\":\"Organization\",\"@id\":\"https:\\\/\\\/rimanagency.com\\\/#organization\",\"name\":\"Riman Agency\",\"url\":\"https:\\\/\\\/rimanagency.com\\\/\",\"logo\":{\"@type\":\"ImageObject\",\"inLanguage\":\"fr-CA\",\"@id\":\"https:\\\/\\\/rimanagency.com\\\/#\\\/schema\\\/logo\\\/image\\\/\",\"url\":\"https:\\\/\\\/rimanagency.com\\\/wp-content\\\/uploads\\\/2022\\\/02\\\/RIMANagency-all-logos-1-2.png\",\"contentUrl\":\"https:\\\/\\\/rimanagency.com\\\/wp-content\\\/uploads\\\/2022\\\/02\\\/RIMANagency-all-logos-1-2.png\",\"width\":694,\"height\":211,\"caption\":\"Riman Agency\"},\"image\":{\"@id\":\"https:\\\/\\\/rimanagency.com\\\/#\\\/schema\\\/logo\\\/image\\\/\"}}]}<\/script>\n<!-- \/ Yoast SEO plugin. -->","yoast_head_json":{"title":"Event Schema Quick Generator - Riman Agency","robots":{"index":"index","follow":"follow","max-snippet":"max-snippet:-1","max-image-preview":"max-image-preview:large","max-video-preview":"max-video-preview:-1"},"canonical":"https:\/\/rimanagency.com\/fr\/event-schema-quick-generator\/","og_locale":"fr_CA","og_type":"article","og_title":"Event Schema Quick Generator - Riman Agency","og_description":"Event Schema Quick Generator A simpler Event JSON-LD generator focused on date + venue essentials. Event Inputs Event nameStart (ISO)End (ISO)Venue nameCityAttendance modeIn-personOnlineHybridEvent URLPriceGenerate JSON-LD Click generate\u2026 Copy Event schema unlocks Googleu2019s event listings Properly marked-up events appear in Google search event boxes, the Search results carousel, and AI search summaries. The minimum required fields [&hellip;]","og_url":"https:\/\/rimanagency.com\/fr\/event-schema-quick-generator\/","og_site_name":"Riman Agency","twitter_card":"summary_large_image","twitter_misc":{"Est. reading time":"1 minute"},"schema":{"@context":"https:\/\/schema.org","@graph":[{"@type":"WebPage","@id":"https:\/\/rimanagency.com\/event-schema-quick-generator\/","url":"https:\/\/rimanagency.com\/event-schema-quick-generator\/","name":"Event Schema Quick Generator - Riman Agency","isPartOf":{"@id":"https:\/\/rimanagency.com\/#website"},"datePublished":"2026-05-09T10:08:21+00:00","breadcrumb":{"@id":"https:\/\/rimanagency.com\/event-schema-quick-generator\/#breadcrumb"},"inLanguage":"fr-CA","potentialAction":[{"@type":"ReadAction","target":["https:\/\/rimanagency.com\/event-schema-quick-generator\/"]}]},{"@type":"BreadcrumbList","@id":"https:\/\/rimanagency.com\/event-schema-quick-generator\/#breadcrumb","itemListElement":[{"@type":"ListItem","position":1,"name":"Home","item":"https:\/\/rimanagency.com\/home\/"},{"@type":"ListItem","position":2,"name":"Event Schema Quick Generator"}]},{"@type":"WebSite","@id":"https:\/\/rimanagency.com\/#website","url":"https:\/\/rimanagency.com\/","name":"Agence Riman","description":"Une agence de marketing num\u00e9rique \u00e0 service complet","publisher":{"@id":"https:\/\/rimanagency.com\/#organization"},"potentialAction":[{"@type":"SearchAction","target":{"@type":"EntryPoint","urlTemplate":"https:\/\/rimanagency.com\/?s={search_term_string}"},"query-input":{"@type":"PropertyValueSpecification","valueRequired":true,"valueName":"search_term_string"}}],"inLanguage":"fr-CA"},{"@type":"Organization","@id":"https:\/\/rimanagency.com\/#organization","name":"Agence Riman","url":"https:\/\/rimanagency.com\/","logo":{"@type":"ImageObject","inLanguage":"fr-CA","@id":"https:\/\/rimanagency.com\/#\/schema\/logo\/image\/","url":"https:\/\/rimanagency.com\/wp-content\/uploads\/2022\/02\/RIMANagency-all-logos-1-2.png","contentUrl":"https:\/\/rimanagency.com\/wp-content\/uploads\/2022\/02\/RIMANagency-all-logos-1-2.png","width":694,"height":211,"caption":"Riman Agency"},"image":{"@id":"https:\/\/rimanagency.com\/#\/schema\/logo\/image\/"}}]}},"_links":{"self":[{"href":"https:\/\/rimanagency.com\/fr\/wp-json\/wp\/v2\/pages\/4732","targetHints":{"allow":["GET"]}}],"collection":[{"href":"https:\/\/rimanagency.com\/fr\/wp-json\/wp\/v2\/pages"}],"about":[{"href":"https:\/\/rimanagency.com\/fr\/wp-json\/wp\/v2\/types\/page"}],"author":[{"embeddable":true,"href":"https:\/\/rimanagency.com\/fr\/wp-json\/wp\/v2\/users\/4"}],"replies":[{"embeddable":true,"href":"https:\/\/rimanagency.com\/fr\/wp-json\/wp\/v2\/comments?post=4732"}],"version-history":[{"count":0,"href":"https:\/\/rimanagency.com\/fr\/wp-json\/wp\/v2\/pages\/4732\/revisions"}],"wp:attachment":[{"href":"https:\/\/rimanagency.com\/fr\/wp-json\/wp\/v2\/media?parent=4732"}],"curies":[{"name":"wp","href":"https:\/\/api.w.org\/{rel}","templated":true}]}}