{"id":4726,"date":"2026-05-09T10:06:25","date_gmt":"2026-05-09T10:06:25","guid":{"rendered":"https:\/\/rimanagency.com\/pinterest-description-length-tester\/"},"modified":"2026-05-09T10:06:25","modified_gmt":"2026-05-09T10:06:25","slug":"pinterest-description-length-tester","status":"publish","type":"page","link":"https:\/\/rimanagency.com\/fr\/pinterest-description-length-tester\/","title":{"rendered":"Testeur de longueur de description Pinterest"},"content":{"rendered":"<style>.rt-h{background:linear-gradient(135deg,#f1f5e8,#e8efdb);border-radius:14px;padding:32px;margin:0 0 24px;text-align:center}.rt-h h1{margin:0 0 10px;font-size:28px;color:#4a6320}.rt-g{display:grid;grid-template-columns:1fr 1fr;gap:18px;margin:0 0 24px}.rt-f,.rt-o{background:#fff;border:1px solid #e0e6d8;border-radius:10px;padding:22px}.rt-f h3,.rt-o h3{margin:0 0 14px;color:#4a6320;font-size:18px}.rt-f label{display:block;font-size:13px;color:#516048;font-weight:600;margin:10px 0 6px}.rt-f input,.rt-f select,.rt-f textarea{width:100%;padding:9px;border:1px solid #d4dac6;border-radius:6px;font-size:14px;box-sizing:border-box;font-family:inherit}.rt-btn{background:#719430;color:#fff;border:none;padding:11px 20px;border-radius:6px;font-weight:700;cursor:pointer;width:100%;margin-top:14px;font-size:15px}.rt-btn:hover{background:#4a6320}.rt-o-big{font-size:38px;font-weight:800;color:#719430;text-align:center;margin:6px 0}.rt-o-row{display:flex;justify-content:space-between;padding:9px 0;border-bottom:1px solid #f0f3e8;font-size:14px}.rt-o-row:last-child{border:none}.rt-o-row b{color:#4a6320}.rt-cta{background:linear-gradient(135deg,#719430,#4a6320);color:#fff;border-radius:14px;padding:32px;text-align:center;margin:30px 0}.rt-cta a{background:#fff;color:#4a6320;padding:12px 28px;border-radius:6px;font-weight:700;text-decoration:none;display:inline-block;margin-top:14px}.rt-code{background:#1e1e1e;color:#a3c163;padding:14px;border-radius:8px;font-family:Consolas,monospace;font-size:12px;white-space:pre-wrap;word-break:break-all;max-height:300px;overflow:auto}@media(max-width:768px){.rt-g{grid-template-columns:1fr}}<\/style>\n<div class=\"rt-h\">\n<h1>Testeur de description Pinterest<\/h1>\n<p>Validez les descriptions des \u00e9pingles Pinterest\u00a0: limites de caract\u00e8res, densit\u00e9 des mots-cl\u00e9s et bonnes pratiques de r\u00e9f\u00e9rencement (SEO) pour optimiser la visibilit\u00e9 dans les r\u00e9sultats de recherche Pinterest.<\/p>\n<\/div>\n<div class=\"rt-g\">\n<div class=\"rt-f\">\n<h3>Description<\/h3>\n<p><label>Description de l&#039;\u00e9pingle<\/label><textarea id=\"pin-desc\" rows=\"5\" placeholder=\"Votre description ici \u2014 utilisez des mots-cl\u00e9s de mani\u00e8re naturelle et incluez un appel \u00e0 l&#039;action\"><\/textarea><button class=\"rt-btn\" onclick=\"calcPin()\">Analyser<\/button><\/div>\n<div class=\"rt-o\">\n<h3>Analyse des broches<\/h3>\n<div class=\"rt-o-big\" id=\"pin-big\">\u2014<\/div>\n<p style=\"text-align:center;color:#516048;font-size:13px;margin:0 0 18px\" id=\"pin-v\">Coller la description<\/p>\n<div class=\"rt-o-row\"><span>Personnages<\/span><b id=\"pin-c\">\u2014<\/b><\/div>\n<div class=\"rt-o-row\"><span>Mots<\/span><b id=\"pin-w\">\u2014<\/b><\/div>\n<div class=\"rt-o-row\"><span>Hashtags<\/span><b id=\"pin-h\">\u2014<\/b><\/div>\n<div class=\"rt-o-row\"><span>Verdict<\/span><b id=\"pin-vd\">\u2014<\/b><\/div>\n<\/div>\n<\/div>\n<p><script>function calcPin(){function update(){var t=document.getElementById(\"pin-desc\").value;var c=t.length;var w=(t.match(\/\\S+\/g)||[]).length;var h=(t.match(\/#\\w+\/g)||[]).length;var v=c>500?\"Over Pinterest limit\":c>=200&&c<=500?\"Sweet spot\":c>=100?\"Acceptable\":\"Too short \u2014 add detail\";document.getElementById(\"pin-big\").textContent=c+\" \/ 500\";document.getElementById(\"pin-v\").textContent=v;document.getElementById(\"pin-c\").textContent=c;document.getElementById(\"pin-w\").textContent=w;document.getElementById(\"pin-h\").textContent=h+\" (Pinterest no longer recommends hashtags)\";document.getElementById(\"pin-vd\").textContent=v}update();document.getElementById(\"pin-desc\").addEventListener(\"input\",update);}<\/script><\/p>\n<h2>Pinterest est un moteur de recherche, pas un r\u00e9seau social<\/h2>\n<p>Les descriptions des \u00e9pingles servent au r\u00e9f\u00e9rencement naturel. Pinterest indexe les descriptions pour la recherche interne et privil\u00e9gie les descriptions riches en mots-cl\u00e9s et r\u00e9dig\u00e9es en langage naturel. Un exc\u00e8s de mots-cl\u00e9s est p\u00e9nalis\u00e9 par l&#039;algorithme\u00a0; l&#039;absence de mots-cl\u00e9s emp\u00eache l&#039;\u00e9pingle d&#039;\u00eatre d\u00e9couverte.<\/p>\n<h2>Foire aux questions<\/h2>\n<p><strong>Les hashtags sont-ils utiles ?<\/strong><br \/>Pinterest a officiellement abandonn\u00e9 l&#039;utilisation des hashtags comme crit\u00e8re de classement. Les mots cl\u00e9s int\u00e9gr\u00e9s au texte sont d\u00e9sormais plus efficaces que le bourrage de hashtags.<\/p>\n<div class=\"rt-cta\">\n<h3 style=\"margin:0 0 6px\">Vous souhaitez un programme de croissance Pinterest con\u00e7u pour le r\u00e9f\u00e9rencement naturel et payant\u00a0?<\/h3>\n<p style=\"margin:0;opacity:.95\">L&#039;agence Riman g\u00e8re le contenu Pinterest et les programmes payants.<\/p>\n<p><a href=\"\/fr\/contact\/\">Contactez notre \u00e9quipe<\/a><\/div>","protected":false},"excerpt":{"rendered":"<p>Pinterest Description Tester Validate Pinterest pin descriptions \u2014 character limits, keyword density, and SEO best practices that drive Pinterest search visibility. Description Pin descriptionAnalyze Pin Analysis \u2014 Paste description Characters\u2014 Words\u2014 Hashtags\u2014 Verdict\u2014 Pinterest is a search engine, not a social network Pin descriptions function as SEO copy. Pinterest indexes descriptions for in-platform search and [&hellip;]<\/p>\n","protected":false},"author":4,"featured_media":0,"parent":0,"menu_order":0,"comment_status":"closed","ping_status":"closed","template":"","meta":{"footnotes":""},"class_list":["post-4726","page","type-page","status-publish","hentry"],"yoast_head":"<!-- This site is optimized with the Yoast SEO plugin v27.5 - https:\/\/yoast.com\/product\/yoast-seo-wordpress\/ -->\n<title>Pinterest Description Length Tester - Riman Agency<\/title>\n<meta name=\"robots\" content=\"index, follow, max-snippet:-1, max-image-preview:large, max-video-preview:-1\" \/>\n<link rel=\"canonical\" href=\"https:\/\/rimanagency.com\/fr\/pinterest-description-length-tester\/\" \/>\n<meta property=\"og:locale\" content=\"fr_CA\" \/>\n<meta property=\"og:type\" content=\"article\" \/>\n<meta property=\"og:title\" content=\"Pinterest Description Length Tester - Riman Agency\" \/>\n<meta property=\"og:description\" content=\"Pinterest Description Tester Validate Pinterest pin descriptions \u2014 character limits, keyword density, and SEO best practices that drive Pinterest search visibility. Description Pin descriptionAnalyze Pin Analysis \u2014 Paste description Characters\u2014 Words\u2014 Hashtags\u2014 Verdict\u2014 Pinterest is a search engine, not a social network Pin descriptions function as SEO copy. Pinterest indexes descriptions for in-platform search and [&hellip;]\" \/>\n<meta property=\"og:url\" content=\"https:\/\/rimanagency.com\/fr\/pinterest-description-length-tester\/\" \/>\n<meta property=\"og:site_name\" content=\"Riman Agency\" \/>\n<meta name=\"twitter:card\" content=\"summary_large_image\" \/>\n<meta name=\"twitter:label1\" content=\"Est. reading time\" \/>\n\t<meta name=\"twitter:data1\" content=\"1 minute\" \/>\n<script type=\"application\/ld+json\" class=\"yoast-schema-graph\">{\"@context\":\"https:\\\/\\\/schema.org\",\"@graph\":[{\"@type\":\"WebPage\",\"@id\":\"https:\\\/\\\/rimanagency.com\\\/pinterest-description-length-tester\\\/\",\"url\":\"https:\\\/\\\/rimanagency.com\\\/pinterest-description-length-tester\\\/\",\"name\":\"Pinterest Description Length Tester - Riman Agency\",\"isPartOf\":{\"@id\":\"https:\\\/\\\/rimanagency.com\\\/#website\"},\"datePublished\":\"2026-05-09T10:06:25+00:00\",\"breadcrumb\":{\"@id\":\"https:\\\/\\\/rimanagency.com\\\/pinterest-description-length-tester\\\/#breadcrumb\"},\"inLanguage\":\"fr-CA\",\"potentialAction\":[{\"@type\":\"ReadAction\",\"target\":[\"https:\\\/\\\/rimanagency.com\\\/pinterest-description-length-tester\\\/\"]}]},{\"@type\":\"BreadcrumbList\",\"@id\":\"https:\\\/\\\/rimanagency.com\\\/pinterest-description-length-tester\\\/#breadcrumb\",\"itemListElement\":[{\"@type\":\"ListItem\",\"position\":1,\"name\":\"Home\",\"item\":\"https:\\\/\\\/rimanagency.com\\\/home\\\/\"},{\"@type\":\"ListItem\",\"position\":2,\"name\":\"Pinterest Description Length Tester\"}]},{\"@type\":\"WebSite\",\"@id\":\"https:\\\/\\\/rimanagency.com\\\/#website\",\"url\":\"https:\\\/\\\/rimanagency.com\\\/\",\"name\":\"Riman Agency\",\"description\":\"A Full Service Digital Marketing Agency\",\"publisher\":{\"@id\":\"https:\\\/\\\/rimanagency.com\\\/#organization\"},\"potentialAction\":[{\"@type\":\"SearchAction\",\"target\":{\"@type\":\"EntryPoint\",\"urlTemplate\":\"https:\\\/\\\/rimanagency.com\\\/?s={search_term_string}\"},\"query-input\":{\"@type\":\"PropertyValueSpecification\",\"valueRequired\":true,\"valueName\":\"search_term_string\"}}],\"inLanguage\":\"fr-CA\"},{\"@type\":\"Organization\",\"@id\":\"https:\\\/\\\/rimanagency.com\\\/#organization\",\"name\":\"Riman Agency\",\"url\":\"https:\\\/\\\/rimanagency.com\\\/\",\"logo\":{\"@type\":\"ImageObject\",\"inLanguage\":\"fr-CA\",\"@id\":\"https:\\\/\\\/rimanagency.com\\\/#\\\/schema\\\/logo\\\/image\\\/\",\"url\":\"https:\\\/\\\/rimanagency.com\\\/wp-content\\\/uploads\\\/2022\\\/02\\\/RIMANagency-all-logos-1-2.png\",\"contentUrl\":\"https:\\\/\\\/rimanagency.com\\\/wp-content\\\/uploads\\\/2022\\\/02\\\/RIMANagency-all-logos-1-2.png\",\"width\":694,\"height\":211,\"caption\":\"Riman Agency\"},\"image\":{\"@id\":\"https:\\\/\\\/rimanagency.com\\\/#\\\/schema\\\/logo\\\/image\\\/\"}}]}<\/script>\n<!-- \/ Yoast SEO plugin. -->","yoast_head_json":{"title":"Pinterest Description Length Tester - Riman Agency","robots":{"index":"index","follow":"follow","max-snippet":"max-snippet:-1","max-image-preview":"max-image-preview:large","max-video-preview":"max-video-preview:-1"},"canonical":"https:\/\/rimanagency.com\/fr\/pinterest-description-length-tester\/","og_locale":"fr_CA","og_type":"article","og_title":"Pinterest Description Length Tester - Riman Agency","og_description":"Pinterest Description Tester Validate Pinterest pin descriptions \u2014 character limits, keyword density, and SEO best practices that drive Pinterest search visibility. Description Pin descriptionAnalyze Pin Analysis \u2014 Paste description Characters\u2014 Words\u2014 Hashtags\u2014 Verdict\u2014 Pinterest is a search engine, not a social network Pin descriptions function as SEO copy. Pinterest indexes descriptions for in-platform search and [&hellip;]","og_url":"https:\/\/rimanagency.com\/fr\/pinterest-description-length-tester\/","og_site_name":"Riman Agency","twitter_card":"summary_large_image","twitter_misc":{"Est. reading time":"1 minute"},"schema":{"@context":"https:\/\/schema.org","@graph":[{"@type":"WebPage","@id":"https:\/\/rimanagency.com\/pinterest-description-length-tester\/","url":"https:\/\/rimanagency.com\/pinterest-description-length-tester\/","name":"Pinterest Description Length Tester - Riman Agency","isPartOf":{"@id":"https:\/\/rimanagency.com\/#website"},"datePublished":"2026-05-09T10:06:25+00:00","breadcrumb":{"@id":"https:\/\/rimanagency.com\/pinterest-description-length-tester\/#breadcrumb"},"inLanguage":"fr-CA","potentialAction":[{"@type":"ReadAction","target":["https:\/\/rimanagency.com\/pinterest-description-length-tester\/"]}]},{"@type":"BreadcrumbList","@id":"https:\/\/rimanagency.com\/pinterest-description-length-tester\/#breadcrumb","itemListElement":[{"@type":"ListItem","position":1,"name":"Home","item":"https:\/\/rimanagency.com\/home\/"},{"@type":"ListItem","position":2,"name":"Pinterest Description Length Tester"}]},{"@type":"WebSite","@id":"https:\/\/rimanagency.com\/#website","url":"https:\/\/rimanagency.com\/","name":"Agence Riman","description":"Une agence de marketing num\u00e9rique \u00e0 service complet","publisher":{"@id":"https:\/\/rimanagency.com\/#organization"},"potentialAction":[{"@type":"SearchAction","target":{"@type":"EntryPoint","urlTemplate":"https:\/\/rimanagency.com\/?s={search_term_string}"},"query-input":{"@type":"PropertyValueSpecification","valueRequired":true,"valueName":"search_term_string"}}],"inLanguage":"fr-CA"},{"@type":"Organization","@id":"https:\/\/rimanagency.com\/#organization","name":"Agence Riman","url":"https:\/\/rimanagency.com\/","logo":{"@type":"ImageObject","inLanguage":"fr-CA","@id":"https:\/\/rimanagency.com\/#\/schema\/logo\/image\/","url":"https:\/\/rimanagency.com\/wp-content\/uploads\/2022\/02\/RIMANagency-all-logos-1-2.png","contentUrl":"https:\/\/rimanagency.com\/wp-content\/uploads\/2022\/02\/RIMANagency-all-logos-1-2.png","width":694,"height":211,"caption":"Riman Agency"},"image":{"@id":"https:\/\/rimanagency.com\/#\/schema\/logo\/image\/"}}]}},"_links":{"self":[{"href":"https:\/\/rimanagency.com\/fr\/wp-json\/wp\/v2\/pages\/4726","targetHints":{"allow":["GET"]}}],"collection":[{"href":"https:\/\/rimanagency.com\/fr\/wp-json\/wp\/v2\/pages"}],"about":[{"href":"https:\/\/rimanagency.com\/fr\/wp-json\/wp\/v2\/types\/page"}],"author":[{"embeddable":true,"href":"https:\/\/rimanagency.com\/fr\/wp-json\/wp\/v2\/users\/4"}],"replies":[{"embeddable":true,"href":"https:\/\/rimanagency.com\/fr\/wp-json\/wp\/v2\/comments?post=4726"}],"version-history":[{"count":0,"href":"https:\/\/rimanagency.com\/fr\/wp-json\/wp\/v2\/pages\/4726\/revisions"}],"wp:attachment":[{"href":"https:\/\/rimanagency.com\/fr\/wp-json\/wp\/v2\/media?parent=4726"}],"curies":[{"name":"wp","href":"https:\/\/api.w.org\/{rel}","templated":true}]}}