{"id":4709,"date":"2026-05-09T10:02:05","date_gmt":"2026-05-09T10:02:05","guid":{"rendered":"https:\/\/rimanagency.com\/meta-description-generator-serp-optimized-snippets\/"},"modified":"2026-05-09T10:02:05","modified_gmt":"2026-05-09T10:02:05","slug":"meta-description-generator-serp-optimized-snippets","status":"publish","type":"page","link":"https:\/\/rimanagency.com\/fr\/meta-description-generator-serp-optimized-snippets\/","title":{"rendered":"G\u00e9n\u00e9rateur de m\u00e9ta-descriptions \u2014 Extraits optimis\u00e9s pour les SERP"},"content":{"rendered":"<style>.rt-h{background:linear-gradient(135deg,#f1f5e8,#e8efdb);border-radius:14px;padding:32px;margin:0 0 24px;text-align:center}.rt-h h1{margin:0 0 10px;font-size:28px;color:#4a6320}.rt-g{display:grid;grid-template-columns:1fr 1fr;gap:18px;margin:0 0 24px}.rt-f,.rt-o{background:#fff;border:1px solid #e0e6d8;border-radius:10px;padding:22px}.rt-f h3,.rt-o h3{margin:0 0 14px;color:#4a6320;font-size:18px}.rt-f label{display:block;font-size:13px;color:#516048;font-weight:600;margin:10px 0 6px}.rt-f input,.rt-f select,.rt-f textarea{width:100%;padding:9px;border:1px solid #d4dac6;border-radius:6px;font-size:14px;box-sizing:border-box;font-family:inherit}.rt-btn{background:#719430;color:#fff;border:none;padding:11px 20px;border-radius:6px;font-weight:700;cursor:pointer;width:100%;margin-top:14px;font-size:15px}.rt-btn:hover{background:#4a6320}.rt-o-big{font-size:38px;font-weight:800;color:#719430;text-align:center;margin:6px 0}.rt-o-row{display:flex;justify-content:space-between;padding:9px 0;border-bottom:1px solid #f0f3e8;font-size:14px}.rt-o-row:last-child{border:none}.rt-o-row b{color:#4a6320}.rt-cta{background:linear-gradient(135deg,#719430,#4a6320);color:#fff;border-radius:14px;padding:32px;text-align:center;margin:30px 0}.rt-cta a{background:#fff;color:#4a6320;padding:12px 28px;border-radius:6px;font-weight:700;text-decoration:none;display:inline-block;margin-top:14px}.rt-code{background:#1e1e1e;color:#a3c163;padding:14px;border-radius:8px;font-family:Consolas,monospace;font-size:12px;white-space:pre-wrap;word-break:break-all;max-height:300px;overflow:auto}@media(max-width:768px){.rt-g{grid-template-columns:1fr}}<\/style>\n<div class=\"rt-h\">\n<h1>G\u00e9n\u00e9rateur de m\u00e9tadonn\u00e9es<\/h1>\n<p>Cr\u00e9ez des m\u00e9ta-descriptions optimis\u00e9es pour les SERP en quelques secondes. Le comptage des caract\u00e8res en temps r\u00e9el vous permet de respecter la limite de troncature de Google (155-160 caract\u00e8res).<\/p>\n<\/div>\n<div class=\"rt-g\">\n<div class=\"rt-f\">\n<h3>Entr\u00e9es de page<\/h3>\n<p><label>De quoi parle cette page ?<\/label><input type=\"text\" id=\"md-page\" placeholder=\"Calculatrices marketing gratuites\"><label>Avantage principal \/ proposition de valeur<\/label><input type=\"text\" id=\"md-benefit\" placeholder=\"Pr\u00e9voir le retour sur investissement en quelques secondes\"><label>Appel \u00e0 l&#039;action<\/label><input type=\"text\" id=\"md-cta\" placeholder=\"Essayez gratuitement d\u00e8s maintenant\"><button class=\"rt-btn\" onclick=\"calcMd()\">G\u00e9n\u00e9rer<\/button><\/div>\n<div class=\"rt-o\">\n<h3>M\u00e9ta g\u00e9n\u00e9r\u00e9e<\/h3>\n<div id=\"md-out\" style=\"background:#fafafa;border:1px solid #e0e6d8;padding:14px;border-radius:8px;font-size:14px;color:#333\">Cliquez sur g\u00e9n\u00e9rer\u2026<\/div>\n<div id=\"md-meta\" style=\"font-size:12px;color:#719430;margin-top:8px\"><\/div>\n<p><button class=\"rt-btn\" style=\"background:#516048;margin-top:10px\" onclick=\"copyMd()\">Copier dans le presse-papiers<\/button><\/div>\n<\/div>\n<p><script>function calcMd(){var p=document.getElementById(\"md-page\").value;var b=document.getElementById(\"md-benefit\").value;var c=document.getElementById(\"md-cta\").value;if(!p)return;var d=p+\" \u2014 \"+b+\". \"+c+\".\";if(d.length>160)d=d.substring(0,157)+\"\u2026\";document.getElementById(\"md-out\").textContent=d;document.getElementById(\"md-meta\").textContent=d.length+\"\/160 chars\";function copyMd(){var t=document.getElementById(\"md-out\").textContent;navigator.clipboard.writeText(t);event.target.textContent=\"\u2713 Copied\";setTimeout(function(){event.target.textContent=\"Copy to Clipboard\"},1500)}}<\/script><\/p>\n<h2>Pourquoi les m\u00e9ta-descriptions restent importantes<\/h2>\n<p>Google r\u00e9\u00e9crit les balises m\u00e9ta environ 70 % du temps, mais une balise m\u00e9ta percutante reste votre meilleur atout pour optimiser le taux de clics. Lorsque Google utilise la v\u00f4tre, elle est en concurrence directe avec les versions r\u00e9\u00e9crites\u00a0; votre version l&#039;emporte g\u00e9n\u00e9ralement en termes de clics.<\/p>\n<h2>Foire aux questions<\/h2>\n<p><strong>Dois-je inclure des mots-cl\u00e9s\u00a0?<\/strong><br \/>Oui, pas pour le classement (Google n&#039;utilise pas la m\u00e9ta-description comme signal de classement), mais pour l&#039;effet de mise en gras lorsqu&#039;elle est associ\u00e9e, ce qui augmente le taux de clics.<\/p>\n<div class=\"rt-cta\">\n<h3 style=\"margin:0 0 6px\">Vous souhaitez un audit complet d&#039;optimisation SEO + m\u00e9tadonn\u00e9es ?<\/h3>\n<p style=\"margin:0;opacity:.95\">L&#039;agence Riman propose des services de r\u00e9f\u00e9rencement technique et d&#039;audit de contenu.<\/p>\n<p><a href=\"\/fr\/contact\/\">Obtenez un audit SEO<\/a><\/div>","protected":false},"excerpt":{"rendered":"<p>Meta Description Generator Build SERP-optimized meta descriptions in seconds. Live character count keeps you within Google\\u2019s 155-160 character truncation limit. Page Inputs What is the page about?Primary benefit \/ value propCall-to-actionGenerate Generated Meta Click generate\u2026 Copy to Clipboard Why meta descriptions still matter Google rewrites meta descriptions roughly 70% of the time, but a strong [&hellip;]<\/p>\n","protected":false},"author":4,"featured_media":0,"parent":0,"menu_order":0,"comment_status":"closed","ping_status":"closed","template":"","meta":{"footnotes":""},"class_list":["post-4709","page","type-page","status-publish","hentry"],"yoast_head":"<!-- This site is optimized with the Yoast SEO plugin v27.5 - https:\/\/yoast.com\/product\/yoast-seo-wordpress\/ -->\n<title>Meta Description Generator \u2014 SERP-Optimized Snippets - Riman Agency<\/title>\n<meta name=\"robots\" content=\"index, follow, max-snippet:-1, max-image-preview:large, max-video-preview:-1\" \/>\n<link rel=\"canonical\" href=\"https:\/\/rimanagency.com\/fr\/meta-description-generator-serp-optimized-snippets\/\" \/>\n<meta property=\"og:locale\" content=\"fr_CA\" \/>\n<meta property=\"og:type\" content=\"article\" \/>\n<meta property=\"og:title\" content=\"Meta Description Generator \u2014 SERP-Optimized Snippets - Riman Agency\" \/>\n<meta property=\"og:description\" content=\"Meta Description Generator Build SERP-optimized meta descriptions in seconds. Live character count keeps you within Googleu2019s 155-160 character truncation limit. Page Inputs What is the page about?Primary benefit \/ value propCall-to-actionGenerate Generated Meta Click generate\u2026 Copy to Clipboard Why meta descriptions still matter Google rewrites meta descriptions roughly 70% of the time, but a strong [&hellip;]\" \/>\n<meta property=\"og:url\" content=\"https:\/\/rimanagency.com\/fr\/meta-description-generator-serp-optimized-snippets\/\" \/>\n<meta property=\"og:site_name\" content=\"Riman Agency\" \/>\n<meta name=\"twitter:card\" content=\"summary_large_image\" \/>\n<meta name=\"twitter:label1\" content=\"Est. reading time\" \/>\n\t<meta name=\"twitter:data1\" content=\"1 minute\" \/>\n<script type=\"application\/ld+json\" class=\"yoast-schema-graph\">{\"@context\":\"https:\\\/\\\/schema.org\",\"@graph\":[{\"@type\":\"WebPage\",\"@id\":\"https:\\\/\\\/rimanagency.com\\\/meta-description-generator-serp-optimized-snippets\\\/\",\"url\":\"https:\\\/\\\/rimanagency.com\\\/meta-description-generator-serp-optimized-snippets\\\/\",\"name\":\"Meta Description Generator \u2014 SERP-Optimized Snippets - Riman Agency\",\"isPartOf\":{\"@id\":\"https:\\\/\\\/rimanagency.com\\\/#website\"},\"datePublished\":\"2026-05-09T10:02:05+00:00\",\"breadcrumb\":{\"@id\":\"https:\\\/\\\/rimanagency.com\\\/meta-description-generator-serp-optimized-snippets\\\/#breadcrumb\"},\"inLanguage\":\"fr-CA\",\"potentialAction\":[{\"@type\":\"ReadAction\",\"target\":[\"https:\\\/\\\/rimanagency.com\\\/meta-description-generator-serp-optimized-snippets\\\/\"]}]},{\"@type\":\"BreadcrumbList\",\"@id\":\"https:\\\/\\\/rimanagency.com\\\/meta-description-generator-serp-optimized-snippets\\\/#breadcrumb\",\"itemListElement\":[{\"@type\":\"ListItem\",\"position\":1,\"name\":\"Home\",\"item\":\"https:\\\/\\\/rimanagency.com\\\/home\\\/\"},{\"@type\":\"ListItem\",\"position\":2,\"name\":\"Meta Description Generator \u2014 SERP-Optimized Snippets\"}]},{\"@type\":\"WebSite\",\"@id\":\"https:\\\/\\\/rimanagency.com\\\/#website\",\"url\":\"https:\\\/\\\/rimanagency.com\\\/\",\"name\":\"Riman Agency\",\"description\":\"A Full Service Digital Marketing Agency\",\"publisher\":{\"@id\":\"https:\\\/\\\/rimanagency.com\\\/#organization\"},\"potentialAction\":[{\"@type\":\"SearchAction\",\"target\":{\"@type\":\"EntryPoint\",\"urlTemplate\":\"https:\\\/\\\/rimanagency.com\\\/?s={search_term_string}\"},\"query-input\":{\"@type\":\"PropertyValueSpecification\",\"valueRequired\":true,\"valueName\":\"search_term_string\"}}],\"inLanguage\":\"fr-CA\"},{\"@type\":\"Organization\",\"@id\":\"https:\\\/\\\/rimanagency.com\\\/#organization\",\"name\":\"Riman Agency\",\"url\":\"https:\\\/\\\/rimanagency.com\\\/\",\"logo\":{\"@type\":\"ImageObject\",\"inLanguage\":\"fr-CA\",\"@id\":\"https:\\\/\\\/rimanagency.com\\\/#\\\/schema\\\/logo\\\/image\\\/\",\"url\":\"https:\\\/\\\/rimanagency.com\\\/wp-content\\\/uploads\\\/2022\\\/02\\\/RIMANagency-all-logos-1-2.png\",\"contentUrl\":\"https:\\\/\\\/rimanagency.com\\\/wp-content\\\/uploads\\\/2022\\\/02\\\/RIMANagency-all-logos-1-2.png\",\"width\":694,\"height\":211,\"caption\":\"Riman Agency\"},\"image\":{\"@id\":\"https:\\\/\\\/rimanagency.com\\\/#\\\/schema\\\/logo\\\/image\\\/\"}}]}<\/script>\n<!-- \/ Yoast SEO plugin. -->","yoast_head_json":{"title":"Meta Description Generator \u2014 SERP-Optimized Snippets - Riman Agency","robots":{"index":"index","follow":"follow","max-snippet":"max-snippet:-1","max-image-preview":"max-image-preview:large","max-video-preview":"max-video-preview:-1"},"canonical":"https:\/\/rimanagency.com\/fr\/meta-description-generator-serp-optimized-snippets\/","og_locale":"fr_CA","og_type":"article","og_title":"Meta Description Generator \u2014 SERP-Optimized Snippets - Riman Agency","og_description":"Meta Description Generator Build SERP-optimized meta descriptions in seconds. Live character count keeps you within Googleu2019s 155-160 character truncation limit. Page Inputs What is the page about?Primary benefit \/ value propCall-to-actionGenerate Generated Meta Click generate\u2026 Copy to Clipboard Why meta descriptions still matter Google rewrites meta descriptions roughly 70% of the time, but a strong [&hellip;]","og_url":"https:\/\/rimanagency.com\/fr\/meta-description-generator-serp-optimized-snippets\/","og_site_name":"Riman Agency","twitter_card":"summary_large_image","twitter_misc":{"Est. reading time":"1 minute"},"schema":{"@context":"https:\/\/schema.org","@graph":[{"@type":"WebPage","@id":"https:\/\/rimanagency.com\/meta-description-generator-serp-optimized-snippets\/","url":"https:\/\/rimanagency.com\/meta-description-generator-serp-optimized-snippets\/","name":"Meta Description Generator \u2014 SERP-Optimized Snippets - Riman Agency","isPartOf":{"@id":"https:\/\/rimanagency.com\/#website"},"datePublished":"2026-05-09T10:02:05+00:00","breadcrumb":{"@id":"https:\/\/rimanagency.com\/meta-description-generator-serp-optimized-snippets\/#breadcrumb"},"inLanguage":"fr-CA","potentialAction":[{"@type":"ReadAction","target":["https:\/\/rimanagency.com\/meta-description-generator-serp-optimized-snippets\/"]}]},{"@type":"BreadcrumbList","@id":"https:\/\/rimanagency.com\/meta-description-generator-serp-optimized-snippets\/#breadcrumb","itemListElement":[{"@type":"ListItem","position":1,"name":"Home","item":"https:\/\/rimanagency.com\/home\/"},{"@type":"ListItem","position":2,"name":"Meta Description Generator \u2014 SERP-Optimized Snippets"}]},{"@type":"WebSite","@id":"https:\/\/rimanagency.com\/#website","url":"https:\/\/rimanagency.com\/","name":"Agence Riman","description":"Une agence de marketing num\u00e9rique \u00e0 service complet","publisher":{"@id":"https:\/\/rimanagency.com\/#organization"},"potentialAction":[{"@type":"SearchAction","target":{"@type":"EntryPoint","urlTemplate":"https:\/\/rimanagency.com\/?s={search_term_string}"},"query-input":{"@type":"PropertyValueSpecification","valueRequired":true,"valueName":"search_term_string"}}],"inLanguage":"fr-CA"},{"@type":"Organization","@id":"https:\/\/rimanagency.com\/#organization","name":"Agence Riman","url":"https:\/\/rimanagency.com\/","logo":{"@type":"ImageObject","inLanguage":"fr-CA","@id":"https:\/\/rimanagency.com\/#\/schema\/logo\/image\/","url":"https:\/\/rimanagency.com\/wp-content\/uploads\/2022\/02\/RIMANagency-all-logos-1-2.png","contentUrl":"https:\/\/rimanagency.com\/wp-content\/uploads\/2022\/02\/RIMANagency-all-logos-1-2.png","width":694,"height":211,"caption":"Riman Agency"},"image":{"@id":"https:\/\/rimanagency.com\/#\/schema\/logo\/image\/"}}]}},"_links":{"self":[{"href":"https:\/\/rimanagency.com\/fr\/wp-json\/wp\/v2\/pages\/4709","targetHints":{"allow":["GET"]}}],"collection":[{"href":"https:\/\/rimanagency.com\/fr\/wp-json\/wp\/v2\/pages"}],"about":[{"href":"https:\/\/rimanagency.com\/fr\/wp-json\/wp\/v2\/types\/page"}],"author":[{"embeddable":true,"href":"https:\/\/rimanagency.com\/fr\/wp-json\/wp\/v2\/users\/4"}],"replies":[{"embeddable":true,"href":"https:\/\/rimanagency.com\/fr\/wp-json\/wp\/v2\/comments?post=4709"}],"version-history":[{"count":0,"href":"https:\/\/rimanagency.com\/fr\/wp-json\/wp\/v2\/pages\/4709\/revisions"}],"wp:attachment":[{"href":"https:\/\/rimanagency.com\/fr\/wp-json\/wp\/v2\/media?parent=4709"}],"curies":[{"name":"wp","href":"https:\/\/api.w.org\/{rel}","templated":true}]}}