{"id":4672,"date":"2026-05-09T09:55:55","date_gmt":"2026-05-09T09:55:55","guid":{"rendered":"https:\/\/rimanagency.com\/net-revenue-retention-nrr-calculator\/"},"modified":"2026-05-09T09:55:55","modified_gmt":"2026-05-09T09:55:55","slug":"net-revenue-retention-nrr-calculator","status":"publish","type":"page","link":"https:\/\/rimanagency.com\/fr\/net-revenue-retention-nrr-calculator\/","title":{"rendered":"Calculateur de r\u00e9tention des revenus nets (NRR)"},"content":{"rendered":"<style>.rt-h{background:linear-gradient(135deg,#f1f5e8,#e8efdb);border-radius:14px;padding:32px;margin:0 0 24px;text-align:center}.rt-h h1{margin:0 0 10px;font-size:28px;color:#4a6320}.rt-g{display:grid;grid-template-columns:1fr 1fr;gap:18px;margin:0 0 24px}.rt-f,.rt-o{background:#fff;border:1px solid #e0e6d8;border-radius:10px;padding:22px}.rt-f h3,.rt-o h3{margin:0 0 14px;color:#4a6320;font-size:18px}.rt-f label{display:block;font-size:13px;color:#516048;font-weight:600;margin:10px 0 6px}.rt-f input,.rt-f select,.rt-f textarea{width:100%;padding:9px;border:1px solid #d4dac6;border-radius:6px;font-size:14px;box-sizing:border-box;font-family:inherit}.rt-btn{background:#719430;color:#fff;border:none;padding:11px 20px;border-radius:6px;font-weight:700;cursor:pointer;width:100%;margin-top:14px;font-size:15px}.rt-btn:hover{background:#4a6320}.rt-o-big{font-size:38px;font-weight:800;color:#719430;text-align:center;margin:6px 0}.rt-o-row{display:flex;justify-content:space-between;padding:9px 0;border-bottom:1px solid #f0f3e8;font-size:14px}.rt-o-row:last-child{border:none}.rt-o-row b{color:#4a6320}.rt-cta{background:linear-gradient(135deg,#719430,#4a6320);color:#fff;border-radius:14px;padding:32px;text-align:center;margin:30px 0}.rt-cta a{background:#fff;color:#4a6320;padding:12px 28px;border-radius:6px;font-weight:700;text-decoration:none;display:inline-block;margin-top:14px}.rt-code{background:#1e1e1e;color:#a3c163;padding:14px;border-radius:8px;font-family:Consolas,monospace;font-size:12px;white-space:pre-wrap;word-break:break-all;max-height:300px;overflow:auto}@media(max-width:768px){.rt-g{grid-template-columns:1fr}}<\/style>\n<div class=\"rt-h\">\n<h1>Calculateur de r\u00e9tention des revenus nets<\/h1>\n<p>Calculer le taux de r\u00e9tention des revenus nets \u2014 l&#039;indicateur de sant\u00e9 SaaS le plus important que les investisseurs en capital-risque scrutent.<\/p>\n<\/div>\n<div class=\"rt-g\">\n<div class=\"rt-f\">\n<h3>Apports de la cohorte<\/h3>\n<p><label>Cohorte de d\u00e9part MRR ($)<\/label><input type=\"number\" id=\"nrr-start\" value=\"100000\"><label>Expansion du MRR \u00e0 partir de la cohorte<\/label><input type=\"number\" id=\"nrr-exp\" value=\"18000\"><label>Contraction MRR de la cohorte<\/label><input type=\"number\" id=\"nrr-cont\" value=\"3000\"><label>Churn MRR de la cohorte<\/label><input type=\"number\" id=\"nrr-churn\" value=\"5000\"><button class=\"rt-btn\" onclick=\"calcNrr()\">Calculer le NRR<\/button><\/div>\n<div class=\"rt-o\">\n<h3>Diagnostic NRR<\/h3>\n<div class=\"rt-o-big\" id=\"nrr-big\">\u2014<\/div>\n<p style=\"text-align:center;color:#516048;font-size:13px;margin:0 0 18px\" id=\"nrr-v\">Courez pour voir NRR<\/p>\n<div class=\"rt-o-row\"><span>Cohorte MRR finale<\/span><b id=\"nrr-end\">\u2014<\/b><\/div>\n<div class=\"rt-o-row\"><span>R\u00e9tention des recettes brutes<\/span><b id=\"nrr-grr\">\u2014<\/b><\/div>\n<div class=\"rt-o-row\"><span>Verdict<\/span><b id=\"nrr-vd\">\u2014<\/b><\/div>\n<\/div>\n<\/div>\n<p><script>function calcNrr(){var s=+document.getElementById(\"nrr-start\").value||0;var e=+document.getElementById(\"nrr-exp\").value||0;var co=+document.getElementById(\"nrr-cont\").value||0;var ch=+document.getElementById(\"nrr-churn\").value||0;if(!s)return;var end=s+e-co-ch;var nrr=end\/s*100;var grr=(s-co-ch)\/s*100;var v=nrr>=120?\"Best-in-class \u2014 fundable\":nrr>=110?\"Excellent \u2014 public-grade\":nrr>=100?\"Healthy \u2014 net negative churn\":nrr>=90?\"Acceptable\":\"Concerning \u2014 leaky bucket\";document.getElementById(\"nrr-big\").textContent=nrr.toFixed(1)+\"%\";document.getElementById(\"nrr-v\").textContent=v;document.getElementById(\"nrr-end\").textContent=\"$\"+Math.round(end).toLocaleString();document.getElementById(\"nrr-grr\").textContent=grr.toFixed(1)+\"%\";document.getElementById(\"nrr-vd\").textContent=v;}<\/script><\/p>\n<h2>Pourquoi un NRR sup\u00e9rieur \u00e0 100% est le Saint Graal<\/h2>\n<p>Un NRR sup\u00e9rieur \u00e0 100% signifie que votre base de clients existante g\u00e9n\u00e8re des revenus plus rapidement qu&#039;elle n&#039;en perd en raison du d\u00e9sabonnement et de la contraction. Votre activit\u00e9 cro\u00eet m\u00eame sans acqu\u00e9rir un seul nouveau client. Les entreprises SaaS cot\u00e9es en bourse avec un NRR sup\u00e9rieur \u00e0 120% affichent des multiples de revenus 2 \u00e0 3 fois sup\u00e9rieurs \u00e0 ceux de leurs concurrents dont le NRR est inf\u00e9rieur \u00e0 100%.<\/p>\n<h2>Foire aux questions<\/h2>\n<p><strong>Quelle est la diff\u00e9rence entre NRR et GRR\u00a0?<\/strong><br \/>Le taux de r\u00e9tention des revenus bruts (GRR) ne tient pas compte de l&#039;expansion. Le taux de r\u00e9tention net (NRR) en tient compte. Le GRR est plafonn\u00e9 \u00e0 1\u00a00 ...<\/p>\n<div class=\"rt-cta\">\n<h3 style=\"margin:0 0 6px\">Vous souhaitez faire passer le NRR au-dessus de 110% ?<\/h3>\n<p style=\"margin:0;opacity:.95\">L&#039;agence Riman con\u00e7oit des programmes de marketing client qui stimulent la croissance et r\u00e9duisent le taux de d\u00e9sabonnement.<\/p>\n<p><a href=\"\/fr\/contact\/\">\u00c9laborez une strat\u00e9gie de fid\u00e9lisation<\/a><\/div>","protected":false},"excerpt":{"rendered":"<p>Net Revenue Retention Calculator Compute Net Revenue Retention \u2014 the most important SaaS health metric VCs scrutinize. Cohort Inputs Starting cohort MRR ($)Expansion MRR from cohortContraction MRR from cohortChurn MRR from cohortCalculate NRR NRR Diagnosis \u2014 Run to see NRR Ending cohort MRR\u2014 Gross Revenue Retention\u2014 Verdict\u2014 Why NRR above 100% is the holy grail [&hellip;]<\/p>\n","protected":false},"author":4,"featured_media":0,"parent":0,"menu_order":0,"comment_status":"closed","ping_status":"closed","template":"","meta":{"footnotes":""},"class_list":["post-4672","page","type-page","status-publish","hentry"],"yoast_head":"<!-- This site is optimized with the Yoast SEO plugin v27.5 - https:\/\/yoast.com\/product\/yoast-seo-wordpress\/ -->\n<title>Net Revenue Retention (NRR) Calculator - Riman Agency<\/title>\n<meta name=\"robots\" content=\"index, follow, max-snippet:-1, max-image-preview:large, max-video-preview:-1\" \/>\n<link rel=\"canonical\" href=\"https:\/\/rimanagency.com\/fr\/net-revenue-retention-nrr-calculator\/\" \/>\n<meta property=\"og:locale\" content=\"fr_CA\" \/>\n<meta property=\"og:type\" content=\"article\" \/>\n<meta property=\"og:title\" content=\"Net Revenue Retention (NRR) Calculator - Riman Agency\" \/>\n<meta property=\"og:description\" content=\"Net Revenue Retention Calculator Compute Net Revenue Retention \u2014 the most important SaaS health metric VCs scrutinize. Cohort Inputs Starting cohort MRR ($)Expansion MRR from cohortContraction MRR from cohortChurn MRR from cohortCalculate NRR NRR Diagnosis \u2014 Run to see NRR Ending cohort MRR\u2014 Gross Revenue Retention\u2014 Verdict\u2014 Why NRR above 100% is the holy grail [&hellip;]\" \/>\n<meta property=\"og:url\" content=\"https:\/\/rimanagency.com\/fr\/net-revenue-retention-nrr-calculator\/\" \/>\n<meta property=\"og:site_name\" content=\"Riman Agency\" \/>\n<meta name=\"twitter:card\" content=\"summary_large_image\" \/>\n<meta name=\"twitter:label1\" content=\"Est. reading time\" \/>\n\t<meta name=\"twitter:data1\" content=\"1 minute\" \/>\n<script type=\"application\/ld+json\" class=\"yoast-schema-graph\">{\"@context\":\"https:\\\/\\\/schema.org\",\"@graph\":[{\"@type\":\"WebPage\",\"@id\":\"https:\\\/\\\/rimanagency.com\\\/net-revenue-retention-nrr-calculator\\\/\",\"url\":\"https:\\\/\\\/rimanagency.com\\\/net-revenue-retention-nrr-calculator\\\/\",\"name\":\"Net Revenue Retention (NRR) Calculator - Riman Agency\",\"isPartOf\":{\"@id\":\"https:\\\/\\\/rimanagency.com\\\/#website\"},\"datePublished\":\"2026-05-09T09:55:55+00:00\",\"breadcrumb\":{\"@id\":\"https:\\\/\\\/rimanagency.com\\\/net-revenue-retention-nrr-calculator\\\/#breadcrumb\"},\"inLanguage\":\"fr-CA\",\"potentialAction\":[{\"@type\":\"ReadAction\",\"target\":[\"https:\\\/\\\/rimanagency.com\\\/net-revenue-retention-nrr-calculator\\\/\"]}]},{\"@type\":\"BreadcrumbList\",\"@id\":\"https:\\\/\\\/rimanagency.com\\\/net-revenue-retention-nrr-calculator\\\/#breadcrumb\",\"itemListElement\":[{\"@type\":\"ListItem\",\"position\":1,\"name\":\"Home\",\"item\":\"https:\\\/\\\/rimanagency.com\\\/home\\\/\"},{\"@type\":\"ListItem\",\"position\":2,\"name\":\"Net Revenue Retention (NRR) Calculator\"}]},{\"@type\":\"WebSite\",\"@id\":\"https:\\\/\\\/rimanagency.com\\\/#website\",\"url\":\"https:\\\/\\\/rimanagency.com\\\/\",\"name\":\"Riman Agency\",\"description\":\"A Full Service Digital Marketing Agency\",\"publisher\":{\"@id\":\"https:\\\/\\\/rimanagency.com\\\/#organization\"},\"potentialAction\":[{\"@type\":\"SearchAction\",\"target\":{\"@type\":\"EntryPoint\",\"urlTemplate\":\"https:\\\/\\\/rimanagency.com\\\/?s={search_term_string}\"},\"query-input\":{\"@type\":\"PropertyValueSpecification\",\"valueRequired\":true,\"valueName\":\"search_term_string\"}}],\"inLanguage\":\"fr-CA\"},{\"@type\":\"Organization\",\"@id\":\"https:\\\/\\\/rimanagency.com\\\/#organization\",\"name\":\"Riman Agency\",\"url\":\"https:\\\/\\\/rimanagency.com\\\/\",\"logo\":{\"@type\":\"ImageObject\",\"inLanguage\":\"fr-CA\",\"@id\":\"https:\\\/\\\/rimanagency.com\\\/#\\\/schema\\\/logo\\\/image\\\/\",\"url\":\"https:\\\/\\\/rimanagency.com\\\/wp-content\\\/uploads\\\/2022\\\/02\\\/RIMANagency-all-logos-1-2.png\",\"contentUrl\":\"https:\\\/\\\/rimanagency.com\\\/wp-content\\\/uploads\\\/2022\\\/02\\\/RIMANagency-all-logos-1-2.png\",\"width\":694,\"height\":211,\"caption\":\"Riman Agency\"},\"image\":{\"@id\":\"https:\\\/\\\/rimanagency.com\\\/#\\\/schema\\\/logo\\\/image\\\/\"}}]}<\/script>\n<!-- \/ Yoast SEO plugin. -->","yoast_head_json":{"title":"Net Revenue Retention (NRR) Calculator - Riman Agency","robots":{"index":"index","follow":"follow","max-snippet":"max-snippet:-1","max-image-preview":"max-image-preview:large","max-video-preview":"max-video-preview:-1"},"canonical":"https:\/\/rimanagency.com\/fr\/net-revenue-retention-nrr-calculator\/","og_locale":"fr_CA","og_type":"article","og_title":"Net Revenue Retention (NRR) Calculator - Riman Agency","og_description":"Net Revenue Retention Calculator Compute Net Revenue Retention \u2014 the most important SaaS health metric VCs scrutinize. Cohort Inputs Starting cohort MRR ($)Expansion MRR from cohortContraction MRR from cohortChurn MRR from cohortCalculate NRR NRR Diagnosis \u2014 Run to see NRR Ending cohort MRR\u2014 Gross Revenue Retention\u2014 Verdict\u2014 Why NRR above 100% is the holy grail [&hellip;]","og_url":"https:\/\/rimanagency.com\/fr\/net-revenue-retention-nrr-calculator\/","og_site_name":"Riman Agency","twitter_card":"summary_large_image","twitter_misc":{"Est. reading time":"1 minute"},"schema":{"@context":"https:\/\/schema.org","@graph":[{"@type":"WebPage","@id":"https:\/\/rimanagency.com\/net-revenue-retention-nrr-calculator\/","url":"https:\/\/rimanagency.com\/net-revenue-retention-nrr-calculator\/","name":"Net Revenue Retention (NRR) Calculator - Riman Agency","isPartOf":{"@id":"https:\/\/rimanagency.com\/#website"},"datePublished":"2026-05-09T09:55:55+00:00","breadcrumb":{"@id":"https:\/\/rimanagency.com\/net-revenue-retention-nrr-calculator\/#breadcrumb"},"inLanguage":"fr-CA","potentialAction":[{"@type":"ReadAction","target":["https:\/\/rimanagency.com\/net-revenue-retention-nrr-calculator\/"]}]},{"@type":"BreadcrumbList","@id":"https:\/\/rimanagency.com\/net-revenue-retention-nrr-calculator\/#breadcrumb","itemListElement":[{"@type":"ListItem","position":1,"name":"Home","item":"https:\/\/rimanagency.com\/home\/"},{"@type":"ListItem","position":2,"name":"Net Revenue Retention (NRR) Calculator"}]},{"@type":"WebSite","@id":"https:\/\/rimanagency.com\/#website","url":"https:\/\/rimanagency.com\/","name":"Agence Riman","description":"Une agence de marketing num\u00e9rique \u00e0 service complet","publisher":{"@id":"https:\/\/rimanagency.com\/#organization"},"potentialAction":[{"@type":"SearchAction","target":{"@type":"EntryPoint","urlTemplate":"https:\/\/rimanagency.com\/?s={search_term_string}"},"query-input":{"@type":"PropertyValueSpecification","valueRequired":true,"valueName":"search_term_string"}}],"inLanguage":"fr-CA"},{"@type":"Organization","@id":"https:\/\/rimanagency.com\/#organization","name":"Agence Riman","url":"https:\/\/rimanagency.com\/","logo":{"@type":"ImageObject","inLanguage":"fr-CA","@id":"https:\/\/rimanagency.com\/#\/schema\/logo\/image\/","url":"https:\/\/rimanagency.com\/wp-content\/uploads\/2022\/02\/RIMANagency-all-logos-1-2.png","contentUrl":"https:\/\/rimanagency.com\/wp-content\/uploads\/2022\/02\/RIMANagency-all-logos-1-2.png","width":694,"height":211,"caption":"Riman Agency"},"image":{"@id":"https:\/\/rimanagency.com\/#\/schema\/logo\/image\/"}}]}},"_links":{"self":[{"href":"https:\/\/rimanagency.com\/fr\/wp-json\/wp\/v2\/pages\/4672","targetHints":{"allow":["GET"]}}],"collection":[{"href":"https:\/\/rimanagency.com\/fr\/wp-json\/wp\/v2\/pages"}],"about":[{"href":"https:\/\/rimanagency.com\/fr\/wp-json\/wp\/v2\/types\/page"}],"author":[{"embeddable":true,"href":"https:\/\/rimanagency.com\/fr\/wp-json\/wp\/v2\/users\/4"}],"replies":[{"embeddable":true,"href":"https:\/\/rimanagency.com\/fr\/wp-json\/wp\/v2\/comments?post=4672"}],"version-history":[{"count":0,"href":"https:\/\/rimanagency.com\/fr\/wp-json\/wp\/v2\/pages\/4672\/revisions"}],"wp:attachment":[{"href":"https:\/\/rimanagency.com\/fr\/wp-json\/wp\/v2\/media?parent=4672"}],"curies":[{"name":"wp","href":"https:\/\/api.w.org\/{rel}","templated":true}]}}