{"id":4671,"date":"2026-05-09T09:55:54","date_gmt":"2026-05-09T09:55:54","guid":{"rendered":"https:\/\/rimanagency.com\/saas-mrr-growth-calculator\/"},"modified":"2026-05-09T09:55:54","modified_gmt":"2026-05-09T09:55:54","slug":"saas-mrr-growth-calculator","status":"publish","type":"page","link":"https:\/\/rimanagency.com\/fr\/saas-mrr-growth-calculator\/","title":{"rendered":"Calculateur de croissance MRR SaaS"},"content":{"rendered":"<style>.rt-h{background:linear-gradient(135deg,#f1f5e8,#e8efdb);border-radius:14px;padding:32px;margin:0 0 24px;text-align:center}.rt-h h1{margin:0 0 10px;font-size:28px;color:#4a6320}.rt-g{display:grid;grid-template-columns:1fr 1fr;gap:18px;margin:0 0 24px}.rt-f,.rt-o{background:#fff;border:1px solid #e0e6d8;border-radius:10px;padding:22px}.rt-f h3,.rt-o h3{margin:0 0 14px;color:#4a6320;font-size:18px}.rt-f label{display:block;font-size:13px;color:#516048;font-weight:600;margin:10px 0 6px}.rt-f input,.rt-f select,.rt-f textarea{width:100%;padding:9px;border:1px solid #d4dac6;border-radius:6px;font-size:14px;box-sizing:border-box;font-family:inherit}.rt-btn{background:#719430;color:#fff;border:none;padding:11px 20px;border-radius:6px;font-weight:700;cursor:pointer;width:100%;margin-top:14px;font-size:15px}.rt-btn:hover{background:#4a6320}.rt-o-big{font-size:38px;font-weight:800;color:#719430;text-align:center;margin:6px 0}.rt-o-row{display:flex;justify-content:space-between;padding:9px 0;border-bottom:1px solid #f0f3e8;font-size:14px}.rt-o-row:last-child{border:none}.rt-o-row b{color:#4a6320}.rt-cta{background:linear-gradient(135deg,#719430,#4a6320);color:#fff;border-radius:14px;padding:32px;text-align:center;margin:30px 0}.rt-cta a{background:#fff;color:#4a6320;padding:12px 28px;border-radius:6px;font-weight:700;text-decoration:none;display:inline-block;margin-top:14px}.rt-code{background:#1e1e1e;color:#a3c163;padding:14px;border-radius:8px;font-family:Consolas,monospace;font-size:12px;white-space:pre-wrap;word-break:break-all;max-height:300px;overflow:auto}@media(max-width:768px){.rt-g{grid-template-columns:1fr}}<\/style>\n<div class=\"rt-h\">\n<h1>Calculateur de croissance MRR SaaS<\/h1>\n<p>Pr\u00e9vision du MRR sur 12 mois bas\u00e9e sur le nouveau MRR, le MRR de d\u00e9sabonnement et le MRR d&#039;expansion.<\/p>\n<\/div>\n<div class=\"rt-g\">\n<div class=\"rt-f\">\n<h3>Mouvements mensuels du MRR<\/h3>\n<p><label>MRR de d\u00e9part ($)<\/label><input type=\"number\" id=\"mrr-start\" value=\"50000\"><label>Nouveau MRR \/ mois<\/label><input type=\"number\" id=\"mrr-new\" value=\"5000\"><label>Expansion MRR \/ mois<\/label><input type=\"number\" id=\"mrr-exp\" value=\"1500\"><label>Taux de d\u00e9sabonnement mensuel<\/label><input type=\"number\" id=\"mrr-churn\" value=\"2000\"><button class=\"rt-btn\" onclick=\"calcMrr()\">Pr\u00e9visions MRR<\/button><\/div>\n<div class=\"rt-o\">\n<h3>Pr\u00e9visions sur 12 mois<\/h3>\n<div class=\"rt-o-big\" id=\"mrr-big\">\u2014<\/div>\n<p style=\"text-align:center;color:#516048;font-size:13px;margin:0 0 18px\" id=\"mrr-v\">Courez pour voir le MRR dans 12 mois<\/p>\n<div class=\"rt-o-row\"><span>Nouveau MRR net \/ mois<\/span><b id=\"mrr-net\">\u2014<\/b><\/div>\n<div class=\"rt-o-row\"><span>Taux de croissance du MRR par mois<\/span><b id=\"mrr-rate\">\u2014<\/b><\/div>\n<div class=\"rt-o-row\"><span>MRR au 6e mois<\/span><b id=\"mrr-6\">\u2014<\/b><\/div>\n<div class=\"rt-o-row\"><span>MRR au 12e mois<\/span><b id=\"mrr-12\">\u2014<\/b><\/div>\n<div class=\"rt-o-row\"><span>ARR annualis\u00e9 au mois 12<\/span><b id=\"mrr-arr\">\u2014<\/b><\/div>\n<\/div>\n<\/div>\n<p><script>function calcMrr(){var s=+document.getElementById(\"mrr-start\").value||0;var n=+document.getElementById(\"mrr-new\").value||0;var e=+document.getElementById(\"mrr-exp\").value||0;var c=+document.getElementById(\"mrr-churn\").value||0;if(!s)return;var net=n+e-c;var rate=net\/s*100;var m=s,m6=0,m12=0;for(var i=1;i<=12;i++){m=m+net;if(i===6)m6=m;if(i===12)m12=m;}document.getElementById(\"mrr-big\").textContent=\"$\"+Math.round(m12).toLocaleString();document.getElementById(\"mrr-v\").textContent=\"Forecast MRR after 12 months\";document.getElementById(\"mrr-net\").textContent=\"$\"+net.toLocaleString();document.getElementById(\"mrr-rate\").textContent=rate.toFixed(1)+\"%\";document.getElementById(\"mrr-6\").textContent=\"$\"+Math.round(m6).toLocaleString();document.getElementById(\"mrr-12\").textContent=\"$\"+Math.round(m12).toLocaleString();document.getElementById(\"mrr-arr\").textContent=\"$\"+Math.round(m12*12).toLocaleString();}<\/script><\/p>\n<h2>Les quatre leviers de la croissance du MRR SaaS<\/h2>\n<p>Le nouveau MRR, le MRR d&#039;expansion, le MRR de contraction et le MRR de d\u00e9sabonnement sont les quatre seuls indicateurs qui d\u00e9terminent votre ARR final. La plupart des entreprises SaaS en phase de croissance constatent que le MRR d&#039;expansion \u2014 aliment\u00e9 par les ventes additionnelles, l&#039;augmentation du nombre d&#039;utilisateurs et les mises \u00e0 niveau d&#039;abonnement \u2014 finit par d\u00e9passer le nouveau MRR. Les entreprises qui n\u00e9gligent l&#039;expansion prennent un risque consid\u00e9rable. Le calculateur met en \u00e9vidence l&#039;effet cumulatif de chaque levier.<\/p>\n<h2>Foire aux questions<\/h2>\n<p><strong>Quel taux de croissance du MRR est sain ?<\/strong><br \/>Pour les entreprises SaaS en phase de d\u00e9marrage, une croissance mensuelle du MRR de 15 \u00e0 201 TP3T est normale. Les entreprises en phase de maturit\u00e9 visent 10 \u00e0 151 TP3T. Enfin, les entreprises SaaS matures visent une croissance mensuelle du MRR de 3 \u00e0 51 TP3T.<\/p>\n<div class=\"rt-cta\">\n<h3 style=\"margin:0 0 6px\">Vous souhaitez un marketing SaaS qui g\u00e9n\u00e8re \u00e0 la fois de nouveaux revenus mensuels r\u00e9currents et de l&#039;expansion ?<\/h3>\n<p style=\"margin:0;opacity:.95\">L&#039;agence Riman con\u00e7oit des programmes SaaS complets.<\/p>\n<p><a href=\"\/fr\/contact\/\">\u00c9laborez une strat\u00e9gie SaaS<\/a><\/div>","protected":false},"excerpt":{"rendered":"<p>SaaS MRR Growth Calculator Forecast 12-month MRR based on new MRR, churn MRR, and expansion MRR. Monthly MRR Movements Starting MRR ($)New MRR \/ monthExpansion MRR \/ monthChurn MRR \/ monthForecast MRR 12-Month Forecast \u2014 Run to see MRR in 12 months Net new MRR \/ month\u2014 MRR growth rate \/ month\u2014 MRR at month [&hellip;]<\/p>\n","protected":false},"author":4,"featured_media":0,"parent":0,"menu_order":0,"comment_status":"closed","ping_status":"closed","template":"","meta":{"footnotes":""},"class_list":["post-4671","page","type-page","status-publish","hentry"],"yoast_head":"<!-- This site is optimized with the Yoast SEO plugin v27.5 - https:\/\/yoast.com\/product\/yoast-seo-wordpress\/ -->\n<title>SaaS MRR Growth Calculator - Riman Agency<\/title>\n<meta name=\"robots\" content=\"index, follow, max-snippet:-1, max-image-preview:large, max-video-preview:-1\" \/>\n<link rel=\"canonical\" href=\"https:\/\/rimanagency.com\/fr\/saas-mrr-growth-calculator\/\" \/>\n<meta property=\"og:locale\" content=\"fr_CA\" \/>\n<meta property=\"og:type\" content=\"article\" \/>\n<meta property=\"og:title\" content=\"SaaS MRR Growth Calculator - Riman Agency\" \/>\n<meta property=\"og:description\" content=\"SaaS MRR Growth Calculator Forecast 12-month MRR based on new MRR, churn MRR, and expansion MRR. Monthly MRR Movements Starting MRR ($)New MRR \/ monthExpansion MRR \/ monthChurn MRR \/ monthForecast MRR 12-Month Forecast \u2014 Run to see MRR in 12 months Net new MRR \/ month\u2014 MRR growth rate \/ month\u2014 MRR at month [&hellip;]\" \/>\n<meta property=\"og:url\" content=\"https:\/\/rimanagency.com\/fr\/saas-mrr-growth-calculator\/\" \/>\n<meta property=\"og:site_name\" content=\"Riman Agency\" \/>\n<meta name=\"twitter:card\" content=\"summary_large_image\" \/>\n<meta name=\"twitter:label1\" content=\"Est. reading time\" \/>\n\t<meta name=\"twitter:data1\" content=\"1 minute\" \/>\n<script type=\"application\/ld+json\" class=\"yoast-schema-graph\">{\"@context\":\"https:\\\/\\\/schema.org\",\"@graph\":[{\"@type\":\"WebPage\",\"@id\":\"https:\\\/\\\/rimanagency.com\\\/saas-mrr-growth-calculator\\\/\",\"url\":\"https:\\\/\\\/rimanagency.com\\\/saas-mrr-growth-calculator\\\/\",\"name\":\"SaaS MRR Growth Calculator - Riman Agency\",\"isPartOf\":{\"@id\":\"https:\\\/\\\/rimanagency.com\\\/#website\"},\"datePublished\":\"2026-05-09T09:55:54+00:00\",\"breadcrumb\":{\"@id\":\"https:\\\/\\\/rimanagency.com\\\/saas-mrr-growth-calculator\\\/#breadcrumb\"},\"inLanguage\":\"fr-CA\",\"potentialAction\":[{\"@type\":\"ReadAction\",\"target\":[\"https:\\\/\\\/rimanagency.com\\\/saas-mrr-growth-calculator\\\/\"]}]},{\"@type\":\"BreadcrumbList\",\"@id\":\"https:\\\/\\\/rimanagency.com\\\/saas-mrr-growth-calculator\\\/#breadcrumb\",\"itemListElement\":[{\"@type\":\"ListItem\",\"position\":1,\"name\":\"Home\",\"item\":\"https:\\\/\\\/rimanagency.com\\\/home\\\/\"},{\"@type\":\"ListItem\",\"position\":2,\"name\":\"SaaS MRR Growth Calculator\"}]},{\"@type\":\"WebSite\",\"@id\":\"https:\\\/\\\/rimanagency.com\\\/#website\",\"url\":\"https:\\\/\\\/rimanagency.com\\\/\",\"name\":\"Riman Agency\",\"description\":\"A Full Service Digital Marketing Agency\",\"publisher\":{\"@id\":\"https:\\\/\\\/rimanagency.com\\\/#organization\"},\"potentialAction\":[{\"@type\":\"SearchAction\",\"target\":{\"@type\":\"EntryPoint\",\"urlTemplate\":\"https:\\\/\\\/rimanagency.com\\\/?s={search_term_string}\"},\"query-input\":{\"@type\":\"PropertyValueSpecification\",\"valueRequired\":true,\"valueName\":\"search_term_string\"}}],\"inLanguage\":\"fr-CA\"},{\"@type\":\"Organization\",\"@id\":\"https:\\\/\\\/rimanagency.com\\\/#organization\",\"name\":\"Riman Agency\",\"url\":\"https:\\\/\\\/rimanagency.com\\\/\",\"logo\":{\"@type\":\"ImageObject\",\"inLanguage\":\"fr-CA\",\"@id\":\"https:\\\/\\\/rimanagency.com\\\/#\\\/schema\\\/logo\\\/image\\\/\",\"url\":\"https:\\\/\\\/rimanagency.com\\\/wp-content\\\/uploads\\\/2022\\\/02\\\/RIMANagency-all-logos-1-2.png\",\"contentUrl\":\"https:\\\/\\\/rimanagency.com\\\/wp-content\\\/uploads\\\/2022\\\/02\\\/RIMANagency-all-logos-1-2.png\",\"width\":694,\"height\":211,\"caption\":\"Riman Agency\"},\"image\":{\"@id\":\"https:\\\/\\\/rimanagency.com\\\/#\\\/schema\\\/logo\\\/image\\\/\"}}]}<\/script>\n<!-- \/ Yoast SEO plugin. -->","yoast_head_json":{"title":"SaaS MRR Growth Calculator - Riman Agency","robots":{"index":"index","follow":"follow","max-snippet":"max-snippet:-1","max-image-preview":"max-image-preview:large","max-video-preview":"max-video-preview:-1"},"canonical":"https:\/\/rimanagency.com\/fr\/saas-mrr-growth-calculator\/","og_locale":"fr_CA","og_type":"article","og_title":"SaaS MRR Growth Calculator - Riman Agency","og_description":"SaaS MRR Growth Calculator Forecast 12-month MRR based on new MRR, churn MRR, and expansion MRR. Monthly MRR Movements Starting MRR ($)New MRR \/ monthExpansion MRR \/ monthChurn MRR \/ monthForecast MRR 12-Month Forecast \u2014 Run to see MRR in 12 months Net new MRR \/ month\u2014 MRR growth rate \/ month\u2014 MRR at month [&hellip;]","og_url":"https:\/\/rimanagency.com\/fr\/saas-mrr-growth-calculator\/","og_site_name":"Riman Agency","twitter_card":"summary_large_image","twitter_misc":{"Est. reading time":"1 minute"},"schema":{"@context":"https:\/\/schema.org","@graph":[{"@type":"WebPage","@id":"https:\/\/rimanagency.com\/saas-mrr-growth-calculator\/","url":"https:\/\/rimanagency.com\/saas-mrr-growth-calculator\/","name":"SaaS MRR Growth Calculator - Riman Agency","isPartOf":{"@id":"https:\/\/rimanagency.com\/#website"},"datePublished":"2026-05-09T09:55:54+00:00","breadcrumb":{"@id":"https:\/\/rimanagency.com\/saas-mrr-growth-calculator\/#breadcrumb"},"inLanguage":"fr-CA","potentialAction":[{"@type":"ReadAction","target":["https:\/\/rimanagency.com\/saas-mrr-growth-calculator\/"]}]},{"@type":"BreadcrumbList","@id":"https:\/\/rimanagency.com\/saas-mrr-growth-calculator\/#breadcrumb","itemListElement":[{"@type":"ListItem","position":1,"name":"Home","item":"https:\/\/rimanagency.com\/home\/"},{"@type":"ListItem","position":2,"name":"SaaS MRR Growth Calculator"}]},{"@type":"WebSite","@id":"https:\/\/rimanagency.com\/#website","url":"https:\/\/rimanagency.com\/","name":"Agence Riman","description":"Une agence de marketing num\u00e9rique \u00e0 service complet","publisher":{"@id":"https:\/\/rimanagency.com\/#organization"},"potentialAction":[{"@type":"SearchAction","target":{"@type":"EntryPoint","urlTemplate":"https:\/\/rimanagency.com\/?s={search_term_string}"},"query-input":{"@type":"PropertyValueSpecification","valueRequired":true,"valueName":"search_term_string"}}],"inLanguage":"fr-CA"},{"@type":"Organization","@id":"https:\/\/rimanagency.com\/#organization","name":"Agence Riman","url":"https:\/\/rimanagency.com\/","logo":{"@type":"ImageObject","inLanguage":"fr-CA","@id":"https:\/\/rimanagency.com\/#\/schema\/logo\/image\/","url":"https:\/\/rimanagency.com\/wp-content\/uploads\/2022\/02\/RIMANagency-all-logos-1-2.png","contentUrl":"https:\/\/rimanagency.com\/wp-content\/uploads\/2022\/02\/RIMANagency-all-logos-1-2.png","width":694,"height":211,"caption":"Riman Agency"},"image":{"@id":"https:\/\/rimanagency.com\/#\/schema\/logo\/image\/"}}]}},"_links":{"self":[{"href":"https:\/\/rimanagency.com\/fr\/wp-json\/wp\/v2\/pages\/4671","targetHints":{"allow":["GET"]}}],"collection":[{"href":"https:\/\/rimanagency.com\/fr\/wp-json\/wp\/v2\/pages"}],"about":[{"href":"https:\/\/rimanagency.com\/fr\/wp-json\/wp\/v2\/types\/page"}],"author":[{"embeddable":true,"href":"https:\/\/rimanagency.com\/fr\/wp-json\/wp\/v2\/users\/4"}],"replies":[{"embeddable":true,"href":"https:\/\/rimanagency.com\/fr\/wp-json\/wp\/v2\/comments?post=4671"}],"version-history":[{"count":0,"href":"https:\/\/rimanagency.com\/fr\/wp-json\/wp\/v2\/pages\/4671\/revisions"}],"wp:attachment":[{"href":"https:\/\/rimanagency.com\/fr\/wp-json\/wp\/v2\/media?parent=4671"}],"curies":[{"name":"wp","href":"https:\/\/api.w.org\/{rel}","templated":true}]}}