{"id":4598,"date":"2026-05-07T18:22:20","date_gmt":"2026-05-07T18:22:20","guid":{"rendered":"https:\/\/rimanagency.com\/?page_id=4598"},"modified":"2026-05-07T18:22:20","modified_gmt":"2026-05-07T18:22:20","slug":"content-marketing-roi-calculator-measure-true-returns-from-blogs-seo-aeo","status":"publish","type":"page","link":"https:\/\/rimanagency.com\/fr\/content-marketing-roi-calculator-measure-true-returns-from-blogs-seo-aeo\/","title":{"rendered":"Calculateur de retour sur investissement du marketing de contenu\u00a0\u2014 Mesurez le v\u00e9ritable retour sur investissement de vos blogs, de votre r\u00e9f\u00e9rencement naturel et de votre strat\u00e9gie marketing."},"content":{"rendered":"<style>.rt-h{background:linear-gradient(135deg,#f1f5e8,#e8efdb);border-radius:14px;padding:32px;margin:0 0 24px;text-align:center}.rt-h h1{margin:0 0 10px;font-size:30px;color:#4a6320}.rt-g{display:grid;grid-template-columns:1fr 1fr;gap:18px;margin:0 0 24px}.rt-f,.rt-o{background:#fff;border:1px solid #e0e6d8;border-radius:10px;padding:22px}.rt-f h3,.rt-o h3{margin:0 0 14px;color:#4a6320;font-size:18px}.rt-f label{display:block;font-size:13px;color:#516048;font-weight:600;margin:10px 0 6px}.rt-f input{width:100%;padding:9px;border:1px solid #d4dac6;border-radius:6px;font-size:14px;box-sizing:border-box}.rt-btn{background:#719430;color:#fff;border:none;padding:11px 20px;border-radius:6px;font-weight:700;cursor:pointer;width:100%;margin-top:14px;font-size:15px}.rt-btn:hover{background:#4a6320}.rt-o-big{font-size:42px;font-weight:800;color:#719430;text-align:center;margin:6px 0}.rt-o-row{display:flex;justify-content:space-between;padding:9px 0;border-bottom:1px solid #f0f3e8;font-size:14px}.rt-o-row:last-child{border:none}.rt-o-row b{color:#4a6320}.rt-cta{background:linear-gradient(135deg,#719430,#4a6320);color:#fff;border-radius:14px;padding:32px;text-align:center;margin:30px 0}.rt-cta a{background:#fff;color:#4a6320;padding:12px 28px;border-radius:6px;font-weight:700;text-decoration:none;display:inline-block;margin-top:14px}@media(max-width:768px){.rt-g{grid-template-columns:1fr}}<\/style>\n<div class=\"rt-h\">\n<h1>Calculateur de retour sur investissement du marketing de contenu<\/h1>\n<p>Pr\u00e9voir le retour sur investissement \u00e0 12 et 24 mois d&#039;un investissement de contenu en combinant le trafic, la conversion, la valeur \u00e9quivalente des m\u00e9dias payants et la valeur vie client \u2014 les quatre chiffres qui justifient un programme de contenu.<\/p>\n<\/div>\n<div class=\"rt-g\">\n<div class=\"rt-f\">\n<h3>Entr\u00e9es du programme<\/h3>\n<p><label>Articles publi\u00e9s par mois<\/label><input type=\"number\" id=\"co-art\" value=\"8\"><label>Co\u00fbt moyen par article ($)<\/label><input type=\"number\" id=\"co-cost\" value=\"500\"><label>Nombre moyen de visites organiques par article (apr\u00e8s 6 mois)<\/label><input type=\"number\" id=\"co-vis\" value=\"400\"><label>Taux de conversion du site (%)<\/label><input type=\"number\" id=\"co-cr\" value=\"1.5\" step=\"0.1\"><label>Valeur moyenne du client ($, LTV)<\/label><input type=\"number\" id=\"co-ltv\" value=\"300\"><label>CPC \u00e9quivalent si vous avez achet\u00e9 ce trafic ($)<\/label><input type=\"number\" id=\"co-cpc\" value=\"3\" step=\"0.1\"><button class=\"rt-btn\" onclick=\"calcCo()\">Pr\u00e9voir le retour sur investissement du contenu<\/button><\/div>\n<div class=\"rt-o\">\n<h3>Production pr\u00e9visionnelle<\/h3>\n<div class=\"rt-o-big\" id=\"co-roi\">\u2014<\/div>\n<p style=\"text-align:center;color:#516048;font-size:13px;margin:0 0 18px\" id=\"co-verdict\">Effectuez les pr\u00e9visions pour voir le retour sur investissement.<\/p>\n<div class=\"rt-o-row\"><span>co\u00fbt annuel du programme<\/span><b id=\"co-acost\">\u2014<\/b><\/div>\n<div class=\"rt-o-row\"><span>Articles apr\u00e8s 12 mois<\/span><b id=\"co-art2\">\u2014<\/b><\/div>\n<div class=\"rt-o-row\"><span>Trafic mensuel sur 12 mois<\/span><b id=\"co-tr\">\u2014<\/b><\/div>\n<div class=\"rt-o-row\"><span>Valeur annuelle du trafic (\u00e9quivalent payant)<\/span><b id=\"co-tv\">\u2014<\/b><\/div>\n<div class=\"rt-o-row\"><span>Conversions annuelles<\/span><b id=\"co-conv\">\u2014<\/b><\/div>\n<div class=\"rt-o-row\"><span>Revenus annuels provenant du contenu<\/span><b id=\"co-rev\">\u2014<\/b><\/div>\n<\/div>\n<\/div>\n<p><script>function calcCo(){var ar=parseFloat(document.getElementById(\"co-art\").value)||0;var co=parseFloat(document.getElementById(\"co-cost\").value)||0;var v=parseFloat(document.getElementById(\"co-vis\").value)||0;var cr=parseFloat(document.getElementById(\"co-cr\").value)||0;var lt=parseFloat(document.getElementById(\"co-ltv\").value)||0;var cpc=parseFloat(document.getElementById(\"co-cpc\").value)||0;if(!ar)return;var annualCost=ar*12*co;var totalArt=ar*12;var rampedArt=ar*6+ar*6*0.5;var monthlyTraffic=Math.round(rampedArt*v);var annualTraffic=monthlyTraffic*12*0.6;var trafficValue=annualTraffic*cpc;var conversions=annualTraffic*(cr\/100);var revenue=conversions*lt;var roi=annualCost>0?((revenue-annualCost)\/annualCost*100):0;var v2=roi>=300?\"Excellent ROI \u2014 scale the investment\":roi>=100?\"Strong positive ROI \u2014 the program is paying for itself\":roi>=0?\"Break-even \u2014 ROI compounds in year 2\":\"Negative ROI \u2014 review topic strategy and quality\";document.getElementById(\"co-roi\").textContent=roi.toFixed(0)+\"%\";document.getElementById(\"co-verdict\").textContent=v2;document.getElementById(\"co-acost\").textContent=\"$\"+annualCost.toLocaleString(undefined,{maximumFractionDigits:0});document.getElementById(\"co-art2\").textContent=totalArt;document.getElementById(\"co-tr\").textContent=monthlyTraffic.toLocaleString();document.getElementById(\"co-tv\").textContent=\"$\"+trafficValue.toLocaleString(undefined,{maximumFractionDigits:0});document.getElementById(\"co-conv\").textContent=Math.round(conversions).toLocaleString();document.getElementById(\"co-rev\").textContent=\"$\"+revenue.toLocaleString(undefined,{maximumFractionDigits:0})}<\/script><\/p>\n<h2>La bonne m\u00e9thode pour mesurer le retour sur investissement du contenu<\/h2>\n<p>Les programmes de contenu sont notoirement difficiles \u00e0 justifier car leur retour sur investissement est cumulatif. Un article publi\u00e9 le premier mois continue de g\u00e9n\u00e9rer du trafic le trenti\u00e8me mois. La plupart des calculateurs de retour sur investissement du contenu ignorent ce ph\u00e9nom\u00e8ne et produisent des chiffres extr\u00eamement pessimistes pour la premi\u00e8re ann\u00e9e. Le calculateur de retour sur investissement du marketing de contenu \u00e9tablit une pr\u00e9vision plus r\u00e9aliste en analysant la performance des articles sur six mois et en projetant le trafic cumulatif sur la deuxi\u00e8me ann\u00e9e et les suivantes.<\/p>\n<h2>Les trois sources de retour sur investissement du contenu<\/h2>\n<p>Le contenu g\u00e9n\u00e8re des revenus de trois mani\u00e8res. Premi\u00e8rement, les conversions directes\u00a0: les visiteurs organiques qui ach\u00e8tent ou convertissent sur la page. Deuxi\u00e8mement, l\u2019\u00e9quivalence avec les m\u00e9dias payants\u00a0: le co\u00fbt que vous auriez pay\u00e9 pour acqu\u00e9rir le m\u00eame trafic via Google Ads, Meta ou LinkedIn. Troisi\u00e8mement, la valeur de la marque et la part de march\u00e9 dans les r\u00e9sultats de recherche\u00a0: la croissance \u00e0 long terme des recherches de marque et le trafic direct qui d\u00e9coule de la visibilit\u00e9 dans votre cat\u00e9gorie. Le calculateur quantifie les deux premiers \u00e9l\u00e9ments\u00a0; le troisi\u00e8me est bien r\u00e9el, mais plus difficile \u00e0 chiffrer pr\u00e9cis\u00e9ment.<\/p>\n<h2>Pourquoi la deuxi\u00e8me ann\u00e9e est plus importante que la premi\u00e8re<\/h2>\n<p>Les pr\u00e9visions de contenu fiables s&#039;\u00e9chelonnent sur deux ans, et non sur un an. Les articles publi\u00e9s au 11e mois ne g\u00e9n\u00e8rent quasiment aucun retour sur investissement la premi\u00e8re ann\u00e9e, mais un retour sur investissement maximal \u00e0 partir de la deuxi\u00e8me ann\u00e9e. Le retour sur investissement d&#039;un programme de contenu double ou triple presque toujours entre la premi\u00e8re et la deuxi\u00e8me ann\u00e9e, \u00e0 mesure que le catalogue de contenus s&#039;enrichit. Si votre retour sur investissement la premi\u00e8re ann\u00e9e est de 50 \u00e0 1\u00a0000\u00a0\u00a3 (TP3T), il sera probablement de 200 \u00e0 4\u00a0000\u00a0\u00a3 (TP3T) la deuxi\u00e8me ann\u00e9e, pour un m\u00eame niveau d&#039;investissement.<\/p>\n<h2>Foire aux questions<\/h2>\n<p><strong>Pourquoi le calculateur r\u00e9duit-il le trafic de 60%\u00a0?<\/strong><br \/>Les nouveaux articles mettent 4 \u00e0 6 mois \u00e0 se positionner dans le classement, et tous n&#039;y parviennent pas. La d\u00e9cote 60% refl\u00e8te approximativement le trafic cumul\u00e9 r\u00e9aliste d&#039;un portefeuille au cours des 12 premiers mois\u00a0: certains articles sont plus performants que d&#039;autres, mais la moyenne se situe g\u00e9n\u00e9ralement \u00e0 ce niveau pour un programme performant.<\/p>\n<p><strong>Dois-je utiliser AOV ou LTV\u00a0?<\/strong><br \/>Pour le e-commerce avec un taux \u00e9lev\u00e9 de fid\u00e9lisation, utilisez la valeur vie client (LTV). Pour un achat unique ou un faible taux de fid\u00e9lisation, utilisez le panier moyen (AOV). Le chiffre pertinent correspond au revenu moyen g\u00e9n\u00e9r\u00e9 par un visiteur converti.<\/p>\n<p><strong>Que se passe-t-il si mon CPC \u00e9quivalent est sup\u00e9rieur \u00e0 la valeur de mon client\u00a0?<\/strong><br \/>C\u2019est courant dans le B2B et cela explique pourquoi le contenu est si sous-estim\u00e9 dans ces cat\u00e9gories\u00a0: la valeur de remplacement des m\u00e9dias payants d\u00e9passe souvent \u00e0 elle seule la valeur de conversion directe du m\u00eame public.<\/p>\n<div class=\"rt-cta\">\n<h3 style=\"margin:0 0 6px\">Vous voulez une strat\u00e9gie de contenu qui soit r\u00e9ellement bas\u00e9e sur des calculs de retour sur investissement, et non sur des impressions ?<\/h3>\n<p style=\"margin:0;opacity:.95\">L&#039;agence Riman con\u00e7oit des programmes de contenu avec des regroupements th\u00e9matiques, une optimisation AEO et un suivi du retour sur investissement.<\/p>\n<p><a href=\"\/fr\/contact\/\">R\u00e9servez un appel de strat\u00e9gie de contenu<\/a><\/div>","protected":false},"excerpt":{"rendered":"<p>Content Marketing ROI Calculator Forecast 12- and 24-month ROI on a content investment by combining traffic, conversion, paid-media equivalent value, and customer LTV \u2014 the four numbers that justify a content program. Program Inputs Articles published per monthAverage cost per article ($)Average organic visits per article (after 6 mo)Site conversion rate (%)Average customer value ($, [&hellip;]<\/p>\n","protected":false},"author":4,"featured_media":0,"parent":0,"menu_order":0,"comment_status":"closed","ping_status":"closed","template":"","meta":{"footnotes":""},"class_list":["post-4598","page","type-page","status-publish","hentry"],"yoast_head":"<!-- This site is optimized with the Yoast SEO plugin v27.5 - https:\/\/yoast.com\/product\/yoast-seo-wordpress\/ -->\n<title>Content Marketing ROI Calculator \u2014 Measure True Returns From Blogs, SEO &amp; AEO - Riman Agency<\/title>\n<meta name=\"robots\" content=\"index, follow, max-snippet:-1, max-image-preview:large, max-video-preview:-1\" \/>\n<link rel=\"canonical\" href=\"https:\/\/rimanagency.com\/fr\/content-marketing-roi-calculator-measure-true-returns-from-blogs-seo-aeo\/\" \/>\n<meta property=\"og:locale\" content=\"fr_CA\" \/>\n<meta property=\"og:type\" content=\"article\" \/>\n<meta property=\"og:title\" content=\"Content Marketing ROI Calculator \u2014 Measure True Returns From Blogs, SEO &amp; AEO - Riman Agency\" \/>\n<meta property=\"og:description\" content=\"Content Marketing ROI Calculator Forecast 12- and 24-month ROI on a content investment by combining traffic, conversion, paid-media equivalent value, and customer LTV \u2014 the four numbers that justify a content program. Program Inputs Articles published per monthAverage cost per article ($)Average organic visits per article (after 6 mo)Site conversion rate (%)Average customer value ($, [&hellip;]\" \/>\n<meta property=\"og:url\" content=\"https:\/\/rimanagency.com\/fr\/content-marketing-roi-calculator-measure-true-returns-from-blogs-seo-aeo\/\" \/>\n<meta property=\"og:site_name\" content=\"Riman Agency\" \/>\n<meta name=\"twitter:card\" content=\"summary_large_image\" \/>\n<script type=\"application\/ld+json\" class=\"yoast-schema-graph\">{\"@context\":\"https:\\\/\\\/schema.org\",\"@graph\":[{\"@type\":\"WebPage\",\"@id\":\"https:\\\/\\\/rimanagency.com\\\/content-marketing-roi-calculator-measure-true-returns-from-blogs-seo-aeo\\\/\",\"url\":\"https:\\\/\\\/rimanagency.com\\\/content-marketing-roi-calculator-measure-true-returns-from-blogs-seo-aeo\\\/\",\"name\":\"Content Marketing ROI Calculator \u2014 Measure True Returns From Blogs, SEO & AEO - Riman Agency\",\"isPartOf\":{\"@id\":\"https:\\\/\\\/rimanagency.com\\\/#website\"},\"datePublished\":\"2026-05-07T18:22:20+00:00\",\"breadcrumb\":{\"@id\":\"https:\\\/\\\/rimanagency.com\\\/content-marketing-roi-calculator-measure-true-returns-from-blogs-seo-aeo\\\/#breadcrumb\"},\"inLanguage\":\"fr-CA\",\"potentialAction\":[{\"@type\":\"ReadAction\",\"target\":[\"https:\\\/\\\/rimanagency.com\\\/content-marketing-roi-calculator-measure-true-returns-from-blogs-seo-aeo\\\/\"]}]},{\"@type\":\"BreadcrumbList\",\"@id\":\"https:\\\/\\\/rimanagency.com\\\/content-marketing-roi-calculator-measure-true-returns-from-blogs-seo-aeo\\\/#breadcrumb\",\"itemListElement\":[{\"@type\":\"ListItem\",\"position\":1,\"name\":\"Home\",\"item\":\"https:\\\/\\\/rimanagency.com\\\/home\\\/\"},{\"@type\":\"ListItem\",\"position\":2,\"name\":\"Content Marketing ROI Calculator \u2014 Measure True Returns From Blogs, SEO &#038; AEO\"}]},{\"@type\":\"WebSite\",\"@id\":\"https:\\\/\\\/rimanagency.com\\\/#website\",\"url\":\"https:\\\/\\\/rimanagency.com\\\/\",\"name\":\"Riman Agency\",\"description\":\"A Full Service Digital Marketing Agency\",\"publisher\":{\"@id\":\"https:\\\/\\\/rimanagency.com\\\/#organization\"},\"potentialAction\":[{\"@type\":\"SearchAction\",\"target\":{\"@type\":\"EntryPoint\",\"urlTemplate\":\"https:\\\/\\\/rimanagency.com\\\/?s={search_term_string}\"},\"query-input\":{\"@type\":\"PropertyValueSpecification\",\"valueRequired\":true,\"valueName\":\"search_term_string\"}}],\"inLanguage\":\"fr-CA\"},{\"@type\":\"Organization\",\"@id\":\"https:\\\/\\\/rimanagency.com\\\/#organization\",\"name\":\"Riman Agency\",\"url\":\"https:\\\/\\\/rimanagency.com\\\/\",\"logo\":{\"@type\":\"ImageObject\",\"inLanguage\":\"fr-CA\",\"@id\":\"https:\\\/\\\/rimanagency.com\\\/#\\\/schema\\\/logo\\\/image\\\/\",\"url\":\"https:\\\/\\\/rimanagency.com\\\/wp-content\\\/uploads\\\/2022\\\/02\\\/RIMANagency-all-logos-1-2.png\",\"contentUrl\":\"https:\\\/\\\/rimanagency.com\\\/wp-content\\\/uploads\\\/2022\\\/02\\\/RIMANagency-all-logos-1-2.png\",\"width\":694,\"height\":211,\"caption\":\"Riman Agency\"},\"image\":{\"@id\":\"https:\\\/\\\/rimanagency.com\\\/#\\\/schema\\\/logo\\\/image\\\/\"}}]}<\/script>\n<!-- \/ Yoast SEO plugin. -->","yoast_head_json":{"title":"Content Marketing ROI Calculator \u2014 Measure True Returns From Blogs, SEO & AEO - Riman Agency","robots":{"index":"index","follow":"follow","max-snippet":"max-snippet:-1","max-image-preview":"max-image-preview:large","max-video-preview":"max-video-preview:-1"},"canonical":"https:\/\/rimanagency.com\/fr\/content-marketing-roi-calculator-measure-true-returns-from-blogs-seo-aeo\/","og_locale":"fr_CA","og_type":"article","og_title":"Content Marketing ROI Calculator \u2014 Measure True Returns From Blogs, SEO & AEO - Riman Agency","og_description":"Content Marketing ROI Calculator Forecast 12- and 24-month ROI on a content investment by combining traffic, conversion, paid-media equivalent value, and customer LTV \u2014 the four numbers that justify a content program. Program Inputs Articles published per monthAverage cost per article ($)Average organic visits per article (after 6 mo)Site conversion rate (%)Average customer value ($, [&hellip;]","og_url":"https:\/\/rimanagency.com\/fr\/content-marketing-roi-calculator-measure-true-returns-from-blogs-seo-aeo\/","og_site_name":"Riman Agency","twitter_card":"summary_large_image","schema":{"@context":"https:\/\/schema.org","@graph":[{"@type":"WebPage","@id":"https:\/\/rimanagency.com\/content-marketing-roi-calculator-measure-true-returns-from-blogs-seo-aeo\/","url":"https:\/\/rimanagency.com\/content-marketing-roi-calculator-measure-true-returns-from-blogs-seo-aeo\/","name":"Content Marketing ROI Calculator \u2014 Measure True Returns From Blogs, SEO & AEO - Riman Agency","isPartOf":{"@id":"https:\/\/rimanagency.com\/#website"},"datePublished":"2026-05-07T18:22:20+00:00","breadcrumb":{"@id":"https:\/\/rimanagency.com\/content-marketing-roi-calculator-measure-true-returns-from-blogs-seo-aeo\/#breadcrumb"},"inLanguage":"fr-CA","potentialAction":[{"@type":"ReadAction","target":["https:\/\/rimanagency.com\/content-marketing-roi-calculator-measure-true-returns-from-blogs-seo-aeo\/"]}]},{"@type":"BreadcrumbList","@id":"https:\/\/rimanagency.com\/content-marketing-roi-calculator-measure-true-returns-from-blogs-seo-aeo\/#breadcrumb","itemListElement":[{"@type":"ListItem","position":1,"name":"Home","item":"https:\/\/rimanagency.com\/home\/"},{"@type":"ListItem","position":2,"name":"Content Marketing ROI Calculator \u2014 Measure True Returns From Blogs, SEO &#038; AEO"}]},{"@type":"WebSite","@id":"https:\/\/rimanagency.com\/#website","url":"https:\/\/rimanagency.com\/","name":"Agence Riman","description":"Une agence de marketing num\u00e9rique \u00e0 service complet","publisher":{"@id":"https:\/\/rimanagency.com\/#organization"},"potentialAction":[{"@type":"SearchAction","target":{"@type":"EntryPoint","urlTemplate":"https:\/\/rimanagency.com\/?s={search_term_string}"},"query-input":{"@type":"PropertyValueSpecification","valueRequired":true,"valueName":"search_term_string"}}],"inLanguage":"fr-CA"},{"@type":"Organization","@id":"https:\/\/rimanagency.com\/#organization","name":"Agence Riman","url":"https:\/\/rimanagency.com\/","logo":{"@type":"ImageObject","inLanguage":"fr-CA","@id":"https:\/\/rimanagency.com\/#\/schema\/logo\/image\/","url":"https:\/\/rimanagency.com\/wp-content\/uploads\/2022\/02\/RIMANagency-all-logos-1-2.png","contentUrl":"https:\/\/rimanagency.com\/wp-content\/uploads\/2022\/02\/RIMANagency-all-logos-1-2.png","width":694,"height":211,"caption":"Riman Agency"},"image":{"@id":"https:\/\/rimanagency.com\/#\/schema\/logo\/image\/"}}]}},"_links":{"self":[{"href":"https:\/\/rimanagency.com\/fr\/wp-json\/wp\/v2\/pages\/4598","targetHints":{"allow":["GET"]}}],"collection":[{"href":"https:\/\/rimanagency.com\/fr\/wp-json\/wp\/v2\/pages"}],"about":[{"href":"https:\/\/rimanagency.com\/fr\/wp-json\/wp\/v2\/types\/page"}],"author":[{"embeddable":true,"href":"https:\/\/rimanagency.com\/fr\/wp-json\/wp\/v2\/users\/4"}],"replies":[{"embeddable":true,"href":"https:\/\/rimanagency.com\/fr\/wp-json\/wp\/v2\/comments?post=4598"}],"version-history":[{"count":0,"href":"https:\/\/rimanagency.com\/fr\/wp-json\/wp\/v2\/pages\/4598\/revisions"}],"wp:attachment":[{"href":"https:\/\/rimanagency.com\/fr\/wp-json\/wp\/v2\/media?parent=4598"}],"curies":[{"name":"wp","href":"https:\/\/api.w.org\/{rel}","templated":true}]}}