{"id":4590,"date":"2026-05-07T18:17:46","date_gmt":"2026-05-07T18:17:46","guid":{"rendered":"https:\/\/rimanagency.com\/?page_id=4590"},"modified":"2026-05-07T18:17:46","modified_gmt":"2026-05-07T18:17:46","slug":"email-marketing-roi-calculator-forecast-revenue-from-your-email-list","status":"publish","type":"page","link":"https:\/\/rimanagency.com\/fr\/email-marketing-roi-calculator-forecast-revenue-from-your-email-list\/","title":{"rendered":"Calculateur de retour sur investissement du marketing par e-mail \u2014 Pr\u00e9voyez les revenus g\u00e9n\u00e9r\u00e9s par votre liste de diffusion"},"content":{"rendered":"<style>.rt-h{background:linear-gradient(135deg,#f1f5e8,#e8efdb);border-radius:14px;padding:32px;margin:0 0 24px;text-align:center}.rt-h h1{margin:0 0 10px;font-size:30px;color:#4a6320}.rt-g{display:grid;grid-template-columns:1fr 1fr;gap:18px;margin:0 0 24px}.rt-f,.rt-o{background:#fff;border:1px solid #e0e6d8;border-radius:10px;padding:22px}.rt-f h3,.rt-o h3{margin:0 0 14px;color:#4a6320;font-size:18px}.rt-f label{display:block;font-size:13px;color:#516048;font-weight:600;margin:10px 0 6px}.rt-f input{width:100%;padding:9px;border:1px solid #d4dac6;border-radius:6px;font-size:14px;box-sizing:border-box}.rt-btn{background:#719430;color:#fff;border:none;padding:11px 20px;border-radius:6px;font-weight:700;cursor:pointer;width:100%;margin-top:14px;font-size:15px}.rt-btn:hover{background:#4a6320}.rt-o-big{font-size:42px;font-weight:800;color:#719430;text-align:center;margin:6px 0}.rt-o-row{display:flex;justify-content:space-between;padding:9px 0;border-bottom:1px solid #f0f3e8;font-size:14px}.rt-o-row:last-child{border:none}.rt-o-row b{color:#4a6320}.rt-cta{background:linear-gradient(135deg,#719430,#4a6320);color:#fff;border-radius:14px;padding:32px;text-align:center;margin:30px 0}.rt-cta a{background:#fff;color:#4a6320;padding:12px 28px;border-radius:6px;font-weight:700;text-decoration:none;display:inline-block;margin-top:14px}@media(max-width:768px){.rt-g{grid-template-columns:1fr}}<\/style>\n<div class=\"rt-h\">\n<h1>Calculateur de retour sur investissement du marketing par e-mail<\/h1>\n<p>Pr\u00e9voyez les revenus que votre liste de diffusion devrait g\u00e9n\u00e9rer mensuellement et annuellement, puis \u00e9valuez l&#039;\u00e9cart entre vos performances actuelles et ce qui est r\u00e9alisable.<\/p>\n<\/div>\n<div class=\"rt-g\">\n<div class=\"rt-f\">\n<h3>Votre programme de messagerie<\/h3>\n<p><label>Abonn\u00e9s actifs<\/label><input type=\"number\" id=\"em-list\" value=\"10000\"><label>Taux d&#039;ouverture moyen (%)<\/label><input type=\"number\" id=\"em-open\" value=\"30\" step=\"0.1\"><label>Taux de clics moyen des ouvertures (%)<\/label><input type=\"number\" id=\"em-ctor\" value=\"10\" step=\"0.1\"><label>Taux de conversion des clics (%)<\/label><input type=\"number\" id=\"em-cvr\" value=\"3\" step=\"0.1\"><label>Valeur moyenne de la commande ($)<\/label><input type=\"number\" id=\"em-aov\" value=\"75\"><label>Courriels envoy\u00e9s par mois<\/label><input type=\"number\" id=\"em-freq\" value=\"6\"><label>Co\u00fbt mensuel du programme de courriel ($)<\/label><input type=\"number\" id=\"em-cost\" value=\"500\"><button class=\"rt-btn\" onclick=\"calcEm()\">Pr\u00e9voir le retour sur investissement des e-mails<\/button><\/div>\n<div class=\"rt-o\">\n<h3>Production pr\u00e9visionnelle<\/h3>\n<div class=\"rt-o-big\" id=\"em-roi\">\u2014<\/div>\n<p style=\"text-align:center;color:#516048;font-size:13px;margin:0 0 18px\" id=\"em-verdict\">Effectuez les pr\u00e9visions pour voir le retour sur investissement.<\/p>\n<div class=\"rt-o-row\"><span>Revenu par e-mail envoy\u00e9<\/span><b id=\"em-rps\">\u2014<\/b><\/div>\n<div class=\"rt-o-row\"><span>Revenu par abonn\u00e9 et par mois<\/span><b id=\"em-rsm\">\u2014<\/b><\/div>\n<div class=\"rt-o-row\"><span>Pr\u00e9voir les revenus mensuels<\/span><b id=\"em-mr\">\u2014<\/b><\/div>\n<div class=\"rt-o-row\"><span>Pr\u00e9visions de revenus annuels<\/span><b id=\"em-ar\">\u2014<\/b><\/div>\n<div class=\"rt-o-row\"><span>Retour sur investissement annuel<\/span><b id=\"em-arn\">\u2014<\/b><\/div>\n<\/div>\n<\/div>\n<p><script>function calcEm(){var l=parseFloat(document.getElementById(\"em-list\").value)||0;var o=parseFloat(document.getElementById(\"em-open\").value)||0;var ct=parseFloat(document.getElementById(\"em-ctor\").value)||0;var cv=parseFloat(document.getElementById(\"em-cvr\").value)||0;var a=parseFloat(document.getElementById(\"em-aov\").value)||0;var f=parseFloat(document.getElementById(\"em-freq\").value)||0;var c=parseFloat(document.getElementById(\"em-cost\").value)||0;if(!l)return;var perSend=l*(o\/100)*(ct\/100)*(cv\/100)*a;var monthly=perSend*f;var annual=monthly*12;var perSub=l>0?(monthly\/l):0;var roi=c>0?(((monthly-c)\/c)*100):0;var v=roi>=300?\"Excellent ROI \u2014 invest more in list growth\":roi>=150?\"Strong ROI \u2014 industry-leading performance\":roi>=50?\"Acceptable ROI \u2014 room to optimize\":\"Low ROI \u2014 program needs strategic redesign\";document.getElementById(\"em-roi\").textContent=roi.toFixed(0)+\"%\";document.getElementById(\"em-verdict\").textContent=v;document.getElementById(\"em-rps\").textContent=\"$\"+perSend.toFixed(2);document.getElementById(\"em-rsm\").textContent=\"$\"+perSub.toFixed(2);document.getElementById(\"em-mr\").textContent=\"$\"+monthly.toLocaleString(undefined,{maximumFractionDigits:0});document.getElementById(\"em-ar\").textContent=\"$\"+annual.toLocaleString(undefined,{maximumFractionDigits:0});document.getElementById(\"em-arn\").textContent=(annual\/(c*12||1)).toFixed(1)+\"x annual return\"}<\/script><\/p>\n<h2>Pourquoi le retour sur investissement des e-mails reste l&#039;indicateur le plus sous-utilis\u00e9 en marketing<\/h2>\n<p>L&#039;email offre r\u00e9guli\u00e8rement le meilleur retour sur investissement (ROI) de tous les canaux marketing, avec un chiffre d&#039;affaires g\u00e9n\u00e9ralement estim\u00e9 entre $36 et $42 pour les campagnes bien g\u00e9r\u00e9es. Pourtant, de nombreuses entreprises sous-investissent car elles ne suivent pas leurs r\u00e9sultats. Elles connaissent le co\u00fbt de la plateforme, ont une vague intuition que \u201c l&#039;email fonctionne \u201d, et ne mesurent jamais le revenu par abonn\u00e9 et par mois, pourtant l&#039;indicateur cl\u00e9 de performance (KPI) le plus important pour l&#039;email. Le calculateur de ROI de l&#039;email marketing calcule ce chiffre pour vous en quelques secondes et vous montre l&#039;\u00e9cart entre votre situation actuelle et le potentiel de vos actions.<\/p>\n<h2>Revenu par abonn\u00e9\u00a0: l\u2019indicateur cl\u00e9 de performance qui r\u00e9v\u00e8le tout.<\/h2>\n<p>L&#039;indicateur le plus r\u00e9v\u00e9lateur de la performance d&#039;un e-mail n&#039;est ni le taux d&#039;ouverture ni le taux de clics, mais le revenu par abonn\u00e9 et par mois. Une liste de 50\u00a0000 abonn\u00e9s g\u00e9n\u00e9rant 0,30\u00a0\u20ac par abonn\u00e9 et par mois repr\u00e9sente 15\u00a0000\u00a0\u20ac de revenus mensuels gr\u00e2ce \u00e0 l&#039;e-mailing, soit 180\u00a0000\u00a0\u20ac par an. Une liste de m\u00eame taille, g\u00e9n\u00e9rant 1,20\u00a0\u20ac par abonn\u00e9 et par mois (un niveau courant pour un site e-commerce bien segment\u00e9), repr\u00e9sente 720\u00a0000\u00a0\u20ac par an. L&#039;\u00e9cart entre ces deux r\u00e9sultats ne s&#039;explique presque jamais par la taille de la liste, mais plut\u00f4t par la segmentation, les flux d&#039;automatisation, la fr\u00e9quence d&#039;envoi et la pertinence des offres.<\/p>\n<h2>Les trois leviers qui influencent le retour sur investissement des e-mails<\/h2>\n<p>Une fois que vous avez une base de r\u00e9f\u00e9rence, trois leviers influencent le plus les revenus g\u00e9n\u00e9r\u00e9s par les e-mails\u00a0: (1) la fr\u00e9quence d\u2019envoi\u00a0\u2014 la plupart des programmes sous-performants envoient 2 \u00e0 4 e-mails par mois alors que 8 \u00e0 12 g\u00e9n\u00e9reraient plus de revenus sans augmentation significative des d\u00e9sabonnements\u00a0; (2) les flux \u00e0 travers les campagnes\u00a0\u2014 les automatisations de bienvenue, de panier abandonn\u00e9, d\u2019apr\u00e8s-achat et de reconqu\u00eate g\u00e9n\u00e8rent g\u00e9n\u00e9ralement 30 \u00e0 50\u00a0% des revenus totaux g\u00e9n\u00e9r\u00e9s par les e-mails une fois matures\u00a0; (3) la segmentation\u00a0\u2014 envoyer la bonne offre au bon segment, et non la m\u00eame campagne \u00e0 tout le monde, peut doubler les taux de clics par rapport aux achats.<\/p>\n<h2>Foire aux questions<\/h2>\n<p><strong>Quel est un bon indicateur de revenu par abonn\u00e9 ?<\/strong><br \/>Pour le e-commerce, un chiffre d&#039;affaires de $0,50 \u00e0 $2,00 par abonn\u00e9 et par mois est consid\u00e9r\u00e9 comme normal, les entreprises les plus performantes d\u00e9passant $3,00. Pour le B2B, dont les cycles de vente sont plus longs, l&#039;indicateur pertinent est le chiffre d&#039;affaires par abonn\u00e9 influenc\u00e9 par le pipeline, et non le chiffre d&#039;affaires direct.<\/p>\n<p><strong>Pourquoi mon taux d&#039;ouverture semble-t-il \u00e9lev\u00e9 alors que mon revenu par envoi est faible\u00a0?<\/strong><br \/>Le v\u00e9ritable goulot d&#039;\u00e9tranglement est g\u00e9n\u00e9ralement le taux de conversion. Les objets des e-mails g\u00e9n\u00e8rent des ouvertures\u00a0; le contenu, la segmentation et l&#039;offre, quant \u00e0 eux, g\u00e9n\u00e8rent des conversions. Si le taux d&#039;ouverture est bon mais que la conversion est faible, il faut optimiser l&#039;offre et la segmentation, et non modifier les objets des e-mails.<\/p>\n<p><strong>Cela explique-t-il les dommages li\u00e9s \u00e0 la d\u00e9sinscription dus \u00e0 une fr\u00e9quence plus \u00e9lev\u00e9e\u00a0?<\/strong><br \/>Pas directement. Les pr\u00e9visions partent du principe que la liste d&#039;abonn\u00e9s est stable. En pratique, l&#039;augmentation de la fr\u00e9quence d&#039;envoi entra\u00eene une l\u00e9g\u00e8re hausse des d\u00e9sabonnements, mais une augmentation bien plus importante des revenus gr\u00e2ce aux envois suppl\u00e9mentaires\u00a0\u2014 un r\u00e9sultat net positif dans presque tous les tests.<\/p>\n<div class=\"rt-cta\">\n<h3 style=\"margin:0 0 6px\">Vous souhaitez un audit complet de votre programme d&#039;emailing et une feuille de route pour augmenter vos revenus par abonn\u00e9 ?<\/h3>\n<p style=\"margin:0;opacity:.95\">L&#039;agence Riman g\u00e8re les programmes Klaviyo, HubSpot et Mailchimp pour les marques ambitieuses.<\/p>\n<p><a href=\"\/fr\/contact\/\">R\u00e9server un audit de messagerie<\/a><\/div>","protected":false},"excerpt":{"rendered":"<p>Email Marketing ROI Calculator Forecast the revenue your email list should produce monthly and annually \u2014 then size up the gap between your current performance and what\u2019s achievable. Your Email Program Active subscribersAverage open rate (%)Average click rate of opens (%)Conversion rate of clicks (%)Average order value ($)Emails sent per monthMonthly email program cost ($)Forecast [&hellip;]<\/p>\n","protected":false},"author":4,"featured_media":0,"parent":0,"menu_order":0,"comment_status":"closed","ping_status":"closed","template":"","meta":{"footnotes":""},"class_list":["post-4590","page","type-page","status-publish","hentry"],"yoast_head":"<!-- This site is optimized with the Yoast SEO plugin v27.4 - https:\/\/yoast.com\/product\/yoast-seo-wordpress\/ -->\n<title>Email Marketing ROI Calculator \u2014 Forecast Revenue From Your Email List - Riman Agency<\/title>\n<meta name=\"robots\" content=\"index, follow, max-snippet:-1, max-image-preview:large, max-video-preview:-1\" \/>\n<link rel=\"canonical\" href=\"https:\/\/rimanagency.com\/fr\/email-marketing-roi-calculator-forecast-revenue-from-your-email-list\/\" \/>\n<meta property=\"og:locale\" content=\"fr_CA\" \/>\n<meta property=\"og:type\" content=\"article\" \/>\n<meta property=\"og:title\" content=\"Email Marketing ROI Calculator \u2014 Forecast Revenue From Your Email List - Riman Agency\" \/>\n<meta property=\"og:description\" content=\"Email Marketing ROI Calculator Forecast the revenue your email list should produce monthly and annually \u2014 then size up the gap between your current performance and what\u2019s achievable. Your Email Program Active subscribersAverage open rate (%)Average click rate of opens (%)Conversion rate of clicks (%)Average order value ($)Emails sent per monthMonthly email program cost ($)Forecast [&hellip;]\" \/>\n<meta property=\"og:url\" content=\"https:\/\/rimanagency.com\/fr\/email-marketing-roi-calculator-forecast-revenue-from-your-email-list\/\" \/>\n<meta property=\"og:site_name\" content=\"Riman Agency\" \/>\n<meta name=\"twitter:card\" content=\"summary_large_image\" \/>\n<script type=\"application\/ld+json\" class=\"yoast-schema-graph\">{\"@context\":\"https:\\\/\\\/schema.org\",\"@graph\":[{\"@type\":\"WebPage\",\"@id\":\"https:\\\/\\\/rimanagency.com\\\/email-marketing-roi-calculator-forecast-revenue-from-your-email-list\\\/\",\"url\":\"https:\\\/\\\/rimanagency.com\\\/email-marketing-roi-calculator-forecast-revenue-from-your-email-list\\\/\",\"name\":\"Email Marketing ROI Calculator \u2014 Forecast Revenue From Your Email List - Riman Agency\",\"isPartOf\":{\"@id\":\"https:\\\/\\\/rimanagency.com\\\/#website\"},\"datePublished\":\"2026-05-07T18:17:46+00:00\",\"breadcrumb\":{\"@id\":\"https:\\\/\\\/rimanagency.com\\\/email-marketing-roi-calculator-forecast-revenue-from-your-email-list\\\/#breadcrumb\"},\"inLanguage\":\"fr-CA\",\"potentialAction\":[{\"@type\":\"ReadAction\",\"target\":[\"https:\\\/\\\/rimanagency.com\\\/email-marketing-roi-calculator-forecast-revenue-from-your-email-list\\\/\"]}]},{\"@type\":\"BreadcrumbList\",\"@id\":\"https:\\\/\\\/rimanagency.com\\\/email-marketing-roi-calculator-forecast-revenue-from-your-email-list\\\/#breadcrumb\",\"itemListElement\":[{\"@type\":\"ListItem\",\"position\":1,\"name\":\"Home\",\"item\":\"https:\\\/\\\/rimanagency.com\\\/home\\\/\"},{\"@type\":\"ListItem\",\"position\":2,\"name\":\"Email Marketing ROI Calculator \u2014 Forecast Revenue From Your Email List\"}]},{\"@type\":\"WebSite\",\"@id\":\"https:\\\/\\\/rimanagency.com\\\/#website\",\"url\":\"https:\\\/\\\/rimanagency.com\\\/\",\"name\":\"Riman Agency\",\"description\":\"A Full Service Digital Marketing Agency\",\"publisher\":{\"@id\":\"https:\\\/\\\/rimanagency.com\\\/#organization\"},\"potentialAction\":[{\"@type\":\"SearchAction\",\"target\":{\"@type\":\"EntryPoint\",\"urlTemplate\":\"https:\\\/\\\/rimanagency.com\\\/?s={search_term_string}\"},\"query-input\":{\"@type\":\"PropertyValueSpecification\",\"valueRequired\":true,\"valueName\":\"search_term_string\"}}],\"inLanguage\":\"fr-CA\"},{\"@type\":\"Organization\",\"@id\":\"https:\\\/\\\/rimanagency.com\\\/#organization\",\"name\":\"Riman Agency\",\"url\":\"https:\\\/\\\/rimanagency.com\\\/\",\"logo\":{\"@type\":\"ImageObject\",\"inLanguage\":\"fr-CA\",\"@id\":\"https:\\\/\\\/rimanagency.com\\\/#\\\/schema\\\/logo\\\/image\\\/\",\"url\":\"https:\\\/\\\/rimanagency.com\\\/wp-content\\\/uploads\\\/2022\\\/02\\\/RIMANagency-all-logos-1-2.png\",\"contentUrl\":\"https:\\\/\\\/rimanagency.com\\\/wp-content\\\/uploads\\\/2022\\\/02\\\/RIMANagency-all-logos-1-2.png\",\"width\":694,\"height\":211,\"caption\":\"Riman Agency\"},\"image\":{\"@id\":\"https:\\\/\\\/rimanagency.com\\\/#\\\/schema\\\/logo\\\/image\\\/\"}}]}<\/script>\n<!-- \/ Yoast SEO plugin. -->","yoast_head_json":{"title":"Email Marketing ROI Calculator \u2014 Forecast Revenue From Your Email List - Riman Agency","robots":{"index":"index","follow":"follow","max-snippet":"max-snippet:-1","max-image-preview":"max-image-preview:large","max-video-preview":"max-video-preview:-1"},"canonical":"https:\/\/rimanagency.com\/fr\/email-marketing-roi-calculator-forecast-revenue-from-your-email-list\/","og_locale":"fr_CA","og_type":"article","og_title":"Email Marketing ROI Calculator \u2014 Forecast Revenue From Your Email List - Riman Agency","og_description":"Email Marketing ROI Calculator Forecast the revenue your email list should produce monthly and annually \u2014 then size up the gap between your current performance and what\u2019s achievable. Your Email Program Active subscribersAverage open rate (%)Average click rate of opens (%)Conversion rate of clicks (%)Average order value ($)Emails sent per monthMonthly email program cost ($)Forecast [&hellip;]","og_url":"https:\/\/rimanagency.com\/fr\/email-marketing-roi-calculator-forecast-revenue-from-your-email-list\/","og_site_name":"Riman Agency","twitter_card":"summary_large_image","schema":{"@context":"https:\/\/schema.org","@graph":[{"@type":"WebPage","@id":"https:\/\/rimanagency.com\/email-marketing-roi-calculator-forecast-revenue-from-your-email-list\/","url":"https:\/\/rimanagency.com\/email-marketing-roi-calculator-forecast-revenue-from-your-email-list\/","name":"Email Marketing ROI Calculator \u2014 Forecast Revenue From Your Email List - Riman Agency","isPartOf":{"@id":"https:\/\/rimanagency.com\/#website"},"datePublished":"2026-05-07T18:17:46+00:00","breadcrumb":{"@id":"https:\/\/rimanagency.com\/email-marketing-roi-calculator-forecast-revenue-from-your-email-list\/#breadcrumb"},"inLanguage":"fr-CA","potentialAction":[{"@type":"ReadAction","target":["https:\/\/rimanagency.com\/email-marketing-roi-calculator-forecast-revenue-from-your-email-list\/"]}]},{"@type":"BreadcrumbList","@id":"https:\/\/rimanagency.com\/email-marketing-roi-calculator-forecast-revenue-from-your-email-list\/#breadcrumb","itemListElement":[{"@type":"ListItem","position":1,"name":"Home","item":"https:\/\/rimanagency.com\/home\/"},{"@type":"ListItem","position":2,"name":"Email Marketing ROI Calculator \u2014 Forecast Revenue From Your Email List"}]},{"@type":"WebSite","@id":"https:\/\/rimanagency.com\/#website","url":"https:\/\/rimanagency.com\/","name":"Agence Riman","description":"Une agence de marketing num\u00e9rique \u00e0 service complet","publisher":{"@id":"https:\/\/rimanagency.com\/#organization"},"potentialAction":[{"@type":"SearchAction","target":{"@type":"EntryPoint","urlTemplate":"https:\/\/rimanagency.com\/?s={search_term_string}"},"query-input":{"@type":"PropertyValueSpecification","valueRequired":true,"valueName":"search_term_string"}}],"inLanguage":"fr-CA"},{"@type":"Organization","@id":"https:\/\/rimanagency.com\/#organization","name":"Agence Riman","url":"https:\/\/rimanagency.com\/","logo":{"@type":"ImageObject","inLanguage":"fr-CA","@id":"https:\/\/rimanagency.com\/#\/schema\/logo\/image\/","url":"https:\/\/rimanagency.com\/wp-content\/uploads\/2022\/02\/RIMANagency-all-logos-1-2.png","contentUrl":"https:\/\/rimanagency.com\/wp-content\/uploads\/2022\/02\/RIMANagency-all-logos-1-2.png","width":694,"height":211,"caption":"Riman Agency"},"image":{"@id":"https:\/\/rimanagency.com\/#\/schema\/logo\/image\/"}}]}},"_links":{"self":[{"href":"https:\/\/rimanagency.com\/fr\/wp-json\/wp\/v2\/pages\/4590","targetHints":{"allow":["GET"]}}],"collection":[{"href":"https:\/\/rimanagency.com\/fr\/wp-json\/wp\/v2\/pages"}],"about":[{"href":"https:\/\/rimanagency.com\/fr\/wp-json\/wp\/v2\/types\/page"}],"author":[{"embeddable":true,"href":"https:\/\/rimanagency.com\/fr\/wp-json\/wp\/v2\/users\/4"}],"replies":[{"embeddable":true,"href":"https:\/\/rimanagency.com\/fr\/wp-json\/wp\/v2\/comments?post=4590"}],"version-history":[{"count":0,"href":"https:\/\/rimanagency.com\/fr\/wp-json\/wp\/v2\/pages\/4590\/revisions"}],"wp:attachment":[{"href":"https:\/\/rimanagency.com\/fr\/wp-json\/wp\/v2\/media?parent=4590"}],"curies":[{"name":"wp","href":"https:\/\/api.w.org\/{rel}","templated":true}]}}