{"id":4560,"date":"2026-05-07T18:01:22","date_gmt":"2026-05-07T18:01:22","guid":{"rendered":"https:\/\/rimanagency.com\/?page_id=4560"},"modified":"2026-05-07T18:01:22","modified_gmt":"2026-05-07T18:01:22","slug":"conversion-rate-calculator-free","status":"publish","type":"page","link":"https:\/\/rimanagency.com\/fr\/conversion-rate-calculator-free\/","title":{"rendered":"Calculateur de taux de conversion (gratuit)"},"content":{"rendered":"<style>.rt-h{background:linear-gradient(135deg,#f1f5e8,#e8efdb);border-radius:14px;padding:32px;margin:0 0 24px;text-align:center}.rt-h h2{margin:0 0 12px!important;font-size:26px!important;color:#2a2a2a!important}.rt-h p{margin:0 auto;color:#3d3d3d;max-width:680px;font-size:15px}.rt-g{display:grid;grid-template-columns:1fr 1fr;gap:18px;margin:0 0 24px}.rt-f,.rt-o{background:#fff;border:1px solid #e0e6d8;border-radius:10px;padding:22px}.rt-f h3,.rt-o h3{margin:0 0 12px!important;color:#4a6320!important;font-size:16px!important}.rt-f label{display:block;font-size:12px;font-weight:700;color:#2a2a2a;margin:10px 0 4px}.rt-f input{width:100%;padding:10px;border:1px solid #c8d0bb;border-radius:6px;font-size:13px;box-sizing:border-box}.rt-btn{background:#719430;color:#fff;border:none;padding:11px 20px;border-radius:6px;font-weight:700;font-size:13px;cursor:pointer;margin-top:12px}.rt-o-big{font-size:42px;font-weight:800;color:#719430;text-align:center;padding:18px}.rt-o-sub{text-align:center;color:#888;font-size:13px;margin:0 0 14px}.rt-o-row{display:flex;justify-content:space-between;padding:8px 0;border-bottom:1px solid #f0f3eb;font-size:13px}.rt-o-row strong{color:#4a6320}.rt-cta{background:linear-gradient(135deg,#f1f5e8,#e8efdb);border-radius:10px;padding:22px;margin:24px 0;text-align:center}.rt-cta a{display:inline-block;background:#719430;color:#fff!important;padding:10px 18px;border-radius:5px;font-weight:700;text-decoration:none;font-size:13px}@media(max-width:768px){.rt-g{grid-template-columns:1fr}}<\/style>\n<div class=\"rt-h\">\n<h2>Calculateur de taux de conversion<\/h2>\n<p>Calculez votre taux de conversion depuis n&#039;importe quelle source de trafic. Visualisez l&#039;impact sur votre chiffre d&#039;affaires de petites am\u00e9liorations de votre taux de conversion.<\/p>\n<\/div>\n<div class=\"rt-g\">\n<div class=\"rt-f\">\n<h3>Entr\u00e9es<\/h3>\n<p><label>Nombre total de visiteurs<\/label><input id=\"v-vis\" type=\"number\" placeholder=\"10000\"\/><label>Conversions (ventes\/prospects\/inscriptions)<\/label><input id=\"v-conv\" type=\"number\" placeholder=\"250\"\/><label>Valeur moyenne par conversion ($, optionnel)<\/label><input id=\"v-aov\" type=\"number\" placeholder=\"75\"\/><button class=\"rt-btn\" onclick=\"calcCR()\">Calculer<\/button><\/div>\n<div class=\"rt-o\">\n<h3>R\u00e9sultat<\/h3>\n<div class=\"rt-o-big\" id=\"v-cr\">\u2014<\/div>\n<div class=\"rt-o-sub\">taux de conversion<\/div>\n<div id=\"v-detail\"><\/div>\n<\/div>\n<\/div>\n<p><script>function calcCR(){var v=parseFloat(document.getElementById(\"v-vis\").value)||0; var c=parseFloat(document.getElementById(\"v-conv\").value)||0; var a=parseFloat(document.getElementById(\"v-aov\").value)||0; var cr=v>0?(c\/v)*100:0; var rev=c*a; var revPlus10=v*((cr\/100)*1.1)*a; document.getElementById(\"v-cr\").textContent=cr.toFixed(2)+\"%\"; var html=\"<\/p>\n<div class=\\\"rt-o-row\\\"><span>Total revenue<\/span><strong>$\"+rev.toLocaleString(\"en-US\",{maximumFractionDigits:0})+\"<\/strong><\/div>\n<div class=\\\"rt-o-row\\\"><span>Revenue per visitor<\/span><strong>$\"+(v>0?(rev\/v).toFixed(2):\"0\")+\"<\/strong><\/div>\n<div class=\\\"rt-o-row\\\"><span>Revenue if CR improved 10%<\/span><strong>$\"+revPlus10.toLocaleString(\"en-US\",{maximumFractionDigits:0})+\"<\/strong><\/div>\n<div class=\\\"rt-o-row\\\"><span>Lift opportunity<\/span><strong>$\"+(revPlus10-rev).toLocaleString(\"en-US\",{maximumFractionDigits:0})+\"<\/strong><\/div>\n<p>\"; document.getElementById(\"v-detail\").innerHTML=html;}<\/script><\/p>\n<h2>Indicateurs de taux de conversion (approximatifs)<\/h2>\n<ul>\n<li><strong>Commerce \u00e9lectronique :<\/strong> 1\u20133% moyenne, quartile sup\u00e9rieur 4\u20137%.<\/li>\n<li><strong>Page d&#039;accueil SaaS (inscription)\u00a0:<\/strong> 5\u201310% moyenne, 15%+ au maximum.<\/li>\n<li><strong>Formulaire de g\u00e9n\u00e9ration de prospects\u00a0:<\/strong> 3\u20136% moyenne, top 10%+.<\/li>\n<li><strong>Essai gratuit B2B\u00a0:<\/strong> 8\u201320% sur une page d\u00e9di\u00e9e.<\/li>\n<\/ul>\n<h2>Qu&#039;est-ce qui fait bouger CR le plus rapidement ?<\/h2>\n<p>Int\u00e9grez une r\u00e9ponse claire d\u00e8s les 100 premiers mots. Ajoutez des t\u00e9moignages clients en haut de page. R\u00e9duisez au strict minimum le nombre de champs du formulaire. Optimisez le temps de chargement de la page \u00e0 moins de 2 secondes. Utilisez un texte concis et facile \u00e0 lire.<\/p>\n<div class=\"rt-cta\"><a href=\"https:\/\/rimanagency.com\/fr\/contact\/\">Besoin d&#039;un programme CRO\u00a0? Contactez l&#039;agence Riman \u2192<\/a><\/div>","protected":false},"excerpt":{"rendered":"<p>Conversion Rate Calculator Calculate your conversion rate from any traffic source. See revenue impact of small CR improvements. Inputs Total visitorsConversions (sales\/leads\/signups)Average value per conversion ($, optional)Calculate Result \u2014 Conversion rate Conversion rate benchmarks (rough) E-commerce: 1\u20133% average, top quartile 4\u20137%. SaaS landing page (signup): 5\u201310% average, top 15%+. Lead gen form: 3\u20136% average, top [&hellip;]<\/p>\n","protected":false},"author":4,"featured_media":0,"parent":0,"menu_order":0,"comment_status":"closed","ping_status":"closed","template":"","meta":{"footnotes":""},"class_list":["post-4560","page","type-page","status-publish","hentry"],"yoast_head":"<!-- This site is optimized with the Yoast SEO plugin v27.4 - https:\/\/yoast.com\/product\/yoast-seo-wordpress\/ -->\n<title>Conversion Rate Calculator (Free) - Riman Agency<\/title>\n<meta name=\"robots\" content=\"index, follow, max-snippet:-1, max-image-preview:large, max-video-preview:-1\" \/>\n<link rel=\"canonical\" href=\"https:\/\/rimanagency.com\/fr\/conversion-rate-calculator-free\/\" \/>\n<meta property=\"og:locale\" content=\"fr_CA\" \/>\n<meta property=\"og:type\" content=\"article\" \/>\n<meta property=\"og:title\" content=\"Conversion Rate Calculator (Free) - Riman Agency\" \/>\n<meta property=\"og:description\" content=\"Conversion Rate Calculator Calculate your conversion rate from any traffic source. See revenue impact of small CR improvements. Inputs Total visitorsConversions (sales\/leads\/signups)Average value per conversion ($, optional)Calculate Result \u2014 Conversion rate Conversion rate benchmarks (rough) E-commerce: 1\u20133% average, top quartile 4\u20137%. SaaS landing page (signup): 5\u201310% average, top 15%+. Lead gen form: 3\u20136% average, top [&hellip;]\" \/>\n<meta property=\"og:url\" content=\"https:\/\/rimanagency.com\/fr\/conversion-rate-calculator-free\/\" \/>\n<meta property=\"og:site_name\" content=\"Riman Agency\" \/>\n<meta name=\"twitter:card\" content=\"summary_large_image\" \/>\n<script type=\"application\/ld+json\" class=\"yoast-schema-graph\">{\"@context\":\"https:\\\/\\\/schema.org\",\"@graph\":[{\"@type\":\"WebPage\",\"@id\":\"https:\\\/\\\/rimanagency.com\\\/conversion-rate-calculator-free\\\/\",\"url\":\"https:\\\/\\\/rimanagency.com\\\/conversion-rate-calculator-free\\\/\",\"name\":\"Conversion Rate Calculator (Free) - Riman Agency\",\"isPartOf\":{\"@id\":\"https:\\\/\\\/rimanagency.com\\\/#website\"},\"datePublished\":\"2026-05-07T18:01:22+00:00\",\"breadcrumb\":{\"@id\":\"https:\\\/\\\/rimanagency.com\\\/conversion-rate-calculator-free\\\/#breadcrumb\"},\"inLanguage\":\"fr-CA\",\"potentialAction\":[{\"@type\":\"ReadAction\",\"target\":[\"https:\\\/\\\/rimanagency.com\\\/conversion-rate-calculator-free\\\/\"]}]},{\"@type\":\"BreadcrumbList\",\"@id\":\"https:\\\/\\\/rimanagency.com\\\/conversion-rate-calculator-free\\\/#breadcrumb\",\"itemListElement\":[{\"@type\":\"ListItem\",\"position\":1,\"name\":\"Home\",\"item\":\"https:\\\/\\\/rimanagency.com\\\/home\\\/\"},{\"@type\":\"ListItem\",\"position\":2,\"name\":\"Conversion Rate Calculator (Free)\"}]},{\"@type\":\"WebSite\",\"@id\":\"https:\\\/\\\/rimanagency.com\\\/#website\",\"url\":\"https:\\\/\\\/rimanagency.com\\\/\",\"name\":\"Riman Agency\",\"description\":\"A Full Service Digital Marketing Agency\",\"publisher\":{\"@id\":\"https:\\\/\\\/rimanagency.com\\\/#organization\"},\"potentialAction\":[{\"@type\":\"SearchAction\",\"target\":{\"@type\":\"EntryPoint\",\"urlTemplate\":\"https:\\\/\\\/rimanagency.com\\\/?s={search_term_string}\"},\"query-input\":{\"@type\":\"PropertyValueSpecification\",\"valueRequired\":true,\"valueName\":\"search_term_string\"}}],\"inLanguage\":\"fr-CA\"},{\"@type\":\"Organization\",\"@id\":\"https:\\\/\\\/rimanagency.com\\\/#organization\",\"name\":\"Riman Agency\",\"url\":\"https:\\\/\\\/rimanagency.com\\\/\",\"logo\":{\"@type\":\"ImageObject\",\"inLanguage\":\"fr-CA\",\"@id\":\"https:\\\/\\\/rimanagency.com\\\/#\\\/schema\\\/logo\\\/image\\\/\",\"url\":\"https:\\\/\\\/rimanagency.com\\\/wp-content\\\/uploads\\\/2022\\\/02\\\/RIMANagency-all-logos-1-2.png\",\"contentUrl\":\"https:\\\/\\\/rimanagency.com\\\/wp-content\\\/uploads\\\/2022\\\/02\\\/RIMANagency-all-logos-1-2.png\",\"width\":694,\"height\":211,\"caption\":\"Riman Agency\"},\"image\":{\"@id\":\"https:\\\/\\\/rimanagency.com\\\/#\\\/schema\\\/logo\\\/image\\\/\"}}]}<\/script>\n<!-- \/ Yoast SEO plugin. -->","yoast_head_json":{"title":"Conversion Rate Calculator (Free) - Riman Agency","robots":{"index":"index","follow":"follow","max-snippet":"max-snippet:-1","max-image-preview":"max-image-preview:large","max-video-preview":"max-video-preview:-1"},"canonical":"https:\/\/rimanagency.com\/fr\/conversion-rate-calculator-free\/","og_locale":"fr_CA","og_type":"article","og_title":"Conversion Rate Calculator (Free) - Riman Agency","og_description":"Conversion Rate Calculator Calculate your conversion rate from any traffic source. See revenue impact of small CR improvements. Inputs Total visitorsConversions (sales\/leads\/signups)Average value per conversion ($, optional)Calculate Result \u2014 Conversion rate Conversion rate benchmarks (rough) E-commerce: 1\u20133% average, top quartile 4\u20137%. SaaS landing page (signup): 5\u201310% average, top 15%+. Lead gen form: 3\u20136% average, top [&hellip;]","og_url":"https:\/\/rimanagency.com\/fr\/conversion-rate-calculator-free\/","og_site_name":"Riman Agency","twitter_card":"summary_large_image","schema":{"@context":"https:\/\/schema.org","@graph":[{"@type":"WebPage","@id":"https:\/\/rimanagency.com\/conversion-rate-calculator-free\/","url":"https:\/\/rimanagency.com\/conversion-rate-calculator-free\/","name":"Conversion Rate Calculator (Free) - Riman Agency","isPartOf":{"@id":"https:\/\/rimanagency.com\/#website"},"datePublished":"2026-05-07T18:01:22+00:00","breadcrumb":{"@id":"https:\/\/rimanagency.com\/conversion-rate-calculator-free\/#breadcrumb"},"inLanguage":"fr-CA","potentialAction":[{"@type":"ReadAction","target":["https:\/\/rimanagency.com\/conversion-rate-calculator-free\/"]}]},{"@type":"BreadcrumbList","@id":"https:\/\/rimanagency.com\/conversion-rate-calculator-free\/#breadcrumb","itemListElement":[{"@type":"ListItem","position":1,"name":"Home","item":"https:\/\/rimanagency.com\/home\/"},{"@type":"ListItem","position":2,"name":"Conversion Rate Calculator (Free)"}]},{"@type":"WebSite","@id":"https:\/\/rimanagency.com\/#website","url":"https:\/\/rimanagency.com\/","name":"Agence Riman","description":"Une agence de marketing num\u00e9rique \u00e0 service complet","publisher":{"@id":"https:\/\/rimanagency.com\/#organization"},"potentialAction":[{"@type":"SearchAction","target":{"@type":"EntryPoint","urlTemplate":"https:\/\/rimanagency.com\/?s={search_term_string}"},"query-input":{"@type":"PropertyValueSpecification","valueRequired":true,"valueName":"search_term_string"}}],"inLanguage":"fr-CA"},{"@type":"Organization","@id":"https:\/\/rimanagency.com\/#organization","name":"Agence Riman","url":"https:\/\/rimanagency.com\/","logo":{"@type":"ImageObject","inLanguage":"fr-CA","@id":"https:\/\/rimanagency.com\/#\/schema\/logo\/image\/","url":"https:\/\/rimanagency.com\/wp-content\/uploads\/2022\/02\/RIMANagency-all-logos-1-2.png","contentUrl":"https:\/\/rimanagency.com\/wp-content\/uploads\/2022\/02\/RIMANagency-all-logos-1-2.png","width":694,"height":211,"caption":"Riman Agency"},"image":{"@id":"https:\/\/rimanagency.com\/#\/schema\/logo\/image\/"}}]}},"_links":{"self":[{"href":"https:\/\/rimanagency.com\/fr\/wp-json\/wp\/v2\/pages\/4560","targetHints":{"allow":["GET"]}}],"collection":[{"href":"https:\/\/rimanagency.com\/fr\/wp-json\/wp\/v2\/pages"}],"about":[{"href":"https:\/\/rimanagency.com\/fr\/wp-json\/wp\/v2\/types\/page"}],"author":[{"embeddable":true,"href":"https:\/\/rimanagency.com\/fr\/wp-json\/wp\/v2\/users\/4"}],"replies":[{"embeddable":true,"href":"https:\/\/rimanagency.com\/fr\/wp-json\/wp\/v2\/comments?post=4560"}],"version-history":[{"count":0,"href":"https:\/\/rimanagency.com\/fr\/wp-json\/wp\/v2\/pages\/4560\/revisions"}],"wp:attachment":[{"href":"https:\/\/rimanagency.com\/fr\/wp-json\/wp\/v2\/media?parent=4560"}],"curies":[{"name":"wp","href":"https:\/\/api.w.org\/{rel}","templated":true}]}}