{"id":4519,"date":"2026-05-07T11:29:41","date_gmt":"2026-05-07T11:29:41","guid":{"rendered":"https:\/\/rimanagency.com\/?page_id=4519"},"modified":"2026-05-07T11:29:41","modified_gmt":"2026-05-07T11:29:41","slug":"article-schema-markup-generator-json-ld","status":"publish","type":"page","link":"https:\/\/rimanagency.com\/fr\/article-schema-markup-generator-json-ld\/","title":{"rendered":"G\u00e9n\u00e9rateur de balisage de sch\u00e9ma d&#039;article (JSON-LD)"},"content":{"rendered":"<style>.rim-tool-hero{background:linear-gradient(135deg,#f1f5e8,#e8efdb);border-radius:14px;padding:36px;margin:0 0 28px;text-align:center}.rim-tool-hero h2{margin:0 0 12px!important;font-size:30px!important;color:#2a2a2a!important}.rim-tool-hero p{margin:0 auto;color:#3d3d3d;max-width:720px;font-size:16px;line-height:1.55}.rim-tool-grid{display:grid;grid-template-columns:1fr 1fr;gap:22px;margin:0 0 32px}.rim-tool-form{background:#fff;border:1px solid #e0e6d8;border-radius:10px;padding:24px}.rim-tool-form h3{margin:0 0 14px!important;color:#4a6320!important;font-size:17px!important}.rim-tool-form label{display:block;font-size:13px;font-weight:700;color:#2a2a2a;margin:10px 0 4px}.rim-tool-form input,.rim-tool-form textarea,.rim-tool-form select{width:100%;padding:10px 12px;border:1px solid #c8d0bb;border-radius:6px;font-size:14px;font-family:inherit;box-sizing:border-box}.rim-tool-form textarea{min-height:80px;resize:vertical}.rim-tool-btn{display:inline-block;background:#719430;color:#fff;border:none;padding:12px 22px;border-radius:6px;font-weight:700;cursor:pointer;font-size:14px;margin-top:14px}.rim-tool-output{background:#fff;border:1px solid #e0e6d8;border-radius:10px;padding:24px;display:flex;flex-direction:column}.rim-tool-output h3{margin:0 0 12px!important;color:#4a6320!important;font-size:17px!important}.rim-tool-output pre{flex:1;background:#f4f6f0;border:1px solid #e0e6d8;border-radius:6px;padding:14px;font-size:12px;line-height:1.5;overflow:auto;white-space:pre-wrap;word-wrap:break-word;color:#2a2a2a;min-height:300px;margin:0}.rim-tool-copy{margin-top:10px;background:#fff;color:#719430;border:2px solid #719430;padding:8px 14px;border-radius:6px;font-weight:700;cursor:pointer;font-size:13px;align-self:flex-start}.rim-tool-grid3{display:grid;grid-template-columns:repeat(3,1fr);gap:16px;margin:24px 0}.rim-tool-card{background:#fff;border:1px solid #e0e6d8;border-radius:10px;padding:20px}.rim-tool-card h4{margin:0 0 8px!important;color:#4a6320!important;font-size:15px!important}.rim-tool-card p{margin:0;color:#3d3d3d;font-size:13px;line-height:1.5}.rim-tool-cta{background:linear-gradient(135deg,#f1f5e8,#e8efdb);border-radius:12px;padding:28px;margin:30px 0;text-align:center}.rim-tool-cta h3{margin:0 0 10px!important;color:#4a6320!important;font-size:20px!important}.rim-tool-cta a{display:inline-block;background:#719430;color:#fff!important;padding:11px 22px;border-radius:6px;font-weight:700;text-decoration:none;margin:0 6px}@media(max-width:768px){.rim-tool-grid,.rim-tool-grid3{grid-template-columns:1fr}}<\/style>\n<div class=\"rim-tool-hero\">\n<h2>G\u00e9n\u00e9rateur de balisage de sch\u00e9ma d&#039;article (JSON-LD)<\/h2>\n<p>G\u00e9n\u00e9rer un JSON-LD compatible avec Google <code>Article<\/code> Mod\u00e8le pour tout article de blog, article d&#039;actualit\u00e9 ou \u00e9ditorial. Remplissez le formulaire, copiez le r\u00e9sultat et collez-le sur votre page. <code>&lt;head&gt;<\/code>. Con\u00e7us pour le r\u00e9f\u00e9rencement naturel (SEO), l&#039;optimisation pour les moteurs de recherche (AEO) et la visibilit\u00e9 dans les moteurs de recherche d&#039;IA, les articles contenant des donn\u00e9es structur\u00e9es ont beaucoup plus de chances d&#039;\u00eatre cit\u00e9s par AI Overviews, ChatGPT, Perplexity et Gemini.<\/p>\n<\/div>\n<div class=\"rim-tool-grid\">\n<div class=\"rim-tool-form\">\n<h3>D\u00e9tails de l&#039;article<\/h3>\n<p><label>Titre<\/label><input id=\"art-headline\" placeholder=\"Par exemple, le triangle des citations\u00a0: comment les moteurs d\u2019IA d\u00e9cident quoi citer.\"\/><label>URL de l&#039;article<\/label><input id=\"art-url\" placeholder=\"https:\/\/example.com\/post-slug\/\"\/><label>Nom de l&#039;auteur<\/label><input id=\"art-author\" placeholder=\"par exemple Tarek Riman\"\/><label>URL de l&#039;auteur (facultatif)<\/label><input id=\"art-author-url\" placeholder=\"https:\/\/example.com\/about\/\"\/><label>Nom de l&#039;\u00e9diteur\/du site<\/label><input id=\"art-publisher\" placeholder=\"par exemple, l&#039;agence Riman\"\/><label>URL du logo de l&#039;\u00e9diteur<\/label><input id=\"art-publisher-logo\" placeholder=\"https:\/\/example.com\/logo.png\"\/><label>URL de l&#039;image principale<\/label><input id=\"art-image\" placeholder=\"https:\/\/example.com\/hero.jpg\"\/><label>Date de publication (AAAA-MM-JJ)<\/label><input id=\"art-published\" placeholder=\"2026-05-06\"\/><label>Date de modification (AAAA-MM-JJ)<\/label><input id=\"art-modified\" placeholder=\"2026-05-06\"\/><label>Description \/ Extrait<\/label><textarea id=\"art-description\" placeholder=\"Bref r\u00e9sum\u00e9 de l&#039;article (150\u2013200 caract\u00e8res).\"><\/textarea><button class=\"rim-tool-btn\" onclick=\"genArticleSchema()\">G\u00e9n\u00e9rer JSON-LD<\/button><\/div>\n<div class=\"rim-tool-output\">\n<h3>Sortie JSON-LD<\/h3>\n<pre id=\"art-out\">Remplissez le formulaire \u00e0 gauche et cliquez sur G\u00e9n\u00e9rer pour voir ici le sch\u00e9ma de votre article.<\/pre>\n<p><button class=\"rim-tool-copy\" onclick=\"copyArt()\">Copier dans le presse-papiers<\/button><\/div>\n<\/div>\n<p><script>function genArticleSchema(){var get=function(id){return document.getElementById(id).value.trim();};var schema={\"@context\":\"https:\/\/schema.org\",\"@type\":\"Article\",\"headline\":get(\"art-headline\"),\"description\":get(\"art-description\"),\"image\":get(\"art-image\"),\"datePublished\":get(\"art-published\"),\"dateModified\":get(\"art-modified\")||get(\"art-published\"),\"author\":{\"@type\":\"Person\",\"name\":get(\"art-author\")},\"publisher\":{\"@type\":\"Organization\",\"name\":get(\"art-publisher\"),\"logo\":{\"@type\":\"ImageObject\",\"url\":get(\"art-publisher-logo\")}},\"mainEntityOfPage\":{\"@type\":\"WebPage\",\"@id\":get(\"art-url\")}};if(get(\"art-author-url\"))schema.author.url=get(\"art-author-url\");var json=\"<script type=\\\"application\/ld+json\\\">\\n\"+JSON.stringify(schema,null,2)+\"\\n<\\\/script>\";document.getElementById(\"art-out\").textContent=json;}function copyArt(){var t=document.getElementById(\"art-out\").textContent;navigator.clipboard.writeText(t).then(function(){alert(\"Copied to clipboard!\");});}<\/script><\/p>\n<h2>Pourquoi le balisage des articles est important en 2026<\/h2>\n<p>Le balisage Schema est la couche de donn\u00e9es structur\u00e9es qui transforme votre contenu textuel en un enregistrement lisible par machine. Google l&#039;utilise pour alimenter les r\u00e9sultats enrichis, les panneaux de connaissances et les synth\u00e8ses d&#039;IA. Les moteurs d&#039;IA comme ChatGPT, Perplexity, Claude et Gemini s&#039;en servent pour comprendre l&#039;auteur, la fra\u00eecheur et l&#039;autorit\u00e9 de votre contenu\u00a0\u2014 des signaux essentiels pour \u00eatre cit\u00e9 dans les r\u00e9ponses g\u00e9n\u00e9r\u00e9es par l&#039;IA.<\/p>\n<p>Les articles sans sch\u00e9ma appropri\u00e9 peuvent \u00eatre index\u00e9s, mais sont souvent invisibles pour la s\u00e9lection par l&#039;IA. Les articles avec un JSON-LD complet sont en revanche \u00e9ligibles \u00e0 l&#039;indexation. <code>Article<\/code> Les sch\u00e9mas sont cit\u00e9s beaucoup plus souvent, correctement attribu\u00e9s et permettent d&#039;acc\u00e9der \u00e0 des fonctionnalit\u00e9s SERP plus riches.<\/p>\n<div class=\"rim-tool-grid3\">\n<div class=\"rim-tool-card\">\n<h4>Avantages SEO<\/h4>\n<p>Le balisage de donn\u00e9es structur\u00e9es pour les articles permet de d\u00e9bloquer des r\u00e9sultats enrichis, des carrousels d&#039;articles populaires et des signaux de fra\u00eecheur \u2014 un gain mesurable sur l&#039;ensemble de la recherche Google.<\/p>\n<\/div>\n<div class=\"rim-tool-card\">\n<h4>Avantages AEO<\/h4>\n<p>Les moteurs d&#039;IA citent de mani\u00e8re disproportionn\u00e9e les articles dont les auteurs sont nomm\u00e9s, dont le contenu est dat\u00e9 et dont les m\u00e9tadonn\u00e9es de l&#039;\u00e9diteur sont structur\u00e9es.<\/p>\n<\/div>\n<div class=\"rim-tool-card\">\n<h4>Avantage GEO<\/h4>\n<p>Autoritaire <code>auteur<\/code> + <code>\u00e9diteur<\/code> Les blocs constituent le graphe d&#039;entit\u00e9s \u00e0 partir duquel les mod\u00e8les d&#039;IA apprennent.<\/p>\n<\/div>\n<div class=\"rim-tool-card\">\n<h4>Gratuit + priv\u00e9<\/h4>\n<p>La g\u00e9n\u00e9ration s&#039;effectue enti\u00e8rement dans votre navigateur. Aucune donn\u00e9e n&#039;est envoy\u00e9e \u00e0 un serveur. Utilisez-la sur des environnements de test internes, pour du contenu \u00e0 acc\u00e8s restreint et sur des intranets priv\u00e9s.<\/p>\n<\/div>\n<div class=\"rim-tool-card\">\n<h4>Pr\u00eat \u00e0 imprimer<\/h4>\n<p>Le r\u00e9sultat est complet <code>&lt;script&gt;<\/code> Bloc de balises. Collez directement dans le <code>&lt;head&gt;<\/code> Votre page \u2014 termin\u00e9e.<\/p>\n<\/div>\n<div class=\"rim-tool-card\">\n<h4>Valid\u00e9<\/h4>\n<p>Le sch\u00e9ma est conforme \u00e0 la documentation sur les donn\u00e9es structur\u00e9es des articles de Google. Testez le r\u00e9sultat avec l&#039;outil de test des r\u00e9sultats enrichis ou le validateur Schema.org.<\/p>\n<\/div>\n<\/div>\n<h2>Foire aux questions<\/h2>\n<h3>O\u00f9 dois-je coller ce r\u00e9sultat\u00a0?<\/h3>\n<p>\u00c0 l&#039;int\u00e9rieur de <code>&lt;head&gt;<\/code> sur la page (ou n&#039;importe o\u00f9 dans son contenu). La plupart des plateformes CMS proposent une option \u201c\u00a0HTML personnalis\u00e9\u00a0\u201d ou \u201c\u00a0injecter un script\u00a0\u201d \u00e0 cet effet. Les utilisateurs WordPress \u00e9quip\u00e9s de Yoast ou Rank Math peuvent coller ce code dans le champ de sch\u00e9ma de la page.<\/p>\n<h3>Est-ce que cela remplace Yoast ou Rank Math ?&lt;\/h3\n\n<p>Non. Yoast et Rank Math g\u00e8rent la plupart des sch\u00e9mas automatiquement. Utilisez ce g\u00e9n\u00e9rateur pour des pages ponctuelles, des configurations personnalis\u00e9es ou lorsque vous souhaitez un contr\u00f4le pr\u00e9cis sur la sortie JSON-LD.<\/p>\n<h3>Quelle est la diff\u00e9rence entre un article, un article de presse et un billet de blog\u00a0?<\/h3>\n<p><code>Article<\/code> est le type parent \u2014 toujours s\u00fbr. <code>Article de presse<\/code> ajoute des signaux sp\u00e9cifiques \u00e0 l&#039;actualit\u00e9. <code>Publication de blog<\/code> ajoute des \u00e9l\u00e9ments sp\u00e9cifiques au blog. Pour la plupart des contenus marketing, un contenu simple <code>Article<\/code> C&#039;est correct.<\/p>\n<h3>Comment puis-je valider le r\u00e9sultat\u00a0?<\/h3>\n<p>Collez l&#039;URL de la page en ligne (apr\u00e8s d\u00e9ploiement du sch\u00e9ma) dans Google. <a href=\"https:\/\/search.google.com\/test\/rich-results\" target=\"_blank\" rel=\"noopener\">Test des r\u00e9sultats riches<\/a> ou <a href=\"https:\/\/validator.schema.org\/\" target=\"_blank\" rel=\"noopener\">validateur Schema.org<\/a>.<\/p>\n<h3>Chaque page doit-elle avoir un sch\u00e9ma Article\u00a0?<\/h3>\n<p>Non. Le sch\u00e9ma Article convient aux articles de blog, aux actualit\u00e9s et aux contenus \u00e9ditoriaux. Les pages de service en ont besoin. <code>Service<\/code> sch\u00e9ma\u00a0; les pages produits ont besoin de sch\u00e9ma <code>Produit<\/code>; FAQ n\u00e9cessaire <code>FAQ<\/code>.<\/p>\n<h3>Est-ce que cela m&#039;aidera \u00e0 appara\u00eetre dans ChatGPT ou Perplexity\u00a0?<\/h3>\n<p>Indirectement. Le balisage Schema facilite l&#039;analyse et l&#039;attribution de votre contenu par les moteurs d&#039;IA. Associ\u00e9 \u00e0 des modules de r\u00e9ponse pertinents et \u00e0 des preuves solides, le balisage Schema am\u00e9liore sensiblement la probabilit\u00e9 de citation.<\/p>\n<div class=\"rim-tool-cta\">\n<h3>Besoin d&#039;un programme complet AEO + donn\u00e9es structur\u00e9es ?<\/h3>\n<p style=\"max-width:680px;margin:0 auto 16px;color:#3d3d3d\">L&#039;agence Riman g\u00e8re des programmes de sch\u00e9mas, d&#039;AEO et de GEO pour les PME jusqu&#039;aux entreprises du Fortune 500.<\/p>\n<p><a href=\"https:\/\/rimanagency.com\/fr\/contact\/\">R\u00e9servez un appel strat\u00e9gique<\/a><a style=\"background:#fff!important;color:#719430!important;border:2px solid #719430\" href=\"https:\/\/rimanagency.com\/fr\/answer-engine-optimization-aeo-services\/\">Voir les services AEO<\/a><\/div>","protected":false},"excerpt":{"rendered":"<p>Article Schema Markup Generator (JSON-LD) Generate Google-ready JSON-LD Article schema for any blog post, news article, or editorial piece. Fill the form, copy the output, paste it into your page &lt;head&gt;. Built for SEO, AEO, and AI search visibility \u2014 articles with structured data are far more likely to be cited by AI Overviews, ChatGPT, [&hellip;]<\/p>\n","protected":false},"author":4,"featured_media":0,"parent":0,"menu_order":0,"comment_status":"closed","ping_status":"closed","template":"","meta":{"footnotes":""},"class_list":["post-4519","page","type-page","status-publish","hentry"],"yoast_head":"<!-- This site is optimized with the Yoast SEO plugin v27.5 - https:\/\/yoast.com\/product\/yoast-seo-wordpress\/ -->\n<title>Article Schema Markup Generator (JSON-LD) - Riman Agency<\/title>\n<meta name=\"robots\" content=\"index, follow, max-snippet:-1, max-image-preview:large, max-video-preview:-1\" \/>\n<link rel=\"canonical\" href=\"https:\/\/rimanagency.com\/fr\/article-schema-markup-generator-json-ld\/\" \/>\n<meta property=\"og:locale\" content=\"fr_CA\" \/>\n<meta property=\"og:type\" content=\"article\" \/>\n<meta property=\"og:title\" content=\"Article Schema Markup Generator (JSON-LD) - Riman Agency\" \/>\n<meta property=\"og:description\" content=\"Article Schema Markup Generator (JSON-LD) Generate Google-ready JSON-LD Article schema for any blog post, news article, or editorial piece. Fill the form, copy the output, paste it into your page &lt;head&gt;. Built for SEO, AEO, and AI search visibility \u2014 articles with structured data are far more likely to be cited by AI Overviews, ChatGPT, [&hellip;]\" \/>\n<meta property=\"og:url\" content=\"https:\/\/rimanagency.com\/fr\/article-schema-markup-generator-json-ld\/\" \/>\n<meta property=\"og:site_name\" content=\"Riman Agency\" \/>\n<meta name=\"twitter:card\" content=\"summary_large_image\" \/>\n<script type=\"application\/ld+json\" class=\"yoast-schema-graph\">{\"@context\":\"https:\\\/\\\/schema.org\",\"@graph\":[{\"@type\":\"WebPage\",\"@id\":\"https:\\\/\\\/rimanagency.com\\\/article-schema-markup-generator-json-ld\\\/\",\"url\":\"https:\\\/\\\/rimanagency.com\\\/article-schema-markup-generator-json-ld\\\/\",\"name\":\"Article Schema Markup Generator (JSON-LD) - Riman Agency\",\"isPartOf\":{\"@id\":\"https:\\\/\\\/rimanagency.com\\\/#website\"},\"datePublished\":\"2026-05-07T11:29:41+00:00\",\"breadcrumb\":{\"@id\":\"https:\\\/\\\/rimanagency.com\\\/article-schema-markup-generator-json-ld\\\/#breadcrumb\"},\"inLanguage\":\"fr-CA\",\"potentialAction\":[{\"@type\":\"ReadAction\",\"target\":[\"https:\\\/\\\/rimanagency.com\\\/article-schema-markup-generator-json-ld\\\/\"]}]},{\"@type\":\"BreadcrumbList\",\"@id\":\"https:\\\/\\\/rimanagency.com\\\/article-schema-markup-generator-json-ld\\\/#breadcrumb\",\"itemListElement\":[{\"@type\":\"ListItem\",\"position\":1,\"name\":\"Home\",\"item\":\"https:\\\/\\\/rimanagency.com\\\/home\\\/\"},{\"@type\":\"ListItem\",\"position\":2,\"name\":\"Article Schema Markup Generator (JSON-LD)\"}]},{\"@type\":\"WebSite\",\"@id\":\"https:\\\/\\\/rimanagency.com\\\/#website\",\"url\":\"https:\\\/\\\/rimanagency.com\\\/\",\"name\":\"Riman Agency\",\"description\":\"A Full Service Digital Marketing Agency\",\"publisher\":{\"@id\":\"https:\\\/\\\/rimanagency.com\\\/#organization\"},\"potentialAction\":[{\"@type\":\"SearchAction\",\"target\":{\"@type\":\"EntryPoint\",\"urlTemplate\":\"https:\\\/\\\/rimanagency.com\\\/?s={search_term_string}\"},\"query-input\":{\"@type\":\"PropertyValueSpecification\",\"valueRequired\":true,\"valueName\":\"search_term_string\"}}],\"inLanguage\":\"fr-CA\"},{\"@type\":\"Organization\",\"@id\":\"https:\\\/\\\/rimanagency.com\\\/#organization\",\"name\":\"Riman Agency\",\"url\":\"https:\\\/\\\/rimanagency.com\\\/\",\"logo\":{\"@type\":\"ImageObject\",\"inLanguage\":\"fr-CA\",\"@id\":\"https:\\\/\\\/rimanagency.com\\\/#\\\/schema\\\/logo\\\/image\\\/\",\"url\":\"https:\\\/\\\/rimanagency.com\\\/wp-content\\\/uploads\\\/2022\\\/02\\\/RIMANagency-all-logos-1-2.png\",\"contentUrl\":\"https:\\\/\\\/rimanagency.com\\\/wp-content\\\/uploads\\\/2022\\\/02\\\/RIMANagency-all-logos-1-2.png\",\"width\":694,\"height\":211,\"caption\":\"Riman Agency\"},\"image\":{\"@id\":\"https:\\\/\\\/rimanagency.com\\\/#\\\/schema\\\/logo\\\/image\\\/\"}}]}<\/script>\n<!-- \/ Yoast SEO plugin. -->","yoast_head_json":{"title":"Article Schema Markup Generator (JSON-LD) - Riman Agency","robots":{"index":"index","follow":"follow","max-snippet":"max-snippet:-1","max-image-preview":"max-image-preview:large","max-video-preview":"max-video-preview:-1"},"canonical":"https:\/\/rimanagency.com\/fr\/article-schema-markup-generator-json-ld\/","og_locale":"fr_CA","og_type":"article","og_title":"Article Schema Markup Generator (JSON-LD) - Riman Agency","og_description":"Article Schema Markup Generator (JSON-LD) Generate Google-ready JSON-LD Article schema for any blog post, news article, or editorial piece. Fill the form, copy the output, paste it into your page &lt;head&gt;. Built for SEO, AEO, and AI search visibility \u2014 articles with structured data are far more likely to be cited by AI Overviews, ChatGPT, [&hellip;]","og_url":"https:\/\/rimanagency.com\/fr\/article-schema-markup-generator-json-ld\/","og_site_name":"Riman Agency","twitter_card":"summary_large_image","schema":{"@context":"https:\/\/schema.org","@graph":[{"@type":"WebPage","@id":"https:\/\/rimanagency.com\/article-schema-markup-generator-json-ld\/","url":"https:\/\/rimanagency.com\/article-schema-markup-generator-json-ld\/","name":"Article Schema Markup Generator (JSON-LD) - Riman Agency","isPartOf":{"@id":"https:\/\/rimanagency.com\/#website"},"datePublished":"2026-05-07T11:29:41+00:00","breadcrumb":{"@id":"https:\/\/rimanagency.com\/article-schema-markup-generator-json-ld\/#breadcrumb"},"inLanguage":"fr-CA","potentialAction":[{"@type":"ReadAction","target":["https:\/\/rimanagency.com\/article-schema-markup-generator-json-ld\/"]}]},{"@type":"BreadcrumbList","@id":"https:\/\/rimanagency.com\/article-schema-markup-generator-json-ld\/#breadcrumb","itemListElement":[{"@type":"ListItem","position":1,"name":"Home","item":"https:\/\/rimanagency.com\/home\/"},{"@type":"ListItem","position":2,"name":"Article Schema Markup Generator (JSON-LD)"}]},{"@type":"WebSite","@id":"https:\/\/rimanagency.com\/#website","url":"https:\/\/rimanagency.com\/","name":"Agence Riman","description":"Une agence de marketing num\u00e9rique \u00e0 service complet","publisher":{"@id":"https:\/\/rimanagency.com\/#organization"},"potentialAction":[{"@type":"SearchAction","target":{"@type":"EntryPoint","urlTemplate":"https:\/\/rimanagency.com\/?s={search_term_string}"},"query-input":{"@type":"PropertyValueSpecification","valueRequired":true,"valueName":"search_term_string"}}],"inLanguage":"fr-CA"},{"@type":"Organization","@id":"https:\/\/rimanagency.com\/#organization","name":"Agence Riman","url":"https:\/\/rimanagency.com\/","logo":{"@type":"ImageObject","inLanguage":"fr-CA","@id":"https:\/\/rimanagency.com\/#\/schema\/logo\/image\/","url":"https:\/\/rimanagency.com\/wp-content\/uploads\/2022\/02\/RIMANagency-all-logos-1-2.png","contentUrl":"https:\/\/rimanagency.com\/wp-content\/uploads\/2022\/02\/RIMANagency-all-logos-1-2.png","width":694,"height":211,"caption":"Riman Agency"},"image":{"@id":"https:\/\/rimanagency.com\/#\/schema\/logo\/image\/"}}]}},"_links":{"self":[{"href":"https:\/\/rimanagency.com\/fr\/wp-json\/wp\/v2\/pages\/4519","targetHints":{"allow":["GET"]}}],"collection":[{"href":"https:\/\/rimanagency.com\/fr\/wp-json\/wp\/v2\/pages"}],"about":[{"href":"https:\/\/rimanagency.com\/fr\/wp-json\/wp\/v2\/types\/page"}],"author":[{"embeddable":true,"href":"https:\/\/rimanagency.com\/fr\/wp-json\/wp\/v2\/users\/4"}],"replies":[{"embeddable":true,"href":"https:\/\/rimanagency.com\/fr\/wp-json\/wp\/v2\/comments?post=4519"}],"version-history":[{"count":0,"href":"https:\/\/rimanagency.com\/fr\/wp-json\/wp\/v2\/pages\/4519\/revisions"}],"wp:attachment":[{"href":"https:\/\/rimanagency.com\/fr\/wp-json\/wp\/v2\/media?parent=4519"}],"curies":[{"name":"wp","href":"https:\/\/api.w.org\/{rel}","templated":true}]}}