{"id":4484,"date":"2026-05-06T22:17:54","date_gmt":"2026-05-06T22:17:54","guid":{"rendered":"https:\/\/rimanagency.com\/?page_id=4484"},"modified":"2026-05-06T22:17:54","modified_gmt":"2026-05-06T22:17:54","slug":"ai-marketing-strategy-implementation-services","status":"publish","type":"page","link":"https:\/\/rimanagency.com\/fr\/ai-marketing-strategy-implementation-services\/","title":{"rendered":"Services de strat\u00e9gie et de mise en \u0153uvre du marketing IA"},"content":{"rendered":"<style>.rim-svc-hero{background:linear-gradient(135deg,#f1f5e8,#e8efdb);border-radius:14px;padding:40px;margin:24px 0 32px;text-align:center}.rim-svc-hero h2{margin:0 0 16px!important;font-size:28px!important;color:#2a2a2a!important}.rim-svc-hero p{margin:0 auto 24px;color:#3d3d3d;max-width:720px;font-size:17px;line-height:1.6}.rim-svc-cta{display:inline-block;background:#719430;color:#fff!important;padding:14px 28px;border-radius:6px;font-weight:700;text-decoration:none;font-size:16px;margin:0 6px}.rim-svc-cta-alt{background:#fff!important;color:#719430!important;border:2px solid #719430}.rim-grid3{display:grid;grid-template-columns:repeat(3,1fr);gap:18px;margin:32px 0}.rim-card{background:#fff;border:1px solid #e0e6d8;border-radius:10px;padding:24px}.rim-card h4{margin:0 0 10px!important;color:#4a6320!important;font-size:17px!important}.rim-card p{margin:0;color:#3d3d3d;font-size:14px;line-height:1.5}.rim-cta-block{background:linear-gradient(135deg,#f1f5e8,#e8efdb);border-radius:12px;padding:32px;margin:36px 0;text-align:center}.rim-cta-block h3{margin:0 0 14px!important;color:#4a6320!important;font-size:22px!important}@media(max-width:768px){.rim-grid3{grid-template-columns:1fr}}<\/style>\n<div class=\"rim-svc-hero\">\n<h2>Strat\u00e9gie et mise en \u0153uvre du marketing IA<\/h2>\n<p>Je pilote des programmes marketing optimis\u00e9s par l&#039;IA qui g\u00e9n\u00e8rent des r\u00e9sultats concrets, et non de simples pr\u00e9sentations PowerPoint. Strat\u00e9gie, \u00e9tude d&#039;audience, production de contenu, publicit\u00e9 payante, e-mailing, distribution, mesure\u00a0: ces cinq composantes sont parfaitement int\u00e9gr\u00e9es. J&#039;accompagne aussi bien les PME que les entreprises du Fortune 500, dans tous les secteurs d&#039;activit\u00e9 o\u00f9 j&#039;ai travaill\u00e9 ces 15 derni\u00e8res ann\u00e9es.<\/p>\n<p><a class=\"rim-svc-cta\" href=\"https:\/\/rimanagency.com\/fr\/contact\/\">R\u00e9servez un appel de strat\u00e9gie marketing<\/a><a class=\"rim-svc-cta rim-svc-cta-alt\" href=\"https:\/\/www.amazon.ca\/Ways-Your-Marketing-Strategy-2026\/dp\/B0GXV6RXBV\/\" target=\"_blank\" rel=\"noopener\">Lisez le livre sur le marketing IA<\/a><\/div>\n<h2>Le framework \u00e0 5 couches que j&#039;utilise<\/h2>\n<div class=\"rim-grid3\">\n<div class=\"rim-card\">\n<h4>1. Strat\u00e9gie<\/h4>\n<p>Strat\u00e9gie de positionnement, de conversion des OKR, de planification de sc\u00e9narios et de cartographie des avantages concurrentiels. Acc\u00e9l\u00e9r\u00e9 par l&#039;IA, valid\u00e9 par le fondateur.<\/p>\n<\/div>\n<div class=\"rim-card\">\n<h4>2. Public<\/h4>\n<p>Biblioth\u00e8ques de la voix du client, extraction des besoins \u00e0 satisfaire, segmentation comportementale, pr\u00e9paration d&#039;entretiens synth\u00e9tiques, ex\u00e9cution d&#039;entretiens r\u00e9els.<\/p>\n<\/div>\n<div class=\"rim-card\">\n<h4>3. Contenu<\/h4>\n<p>Modules de r\u00e9ponses pr\u00eats pour l&#039;AEO, \u00e9chelles de preuves, production de blogs\/SEO\/AEO\/GEO, r\u00e9utilisation de vid\u00e9os et de formats courts.<\/p>\n<\/div>\n<div class=\"rim-card\">\n<h4>4. Distribution<\/h4>\n<p>SEO + AEO + GEO + publicit\u00e9 payante (Google, Meta, LinkedIn) + email + communaut\u00e9 + RP. Un plan de croissance int\u00e9gr\u00e9.<\/p>\n<\/div>\n<div class=\"rim-card\">\n<h4>5. Mesure<\/h4>\n<p>Un seul tableau de bord\u00a0: r\u00e9f\u00e9rencement naturel classique, part de citations AEO, taux de mentions g\u00e9ographiques, efficacit\u00e9 des campagnes payantes, conversion en aval.<\/p>\n<\/div>\n<div class=\"rim-card\">\n<h4>+ D\u00e9veloppement Web\/d&#039;applications<\/h4>\n<p>Je propose \u00e9galement des services de d\u00e9veloppement web, d&#039;applications mobiles et d&#039;applications web, de la cr\u00e9ation de landing pages \u00e0 la r\u00e9alisation de produits complets. Un marketing r\u00e9ussi d\u00e9pend de la destination.<\/p>\n<\/div>\n<\/div>\n<h2>Ce sur quoi je travaille<\/h2>\n<ul>\n<li><strong>Programmes SEO + AEO + G\u00c9O<\/strong> \u2014 le trio gagnant en mati\u00e8re de visibilit\u00e9.<\/li>\n<li><strong>strat\u00e9gie marketing IA<\/strong> \u2014 du positionnement aux OKR en passant par le mix de canaux.<\/li>\n<li><strong>Production de contenu<\/strong> \u2014 blog, pages de destination, e-mails, aimants \u00e0 prospects, livres.<\/li>\n<li><strong>Publicit\u00e9 payante<\/strong> \u2014 Google, Meta, LinkedIn, programmatique.<\/li>\n<li><strong>D\u00e9veloppement web et d&#039;applications<\/strong> \u2014 sites marketing, commerce \u00e9lectronique, applications web, applications mobiles.<\/li>\n<li><strong>Analyse et mesure<\/strong> \u2014 GA4, Search Console, Looker Studio, visibilit\u00e9 de la recherche par IA.<\/li>\n<li><strong>CMO fractionn\u00e9<\/strong> \u2014 Un leadership marketing int\u00e9gr\u00e9 pour des \u00e9quipes en pleine croissance.<\/li>\n<\/ul>\n<h2>Avec qui je travaille<\/h2>\n<ul>\n<li><strong>PME<\/strong> \u2014 Des \u00e9quipes de 1 \u00e0 50 personnes qui ont besoin d&#039;un v\u00e9ritable moteur marketing, et non d&#039;un assemblage disparate de pigistes.<\/li>\n<li><strong>March\u00e9 interm\u00e9diaire<\/strong> \u2014 Des \u00e9quipes de 50 \u00e0 500 personnes pr\u00eates \u00e0 op\u00e9rationnaliser l&#039;IA dans le marketing.<\/li>\n<li><strong>Fortune 500<\/strong> \u2014 les \u00e9quipes d&#039;entreprise qui ont besoin d&#039;une expertise en strat\u00e9gie marketing AEO, GEO et IA en compl\u00e9ment de leurs fonctions existantes.<\/li>\n<li><strong>Fondateurs<\/strong> \u2014 du pr\u00e9-lancement \u00e0 la croissance.<\/li>\n<\/ul>\n<h2>Mod\u00e8les d&#039;engagement<\/h2>\n<ul>\n<li><strong>sprint strat\u00e9gique<\/strong> \u2014 4 \u00e0 6 semaines. Livrables\u00a0: document strat\u00e9gique complet, plan \u00e0 90 jours, tableau de bord.<\/li>\n<li><strong>Ex\u00e9cution sous 90 jours<\/strong> \u2014 strat\u00e9gie et ex\u00e9cution sur les 1 \u00e0 3 priorit\u00e9s principales.<\/li>\n<li><strong>Contrat de services continus<\/strong> \u2014 Contenu mensuel, programmes AEO\/GEO, mesure.<\/li>\n<li><strong>CMO fractionn\u00e9<\/strong> \u2014 leadership int\u00e9gr\u00e9, 1 \u00e0 3 jours\/semaine.<\/li>\n<li><strong>par projet<\/strong> \u2014 D\u00e9veloppement web, d\u00e9veloppement d&#039;applications, production de livres, cr\u00e9ation de cours.<\/li>\n<\/ul>\n<div class=\"rim-cta-block\">\n<h3>Pr\u00eat \u00e0 construire un syst\u00e8me marketing \u00e0 effet cumulatif ?<\/h3>\n<p>R\u00e9servez un appel strat\u00e9gique gratuit de 30 minutes. Nous analyserons votre situation actuelle et identifierons les actions les plus efficaces pour les 90 prochains jours.<\/p>\n<p><a class=\"rim-svc-cta\" href=\"https:\/\/rimanagency.com\/fr\/contact\/\">R\u00e9servez un appel strat\u00e9gique gratuit<\/a><\/div>\n<h2>Les livres \u00e0 l&#039;origine de l&#039;\u0153uvre<\/h2>\n<p>Chaque cadre de r\u00e9f\u00e9rence que j&#039;utilise est document\u00e9 dans mes quatre livres\u00a0: <em>500 fa\u00e7ons d&#039;utiliser l&#039;IA dans votre strat\u00e9gie marketing en 2026<\/em> (le guide marketing), <em>Introduction \u00e0 l&#039;optimisation des moteurs de r\u00e9ponse (2e \u00e9dition)<\/em> (AEO + GEO), <em>Le guide du blogueur (2e \u00e9dition)<\/em> (contenu + public), et <em>Le guide de l&#039;entrepreneur (2e \u00e9dition)<\/em> (syst\u00e8me d&#039;exploitation fondateur). <a href=\"https:\/\/www.amazon.ca\/stores\/author\/B07G1FKLS6\" target=\"_blank\" rel=\"noopener\"><strong>Voir tous les livres sur Amazon \u2192<\/strong><\/a><\/p>","protected":false},"excerpt":{"rendered":"<p>AI Marketing Strategy &#038; Implementation I run AI-augmented marketing programs that ship real outcomes \u2014 not slide decks. Strategy, audience research, content production, paid, email, distribution, measurement \u2014 all 5 layers wired together. For SMBs through Fortune 500s, in every industry I\u2019ve worked across over the past 15 years. Book a Marketing Strategy CallRead the [&hellip;]<\/p>\n","protected":false},"author":4,"featured_media":0,"parent":0,"menu_order":0,"comment_status":"closed","ping_status":"closed","template":"","meta":{"footnotes":""},"class_list":["post-4484","page","type-page","status-publish","hentry"],"yoast_head":"<!-- This site is optimized with the Yoast SEO plugin v27.5 - https:\/\/yoast.com\/product\/yoast-seo-wordpress\/ -->\n<title>AI Marketing Strategy &amp; Implementation Services - Riman Agency<\/title>\n<meta name=\"robots\" content=\"index, follow, max-snippet:-1, max-image-preview:large, max-video-preview:-1\" \/>\n<link rel=\"canonical\" href=\"https:\/\/rimanagency.com\/fr\/ai-marketing-strategy-implementation-services\/\" \/>\n<meta property=\"og:locale\" content=\"fr_CA\" \/>\n<meta property=\"og:type\" content=\"article\" \/>\n<meta property=\"og:title\" content=\"AI Marketing Strategy &amp; Implementation Services - Riman Agency\" \/>\n<meta property=\"og:description\" content=\"AI Marketing Strategy &#038; Implementation I run AI-augmented marketing programs that ship real outcomes \u2014 not slide decks. Strategy, audience research, content production, paid, email, distribution, measurement \u2014 all 5 layers wired together. For SMBs through Fortune 500s, in every industry I\u2019ve worked across over the past 15 years. Book a Marketing Strategy CallRead the [&hellip;]\" \/>\n<meta property=\"og:url\" content=\"https:\/\/rimanagency.com\/fr\/ai-marketing-strategy-implementation-services\/\" \/>\n<meta property=\"og:site_name\" content=\"Riman Agency\" \/>\n<meta name=\"twitter:card\" content=\"summary_large_image\" \/>\n<script type=\"application\/ld+json\" class=\"yoast-schema-graph\">{\"@context\":\"https:\\\/\\\/schema.org\",\"@graph\":[{\"@type\":\"WebPage\",\"@id\":\"https:\\\/\\\/rimanagency.com\\\/ai-marketing-strategy-implementation-services\\\/\",\"url\":\"https:\\\/\\\/rimanagency.com\\\/ai-marketing-strategy-implementation-services\\\/\",\"name\":\"AI Marketing Strategy & Implementation Services - Riman Agency\",\"isPartOf\":{\"@id\":\"https:\\\/\\\/rimanagency.com\\\/#website\"},\"datePublished\":\"2026-05-06T22:17:54+00:00\",\"breadcrumb\":{\"@id\":\"https:\\\/\\\/rimanagency.com\\\/ai-marketing-strategy-implementation-services\\\/#breadcrumb\"},\"inLanguage\":\"fr-CA\",\"potentialAction\":[{\"@type\":\"ReadAction\",\"target\":[\"https:\\\/\\\/rimanagency.com\\\/ai-marketing-strategy-implementation-services\\\/\"]}]},{\"@type\":\"BreadcrumbList\",\"@id\":\"https:\\\/\\\/rimanagency.com\\\/ai-marketing-strategy-implementation-services\\\/#breadcrumb\",\"itemListElement\":[{\"@type\":\"ListItem\",\"position\":1,\"name\":\"Home\",\"item\":\"https:\\\/\\\/rimanagency.com\\\/home\\\/\"},{\"@type\":\"ListItem\",\"position\":2,\"name\":\"AI Marketing Strategy &#038; Implementation Services\"}]},{\"@type\":\"WebSite\",\"@id\":\"https:\\\/\\\/rimanagency.com\\\/#website\",\"url\":\"https:\\\/\\\/rimanagency.com\\\/\",\"name\":\"Riman Agency\",\"description\":\"A Full Service Digital Marketing Agency\",\"publisher\":{\"@id\":\"https:\\\/\\\/rimanagency.com\\\/#organization\"},\"potentialAction\":[{\"@type\":\"SearchAction\",\"target\":{\"@type\":\"EntryPoint\",\"urlTemplate\":\"https:\\\/\\\/rimanagency.com\\\/?s={search_term_string}\"},\"query-input\":{\"@type\":\"PropertyValueSpecification\",\"valueRequired\":true,\"valueName\":\"search_term_string\"}}],\"inLanguage\":\"fr-CA\"},{\"@type\":\"Organization\",\"@id\":\"https:\\\/\\\/rimanagency.com\\\/#organization\",\"name\":\"Riman Agency\",\"url\":\"https:\\\/\\\/rimanagency.com\\\/\",\"logo\":{\"@type\":\"ImageObject\",\"inLanguage\":\"fr-CA\",\"@id\":\"https:\\\/\\\/rimanagency.com\\\/#\\\/schema\\\/logo\\\/image\\\/\",\"url\":\"https:\\\/\\\/rimanagency.com\\\/wp-content\\\/uploads\\\/2022\\\/02\\\/RIMANagency-all-logos-1-2.png\",\"contentUrl\":\"https:\\\/\\\/rimanagency.com\\\/wp-content\\\/uploads\\\/2022\\\/02\\\/RIMANagency-all-logos-1-2.png\",\"width\":694,\"height\":211,\"caption\":\"Riman Agency\"},\"image\":{\"@id\":\"https:\\\/\\\/rimanagency.com\\\/#\\\/schema\\\/logo\\\/image\\\/\"}}]}<\/script>\n<!-- \/ Yoast SEO plugin. -->","yoast_head_json":{"title":"AI Marketing Strategy & Implementation Services - Riman Agency","robots":{"index":"index","follow":"follow","max-snippet":"max-snippet:-1","max-image-preview":"max-image-preview:large","max-video-preview":"max-video-preview:-1"},"canonical":"https:\/\/rimanagency.com\/fr\/ai-marketing-strategy-implementation-services\/","og_locale":"fr_CA","og_type":"article","og_title":"AI Marketing Strategy & Implementation Services - Riman Agency","og_description":"AI Marketing Strategy &#038; Implementation I run AI-augmented marketing programs that ship real outcomes \u2014 not slide decks. Strategy, audience research, content production, paid, email, distribution, measurement \u2014 all 5 layers wired together. For SMBs through Fortune 500s, in every industry I\u2019ve worked across over the past 15 years. Book a Marketing Strategy CallRead the [&hellip;]","og_url":"https:\/\/rimanagency.com\/fr\/ai-marketing-strategy-implementation-services\/","og_site_name":"Riman Agency","twitter_card":"summary_large_image","schema":{"@context":"https:\/\/schema.org","@graph":[{"@type":"WebPage","@id":"https:\/\/rimanagency.com\/ai-marketing-strategy-implementation-services\/","url":"https:\/\/rimanagency.com\/ai-marketing-strategy-implementation-services\/","name":"AI Marketing Strategy & Implementation Services - Riman Agency","isPartOf":{"@id":"https:\/\/rimanagency.com\/#website"},"datePublished":"2026-05-06T22:17:54+00:00","breadcrumb":{"@id":"https:\/\/rimanagency.com\/ai-marketing-strategy-implementation-services\/#breadcrumb"},"inLanguage":"fr-CA","potentialAction":[{"@type":"ReadAction","target":["https:\/\/rimanagency.com\/ai-marketing-strategy-implementation-services\/"]}]},{"@type":"BreadcrumbList","@id":"https:\/\/rimanagency.com\/ai-marketing-strategy-implementation-services\/#breadcrumb","itemListElement":[{"@type":"ListItem","position":1,"name":"Home","item":"https:\/\/rimanagency.com\/home\/"},{"@type":"ListItem","position":2,"name":"AI Marketing Strategy &#038; Implementation Services"}]},{"@type":"WebSite","@id":"https:\/\/rimanagency.com\/#website","url":"https:\/\/rimanagency.com\/","name":"Agence Riman","description":"Une agence de marketing num\u00e9rique \u00e0 service complet","publisher":{"@id":"https:\/\/rimanagency.com\/#organization"},"potentialAction":[{"@type":"SearchAction","target":{"@type":"EntryPoint","urlTemplate":"https:\/\/rimanagency.com\/?s={search_term_string}"},"query-input":{"@type":"PropertyValueSpecification","valueRequired":true,"valueName":"search_term_string"}}],"inLanguage":"fr-CA"},{"@type":"Organization","@id":"https:\/\/rimanagency.com\/#organization","name":"Agence Riman","url":"https:\/\/rimanagency.com\/","logo":{"@type":"ImageObject","inLanguage":"fr-CA","@id":"https:\/\/rimanagency.com\/#\/schema\/logo\/image\/","url":"https:\/\/rimanagency.com\/wp-content\/uploads\/2022\/02\/RIMANagency-all-logos-1-2.png","contentUrl":"https:\/\/rimanagency.com\/wp-content\/uploads\/2022\/02\/RIMANagency-all-logos-1-2.png","width":694,"height":211,"caption":"Riman Agency"},"image":{"@id":"https:\/\/rimanagency.com\/#\/schema\/logo\/image\/"}}]}},"_links":{"self":[{"href":"https:\/\/rimanagency.com\/fr\/wp-json\/wp\/v2\/pages\/4484","targetHints":{"allow":["GET"]}}],"collection":[{"href":"https:\/\/rimanagency.com\/fr\/wp-json\/wp\/v2\/pages"}],"about":[{"href":"https:\/\/rimanagency.com\/fr\/wp-json\/wp\/v2\/types\/page"}],"author":[{"embeddable":true,"href":"https:\/\/rimanagency.com\/fr\/wp-json\/wp\/v2\/users\/4"}],"replies":[{"embeddable":true,"href":"https:\/\/rimanagency.com\/fr\/wp-json\/wp\/v2\/comments?post=4484"}],"version-history":[{"count":0,"href":"https:\/\/rimanagency.com\/fr\/wp-json\/wp\/v2\/pages\/4484\/revisions"}],"wp:attachment":[{"href":"https:\/\/rimanagency.com\/fr\/wp-json\/wp\/v2\/media?parent=4484"}],"curies":[{"name":"wp","href":"https:\/\/api.w.org\/{rel}","templated":true}]}}