{"id":4370,"date":"2026-04-19T20:05:55","date_gmt":"2026-04-19T20:05:55","guid":{"rendered":"https:\/\/rimanagency.com\/?page_id=4370"},"modified":"2026-04-19T20:06:05","modified_gmt":"2026-04-19T20:06:05","slug":"privacy-policy-riman-ai-recommendations","status":"publish","type":"page","link":"https:\/\/rimanagency.com\/fr\/privacy-policy-riman-ai-recommendations\/","title":{"rendered":"Politique de confidentialit\u00e9 \u2014 Recommandations de Riman AI"},"content":{"rendered":"<h1>Politique de confidentialit\u00e9 \u2014 Recommandations de Riman AI<\/h1>\n<p><strong>Derni\u00e8re mise \u00e0 jour\u00a0:<\/strong> 19 avril 2026 <strong>\u00c9diteur:<\/strong> Agence Riman (Tarek Riman) <strong>Contact:<\/strong> <a href=\"mailto:t@rimanagency.com\">t@rimanagency.com<\/a> <strong>Site web:<\/strong> <a href=\"https:\/\/rimanagency.com\/fr\/\">https:\/\/rimanagency.com\/<\/a><\/p>\n<p>Cette politique de confidentialit\u00e9 d\u00e9crit comment les <strong>Recommandations de Riman AI<\/strong> L\u2019extension Chrome (\u201c l\u2019extension \u201d) traite des informations lorsque vous l\u2019utilisez. Nous privil\u00e9gions une approche minimaliste\u00a0: l\u2019extension collecte le moins de donn\u00e9es possible, ne stocke rien sur nos serveurs et ne partage aucune information avec des annonceurs ou des plateformes d\u2019analyse.<\/p>\n<hr \/>\n<h2>R\u00e9sum\u00e9 (version courte)<\/h2>\n<ul>\n<li><strong>Aucune donn\u00e9e personnelle n&#039;est collect\u00e9e.<\/strong> L&#039;extension ne capture aucun nom, adresse e-mail, identifiant de connexion, adresse IP, cookie ni identifiant de suivi.<\/li>\n<li><strong>Aucune analyse.<\/strong> Nous n&#039;utilisons pas Google Analytics, Mixpanel, Segment, ni aucun autre SDK d&#039;analyse.<\/li>\n<li><strong>Aucune vente de donn\u00e9es.<\/strong> Nous ne vendons, ne louons ni n&#039;\u00e9changeons jamais aucune information.<\/li>\n<li><strong>Local uniquement.<\/strong> Tout se d\u00e9roule dans l&#039;onglet de votre navigateur. Aucune donn\u00e9e n&#039;est enregistr\u00e9e sur votre appareil entre les sessions.<\/li>\n<li><strong>Une requ\u00eate sortante<\/strong> est cr\u00e9\u00e9 lorsque vous cliquez <em>\u00c9laborer une strat\u00e9gie<\/em> \u2014 envoi du titre de la page extraite, de la m\u00e9ta-description, des 1\u00a0500 premiers caract\u00e8res environ du texte et des informations contextuelles que vous avez saisies (objectif, langue, budget) \u00e0 notre proxy \u00e0 l&#039;adresse <code>https:\/\/tire-compare.com\/api\/aeo-proxy.php<\/code>, Cette requ\u00eate est transmise \u00e0 OpenAI qui renvoie la r\u00e9ponse. Nous ne conservons ni n&#039;enregistrons ces donn\u00e9es.<\/li>\n<\/ul>\n<hr \/>\n<h2>1. Quelles donn\u00e9es l&#039;extension utilise-t-elle\u00a0?<\/h2>\n<p>Lorsque vous cliquez sur l&#039;ic\u00f4ne Riman AI Recommendations sur une page Web, l&#039;extension utilise <code>onglet actif<\/code> autorisation de lire ce qui suit de <strong>uniquement l&#039;onglet actuellement s\u00e9lectionn\u00e9<\/strong>:<\/p>\n<table>\n<thead>\n<tr>\n<th>Donn\u00e9es<\/th>\n<th>But<\/th>\n<\/tr>\n<\/thead>\n<tbody>\n<tr>\n<td>Titre de la page (<code><title><\/code>)<\/td>\n<td>Entr\u00e9e pour l&#039;invite de l&#039;IA<\/td>\n<\/tr>\n<tr>\n<td>M\u00e9ta-description<\/td>\n<td>Entr\u00e9e pour l&#039;invite de l&#039;IA<\/td>\n<\/tr>\n<tr>\n<td>Corps du texte (environ 1 500 premiers caract\u00e8res, sans caract\u00e8res sp\u00e9ciaux)<\/td>\n<td>Entr\u00e9e pour l&#039;invite de l&#039;IA<\/td>\n<\/tr>\n<tr>\n<td>URL des images volumineuses (les 6 premi\u00e8res images de plus de 150\u00d7150 px, logos\/ic\u00f4nes\/avatars exclus)<\/td>\n<td>Affich\u00e9 dans la fen\u00eatre contextuelle \u00e0 titre de contexte visuel\u00a0; les sources ne sont pas transmises \u00e0 notre proxy<\/td>\n<\/tr>\n<tr>\n<td>URL de la page actuelle<\/td>\n<td>Affich\u00e9 dans la fen\u00eatre contextuelle\u00a0; inclus dans le rapport Word t\u00e9l\u00e9charg\u00e9<\/td>\n<\/tr>\n<\/tbody>\n<\/table>\n<p>L&#039;extension fait <strong>pas<\/strong> lire le contenu des formulaires, les cookies, le stockage local, les mots de passe, les donn\u00e9es du presse-papiers, l&#039;historique, les favoris ou toute autre donn\u00e9e du navigateur.<\/p>\n<h2>2. Quelles donn\u00e9es saisissez-vous ?<\/h2>\n<p>Lorsque vous utilisez le <em>Contexte<\/em> Dans l&#039;onglet, vous pouvez saisir du texte libre dans trois champs\u00a0: objectif de la campagne, zone g\u00e9ographique cible et budget\/tROAS. Ces valeurs sont envoy\u00e9es avec le contenu de la page lorsque vous cliquez dessus. <em>\u00c9laborer une strat\u00e9gie<\/em>. Elles ne sont stock\u00e9es nulle part \u2014 elles r\u00e9sident uniquement dans la m\u00e9moire de la fen\u00eatre contextuelle et sont supprim\u00e9es lorsque celle-ci se ferme.<\/p>\n<h2>3. O\u00f9 vont les donn\u00e9es<\/h2>\n<p>Lorsque vous cliquez <em>\u00c9laborer une strat\u00e9gie<\/em>, l&#039;extension effectue une requ\u00eate HTTPS POST vers\u00a0:<\/p>\n<pre><code>https:\/\/tire-compare.com\/api\/aeo-proxy.php\r\n<\/code><\/pre>\n<p>Ce proxy, g\u00e9r\u00e9 par l&#039;agence Riman, transmet le corps de la requ\u00eate \u00e0 l&#039;API OpenAI et renvoie la r\u00e9ponse. Le proxy\u00a0:<\/p>\n<ul>\n<li><strong>N&#039;enregistre pas les corps des requ\u00eates.<\/strong><\/li>\n<li><strong>N&#039;associe pas les requ\u00eates \u00e0 un identifiant utilisateur.<\/strong><\/li>\n<li>Utilise TLS pour le transport.<\/li>\n<li>Ne d\u00e9pose pas de cookies ni de jetons persistants sur votre appareil.<\/li>\n<\/ul>\n<p>OpenAI traite la demande sous <a href=\"https:\/\/openai.com\/enterprise-privacy\/\">leur politique d&#039;utilisation des donn\u00e9es API<\/a> \u2014 Les donn\u00e9es soumises via l&#039;API ne sont pas utilis\u00e9es pour entra\u00eener leurs mod\u00e8les.<\/p>\n<h2>4. Ce qui est stock\u00e9<\/h2>\n<p><strong>L&#039;extension ne stocke aucune donn\u00e9e de mani\u00e8re permanente.<\/strong> Il n&#039;y a pas <code>chrome.stockage<\/code> usage, non <code>localStockage<\/code>, Non <code>IndexedDB<\/code>, Aucun cookie n&#039;est utilis\u00e9. Lorsque vous fermez la fen\u00eatre contextuelle, toutes les donn\u00e9es (la strat\u00e9gie g\u00e9n\u00e9r\u00e9e, vos entr\u00e9es de contexte, les donn\u00e9es de page extraites) sont supprim\u00e9es.<\/p>\n<p>Si vous cliquez <em>Exporter le rapport Word<\/em>, un <code>.doc<\/code> Le fichier est g\u00e9n\u00e9r\u00e9 int\u00e9gralement dans votre navigateur et t\u00e9l\u00e9charg\u00e9 sur votre appareil. Ce fichier vous appartient\u00a0; aucune donn\u00e9e n\u2019est transf\u00e9r\u00e9e.<\/p>\n<h2>5. Justification des autorisations<\/h2>\n<p>L&#039;extension demande les autorisations minimales requises pour fonctionner.<\/p>\n<ul>\n<li><strong><code>onglet actif<\/code><\/strong> \u2014 permet \u00e0 l&#039;extension de lire le titre, la m\u00e9ta-description, le texte du corps et les URL des images de l&#039;onglet que vous consultez actuellement., <strong>uniquement lorsque vous ouvrez la fen\u00eatre contextuelle de l&#039;extension<\/strong>. Il ne donne pas acc\u00e8s aux informations de base ni aux tableaux crois\u00e9s dynamiques.<\/li>\n<li><strong><code>scripts<\/code><\/strong> \u2014 permet \u00e0 l&#039;extension d&#039;injecter la fonction d&#039;extraction ponctuelle dans l&#039;onglet actif afin de collecter les donn\u00e9es mentionn\u00e9es ci-dessus. N\u00e9cessaire au Manifeste Chrome v3 pour fonctionner. <code>chrome.scripting.executeScript<\/code>.<\/li>\n<li><strong><code>https:\/\/tire-compare.com\/*<\/code> (autorisation de l&#039;h\u00f4te)<\/strong> \u2014 permet \u00e0 la fen\u00eatre contextuelle d&#039;envoyer le texte extrait au proxy d&#039;IA afin qu&#039;une strat\u00e9gie puisse \u00eatre g\u00e9n\u00e9r\u00e9e.<\/li>\n<\/ul>\n<p>L&#039;extension fait <strong>pas<\/strong> demande <code>&lt;all_urls&gt;<\/code>, <code>onglets<\/code>, <code>histoire<\/code>, <code>signets<\/code>, <code>cookies<\/code>, <code>stockage<\/code>, <code>Requ\u00eate web<\/code>, ou toute autre autorisation.<\/p>\n<h2>6. Les enfants<\/h2>\n<p>Cette extension est destin\u00e9e aux professionnels du marketing et de la publicit\u00e9 adultes. Elle ne s&#039;adresse pas aux enfants de moins de 13 ans et ne collecte sciemment aucune information les concernant.<\/p>\n<h2>7. Sous-traitants<\/h2>\n<table>\n<thead>\n<tr>\n<th>Processeur<\/th>\n<th>But<\/th>\n<th>politique de confidentialit\u00e9<\/th>\n<\/tr>\n<\/thead>\n<tbody>\n<tr>\n<td>OpenAI (via notre interm\u00e9diaire)<\/td>\n<td>G\u00e9n\u00e8re la strat\u00e9gie publicitaire \u00e0 partir du contenu de la page que vous soumettez<\/td>\n<td>https:\/\/openai.com\/policies\/privacy-policy<\/td>\n<\/tr>\n<\/tbody>\n<\/table>\n<p>Nous ne sommes int\u00e9gr\u00e9s \u00e0 aucun autre service tiers.<\/p>\n<h2>8. Vos droits<\/h2>\n<p>Comme aucune donn\u00e9e personnelle n&#039;est collect\u00e9e ni stock\u00e9e, il n&#039;existe aucun compte, profil ou enregistrement auquel acc\u00e9der, modifier ou supprimer. Pour toute question concernant cette politique, veuillez nous contacter par courriel. <a href=\"mailto:t@rimanagency.com\">t@rimanagency.com<\/a> et nous vous r\u00e9pondrons dans un d\u00e9lai de 30 jours.<\/p>\n<h2>9. Modifications de la pr\u00e9sente politique<\/h2>\n<p>Si nous modifions de mani\u00e8re significative le traitement des donn\u00e9es par l&#039;extension, nous mettrons \u00e0 jour ce document et la date de \u201c\u00a0Derni\u00e8re mise \u00e0 jour\u00a0\u201d, et nous signalerons la modification dans la fiche produit. L&#039;utilisation continue de l&#039;extension apr\u00e8s une mise \u00e0 jour vaut acceptation de ces modifications.<\/p>\n<h2>10. Contact<\/h2>\n<p><strong>Tarek Riman \u2014 Agence Riman<\/strong> E-mail: <a href=\"mailto:t@rimanagency.com\">t@rimanagency.com<\/a> Site web: <a href=\"https:\/\/rimanagency.com\/fr\/\">https:\/\/rimanagency.com\/<\/a> LinkedIn\u00a0: <a href=\"https:\/\/www.linkedin.com\/in\/tarekriman\">linkedin.com\/in\/tarekriman<\/a><\/p>","protected":false},"excerpt":{"rendered":"<p>Privacy Policy \u2014 Riman AI Recommendations Last updated: April 19, 2026 Publisher: Riman Agency (Tarek Riman) Contact: t@rimanagency.com Website: https:\/\/rimanagency.com\/ This Privacy Policy describes how the Riman AI Recommendations Chrome extension (&#8220;the extension&#8221;) handles information when you use it. We take a minimalist approach: the extension collects as little as possible, stores nothing on our [&hellip;]<\/p>\n","protected":false},"author":4,"featured_media":0,"parent":0,"menu_order":0,"comment_status":"closed","ping_status":"closed","template":"","meta":{"footnotes":""},"class_list":["post-4370","page","type-page","status-publish","hentry"],"yoast_head":"<!-- This site is optimized with the Yoast SEO plugin v27.4 - https:\/\/yoast.com\/product\/yoast-seo-wordpress\/ -->\n<title>Privacy Policy \u2014 Riman AI Recommendations - Riman Agency<\/title>\n<meta name=\"robots\" content=\"noindex, follow\" \/>\n<meta property=\"og:locale\" content=\"fr_CA\" \/>\n<meta property=\"og:type\" content=\"article\" \/>\n<meta property=\"og:title\" content=\"Privacy Policy \u2014 Riman AI Recommendations - Riman Agency\" \/>\n<meta property=\"og:description\" content=\"Privacy Policy \u2014 Riman AI Recommendations Last updated: April 19, 2026 Publisher: Riman Agency (Tarek Riman) Contact: t@rimanagency.com Website: https:\/\/rimanagency.com\/ This Privacy Policy describes how the Riman AI Recommendations Chrome extension (&#8220;the extension&#8221;) handles information when you use it. We take a minimalist approach: the extension collects as little as possible, stores nothing on our [&hellip;]\" \/>\n<meta property=\"og:url\" content=\"https:\/\/rimanagency.com\/fr\/privacy-policy-riman-ai-recommendations\/\" \/>\n<meta property=\"og:site_name\" content=\"Riman Agency\" \/>\n<meta property=\"article:modified_time\" content=\"2026-04-19T20:06:05+00:00\" \/>\n<meta name=\"twitter:card\" content=\"summary_large_image\" \/>\n<meta name=\"twitter:label1\" content=\"Est. reading time\" \/>\n\t<meta name=\"twitter:data1\" content=\"4 minutes\" \/>\n<script type=\"application\/ld+json\" class=\"yoast-schema-graph\">{\"@context\":\"https:\\\/\\\/schema.org\",\"@graph\":[{\"@type\":\"WebPage\",\"@id\":\"https:\\\/\\\/rimanagency.com\\\/privacy-policy-riman-ai-recommendations\\\/\",\"url\":\"https:\\\/\\\/rimanagency.com\\\/privacy-policy-riman-ai-recommendations\\\/\",\"name\":\"Privacy Policy \u2014 Riman AI Recommendations - Riman Agency\",\"isPartOf\":{\"@id\":\"https:\\\/\\\/rimanagency.com\\\/#website\"},\"datePublished\":\"2026-04-19T20:05:55+00:00\",\"dateModified\":\"2026-04-19T20:06:05+00:00\",\"breadcrumb\":{\"@id\":\"https:\\\/\\\/rimanagency.com\\\/privacy-policy-riman-ai-recommendations\\\/#breadcrumb\"},\"inLanguage\":\"fr-CA\",\"potentialAction\":[{\"@type\":\"ReadAction\",\"target\":[\"https:\\\/\\\/rimanagency.com\\\/privacy-policy-riman-ai-recommendations\\\/\"]}]},{\"@type\":\"BreadcrumbList\",\"@id\":\"https:\\\/\\\/rimanagency.com\\\/privacy-policy-riman-ai-recommendations\\\/#breadcrumb\",\"itemListElement\":[{\"@type\":\"ListItem\",\"position\":1,\"name\":\"Home\",\"item\":\"https:\\\/\\\/rimanagency.com\\\/home\\\/\"},{\"@type\":\"ListItem\",\"position\":2,\"name\":\"Privacy Policy \u2014 Riman AI Recommendations\"}]},{\"@type\":\"WebSite\",\"@id\":\"https:\\\/\\\/rimanagency.com\\\/#website\",\"url\":\"https:\\\/\\\/rimanagency.com\\\/\",\"name\":\"Riman Agency\",\"description\":\"A Full Service Digital Marketing Agency\",\"publisher\":{\"@id\":\"https:\\\/\\\/rimanagency.com\\\/#organization\"},\"potentialAction\":[{\"@type\":\"SearchAction\",\"target\":{\"@type\":\"EntryPoint\",\"urlTemplate\":\"https:\\\/\\\/rimanagency.com\\\/?s={search_term_string}\"},\"query-input\":{\"@type\":\"PropertyValueSpecification\",\"valueRequired\":true,\"valueName\":\"search_term_string\"}}],\"inLanguage\":\"fr-CA\"},{\"@type\":\"Organization\",\"@id\":\"https:\\\/\\\/rimanagency.com\\\/#organization\",\"name\":\"Riman Agency\",\"url\":\"https:\\\/\\\/rimanagency.com\\\/\",\"logo\":{\"@type\":\"ImageObject\",\"inLanguage\":\"fr-CA\",\"@id\":\"https:\\\/\\\/rimanagency.com\\\/#\\\/schema\\\/logo\\\/image\\\/\",\"url\":\"https:\\\/\\\/rimanagency.com\\\/wp-content\\\/uploads\\\/2022\\\/02\\\/RIMANagency-all-logos-1-2.png\",\"contentUrl\":\"https:\\\/\\\/rimanagency.com\\\/wp-content\\\/uploads\\\/2022\\\/02\\\/RIMANagency-all-logos-1-2.png\",\"width\":694,\"height\":211,\"caption\":\"Riman Agency\"},\"image\":{\"@id\":\"https:\\\/\\\/rimanagency.com\\\/#\\\/schema\\\/logo\\\/image\\\/\"}}]}<\/script>\n<!-- \/ Yoast SEO plugin. -->","yoast_head_json":{"title":"Privacy Policy \u2014 Riman AI Recommendations - Riman Agency","robots":{"index":"noindex","follow":"follow"},"og_locale":"fr_CA","og_type":"article","og_title":"Privacy Policy \u2014 Riman AI Recommendations - Riman Agency","og_description":"Privacy Policy \u2014 Riman AI Recommendations Last updated: April 19, 2026 Publisher: Riman Agency (Tarek Riman) Contact: t@rimanagency.com Website: https:\/\/rimanagency.com\/ This Privacy Policy describes how the Riman AI Recommendations Chrome extension (&#8220;the extension&#8221;) handles information when you use it. We take a minimalist approach: the extension collects as little as possible, stores nothing on our [&hellip;]","og_url":"https:\/\/rimanagency.com\/fr\/privacy-policy-riman-ai-recommendations\/","og_site_name":"Riman Agency","article_modified_time":"2026-04-19T20:06:05+00:00","twitter_card":"summary_large_image","twitter_misc":{"Est. reading time":"4 minutes"},"schema":{"@context":"https:\/\/schema.org","@graph":[{"@type":"WebPage","@id":"https:\/\/rimanagency.com\/privacy-policy-riman-ai-recommendations\/","url":"https:\/\/rimanagency.com\/privacy-policy-riman-ai-recommendations\/","name":"Privacy Policy \u2014 Riman AI Recommendations - Riman Agency","isPartOf":{"@id":"https:\/\/rimanagency.com\/#website"},"datePublished":"2026-04-19T20:05:55+00:00","dateModified":"2026-04-19T20:06:05+00:00","breadcrumb":{"@id":"https:\/\/rimanagency.com\/privacy-policy-riman-ai-recommendations\/#breadcrumb"},"inLanguage":"fr-CA","potentialAction":[{"@type":"ReadAction","target":["https:\/\/rimanagency.com\/privacy-policy-riman-ai-recommendations\/"]}]},{"@type":"BreadcrumbList","@id":"https:\/\/rimanagency.com\/privacy-policy-riman-ai-recommendations\/#breadcrumb","itemListElement":[{"@type":"ListItem","position":1,"name":"Home","item":"https:\/\/rimanagency.com\/home\/"},{"@type":"ListItem","position":2,"name":"Privacy Policy \u2014 Riman AI Recommendations"}]},{"@type":"WebSite","@id":"https:\/\/rimanagency.com\/#website","url":"https:\/\/rimanagency.com\/","name":"Agence Riman","description":"Une agence de marketing num\u00e9rique \u00e0 service complet","publisher":{"@id":"https:\/\/rimanagency.com\/#organization"},"potentialAction":[{"@type":"SearchAction","target":{"@type":"EntryPoint","urlTemplate":"https:\/\/rimanagency.com\/?s={search_term_string}"},"query-input":{"@type":"PropertyValueSpecification","valueRequired":true,"valueName":"search_term_string"}}],"inLanguage":"fr-CA"},{"@type":"Organization","@id":"https:\/\/rimanagency.com\/#organization","name":"Agence Riman","url":"https:\/\/rimanagency.com\/","logo":{"@type":"ImageObject","inLanguage":"fr-CA","@id":"https:\/\/rimanagency.com\/#\/schema\/logo\/image\/","url":"https:\/\/rimanagency.com\/wp-content\/uploads\/2022\/02\/RIMANagency-all-logos-1-2.png","contentUrl":"https:\/\/rimanagency.com\/wp-content\/uploads\/2022\/02\/RIMANagency-all-logos-1-2.png","width":694,"height":211,"caption":"Riman Agency"},"image":{"@id":"https:\/\/rimanagency.com\/#\/schema\/logo\/image\/"}}]}},"_links":{"self":[{"href":"https:\/\/rimanagency.com\/fr\/wp-json\/wp\/v2\/pages\/4370","targetHints":{"allow":["GET"]}}],"collection":[{"href":"https:\/\/rimanagency.com\/fr\/wp-json\/wp\/v2\/pages"}],"about":[{"href":"https:\/\/rimanagency.com\/fr\/wp-json\/wp\/v2\/types\/page"}],"author":[{"embeddable":true,"href":"https:\/\/rimanagency.com\/fr\/wp-json\/wp\/v2\/users\/4"}],"replies":[{"embeddable":true,"href":"https:\/\/rimanagency.com\/fr\/wp-json\/wp\/v2\/comments?post=4370"}],"version-history":[{"count":0,"href":"https:\/\/rimanagency.com\/fr\/wp-json\/wp\/v2\/pages\/4370\/revisions"}],"wp:attachment":[{"href":"https:\/\/rimanagency.com\/fr\/wp-json\/wp\/v2\/media?parent=4370"}],"curies":[{"name":"wp","href":"https:\/\/api.w.org\/{rel}","templated":true}]}}