{"id":4332,"date":"2026-04-02T23:59:44","date_gmt":"2026-04-02T23:59:44","guid":{"rendered":"https:\/\/rimanagency.com\/?page_id=4332"},"modified":"2026-04-02T23:59:44","modified_gmt":"2026-04-02T23:59:44","slug":"socialpulse","status":"publish","type":"page","link":"https:\/\/rimanagency.com\/fr\/socialpulse\/","title":{"rendered":"SocialPulse"},"content":{"rendered":"<h1 data-section-id=\"kb1iqn\" data-start=\"109\" data-end=\"141\">Politique de confidentialit\u00e9 de SocialPulse<\/h1>\n<p data-start=\"178\" data-end=\"333\">SocialPulse s&#039;engage \u00e0 prot\u00e9ger votre vie priv\u00e9e. Cette politique de confidentialit\u00e9 explique quelles informations l&#039;extension collecte, comment elles sont utilis\u00e9es et quels sont vos droits.<\/p>\n<hr data-start=\"335\" data-end=\"338\" \/>\n<h2 data-section-id=\"1snehqy\" data-start=\"340\" data-end=\"368\">1. Informations que nous collectons<\/h2>\n<p data-start=\"370\" data-end=\"422\">SocialPulse est con\u00e7u pour minimiser la collecte de donn\u00e9es.<\/p>\n<h3 data-section-id=\"1b2zhgu\" data-start=\"424\" data-end=\"456\">a. Informations fournies par l&#039;utilisateur<\/h3>\n<ul data-start=\"457\" data-end=\"559\">\n<li data-section-id=\"14a86pu\" data-start=\"457\" data-end=\"502\">Cl\u00e9s API (facultatives, si saisies par l&#039;utilisateur)<\/li>\n<li data-section-id=\"1usx7t5\" data-start=\"503\" data-end=\"559\">Noms de marques, mots-cl\u00e9s et concurrents (enregistr\u00e9s localement)<\/li>\n<\/ul>\n<h3 data-section-id=\"yc41t2\" data-start=\"561\" data-end=\"602\">b. Informations consult\u00e9es automatiquement<\/h3>\n<ul data-start=\"603\" data-end=\"729\">\n<li data-section-id=\"jabf5b\" data-start=\"603\" data-end=\"729\">URL de l&#039;onglet actif et m\u00e9tadonn\u00e9es de la page (par exemple, titre, description)<br data-start=\"664\" data-end=\"667\" \/>\u2192 Utilis\u00e9 uniquement pour am\u00e9liorer la pertinence des recherches et pr\u00e9remplir les requ\u00eates<\/li>\n<\/ul>\n<h3 data-section-id=\"1rvpwxo\" data-start=\"731\" data-end=\"759\">c. R\u00e9cup\u00e9ration de donn\u00e9es publiques<\/h3>\n<ul data-start=\"760\" data-end=\"941\">\n<li data-section-id=\"1jycug1\" data-start=\"760\" data-end=\"873\">L&#039;extension r\u00e9cup\u00e8re du contenu accessible au public \u00e0 partir de plateformes externes (par exemple, Reddit, Google, les flux RSS d&#039;actualit\u00e9s).<\/li>\n<li data-section-id=\"m5jbmg\" data-start=\"874\" data-end=\"941\">Ces donn\u00e9es ne constituent pas des donn\u00e9es personnelles et ne sont pas conserv\u00e9es de fa\u00e7on permanente.<\/li>\n<\/ul>\n<hr data-start=\"943\" data-end=\"946\" \/>\n<h2 data-section-id=\"djgfzo\" data-start=\"948\" data-end=\"976\">2. Comment nous utilisons les informations<\/h2>\n<p data-start=\"978\" data-end=\"1010\">Les informations sont utilis\u00e9es exclusivement pour\u00a0:<\/p>\n<ul data-start=\"1011\" data-end=\"1159\">\n<li data-section-id=\"1o712ab\" data-start=\"1011\" data-end=\"1046\">Effectuer des recherches d&#039;\u00e9coute sociale<\/li>\n<li data-section-id=\"27brwn\" data-start=\"1047\" data-end=\"1111\">Afficher les r\u00e9sultats pertinents en fonction des requ\u00eates de l&#039;utilisateur ou du contexte de la page<\/li>\n<li data-section-id=\"1bqtg3s\" data-start=\"1112\" data-end=\"1159\">Pour plus de commodit\u00e9, enregistrez les pr\u00e9f\u00e9rences utilisateur localement.<\/li>\n<\/ul>\n<p data-start=\"1161\" data-end=\"1193\">Nous <strong data-start=\"1164\" data-end=\"1174\">ne pas<\/strong> Utilisez vos donn\u00e9es pour\u00a0:<\/p>\n<ul data-start=\"1194\" data-end=\"1274\">\n<li data-section-id=\"1w4y3oi\" data-start=\"1194\" data-end=\"1207\">Publicit\u00e9<\/li>\n<li data-section-id=\"kvbxxs\" data-start=\"1208\" data-end=\"1234\">Suivi sur plusieurs sites web<\/li>\n<li data-section-id=\"gc77aa\" data-start=\"1235\" data-end=\"1274\">vendre ou partager avec des tiers<\/li>\n<\/ul>\n<hr data-start=\"1276\" data-end=\"1279\" \/>\n<h2 data-section-id=\"1hiqgb5\" data-start=\"1281\" data-end=\"1299\">3. Stockage des donn\u00e9es<\/h2>\n<ul data-start=\"1301\" data-end=\"1496\">\n<li data-section-id=\"1s8kdi3\" data-start=\"1301\" data-end=\"1379\">Tous les param\u00e8tres utilisateur sont enregistr\u00e9s. <strong data-start=\"1332\" data-end=\"1358\">localement dans le navigateur<\/strong> Utilisation du stockage Chrome<\/li>\n<li data-section-id=\"96lgh6\" data-start=\"1380\" data-end=\"1428\">Aucune donn\u00e9e personnelle n&#039;est stock\u00e9e sur des serveurs externes.<\/li>\n<li data-section-id=\"1u7is4w\" data-start=\"1429\" data-end=\"1496\">Les recherches et les r\u00e9sultats sont trait\u00e9s en temps r\u00e9el et ne sont pas conserv\u00e9s.<\/li>\n<\/ul>\n<hr data-start=\"1498\" data-end=\"1501\" \/>\n<h2 data-section-id=\"1jsn6sn\" data-start=\"1503\" data-end=\"1521\">4. Partage de donn\u00e9es<\/h2>\n<p data-start=\"1523\" data-end=\"1548\">SocialPulse le fait <strong data-start=\"1540\" data-end=\"1547\">pas<\/strong>:<\/p>\n<ul data-start=\"1549\" data-end=\"1613\">\n<li data-section-id=\"22dl9b\" data-start=\"1549\" data-end=\"1565\">Vendre les donn\u00e9es des utilisateurs<\/li>\n<li data-section-id=\"9oupfc\" data-start=\"1566\" data-end=\"1613\">Partager des informations personnelles avec des tiers<\/li>\n<\/ul>\n<p data-start=\"1615\" data-end=\"1778\">Les requ\u00eates adress\u00e9es \u00e0 des services tiers (par exemple, Reddit, Google, flux RSS) servent uniquement \u00e0 r\u00e9cup\u00e9rer le contenu accessible au public n\u00e9cessaire au fonctionnement de l&#039;extension.<\/p>\n<hr data-start=\"1780\" data-end=\"1783\" \/>\n<h2 data-section-id=\"1du7r9f\" data-start=\"1785\" data-end=\"1808\">5. Utilisation des autorisations<\/h2>\n<ul data-start=\"1810\" data-end=\"2135\">\n<li data-section-id=\"1rkcq4s\" data-start=\"1810\" data-end=\"1883\"><strong data-start=\"1812\" data-end=\"1826\">Onglet actif\u00a0:<\/strong> Pour lire le contexte de la page actuelle et effectuer des recherches pertinentes<\/li>\n<li data-section-id=\"1mns1ft\" data-start=\"1884\" data-end=\"1948\"><strong data-start=\"1886\" data-end=\"1900\">script\u00a0:<\/strong> Extraire les m\u00e9tadonn\u00e9es et afficher les notifications<\/li>\n<li data-section-id=\"1b0tn8w\" data-start=\"1949\" data-end=\"1998\"><strong data-start=\"1951\" data-end=\"1963\">stockage:<\/strong> Pour enregistrer localement les pr\u00e9f\u00e9rences de l&#039;utilisateur<\/li>\n<li data-section-id=\"1w8m0kw\" data-start=\"1999\" data-end=\"2063\"><strong data-start=\"2001\" data-end=\"2018\">Menus contextuels\u00a0:<\/strong> Pour permettre des recherches rapides \u00e0 partir du texte s\u00e9lectionn\u00e9<\/li>\n<li data-section-id=\"1d2104o\" data-start=\"2064\" data-end=\"2135\"><strong data-start=\"2066\" data-end=\"2087\">Autorisations de l&#039;h\u00f4te\u00a0:<\/strong> Pour r\u00e9cup\u00e9rer des donn\u00e9es publiques \u00e0 partir de plateformes prises en charge<\/li>\n<\/ul>\n<p data-start=\"2137\" data-end=\"2219\">Ces autorisations sont utilis\u00e9es exclusivement pour assurer le bon fonctionnement des fonctionnalit\u00e9s principales de l&#039;extension.<\/p>\n<hr data-start=\"2221\" data-end=\"2224\" \/>\n<h2 data-section-id=\"d7wzij\" data-start=\"2226\" data-end=\"2240\">6. S\u00e9curit\u00e9<\/h2>\n<p data-start=\"2242\" data-end=\"2285\">Nous prenons des mesures raisonnables pour garantir que\u00a0:<\/p>\n<ul data-start=\"2286\" data-end=\"2440\">\n<li data-section-id=\"c6k3z4\" data-start=\"2286\" data-end=\"2320\">Aucune donn\u00e9e inutile n&#039;est collect\u00e9e.<\/li>\n<li data-section-id=\"1vtpjjm\" data-start=\"2321\" data-end=\"2381\">Aucune information personnelle sensible n&#039;est transmise ni stock\u00e9e.<\/li>\n<li data-section-id=\"2c2wvv\" data-start=\"2382\" data-end=\"2440\">Toutes les op\u00e9rations sont effectu\u00e9es de mani\u00e8re s\u00e9curis\u00e9e au sein du navigateur.<\/li>\n<\/ul>\n<hr data-start=\"2442\" data-end=\"2445\" \/>\n<h2 data-section-id=\"or9oyy\" data-start=\"2447\" data-end=\"2465\">7. Contr\u00f4le de l&#039;utilisateur<\/h2>\n<p data-start=\"2467\" data-end=\"2504\">Vous avez un contr\u00f4le total sur vos donn\u00e9es\u00a0:<\/p>\n<ul data-start=\"2505\" data-end=\"2629\">\n<li data-section-id=\"1rar71w\" data-start=\"2505\" data-end=\"2565\">Vous pouvez effacer les donn\u00e9es enregistr\u00e9es \u00e0 tout moment via les param\u00e8tres du navigateur.<\/li>\n<li data-section-id=\"aglb3p\" data-start=\"2566\" data-end=\"2629\">Vous pouvez supprimer l&#039;extension pour effacer toutes les informations stock\u00e9es.<\/li>\n<\/ul>\n<hr data-start=\"2631\" data-end=\"2634\" \/>\n<h2 data-section-id=\"8czm6z\" data-start=\"2636\" data-end=\"2664\">8. Modifications de cette politique<\/h2>\n<p data-start=\"2666\" data-end=\"2781\">La pr\u00e9sente politique de confidentialit\u00e9 peut \u00eatre mise \u00e0 jour p\u00e9riodiquement. Toute modification sera indiqu\u00e9e par une nouvelle date d&#039;entr\u00e9e en vigueur.<\/p>\n<hr data-start=\"2783\" data-end=\"2786\" \/>\n<h2 data-section-id=\"1vqt0fm\" data-start=\"2788\" data-end=\"2801\">9. Contact<\/h2>\n<p data-start=\"2803\" data-end=\"2872\">Si vous avez des questions concernant cette politique de confidentialit\u00e9, vous pouvez nous contacter\u00a0:<\/p>","protected":false},"excerpt":{"rendered":"<p>Privacy Policy for SocialPulse SocialPulse is committed to protecting your privacy. This Privacy Policy explains what information the extension collects, how it is used, and your rights. 1. Information We Collect SocialPulse is designed to minimize data collection. a. User-Provided Information API keys (optional, if entered by the user) Brand names, keywords, and competitors (saved [&hellip;]<\/p>\n","protected":false},"author":4,"featured_media":0,"parent":0,"menu_order":0,"comment_status":"closed","ping_status":"closed","template":"","meta":{"footnotes":""},"class_list":["post-4332","page","type-page","status-publish","hentry"],"yoast_head":"<!-- This site is optimized with the Yoast SEO plugin v27.3 - https:\/\/yoast.com\/product\/yoast-seo-wordpress\/ -->\n<title>SocialPulse - Riman Agency<\/title>\n<meta name=\"robots\" content=\"index, follow, max-snippet:-1, max-image-preview:large, max-video-preview:-1\" \/>\n<link rel=\"canonical\" href=\"https:\/\/rimanagency.com\/fr\/socialpulse\/\" \/>\n<meta property=\"og:locale\" content=\"fr_CA\" \/>\n<meta property=\"og:type\" content=\"article\" \/>\n<meta property=\"og:title\" content=\"SocialPulse - Riman Agency\" \/>\n<meta property=\"og:description\" content=\"Privacy Policy for SocialPulse SocialPulse is committed to protecting your privacy. This Privacy Policy explains what information the extension collects, how it is used, and your rights. 1. Information We Collect SocialPulse is designed to minimize data collection. a. User-Provided Information API keys (optional, if entered by the user) Brand names, keywords, and competitors (saved [&hellip;]\" \/>\n<meta property=\"og:url\" content=\"https:\/\/rimanagency.com\/fr\/socialpulse\/\" \/>\n<meta property=\"og:site_name\" content=\"Riman Agency\" \/>\n<meta name=\"twitter:card\" content=\"summary_large_image\" \/>\n<meta name=\"twitter:label1\" content=\"Est. reading time\" \/>\n\t<meta name=\"twitter:data1\" content=\"2 minutes\" \/>\n<script type=\"application\/ld+json\" class=\"yoast-schema-graph\">{\"@context\":\"https:\\\/\\\/schema.org\",\"@graph\":[{\"@type\":\"WebPage\",\"@id\":\"https:\\\/\\\/rimanagency.com\\\/socialpulse\\\/\",\"url\":\"https:\\\/\\\/rimanagency.com\\\/socialpulse\\\/\",\"name\":\"SocialPulse - Riman Agency\",\"isPartOf\":{\"@id\":\"https:\\\/\\\/rimanagency.com\\\/#website\"},\"datePublished\":\"2026-04-02T23:59:44+00:00\",\"breadcrumb\":{\"@id\":\"https:\\\/\\\/rimanagency.com\\\/socialpulse\\\/#breadcrumb\"},\"inLanguage\":\"fr-CA\",\"potentialAction\":[{\"@type\":\"ReadAction\",\"target\":[\"https:\\\/\\\/rimanagency.com\\\/socialpulse\\\/\"]}]},{\"@type\":\"BreadcrumbList\",\"@id\":\"https:\\\/\\\/rimanagency.com\\\/socialpulse\\\/#breadcrumb\",\"itemListElement\":[{\"@type\":\"ListItem\",\"position\":1,\"name\":\"Home\",\"item\":\"https:\\\/\\\/rimanagency.com\\\/home\\\/\"},{\"@type\":\"ListItem\",\"position\":2,\"name\":\"SocialPulse\"}]},{\"@type\":\"WebSite\",\"@id\":\"https:\\\/\\\/rimanagency.com\\\/#website\",\"url\":\"https:\\\/\\\/rimanagency.com\\\/\",\"name\":\"Riman Agency\",\"description\":\"A Full Service Digital Marketing Agency\",\"publisher\":{\"@id\":\"https:\\\/\\\/rimanagency.com\\\/#organization\"},\"potentialAction\":[{\"@type\":\"SearchAction\",\"target\":{\"@type\":\"EntryPoint\",\"urlTemplate\":\"https:\\\/\\\/rimanagency.com\\\/?s={search_term_string}\"},\"query-input\":{\"@type\":\"PropertyValueSpecification\",\"valueRequired\":true,\"valueName\":\"search_term_string\"}}],\"inLanguage\":\"fr-CA\"},{\"@type\":\"Organization\",\"@id\":\"https:\\\/\\\/rimanagency.com\\\/#organization\",\"name\":\"Riman Agency\",\"url\":\"https:\\\/\\\/rimanagency.com\\\/\",\"logo\":{\"@type\":\"ImageObject\",\"inLanguage\":\"fr-CA\",\"@id\":\"https:\\\/\\\/rimanagency.com\\\/#\\\/schema\\\/logo\\\/image\\\/\",\"url\":\"https:\\\/\\\/rimanagency.com\\\/wp-content\\\/uploads\\\/2022\\\/02\\\/RIMANagency-all-logos-1-2.png\",\"contentUrl\":\"https:\\\/\\\/rimanagency.com\\\/wp-content\\\/uploads\\\/2022\\\/02\\\/RIMANagency-all-logos-1-2.png\",\"width\":694,\"height\":211,\"caption\":\"Riman Agency\"},\"image\":{\"@id\":\"https:\\\/\\\/rimanagency.com\\\/#\\\/schema\\\/logo\\\/image\\\/\"}}]}<\/script>\n<!-- \/ Yoast SEO plugin. -->","yoast_head_json":{"title":"SocialPulse - Riman Agency","robots":{"index":"index","follow":"follow","max-snippet":"max-snippet:-1","max-image-preview":"max-image-preview:large","max-video-preview":"max-video-preview:-1"},"canonical":"https:\/\/rimanagency.com\/fr\/socialpulse\/","og_locale":"fr_CA","og_type":"article","og_title":"SocialPulse - Riman Agency","og_description":"Privacy Policy for SocialPulse SocialPulse is committed to protecting your privacy. This Privacy Policy explains what information the extension collects, how it is used, and your rights. 1. Information We Collect SocialPulse is designed to minimize data collection. a. User-Provided Information API keys (optional, if entered by the user) Brand names, keywords, and competitors (saved [&hellip;]","og_url":"https:\/\/rimanagency.com\/fr\/socialpulse\/","og_site_name":"Riman Agency","twitter_card":"summary_large_image","twitter_misc":{"Est. reading time":"2 minutes"},"schema":{"@context":"https:\/\/schema.org","@graph":[{"@type":"WebPage","@id":"https:\/\/rimanagency.com\/socialpulse\/","url":"https:\/\/rimanagency.com\/socialpulse\/","name":"SocialPulse - Riman Agency","isPartOf":{"@id":"https:\/\/rimanagency.com\/#website"},"datePublished":"2026-04-02T23:59:44+00:00","breadcrumb":{"@id":"https:\/\/rimanagency.com\/socialpulse\/#breadcrumb"},"inLanguage":"fr-CA","potentialAction":[{"@type":"ReadAction","target":["https:\/\/rimanagency.com\/socialpulse\/"]}]},{"@type":"BreadcrumbList","@id":"https:\/\/rimanagency.com\/socialpulse\/#breadcrumb","itemListElement":[{"@type":"ListItem","position":1,"name":"Home","item":"https:\/\/rimanagency.com\/home\/"},{"@type":"ListItem","position":2,"name":"SocialPulse"}]},{"@type":"WebSite","@id":"https:\/\/rimanagency.com\/#website","url":"https:\/\/rimanagency.com\/","name":"Agence Riman","description":"Une agence de marketing num\u00e9rique \u00e0 service complet","publisher":{"@id":"https:\/\/rimanagency.com\/#organization"},"potentialAction":[{"@type":"SearchAction","target":{"@type":"EntryPoint","urlTemplate":"https:\/\/rimanagency.com\/?s={search_term_string}"},"query-input":{"@type":"PropertyValueSpecification","valueRequired":true,"valueName":"search_term_string"}}],"inLanguage":"fr-CA"},{"@type":"Organization","@id":"https:\/\/rimanagency.com\/#organization","name":"Agence Riman","url":"https:\/\/rimanagency.com\/","logo":{"@type":"ImageObject","inLanguage":"fr-CA","@id":"https:\/\/rimanagency.com\/#\/schema\/logo\/image\/","url":"https:\/\/rimanagency.com\/wp-content\/uploads\/2022\/02\/RIMANagency-all-logos-1-2.png","contentUrl":"https:\/\/rimanagency.com\/wp-content\/uploads\/2022\/02\/RIMANagency-all-logos-1-2.png","width":694,"height":211,"caption":"Riman Agency"},"image":{"@id":"https:\/\/rimanagency.com\/#\/schema\/logo\/image\/"}}]}},"_links":{"self":[{"href":"https:\/\/rimanagency.com\/fr\/wp-json\/wp\/v2\/pages\/4332","targetHints":{"allow":["GET"]}}],"collection":[{"href":"https:\/\/rimanagency.com\/fr\/wp-json\/wp\/v2\/pages"}],"about":[{"href":"https:\/\/rimanagency.com\/fr\/wp-json\/wp\/v2\/types\/page"}],"author":[{"embeddable":true,"href":"https:\/\/rimanagency.com\/fr\/wp-json\/wp\/v2\/users\/4"}],"replies":[{"embeddable":true,"href":"https:\/\/rimanagency.com\/fr\/wp-json\/wp\/v2\/comments?post=4332"}],"version-history":[{"count":0,"href":"https:\/\/rimanagency.com\/fr\/wp-json\/wp\/v2\/pages\/4332\/revisions"}],"wp:attachment":[{"href":"https:\/\/rimanagency.com\/fr\/wp-json\/wp\/v2\/media?parent=4332"}],"curies":[{"name":"wp","href":"https:\/\/api.w.org\/{rel}","templated":true}]}}