{"id":4314,"date":"2026-03-04T08:29:12","date_gmt":"2026-03-04T08:29:12","guid":{"rendered":"https:\/\/rimanagency.com\/?page_id=4314"},"modified":"2026-04-02T18:20:25","modified_gmt":"2026-04-02T18:20:25","slug":"privacy-policy-for-social-playbook-pro","status":"publish","type":"page","link":"https:\/\/rimanagency.com\/fr\/privacy-policy-for-social-playbook-pro\/","title":{"rendered":"Politique de confidentialit\u00e9 pour Social Playbook Pro"},"content":{"rendered":"<h1 data-section-id=\"c7b8o0\" data-start=\"112\" data-end=\"156\"><span role=\"text\"><strong data-start=\"114\" data-end=\"156\">Politique de confidentialit\u00e9 pour Social Playbook Pro<\/strong><\/span><\/h1>\n<p data-start=\"158\" data-end=\"191\"><strong data-start=\"158\" data-end=\"177\">Date d&#039;entr\u00e9e en vigueur :<\/strong> 2 avril 2026<\/p>\n<p data-start=\"193\" data-end=\"427\">Social Playbook Pro (\u201c nous \u201d, \u201c notre \u201d ou \u201c l\u2019extension \u201d) respecte votre vie priv\u00e9e et s\u2019engage \u00e0 prot\u00e9ger vos donn\u00e9es. La pr\u00e9sente Politique de confidentialit\u00e9 explique quelles informations sont consult\u00e9es, comment elles sont utilis\u00e9es et quels sont vos droits lorsque vous utilisez l\u2019extension.<\/p>\n<hr data-start=\"429\" data-end=\"432\" \/>\n<h2 data-section-id=\"1fe60xl\" data-start=\"434\" data-end=\"452\"><span role=\"text\"><strong data-start=\"437\" data-end=\"452\">1. Aper\u00e7u<\/strong><\/span><\/h2>\n<p data-start=\"454\" data-end=\"667\">Social Playbook Pro est une extension Chrome con\u00e7ue pour analyser le contenu de la page web active et g\u00e9n\u00e9rer des brouillons de publications pour les r\u00e9seaux sociaux gr\u00e2ce \u00e0 l&#039;intelligence artificielle. L&#039;extension ne traite les donn\u00e9es que lorsqu&#039;elle est explicitement d\u00e9clench\u00e9e par l&#039;utilisateur.<\/p>\n<hr data-start=\"669\" data-end=\"672\" \/>\n<h2 data-section-id=\"1wdenab\" data-start=\"674\" data-end=\"705\"><span role=\"text\"><strong data-start=\"677\" data-end=\"705\">2. Informations auxquelles nous acc\u00e9dons<\/strong><\/span><\/h2>\n<p data-start=\"707\" data-end=\"749\">Lorsque vous utilisez l&#039;extension, nous pouvons acc\u00e9der \u00e0\u00a0:<\/p>\n<h3 data-section-id=\"1i549d9\" data-start=\"751\" data-end=\"795\">a. Contenu de la page Web (\u00e0 l&#039;initiative de l&#039;utilisateur uniquement)<\/h3>\n<ul data-start=\"796\" data-end=\"874\">\n<li data-section-id=\"1rsn61n\" data-start=\"796\" data-end=\"808\">Titre de la page<\/li>\n<li data-section-id=\"xfy27n\" data-start=\"809\" data-end=\"827\">M\u00e9ta-description<\/li>\n<li data-section-id=\"167aanm\" data-start=\"828\" data-end=\"850\">Contenu textuel visible<\/li>\n<li data-section-id=\"2ep4jb\" data-start=\"851\" data-end=\"863\">URL des images<\/li>\n<li data-section-id=\"1us7yds\" data-start=\"864\" data-end=\"874\">URL de la page<\/li>\n<\/ul>\n<p data-start=\"876\" data-end=\"967\">Ces donn\u00e9es sont accessibles <strong data-start=\"898\" data-end=\"966\">uniquement lorsque vous cliquez sur l&#039;extension ou utilisez la fonction clic droit<\/strong>.<\/p>\n<h3 data-section-id=\"bgvlc4\" data-start=\"969\" data-end=\"996\">b. Entr\u00e9es fournies par l&#039;utilisateur<\/h3>\n<ul data-start=\"997\" data-end=\"1113\">\n<li data-section-id=\"wk6luc\" data-start=\"997\" data-end=\"1009\">Nom de marque<\/li>\n<li data-section-id=\"f0wd71\" data-start=\"1010\" data-end=\"1027\">Public cible<\/li>\n<li data-section-id=\"w3hv5c\" data-start=\"1028\" data-end=\"1046\">Pr\u00e9f\u00e9rences de tonalit\u00e9<\/li>\n<li data-section-id=\"1u0mz3k\" data-start=\"1047\" data-end=\"1068\">Instructions personnalis\u00e9es<\/li>\n<li data-section-id=\"1448l1o\" data-start=\"1069\" data-end=\"1113\">Texte mis en surbrillance (via le clic droit)<\/li>\n<\/ul>\n<h3 data-section-id=\"fgxbgt\" data-start=\"1115\" data-end=\"1139\">c. Contenu g\u00e9n\u00e9r\u00e9<\/h3>\n<ul data-start=\"1140\" data-end=\"1216\">\n<li data-section-id=\"igdfva\" data-start=\"1140\" data-end=\"1173\">Publications sur les r\u00e9seaux sociaux g\u00e9n\u00e9r\u00e9es par l&#039;IA<\/li>\n<li data-section-id=\"1sf83qq\" data-start=\"1174\" data-end=\"1188\">brouillons d&#039;emails<\/li>\n<li data-section-id=\"b2etcl\" data-start=\"1189\" data-end=\"1216\">Accroches, scripts et id\u00e9es<\/li>\n<\/ul>\n<hr data-start=\"1218\" data-end=\"1221\" \/>\n<h2 data-section-id=\"1g95oj9\" data-start=\"1223\" data-end=\"1255\"><span role=\"text\"><strong data-start=\"1226\" data-end=\"1255\">3. Comment nous utilisons les informations<\/strong><\/span><\/h2>\n<p data-start=\"1257\" data-end=\"1295\">Les donn\u00e9es consult\u00e9es sont utilis\u00e9es exclusivement pour\u00a0:<\/p>\n<ul data-start=\"1296\" data-end=\"1440\">\n<li data-section-id=\"1bp5fba\" data-start=\"1296\" data-end=\"1321\">Analyser le contenu des pages Web<\/li>\n<li data-section-id=\"pw3x5z\" data-start=\"1322\" data-end=\"1380\">G\u00e9n\u00e9rer des brouillons de m\u00e9dias sociaux pertinents et adapt\u00e9s \u00e0 chaque plateforme<\/li>\n<li data-section-id=\"z1cszn\" data-start=\"1381\" data-end=\"1440\">Am\u00e9liorer la pertinence et la qualit\u00e9 des r\u00e9sultats g\u00e9n\u00e9r\u00e9s par l&#039;IA<\/li>\n<\/ul>\n<p data-start=\"1442\" data-end=\"1519\">Nous <strong data-start=\"1445\" data-end=\"1518\">Nous n&#039;utiliserons pas vos donn\u00e9es \u00e0 des fins publicitaires, de profilage ou de suivi.<\/strong>.<\/p>\n<hr data-start=\"1521\" data-end=\"1524\" \/>\n<h2 data-section-id=\"gckil2\" data-start=\"1526\" data-end=\"1548\"><span role=\"text\"><strong data-start=\"1529\" data-end=\"1548\">4. Stockage des donn\u00e9es<\/strong><\/span><\/h2>\n<ul data-start=\"1550\" data-end=\"1763\">\n<li data-section-id=\"9evqdc\" data-start=\"1550\" data-end=\"1663\">Toutes les pr\u00e9f\u00e9rences des utilisateurs et le contenu g\u00e9n\u00e9r\u00e9 sont stock\u00e9s. <strong data-start=\"1606\" data-end=\"1632\">localement sur votre appareil<\/strong> en utilisant le syst\u00e8me de stockage de Chrome.<\/li>\n<li data-section-id=\"mw8ko2\" data-start=\"1664\" data-end=\"1763\">Nous faisons <strong data-start=\"1672\" data-end=\"1715\">ne stockez pas vos donn\u00e9es sur des serveurs externes<\/strong>, sauf temporairement pour traitement (voir ci-dessous).<\/li>\n<\/ul>\n<hr data-start=\"1765\" data-end=\"1768\" \/>\n<h2 data-section-id=\"nhd50z\" data-start=\"1770\" data-end=\"1812\"><span role=\"text\"><strong data-start=\"1773\" data-end=\"1812\">5. Partage de donn\u00e9es et services externes<\/strong><\/span><\/h2>\n<p data-start=\"1814\" data-end=\"1837\">Pour g\u00e9n\u00e9rer du contenu IA\u00a0:<\/p>\n<ul data-start=\"1838\" data-end=\"1994\">\n<li data-section-id=\"vqir08\" data-start=\"1838\" data-end=\"1918\">L&#039;extension envoie le contenu s\u00e9lectionn\u00e9 de la page web \u00e0 un point de terminaison d&#039;API backend s\u00e9curis\u00e9.<\/li>\n<li data-section-id=\"ct69cp\" data-start=\"1919\" data-end=\"1994\">Ce syst\u00e8me dorsal traite la requ\u00eate \u00e0 l&#039;aide de services d&#039;IA et renvoie les r\u00e9sultats.<\/li>\n<\/ul>\n<h3 data-section-id=\"de09ru\" data-start=\"1996\" data-end=\"2010\">Important:<\/h3>\n<ul data-start=\"2011\" data-end=\"2218\">\n<li data-section-id=\"12hldhf\" data-start=\"2011\" data-end=\"2055\">Aucun historique de navigation personnel n&#039;est collect\u00e9.<\/li>\n<li data-section-id=\"1xpy56i\" data-start=\"2056\" data-end=\"2135\">Aucune donn\u00e9e n&#039;est vendue, lou\u00e9e ou partag\u00e9e avec des tiers \u00e0 des fins de marketing.<\/li>\n<li data-section-id=\"1rknfvv\" data-start=\"2136\" data-end=\"2218\">Les donn\u00e9es transmises pour traitement se limitent \u00e0 ce qui est n\u00e9cessaire pour r\u00e9pondre \u00e0 la demande.<\/li>\n<\/ul>\n<hr data-start=\"2220\" data-end=\"2223\" \/>\n<h2 data-section-id=\"1yxum74\" data-start=\"2225\" data-end=\"2252\"><span role=\"text\"><strong data-start=\"2228\" data-end=\"2252\">6. Utilisation des autorisations<\/strong><\/span><\/h2>\n<p data-start=\"2254\" data-end=\"2311\">L&#039;extension utilise uniquement les autorisations minimales requises\u00a0:<\/p>\n<ul data-start=\"2313\" data-end=\"2541\">\n<li data-section-id=\"4sqlbu\" data-start=\"2313\" data-end=\"2373\"><strong data-start=\"2315\" data-end=\"2328\">onglet actif<\/strong> \u2013 Acc\u00e9der au contenu de la page actuelle lorsqu&#039;il est d\u00e9clench\u00e9<\/li>\n<li data-section-id=\"iiodge\" data-start=\"2374\" data-end=\"2427\"><strong data-start=\"2376\" data-end=\"2389\">scripts<\/strong> \u2013 Extraire dynamiquement le contenu des pages Web<\/li>\n<li data-section-id=\"e7cfmo\" data-start=\"2428\" data-end=\"2478\"><strong data-start=\"2430\" data-end=\"2446\">menus contextuels<\/strong> \u2013 Activer la g\u00e9n\u00e9ration par clic droit<\/li>\n<li data-section-id=\"phw9dq\" data-start=\"2479\" data-end=\"2541\"><strong data-start=\"2481\" data-end=\"2492\">stockage<\/strong> \u2013 Enregistrez localement les pr\u00e9f\u00e9rences et le contenu g\u00e9n\u00e9r\u00e9.<\/li>\n<\/ul>\n<p data-start=\"2543\" data-end=\"2611\">Ces autorisations sont utilis\u00e9es uniquement pour prendre en charge les fonctionnalit\u00e9s de base.<\/p>\n<hr data-start=\"2613\" data-end=\"2616\" \/>\n<h2 data-section-id=\"1iw5ge4\" data-start=\"2618\" data-end=\"2650\"><span role=\"text\"><strong data-start=\"2621\" data-end=\"2650\">7. Aucun suivi en arri\u00e8re-plan<\/strong><\/span><\/h2>\n<p data-start=\"2652\" data-end=\"2672\">Social Playbook Pro\u00a0:<\/p>\n<ul data-start=\"2673\" data-end=\"2817\">\n<li data-section-id=\"4y1md5\" data-start=\"2673\" data-end=\"2711\">Fait <strong data-start=\"2680\" data-end=\"2687\">pas<\/strong> suivre l&#039;activit\u00e9 de navigation<\/li>\n<li data-section-id=\"lvarp0\" data-start=\"2712\" data-end=\"2761\">Fait <strong data-start=\"2719\" data-end=\"2726\">pas<\/strong> collecter des donn\u00e9es analytiques sur le comportement des utilisateurs<\/li>\n<li data-section-id=\"1pbtuos\" data-start=\"2762\" data-end=\"2817\">Fait <strong data-start=\"2769\" data-end=\"2776\">pas<\/strong> ex\u00e9cuter des processus de collecte de donn\u00e9es en arri\u00e8re-plan<\/li>\n<\/ul>\n<p data-start=\"2819\" data-end=\"2857\">Toutes les actions sont initi\u00e9es par l&#039;utilisateur.<\/p>\n<hr data-start=\"2859\" data-end=\"2862\" \/>\n<h2 data-section-id=\"watcdx\" data-start=\"2864\" data-end=\"2887\"><span role=\"text\"><strong data-start=\"2867\" data-end=\"2887\">8. S\u00e9curit\u00e9 des donn\u00e9es<\/strong><\/span><\/h2>\n<p data-start=\"2889\" data-end=\"2935\">Nous mettons en \u0153uvre des mesures techniques raisonnables pour :<\/p>\n<ul data-start=\"2936\" data-end=\"3082\">\n<li data-section-id=\"17sr74j\" data-start=\"2936\" data-end=\"2986\">Assurez une communication s\u00e9curis\u00e9e avec notre API backend<\/li>\n<li data-section-id=\"iijygv\" data-start=\"2987\" data-end=\"3034\">Emp\u00eacher tout acc\u00e8s non autoris\u00e9 aux donn\u00e9es trait\u00e9es<\/li>\n<li data-section-id=\"1yw67ru\" data-start=\"3035\" data-end=\"3082\">S\u00e9curisez les cl\u00e9s API gr\u00e2ce \u00e0 une gestion c\u00f4t\u00e9 serveur<\/li>\n<\/ul>\n<hr data-start=\"3084\" data-end=\"3087\" \/>\n<h2 data-section-id=\"wbnjtw\" data-start=\"3089\" data-end=\"3111\"><span role=\"text\"><strong data-start=\"3092\" data-end=\"3111\">9. Votre contr\u00f4le<\/strong><\/span><\/h2>\n<p data-start=\"3113\" data-end=\"3150\">Vous avez un contr\u00f4le total sur vos donn\u00e9es\u00a0:<\/p>\n<ul data-start=\"3151\" data-end=\"3300\">\n<li data-section-id=\"1cnxtzn\" data-start=\"3151\" data-end=\"3206\">Vous pouvez effacer les donn\u00e9es enregistr\u00e9es \u00e0 tout moment via les param\u00e8tres de Chrome.<\/li>\n<li data-section-id=\"k5s1l6\" data-start=\"3207\" data-end=\"3266\">Vous pouvez d\u00e9sinstaller l&#039;extension pour supprimer toutes les donn\u00e9es enregistr\u00e9es.<\/li>\n<li data-section-id=\"cs12yt\" data-start=\"3267\" data-end=\"3300\">Aucun compte ni connexion requis<\/li>\n<\/ul>\n<hr data-start=\"3302\" data-end=\"3305\" \/>\n<h2 data-section-id=\"1kfs9ud\" data-start=\"3307\" data-end=\"3336\"><span role=\"text\"><strong data-start=\"3310\" data-end=\"3336\">10. Protection de la vie priv\u00e9e des enfants<\/strong><\/span><\/h2>\n<p data-start=\"3338\" data-end=\"3459\">Cette extension n&#039;est pas destin\u00e9e aux enfants de moins de 13 ans. Nous ne collectons pas sciemment de donn\u00e9es personnelles aupr\u00e8s d&#039;enfants.<\/p>\n<hr data-start=\"3461\" data-end=\"3464\" \/>\n<h2 data-section-id=\"9q061v\" data-start=\"3466\" data-end=\"3499\"><span role=\"text\"><strong data-start=\"3469\" data-end=\"3499\">11. Modifications apport\u00e9es \u00e0 la pr\u00e9sente politique<\/strong><\/span><\/h2>\n<p data-start=\"3501\" data-end=\"3608\">Nous pouvons \u00eatre amen\u00e9s \u00e0 modifier la pr\u00e9sente Politique de confidentialit\u00e9. Les modifications seront signal\u00e9es par une nouvelle \u201c\u00a0Date d\u2019entr\u00e9e en vigueur\u00a0\u201d.\u201d<\/p>\n<hr data-start=\"3610\" data-end=\"3613\" \/>\n<h2 data-section-id=\"4vr348\" data-start=\"3615\" data-end=\"3633\"><span role=\"text\"><strong data-start=\"3618\" data-end=\"3633\">12. Contact<\/strong><\/span><\/h2>\n<p data-start=\"3635\" data-end=\"3704\">Si vous avez des questions concernant cette politique de confidentialit\u00e9, vous pouvez nous contacter\u00a0:<\/p>\n<p data-start=\"3706\" data-end=\"3779\"><strong data-start=\"3706\" data-end=\"3716\">E-mail:<\/strong> t@rimanagency.com<\/p>\n<ul data-path-to-node=\"17\">\n<li><\/li>\n<\/ul>","protected":false},"excerpt":{"rendered":"<p>Privacy Policy for Social Playbook Pro Effective Date: April 2nd 2026 Social Playbook Pro (\u201cwe\u201d, \u201cour\u201d, or \u201cthe extension\u201d) respects your privacy and is committed to protecting your data. This Privacy Policy explains what information is accessed, how it is used, and your rights when using the extension. 1. Overview Social Playbook Pro is a [&hellip;]<\/p>\n","protected":false},"author":4,"featured_media":0,"parent":0,"menu_order":0,"comment_status":"closed","ping_status":"closed","template":"","meta":{"footnotes":""},"class_list":["post-4314","page","type-page","status-publish","hentry"],"yoast_head":"<!-- This site is optimized with the Yoast SEO plugin v27.4 - https:\/\/yoast.com\/product\/yoast-seo-wordpress\/ -->\n<title>Privacy Policy for Social Playbook Pro - Riman Agency<\/title>\n<meta name=\"robots\" content=\"index, follow, max-snippet:-1, max-image-preview:large, max-video-preview:-1\" \/>\n<link rel=\"canonical\" href=\"https:\/\/rimanagency.com\/fr\/privacy-policy-for-social-playbook-pro\/\" \/>\n<meta property=\"og:locale\" content=\"fr_CA\" \/>\n<meta property=\"og:type\" content=\"article\" \/>\n<meta property=\"og:title\" content=\"Privacy Policy for Social Playbook Pro - Riman Agency\" \/>\n<meta property=\"og:description\" content=\"Privacy Policy for Social Playbook Pro Effective Date: April 2nd 2026 Social Playbook Pro (\u201cwe\u201d, \u201cour\u201d, or \u201cthe extension\u201d) respects your privacy and is committed to protecting your data. This Privacy Policy explains what information is accessed, how it is used, and your rights when using the extension. 1. Overview Social Playbook Pro is a [&hellip;]\" \/>\n<meta property=\"og:url\" content=\"https:\/\/rimanagency.com\/fr\/privacy-policy-for-social-playbook-pro\/\" \/>\n<meta property=\"og:site_name\" content=\"Riman Agency\" \/>\n<meta property=\"article:modified_time\" content=\"2026-04-02T18:20:25+00:00\" \/>\n<meta name=\"twitter:card\" content=\"summary_large_image\" \/>\n<meta name=\"twitter:label1\" content=\"Est. reading time\" \/>\n\t<meta name=\"twitter:data1\" content=\"3 minutes\" \/>\n<script type=\"application\/ld+json\" class=\"yoast-schema-graph\">{\"@context\":\"https:\\\/\\\/schema.org\",\"@graph\":[{\"@type\":\"WebPage\",\"@id\":\"https:\\\/\\\/rimanagency.com\\\/privacy-policy-for-social-playbook-pro\\\/\",\"url\":\"https:\\\/\\\/rimanagency.com\\\/privacy-policy-for-social-playbook-pro\\\/\",\"name\":\"Privacy Policy for Social Playbook Pro - Riman Agency\",\"isPartOf\":{\"@id\":\"https:\\\/\\\/rimanagency.com\\\/#website\"},\"datePublished\":\"2026-03-04T08:29:12+00:00\",\"dateModified\":\"2026-04-02T18:20:25+00:00\",\"breadcrumb\":{\"@id\":\"https:\\\/\\\/rimanagency.com\\\/privacy-policy-for-social-playbook-pro\\\/#breadcrumb\"},\"inLanguage\":\"fr-CA\",\"potentialAction\":[{\"@type\":\"ReadAction\",\"target\":[\"https:\\\/\\\/rimanagency.com\\\/privacy-policy-for-social-playbook-pro\\\/\"]}]},{\"@type\":\"BreadcrumbList\",\"@id\":\"https:\\\/\\\/rimanagency.com\\\/privacy-policy-for-social-playbook-pro\\\/#breadcrumb\",\"itemListElement\":[{\"@type\":\"ListItem\",\"position\":1,\"name\":\"Home\",\"item\":\"https:\\\/\\\/rimanagency.com\\\/home\\\/\"},{\"@type\":\"ListItem\",\"position\":2,\"name\":\"Privacy Policy for Social Playbook Pro\"}]},{\"@type\":\"WebSite\",\"@id\":\"https:\\\/\\\/rimanagency.com\\\/#website\",\"url\":\"https:\\\/\\\/rimanagency.com\\\/\",\"name\":\"Riman Agency\",\"description\":\"A Full Service Digital Marketing Agency\",\"publisher\":{\"@id\":\"https:\\\/\\\/rimanagency.com\\\/#organization\"},\"potentialAction\":[{\"@type\":\"SearchAction\",\"target\":{\"@type\":\"EntryPoint\",\"urlTemplate\":\"https:\\\/\\\/rimanagency.com\\\/?s={search_term_string}\"},\"query-input\":{\"@type\":\"PropertyValueSpecification\",\"valueRequired\":true,\"valueName\":\"search_term_string\"}}],\"inLanguage\":\"fr-CA\"},{\"@type\":\"Organization\",\"@id\":\"https:\\\/\\\/rimanagency.com\\\/#organization\",\"name\":\"Riman Agency\",\"url\":\"https:\\\/\\\/rimanagency.com\\\/\",\"logo\":{\"@type\":\"ImageObject\",\"inLanguage\":\"fr-CA\",\"@id\":\"https:\\\/\\\/rimanagency.com\\\/#\\\/schema\\\/logo\\\/image\\\/\",\"url\":\"https:\\\/\\\/rimanagency.com\\\/wp-content\\\/uploads\\\/2022\\\/02\\\/RIMANagency-all-logos-1-2.png\",\"contentUrl\":\"https:\\\/\\\/rimanagency.com\\\/wp-content\\\/uploads\\\/2022\\\/02\\\/RIMANagency-all-logos-1-2.png\",\"width\":694,\"height\":211,\"caption\":\"Riman Agency\"},\"image\":{\"@id\":\"https:\\\/\\\/rimanagency.com\\\/#\\\/schema\\\/logo\\\/image\\\/\"}}]}<\/script>\n<!-- \/ Yoast SEO plugin. -->","yoast_head_json":{"title":"Politique de confidentialit\u00e9 de Social Playbook Pro - Agence Riman","robots":{"index":"index","follow":"follow","max-snippet":"max-snippet:-1","max-image-preview":"max-image-preview:large","max-video-preview":"max-video-preview:-1"},"canonical":"https:\/\/rimanagency.com\/fr\/privacy-policy-for-social-playbook-pro\/","og_locale":"fr_CA","og_type":"article","og_title":"Privacy Policy for Social Playbook Pro - Riman Agency","og_description":"Privacy Policy for Social Playbook Pro Effective Date: April 2nd 2026 Social Playbook Pro (\u201cwe\u201d, \u201cour\u201d, or \u201cthe extension\u201d) respects your privacy and is committed to protecting your data. This Privacy Policy explains what information is accessed, how it is used, and your rights when using the extension. 1. Overview Social Playbook Pro is a [&hellip;]","og_url":"https:\/\/rimanagency.com\/fr\/privacy-policy-for-social-playbook-pro\/","og_site_name":"Riman Agency","article_modified_time":"2026-04-02T18:20:25+00:00","twitter_card":"summary_large_image","twitter_misc":{"Est. reading time":"3 minutes"},"schema":{"@context":"https:\/\/schema.org","@graph":[{"@type":"WebPage","@id":"https:\/\/rimanagency.com\/privacy-policy-for-social-playbook-pro\/","url":"https:\/\/rimanagency.com\/privacy-policy-for-social-playbook-pro\/","name":"Politique de confidentialit\u00e9 de Social Playbook Pro - Agence Riman","isPartOf":{"@id":"https:\/\/rimanagency.com\/#website"},"datePublished":"2026-03-04T08:29:12+00:00","dateModified":"2026-04-02T18:20:25+00:00","breadcrumb":{"@id":"https:\/\/rimanagency.com\/privacy-policy-for-social-playbook-pro\/#breadcrumb"},"inLanguage":"fr-CA","potentialAction":[{"@type":"ReadAction","target":["https:\/\/rimanagency.com\/privacy-policy-for-social-playbook-pro\/"]}]},{"@type":"BreadcrumbList","@id":"https:\/\/rimanagency.com\/privacy-policy-for-social-playbook-pro\/#breadcrumb","itemListElement":[{"@type":"ListItem","position":1,"name":"Home","item":"https:\/\/rimanagency.com\/home\/"},{"@type":"ListItem","position":2,"name":"Privacy Policy for Social Playbook Pro"}]},{"@type":"WebSite","@id":"https:\/\/rimanagency.com\/#website","url":"https:\/\/rimanagency.com\/","name":"Agence Riman","description":"Une agence de marketing num\u00e9rique \u00e0 service complet","publisher":{"@id":"https:\/\/rimanagency.com\/#organization"},"potentialAction":[{"@type":"SearchAction","target":{"@type":"EntryPoint","urlTemplate":"https:\/\/rimanagency.com\/?s={search_term_string}"},"query-input":{"@type":"PropertyValueSpecification","valueRequired":true,"valueName":"search_term_string"}}],"inLanguage":"fr-CA"},{"@type":"Organization","@id":"https:\/\/rimanagency.com\/#organization","name":"Agence Riman","url":"https:\/\/rimanagency.com\/","logo":{"@type":"ImageObject","inLanguage":"fr-CA","@id":"https:\/\/rimanagency.com\/#\/schema\/logo\/image\/","url":"https:\/\/rimanagency.com\/wp-content\/uploads\/2022\/02\/RIMANagency-all-logos-1-2.png","contentUrl":"https:\/\/rimanagency.com\/wp-content\/uploads\/2022\/02\/RIMANagency-all-logos-1-2.png","width":694,"height":211,"caption":"Riman Agency"},"image":{"@id":"https:\/\/rimanagency.com\/#\/schema\/logo\/image\/"}}]}},"_links":{"self":[{"href":"https:\/\/rimanagency.com\/fr\/wp-json\/wp\/v2\/pages\/4314","targetHints":{"allow":["GET"]}}],"collection":[{"href":"https:\/\/rimanagency.com\/fr\/wp-json\/wp\/v2\/pages"}],"about":[{"href":"https:\/\/rimanagency.com\/fr\/wp-json\/wp\/v2\/types\/page"}],"author":[{"embeddable":true,"href":"https:\/\/rimanagency.com\/fr\/wp-json\/wp\/v2\/users\/4"}],"replies":[{"embeddable":true,"href":"https:\/\/rimanagency.com\/fr\/wp-json\/wp\/v2\/comments?post=4314"}],"version-history":[{"count":0,"href":"https:\/\/rimanagency.com\/fr\/wp-json\/wp\/v2\/pages\/4314\/revisions"}],"wp:attachment":[{"href":"https:\/\/rimanagency.com\/fr\/wp-json\/wp\/v2\/media?parent=4314"}],"curies":[{"name":"wp","href":"https:\/\/api.w.org\/{rel}","templated":true}]}}