{"id":4300,"date":"2026-02-13T08:12:09","date_gmt":"2026-02-13T08:12:09","guid":{"rendered":"https:\/\/rimanagency.com\/?page_id=4300"},"modified":"2026-02-13T08:12:09","modified_gmt":"2026-02-13T08:12:09","slug":"privacy-policy-seo-crawl-budget-analyzer-2026","status":"publish","type":"page","link":"https:\/\/rimanagency.com\/fr\/privacy-policy-seo-crawl-budget-analyzer-2026\/","title":{"rendered":"Politique de confidentialit\u00e9 : Analyseur de budget d&#039;exploration SEO 2026"},"content":{"rendered":"<p data-path-to-node=\"4\"><b data-path-to-node=\"4\" data-index-in-node=\"0\">Date d&#039;entr\u00e9e en vigueur :<\/b> 13 f\u00e9vrier 2026<\/p>\n<p data-path-to-node=\"5\"><b data-path-to-node=\"5\" data-index-in-node=\"0\">Promoteur:<\/b> Tarek Riman (t@rimanagency.com)<\/p>\n<h3 data-path-to-node=\"6\"><b data-path-to-node=\"6\" data-index-in-node=\"0\">1. Introduction<\/b><\/h3>\n<p data-path-to-node=\"7\">Cette politique de confidentialit\u00e9 d\u00e9crit comment les <b data-path-to-node=\"7\" data-index-in-node=\"38\">Analyseur de budget d&#039;exploration SEO 2026<\/b> L\u2019extension traite les donn\u00e9es des utilisateurs. Nous nous engageons \u00e0 prot\u00e9ger votre vie priv\u00e9e et \u00e0 vous offrir une exp\u00e9rience s\u00e9curis\u00e9e et transparente.<\/p>\n<h3 data-path-to-node=\"8\"><b data-path-to-node=\"8\" data-index-in-node=\"0\">2. Collecte et utilisation des donn\u00e9es<\/b><\/h3>\n<ul data-path-to-node=\"9\">\n<li>\n<p data-path-to-node=\"9,0,0\"><b data-path-to-node=\"9,0,0\" data-index-in-node=\"0\">Aucune collecte de donn\u00e9es personnelles :<\/b> L&#039;extension ne collecte, ne stocke ni ne transmet aucune information permettant d&#039;identifier une personne (IPI) telle que les noms, les adresses \u00e9lectroniques ou les adresses IP.<\/p>\n<\/li>\n<li>\n<p data-path-to-node=\"9,1,0\"><b data-path-to-node=\"9,1,0\" data-index-in-node=\"0\">Aucun suivi externe\u00a0:<\/b> Nous ne suivons pas votre historique de navigation sur les sites web et nous ne surveillons pas votre activit\u00e9 en ligne.<\/p>\n<\/li>\n<li>\n<p data-path-to-node=\"9,2,0\"><b data-path-to-node=\"9,2,0\" data-index-in-node=\"0\">Analyse sur l&#039;appareil\u00a0:<\/b> L&#039;analyse compl\u00e8te (calcul de la taille du fichier HTML en octets) est effectu\u00e9e localement sur votre ordinateur, dans le contexte de l&#039;onglet actif de votre navigateur. Aucune donn\u00e9e n&#039;est transmise \u00e0 des serveurs externes ni \u00e0 des tiers.<\/p>\n<\/li>\n<\/ul>\n<h3 data-path-to-node=\"10\"><b data-path-to-node=\"10\" data-index-in-node=\"0\">3. Utilisation des autorisations<\/b><\/h3>\n<p data-path-to-node=\"11\">Pour remplir son unique objectif, l&#039;extension demande les autorisations limit\u00e9es suivantes\u00a0:<\/p>\n<ul data-path-to-node=\"12\">\n<li>\n<p data-path-to-node=\"12,0,0\"><b data-path-to-node=\"12,0,0\" data-index-in-node=\"0\">Onglet actif\u00a0:<\/b> Utilis\u00e9 uniquement pour acc\u00e9der \u00e0 la page Web actuelle lorsque vous cliquez sur l&#039;ic\u00f4ne Extension pour effectuer un audit.<\/p>\n<\/li>\n<li>\n<p data-path-to-node=\"12,1,0\"><b data-path-to-node=\"12,1,0\" data-index-in-node=\"0\">script\u00a0:<\/b> Utilis\u00e9 pour ex\u00e9cuter un script local qui mesure la taille du code HTML et identifie les exc\u00e8s de code.<\/p>\n<\/li>\n<li>\n<p data-path-to-node=\"12,2,0\"><b data-path-to-node=\"12,2,0\" data-index-in-node=\"0\">stockage:<\/b> Permet d&#039;enregistrer localement sur votre ordinateur les r\u00e9sultats de votre audit le plus r\u00e9cent afin que vous puissiez y acc\u00e9der m\u00eame si la fen\u00eatre contextuelle est ferm\u00e9e.<\/p>\n<\/li>\n<\/ul>\n<h3 data-path-to-node=\"13\"><b data-path-to-node=\"13\" data-index-in-node=\"0\">4. Partage et divulgation des donn\u00e9es<\/b><\/h3>\n<p data-path-to-node=\"14\">Nous ne vendons, n&#039;\u00e9changeons ni ne partageons aucune information avec des tiers. Aucune donn\u00e9e n&#039;est partag\u00e9e car toutes les analyses restent sur votre appareil.<\/p>\n<h3 data-path-to-node=\"15\"><b data-path-to-node=\"15\" data-index-in-node=\"0\">5. S\u00e9curit\u00e9<\/b><\/h3>\n<p data-path-to-node=\"16\">L&#039;extension est con\u00e7ue \u00e0 l&#039;aide de la derni\u00e8re version de Google. <b data-path-to-node=\"16\" data-index-in-node=\"45\">Manifeste V3<\/b> des normes qui garantissent une s\u00e9curit\u00e9 \u00e9lev\u00e9e et emp\u00eachent l&#039;ex\u00e9cution de code distant non v\u00e9rifi\u00e9.<\/p>\n<h3 data-path-to-node=\"17\"><b data-path-to-node=\"17\" data-index-in-node=\"0\">6. Modifications de cette politique<\/b><\/h3>\n<p data-path-to-node=\"18\">Nous pouvons \u00eatre amen\u00e9s \u00e0 modifier cette politique ponctuellement afin de refl\u00e9ter des changements dans nos pratiques ou pour des raisons juridiques. Les modifications importantes seront signal\u00e9es dans la section \u201c\u00a0Nouveaut\u00e9s\u00a0\u201d de la page de l\u2019extension sur la boutique.<\/p>\n<h3 data-path-to-node=\"19\"><b data-path-to-node=\"19\" data-index-in-node=\"0\">7. Contactez-nous<\/b><\/h3>\n<p data-path-to-node=\"20\">Si vous avez des questions concernant cette politique de confidentialit\u00e9, veuillez nous contacter \u00e0 l&#039;adresse suivante : <b data-path-to-node=\"20\" data-index-in-node=\"78\">t@rimanagency.com<\/b>.<\/p>","protected":false},"excerpt":{"rendered":"<p>Effective Date: February 13, 2026 Developer: Tarek Riman (t@rimanagency.com) 1. Introduction This Privacy Policy describes how the SEO Crawl Budget Analyzer 2026 (&#8220;the Extension&#8221;) handles user data. We are committed to protecting your privacy and ensuring a secure, transparent experience. 2. Data Collection &amp; Usage No Personal Data Collection: The Extension does not collect, store, [&hellip;]<\/p>\n","protected":false},"author":4,"featured_media":0,"parent":0,"menu_order":0,"comment_status":"closed","ping_status":"closed","template":"","meta":{"footnotes":""},"class_list":["post-4300","page","type-page","status-publish","hentry"],"yoast_head":"<!-- This site is optimized with the Yoast SEO plugin v27.3 - https:\/\/yoast.com\/product\/yoast-seo-wordpress\/ -->\n<title>Privacy Policy: SEO Crawl Budget Analyzer 2026 - Riman Agency<\/title>\n<meta name=\"robots\" content=\"index, follow, max-snippet:-1, max-image-preview:large, max-video-preview:-1\" \/>\n<link rel=\"canonical\" href=\"https:\/\/rimanagency.com\/fr\/privacy-policy-seo-crawl-budget-analyzer-2026\/\" \/>\n<meta property=\"og:locale\" content=\"fr_CA\" \/>\n<meta property=\"og:type\" content=\"article\" \/>\n<meta property=\"og:title\" content=\"Privacy Policy: SEO Crawl Budget Analyzer 2026 - Riman Agency\" \/>\n<meta property=\"og:description\" content=\"Effective Date: February 13, 2026 Developer: Tarek Riman (t@rimanagency.com) 1. Introduction This Privacy Policy describes how the SEO Crawl Budget Analyzer 2026 (&#8220;the Extension&#8221;) handles user data. We are committed to protecting your privacy and ensuring a secure, transparent experience. 2. Data Collection &amp; Usage No Personal Data Collection: The Extension does not collect, store, [&hellip;]\" \/>\n<meta property=\"og:url\" content=\"https:\/\/rimanagency.com\/fr\/privacy-policy-seo-crawl-budget-analyzer-2026\/\" \/>\n<meta property=\"og:site_name\" content=\"Riman Agency\" \/>\n<meta name=\"twitter:card\" content=\"summary_large_image\" \/>\n<meta name=\"twitter:label1\" content=\"Est. reading time\" \/>\n\t<meta name=\"twitter:data1\" content=\"2 minutes\" \/>\n<script type=\"application\/ld+json\" class=\"yoast-schema-graph\">{\"@context\":\"https:\\\/\\\/schema.org\",\"@graph\":[{\"@type\":\"WebPage\",\"@id\":\"https:\\\/\\\/rimanagency.com\\\/privacy-policy-seo-crawl-budget-analyzer-2026\\\/\",\"url\":\"https:\\\/\\\/rimanagency.com\\\/privacy-policy-seo-crawl-budget-analyzer-2026\\\/\",\"name\":\"Privacy Policy: SEO Crawl Budget Analyzer 2026 - Riman Agency\",\"isPartOf\":{\"@id\":\"https:\\\/\\\/rimanagency.com\\\/#website\"},\"datePublished\":\"2026-02-13T08:12:09+00:00\",\"breadcrumb\":{\"@id\":\"https:\\\/\\\/rimanagency.com\\\/privacy-policy-seo-crawl-budget-analyzer-2026\\\/#breadcrumb\"},\"inLanguage\":\"fr-CA\",\"potentialAction\":[{\"@type\":\"ReadAction\",\"target\":[\"https:\\\/\\\/rimanagency.com\\\/privacy-policy-seo-crawl-budget-analyzer-2026\\\/\"]}]},{\"@type\":\"BreadcrumbList\",\"@id\":\"https:\\\/\\\/rimanagency.com\\\/privacy-policy-seo-crawl-budget-analyzer-2026\\\/#breadcrumb\",\"itemListElement\":[{\"@type\":\"ListItem\",\"position\":1,\"name\":\"Home\",\"item\":\"https:\\\/\\\/rimanagency.com\\\/home\\\/\"},{\"@type\":\"ListItem\",\"position\":2,\"name\":\"Privacy Policy: SEO Crawl Budget Analyzer 2026\"}]},{\"@type\":\"WebSite\",\"@id\":\"https:\\\/\\\/rimanagency.com\\\/#website\",\"url\":\"https:\\\/\\\/rimanagency.com\\\/\",\"name\":\"Riman Agency\",\"description\":\"A Full Service Digital Marketing Agency\",\"publisher\":{\"@id\":\"https:\\\/\\\/rimanagency.com\\\/#organization\"},\"potentialAction\":[{\"@type\":\"SearchAction\",\"target\":{\"@type\":\"EntryPoint\",\"urlTemplate\":\"https:\\\/\\\/rimanagency.com\\\/?s={search_term_string}\"},\"query-input\":{\"@type\":\"PropertyValueSpecification\",\"valueRequired\":true,\"valueName\":\"search_term_string\"}}],\"inLanguage\":\"fr-CA\"},{\"@type\":\"Organization\",\"@id\":\"https:\\\/\\\/rimanagency.com\\\/#organization\",\"name\":\"Riman Agency\",\"url\":\"https:\\\/\\\/rimanagency.com\\\/\",\"logo\":{\"@type\":\"ImageObject\",\"inLanguage\":\"fr-CA\",\"@id\":\"https:\\\/\\\/rimanagency.com\\\/#\\\/schema\\\/logo\\\/image\\\/\",\"url\":\"https:\\\/\\\/rimanagency.com\\\/wp-content\\\/uploads\\\/2022\\\/02\\\/RIMANagency-all-logos-1-2.png\",\"contentUrl\":\"https:\\\/\\\/rimanagency.com\\\/wp-content\\\/uploads\\\/2022\\\/02\\\/RIMANagency-all-logos-1-2.png\",\"width\":694,\"height\":211,\"caption\":\"Riman Agency\"},\"image\":{\"@id\":\"https:\\\/\\\/rimanagency.com\\\/#\\\/schema\\\/logo\\\/image\\\/\"}}]}<\/script>\n<!-- \/ Yoast SEO plugin. -->","yoast_head_json":{"title":"Politique de confidentialit\u00e9 : Analyseur de budget d&#039;exploration SEO 2026 - Agence Riman","robots":{"index":"index","follow":"follow","max-snippet":"max-snippet:-1","max-image-preview":"max-image-preview:large","max-video-preview":"max-video-preview:-1"},"canonical":"https:\/\/rimanagency.com\/fr\/privacy-policy-seo-crawl-budget-analyzer-2026\/","og_locale":"fr_CA","og_type":"article","og_title":"Privacy Policy: SEO Crawl Budget Analyzer 2026 - Riman Agency","og_description":"Effective Date: February 13, 2026 Developer: Tarek Riman (t@rimanagency.com) 1. Introduction This Privacy Policy describes how the SEO Crawl Budget Analyzer 2026 (&#8220;the Extension&#8221;) handles user data. We are committed to protecting your privacy and ensuring a secure, transparent experience. 2. Data Collection &amp; Usage No Personal Data Collection: The Extension does not collect, store, [&hellip;]","og_url":"https:\/\/rimanagency.com\/fr\/privacy-policy-seo-crawl-budget-analyzer-2026\/","og_site_name":"Riman Agency","twitter_card":"summary_large_image","twitter_misc":{"Est. reading time":"2 minutes"},"schema":{"@context":"https:\/\/schema.org","@graph":[{"@type":"WebPage","@id":"https:\/\/rimanagency.com\/privacy-policy-seo-crawl-budget-analyzer-2026\/","url":"https:\/\/rimanagency.com\/privacy-policy-seo-crawl-budget-analyzer-2026\/","name":"Politique de confidentialit\u00e9 : Analyseur de budget d&#039;exploration SEO 2026 - Agence Riman","isPartOf":{"@id":"https:\/\/rimanagency.com\/#website"},"datePublished":"2026-02-13T08:12:09+00:00","breadcrumb":{"@id":"https:\/\/rimanagency.com\/privacy-policy-seo-crawl-budget-analyzer-2026\/#breadcrumb"},"inLanguage":"fr-CA","potentialAction":[{"@type":"ReadAction","target":["https:\/\/rimanagency.com\/privacy-policy-seo-crawl-budget-analyzer-2026\/"]}]},{"@type":"BreadcrumbList","@id":"https:\/\/rimanagency.com\/privacy-policy-seo-crawl-budget-analyzer-2026\/#breadcrumb","itemListElement":[{"@type":"ListItem","position":1,"name":"Home","item":"https:\/\/rimanagency.com\/home\/"},{"@type":"ListItem","position":2,"name":"Privacy Policy: SEO Crawl Budget Analyzer 2026"}]},{"@type":"WebSite","@id":"https:\/\/rimanagency.com\/#website","url":"https:\/\/rimanagency.com\/","name":"Agence Riman","description":"Une agence de marketing num\u00e9rique \u00e0 service complet","publisher":{"@id":"https:\/\/rimanagency.com\/#organization"},"potentialAction":[{"@type":"SearchAction","target":{"@type":"EntryPoint","urlTemplate":"https:\/\/rimanagency.com\/?s={search_term_string}"},"query-input":{"@type":"PropertyValueSpecification","valueRequired":true,"valueName":"search_term_string"}}],"inLanguage":"fr-CA"},{"@type":"Organization","@id":"https:\/\/rimanagency.com\/#organization","name":"Agence Riman","url":"https:\/\/rimanagency.com\/","logo":{"@type":"ImageObject","inLanguage":"fr-CA","@id":"https:\/\/rimanagency.com\/#\/schema\/logo\/image\/","url":"https:\/\/rimanagency.com\/wp-content\/uploads\/2022\/02\/RIMANagency-all-logos-1-2.png","contentUrl":"https:\/\/rimanagency.com\/wp-content\/uploads\/2022\/02\/RIMANagency-all-logos-1-2.png","width":694,"height":211,"caption":"Riman Agency"},"image":{"@id":"https:\/\/rimanagency.com\/#\/schema\/logo\/image\/"}}]}},"_links":{"self":[{"href":"https:\/\/rimanagency.com\/fr\/wp-json\/wp\/v2\/pages\/4300","targetHints":{"allow":["GET"]}}],"collection":[{"href":"https:\/\/rimanagency.com\/fr\/wp-json\/wp\/v2\/pages"}],"about":[{"href":"https:\/\/rimanagency.com\/fr\/wp-json\/wp\/v2\/types\/page"}],"author":[{"embeddable":true,"href":"https:\/\/rimanagency.com\/fr\/wp-json\/wp\/v2\/users\/4"}],"replies":[{"embeddable":true,"href":"https:\/\/rimanagency.com\/fr\/wp-json\/wp\/v2\/comments?post=4300"}],"version-history":[{"count":0,"href":"https:\/\/rimanagency.com\/fr\/wp-json\/wp\/v2\/pages\/4300\/revisions"}],"wp:attachment":[{"href":"https:\/\/rimanagency.com\/fr\/wp-json\/wp\/v2\/media?parent=4300"}],"curies":[{"name":"wp","href":"https:\/\/api.w.org\/{rel}","templated":true}]}}