{"id":4290,"date":"2026-01-25T17:19:12","date_gmt":"2026-01-25T17:19:12","guid":{"rendered":"https:\/\/rimanagency.com\/?page_id=4290"},"modified":"2026-03-28T09:34:59","modified_gmt":"2026-03-28T09:34:59","slug":"privacy-policy-for-aeo-auditor-ultimate","status":"publish","type":"page","link":"https:\/\/rimanagency.com\/fr\/privacy-policy-for-aeo-auditor-ultimate\/","title":{"rendered":"Politique de confidentialit\u00e9 pour AEO Auditor Ultimate"},"content":{"rendered":"<h1 data-path-to-node=\"3\">Politique de confidentialit\u00e9 pour AEO Auditor Ultimate<\/h1>\n<p data-path-to-node=\"4\"><b data-path-to-node=\"4\" data-index-in-node=\"0\">Derni\u00e8re mise \u00e0 jour : 28 mars 2026<\/b><\/p>\n<h2 data-path-to-node=\"5\">1. Introduction<\/h2>\n<p data-path-to-node=\"6\">AEO Auditor Ultimate (\u201c nous \u201d, \u201c notre \u201d ou \u201c l\u2019Extension \u201d) s\u2019engage \u00e0 prot\u00e9ger votre vie priv\u00e9e. La pr\u00e9sente politique explique comment nous recueillons, utilisons et prot\u00e9geons vos informations lorsque vous utilisez notre extension de navigateur pour r\u00e9aliser des audits d\u2019optimisation pour les moteurs de recherche (AEO) et d\u2019optimisation pour les moteurs de recherche (SEO).<\/p>\n<h2 data-path-to-node=\"7\">2. Informations que nous collectons<\/h2>\n<p data-path-to-node=\"8\">Pour fournir des services d&#039;audit, l&#039;extension traite les types de donn\u00e9es suivants\u00a0:<\/p>\n<ul data-path-to-node=\"9\">\n<li>\n<p data-path-to-node=\"9,0,0\"><b data-path-to-node=\"9,0,0\" data-index-in-node=\"0\">Contenu de la page Web\u00a0:<\/b> Lorsque vous lancez un audit, l&#039;extension r\u00e9cup\u00e8re le texte, les en-t\u00eates et les m\u00e9tadonn\u00e9es de l&#039;onglet actif pour analyser sa structure AEO.<\/p>\n<\/li>\n<li>\n<p data-path-to-node=\"9,1,0\"><b data-path-to-node=\"9,1,0\" data-index-in-node=\"0\">Contexte fourni par l&#039;utilisateur\u00a0:<\/b> Nous collectons tout texte que vous saisissez manuellement dans les champs \u201c\u00a0Contexte de la campagne\u00a0\u201d (Public cible, Mots cl\u00e9s, Objectifs g\u00e9n\u00e9raux) ou les fichiers que vous t\u00e9l\u00e9chargez (.txt, .csv, .md) afin de personnaliser les recommandations.<\/p>\n<\/li>\n<li>\n<p data-path-to-node=\"9,2,0\"><b data-path-to-node=\"9,2,0\" data-index-in-node=\"0\">Donn\u00e9es techniques :<\/b> Nous pouvons collecter des informations de base telles que la version de votre navigateur et vos param\u00e8tres de langue afin d&#039;assurer la compatibilit\u00e9 de l&#039;extension.<\/p>\n<\/li>\n<\/ul>\n<h2 data-path-to-node=\"10\">3. Comment nous utilisons vos informations<\/h2>\n<p data-path-to-node=\"11\">Vos donn\u00e9es sont utilis\u00e9es exclusivement aux fins suivantes\u00a0:<\/p>\n<ul data-path-to-node=\"12\">\n<li>\n<p data-path-to-node=\"12,0,0\"><b data-path-to-node=\"12,0,0\" data-index-in-node=\"0\">G\u00e9n\u00e9rer des audits\u00a0:<\/b> Traitement du contenu des pages via notre API s\u00e9curis\u00e9e pour fournir des scores SEO\/AEO, des FAQ et des r\u00e9sum\u00e9s.<\/p>\n<\/li>\n<li>\n<p data-path-to-node=\"12,1,0\"><b data-path-to-node=\"12,1,0\" data-index-in-node=\"0\">Personnalisation:<\/b> Alignement des suggestions g\u00e9n\u00e9r\u00e9es par l&#039;IA avec les objectifs de campagne et le public que vous avez d\u00e9finis.<\/p>\n<\/li>\n<li>\n<p data-path-to-node=\"12,2,0\"><b data-path-to-node=\"12,2,0\" data-index-in-node=\"0\">Stockage local :<\/b> Enregistrez les r\u00e9sultats de votre dernier audit sur votre appareil afin de pouvoir y acc\u00e9der sans avoir \u00e0 relancer l&#039;analyse.<\/p>\n<\/li>\n<\/ul>\n<h2 data-path-to-node=\"13\">4. Partage de donn\u00e9es et tiers<\/h2>\n<p data-path-to-node=\"14\">Nous ne vendons ni ne louons vos donn\u00e9es personnelles. Pour fonctionner, l&#039;extension transf\u00e8re le texte anonymis\u00e9 des pages web et le contexte utilisateur \u00e0\u00a0:<\/p>\n<ul data-path-to-node=\"15\">\n<li>\n<p data-path-to-node=\"15,0,0\"><b data-path-to-node=\"15,0,0\" data-index-in-node=\"0\">OpenAI (GPT-4 Turbo) :<\/b> Pour une analyse pilot\u00e9e par l&#039;IA. Aucune information permettant d&#039;identifier une personne (IIP) n&#039;est envoy\u00e9e, sauf si vous l&#039;incluez explicitement dans vos notes manuelles \u201c\u00a0Contexte de la campagne\u00a0\u201d.<\/p>\n<\/li>\n<li>\n<p data-path-to-node=\"15,1,0\"><b data-path-to-node=\"15,1,0\" data-index-in-node=\"0\">Proxy s\u00e9curis\u00e9 (https:\/\/www.google.com\/search?q=tire-compare.com)\u00a0:<\/b> Utilis\u00e9 comme passerelle s\u00e9curis\u00e9e pour communiquer avec les services d&#039;IA.<\/p>\n<\/li>\n<\/ul>\n<h2 data-path-to-node=\"16\">5. Conservation et s\u00e9curit\u00e9 des donn\u00e9es<\/h2>\n<ul data-path-to-node=\"17\">\n<li>\n<p data-path-to-node=\"17,0,0\"><b data-path-to-node=\"17,0,0\" data-index-in-node=\"0\">Stockage:<\/b> Les donn\u00e9es d&#039;audit sont stock\u00e9es localement dans votre navigateur. <code data-path-to-node=\"17,0,0\" data-index-in-node=\"56\">chrome.storage.local<\/code>. Vous pouvez effacer ces donn\u00e9es \u00e0 tout moment en d\u00e9sinstallant l&#039;extension ou en vidant le cache de votre navigateur.<\/p>\n<\/li>\n<li>\n<p data-path-to-node=\"17,1,0\"><b data-path-to-node=\"17,1,0\" data-index-in-node=\"0\">Chiffrement\u00a0:<\/b> Toutes les donn\u00e9es transmises \u00e0 notre API sont crypt\u00e9es via un syst\u00e8me de cryptographie moderne (HTTPS).<\/p>\n<\/li>\n<\/ul>\n<h2 data-path-to-node=\"18\">6. Vos droits et vos choix<\/h2>\n<p data-path-to-node=\"19\">En vertu de la r\u00e9glementation sur la protection des donn\u00e9es de 2026 (RGPD\/CCPA), vous avez le droit de\u00a0:<\/p>\n<ul data-path-to-node=\"20\">\n<li>\n<p data-path-to-node=\"20,0,0\"><b data-path-to-node=\"20,0,0\" data-index-in-node=\"0\">Acc\u00e8s et suppression\u00a0:<\/b> Vous pouvez consulter votre historique d&#039;audit dans l&#039;extension ou le supprimer enti\u00e8rement.<\/p>\n<\/li>\n<li>\n<p data-path-to-node=\"20,1,0\"><b data-path-to-node=\"20,1,0\" data-index-in-node=\"0\">Se d\u00e9sengager:<\/b> Vous pouvez choisir de ne pas utiliser les fonctionnalit\u00e9s \u201c\u00a0Contexte\u00a0\u201d. L\u2019extension ne traite le contenu de la page active que lorsque vous cliquez sur le bouton \u201c\u00a0Lancer l\u2019audit\u00a0\u201d.<\/p>\n<\/li>\n<li>\n<p data-path-to-node=\"20,2,0\"><b data-path-to-node=\"20,2,0\" data-index-in-node=\"0\">Signaux universels :<\/b> Nos syst\u00e8mes sont con\u00e7us pour respecter les signaux Global Privacy Control (GPC) lorsque cela est applicable.<\/p>\n<\/li>\n<\/ul>\n<h2 data-path-to-node=\"21\">7. Divulgation de l&#039;IA<\/h2>\n<p data-path-to-node=\"22\">Conform\u00e9ment aux normes de transparence de 2026, nous d\u00e9clarons que cet outil utilise <b data-path-to-node=\"22\" data-index-in-node=\"80\">IA g\u00e9n\u00e9rative<\/b> L&#039;IA produit des r\u00e9sum\u00e9s, des FAQ et des recommandations d&#039;audit. Les utilisateurs doivent v\u00e9rifier l&#039;exactitude des informations factuelles avant la mise en \u0153uvre.<\/p>\n<h2 data-path-to-node=\"23\">8. Contactez-nous<\/h2>\n<p data-path-to-node=\"24\">Pour toute question concernant cette politique, veuillez contacter\u00a0: <b data-path-to-node=\"24\" data-index-in-node=\"53\">Tarek Riman \u2013 Agence Riman<\/b><\/p>\n<p data-path-to-node=\"24\">t@rimanagency.com<\/p>","protected":false},"excerpt":{"rendered":"<p>Privacy Policy for AEO Auditor Ultimate Last Updated: March 28, 2026 1. Introduction AEO Auditor Ultimate (&#8220;we,&#8221; &#8220;our,&#8221; or &#8220;the Extension&#8221;) is committed to protecting your privacy. This policy explains how we collect, use, and safeguard information when you use our browser extension to perform Answer Engine Optimization (AEO) and Search Engine Optimization (SEO) audits. [&hellip;]<\/p>\n","protected":false},"author":4,"featured_media":0,"parent":0,"menu_order":0,"comment_status":"closed","ping_status":"closed","template":"","meta":{"footnotes":""},"class_list":["post-4290","page","type-page","status-publish","hentry"],"yoast_head":"<!-- This site is optimized with the Yoast SEO plugin v27.4 - https:\/\/yoast.com\/product\/yoast-seo-wordpress\/ -->\n<title>Privacy Policy for AEO Auditor Ultimate - Riman Agency<\/title>\n<meta name=\"robots\" content=\"index, follow, max-snippet:-1, max-image-preview:large, max-video-preview:-1\" \/>\n<link rel=\"canonical\" href=\"https:\/\/rimanagency.com\/fr\/privacy-policy-for-aeo-auditor-ultimate\/\" \/>\n<meta property=\"og:locale\" content=\"fr_CA\" \/>\n<meta property=\"og:type\" content=\"article\" \/>\n<meta property=\"og:title\" content=\"Privacy Policy for AEO Auditor Ultimate - Riman Agency\" \/>\n<meta property=\"og:description\" content=\"Privacy Policy for AEO Auditor Ultimate Last Updated: March 28, 2026 1. Introduction AEO Auditor Ultimate (&#8220;we,&#8221; &#8220;our,&#8221; or &#8220;the Extension&#8221;) is committed to protecting your privacy. This policy explains how we collect, use, and safeguard information when you use our browser extension to perform Answer Engine Optimization (AEO) and Search Engine Optimization (SEO) audits. [&hellip;]\" \/>\n<meta property=\"og:url\" content=\"https:\/\/rimanagency.com\/fr\/privacy-policy-for-aeo-auditor-ultimate\/\" \/>\n<meta property=\"og:site_name\" content=\"Riman Agency\" \/>\n<meta property=\"article:modified_time\" content=\"2026-03-28T09:34:59+00:00\" \/>\n<meta name=\"twitter:card\" content=\"summary_large_image\" \/>\n<meta name=\"twitter:label1\" content=\"Est. reading time\" \/>\n\t<meta name=\"twitter:data1\" content=\"2 minutes\" \/>\n<script type=\"application\/ld+json\" class=\"yoast-schema-graph\">{\"@context\":\"https:\\\/\\\/schema.org\",\"@graph\":[{\"@type\":\"WebPage\",\"@id\":\"https:\\\/\\\/rimanagency.com\\\/privacy-policy-for-aeo-auditor-ultimate\\\/\",\"url\":\"https:\\\/\\\/rimanagency.com\\\/privacy-policy-for-aeo-auditor-ultimate\\\/\",\"name\":\"Privacy Policy for AEO Auditor Ultimate - Riman Agency\",\"isPartOf\":{\"@id\":\"https:\\\/\\\/rimanagency.com\\\/#website\"},\"datePublished\":\"2026-01-25T17:19:12+00:00\",\"dateModified\":\"2026-03-28T09:34:59+00:00\",\"breadcrumb\":{\"@id\":\"https:\\\/\\\/rimanagency.com\\\/privacy-policy-for-aeo-auditor-ultimate\\\/#breadcrumb\"},\"inLanguage\":\"fr-CA\",\"potentialAction\":[{\"@type\":\"ReadAction\",\"target\":[\"https:\\\/\\\/rimanagency.com\\\/privacy-policy-for-aeo-auditor-ultimate\\\/\"]}]},{\"@type\":\"BreadcrumbList\",\"@id\":\"https:\\\/\\\/rimanagency.com\\\/privacy-policy-for-aeo-auditor-ultimate\\\/#breadcrumb\",\"itemListElement\":[{\"@type\":\"ListItem\",\"position\":1,\"name\":\"Home\",\"item\":\"https:\\\/\\\/rimanagency.com\\\/home\\\/\"},{\"@type\":\"ListItem\",\"position\":2,\"name\":\"Privacy Policy for AEO Auditor Ultimate\"}]},{\"@type\":\"WebSite\",\"@id\":\"https:\\\/\\\/rimanagency.com\\\/#website\",\"url\":\"https:\\\/\\\/rimanagency.com\\\/\",\"name\":\"Riman Agency\",\"description\":\"A Full Service Digital Marketing Agency\",\"publisher\":{\"@id\":\"https:\\\/\\\/rimanagency.com\\\/#organization\"},\"potentialAction\":[{\"@type\":\"SearchAction\",\"target\":{\"@type\":\"EntryPoint\",\"urlTemplate\":\"https:\\\/\\\/rimanagency.com\\\/?s={search_term_string}\"},\"query-input\":{\"@type\":\"PropertyValueSpecification\",\"valueRequired\":true,\"valueName\":\"search_term_string\"}}],\"inLanguage\":\"fr-CA\"},{\"@type\":\"Organization\",\"@id\":\"https:\\\/\\\/rimanagency.com\\\/#organization\",\"name\":\"Riman Agency\",\"url\":\"https:\\\/\\\/rimanagency.com\\\/\",\"logo\":{\"@type\":\"ImageObject\",\"inLanguage\":\"fr-CA\",\"@id\":\"https:\\\/\\\/rimanagency.com\\\/#\\\/schema\\\/logo\\\/image\\\/\",\"url\":\"https:\\\/\\\/rimanagency.com\\\/wp-content\\\/uploads\\\/2022\\\/02\\\/RIMANagency-all-logos-1-2.png\",\"contentUrl\":\"https:\\\/\\\/rimanagency.com\\\/wp-content\\\/uploads\\\/2022\\\/02\\\/RIMANagency-all-logos-1-2.png\",\"width\":694,\"height\":211,\"caption\":\"Riman Agency\"},\"image\":{\"@id\":\"https:\\\/\\\/rimanagency.com\\\/#\\\/schema\\\/logo\\\/image\\\/\"}}]}<\/script>\n<!-- \/ Yoast SEO plugin. -->","yoast_head_json":{"title":"Privacy Policy for AEO Auditor Ultimate - Riman Agency","robots":{"index":"index","follow":"follow","max-snippet":"max-snippet:-1","max-image-preview":"max-image-preview:large","max-video-preview":"max-video-preview:-1"},"canonical":"https:\/\/rimanagency.com\/fr\/privacy-policy-for-aeo-auditor-ultimate\/","og_locale":"fr_CA","og_type":"article","og_title":"Privacy Policy for AEO Auditor Ultimate - Riman Agency","og_description":"Privacy Policy for AEO Auditor Ultimate Last Updated: March 28, 2026 1. Introduction AEO Auditor Ultimate (&#8220;we,&#8221; &#8220;our,&#8221; or &#8220;the Extension&#8221;) is committed to protecting your privacy. This policy explains how we collect, use, and safeguard information when you use our browser extension to perform Answer Engine Optimization (AEO) and Search Engine Optimization (SEO) audits. [&hellip;]","og_url":"https:\/\/rimanagency.com\/fr\/privacy-policy-for-aeo-auditor-ultimate\/","og_site_name":"Riman Agency","article_modified_time":"2026-03-28T09:34:59+00:00","twitter_card":"summary_large_image","twitter_misc":{"Est. reading time":"2 minutes"},"schema":{"@context":"https:\/\/schema.org","@graph":[{"@type":"WebPage","@id":"https:\/\/rimanagency.com\/privacy-policy-for-aeo-auditor-ultimate\/","url":"https:\/\/rimanagency.com\/privacy-policy-for-aeo-auditor-ultimate\/","name":"Privacy Policy for AEO Auditor Ultimate - Riman Agency","isPartOf":{"@id":"https:\/\/rimanagency.com\/#website"},"datePublished":"2026-01-25T17:19:12+00:00","dateModified":"2026-03-28T09:34:59+00:00","breadcrumb":{"@id":"https:\/\/rimanagency.com\/privacy-policy-for-aeo-auditor-ultimate\/#breadcrumb"},"inLanguage":"fr-CA","potentialAction":[{"@type":"ReadAction","target":["https:\/\/rimanagency.com\/privacy-policy-for-aeo-auditor-ultimate\/"]}]},{"@type":"BreadcrumbList","@id":"https:\/\/rimanagency.com\/privacy-policy-for-aeo-auditor-ultimate\/#breadcrumb","itemListElement":[{"@type":"ListItem","position":1,"name":"Home","item":"https:\/\/rimanagency.com\/home\/"},{"@type":"ListItem","position":2,"name":"Privacy Policy for AEO Auditor Ultimate"}]},{"@type":"WebSite","@id":"https:\/\/rimanagency.com\/#website","url":"https:\/\/rimanagency.com\/","name":"Agence Riman","description":"Une agence de marketing num\u00e9rique \u00e0 service complet","publisher":{"@id":"https:\/\/rimanagency.com\/#organization"},"potentialAction":[{"@type":"SearchAction","target":{"@type":"EntryPoint","urlTemplate":"https:\/\/rimanagency.com\/?s={search_term_string}"},"query-input":{"@type":"PropertyValueSpecification","valueRequired":true,"valueName":"search_term_string"}}],"inLanguage":"fr-CA"},{"@type":"Organization","@id":"https:\/\/rimanagency.com\/#organization","name":"Agence Riman","url":"https:\/\/rimanagency.com\/","logo":{"@type":"ImageObject","inLanguage":"fr-CA","@id":"https:\/\/rimanagency.com\/#\/schema\/logo\/image\/","url":"https:\/\/rimanagency.com\/wp-content\/uploads\/2022\/02\/RIMANagency-all-logos-1-2.png","contentUrl":"https:\/\/rimanagency.com\/wp-content\/uploads\/2022\/02\/RIMANagency-all-logos-1-2.png","width":694,"height":211,"caption":"Riman Agency"},"image":{"@id":"https:\/\/rimanagency.com\/#\/schema\/logo\/image\/"}}]}},"_links":{"self":[{"href":"https:\/\/rimanagency.com\/fr\/wp-json\/wp\/v2\/pages\/4290","targetHints":{"allow":["GET"]}}],"collection":[{"href":"https:\/\/rimanagency.com\/fr\/wp-json\/wp\/v2\/pages"}],"about":[{"href":"https:\/\/rimanagency.com\/fr\/wp-json\/wp\/v2\/types\/page"}],"author":[{"embeddable":true,"href":"https:\/\/rimanagency.com\/fr\/wp-json\/wp\/v2\/users\/4"}],"replies":[{"embeddable":true,"href":"https:\/\/rimanagency.com\/fr\/wp-json\/wp\/v2\/comments?post=4290"}],"version-history":[{"count":0,"href":"https:\/\/rimanagency.com\/fr\/wp-json\/wp\/v2\/pages\/4290\/revisions"}],"wp:attachment":[{"href":"https:\/\/rimanagency.com\/fr\/wp-json\/wp\/v2\/media?parent=4290"}],"curies":[{"name":"wp","href":"https:\/\/api.w.org\/{rel}","templated":true}]}}