{"id":4241,"date":"2025-09-04T23:00:49","date_gmt":"2025-09-04T23:00:49","guid":{"rendered":"https:\/\/rimanagency.com\/?page_id=4241"},"modified":"2025-09-04T23:00:49","modified_gmt":"2025-09-04T23:00:49","slug":"privacy-policy-gmb-review-analyzer-chrome-extension","status":"publish","type":"page","link":"https:\/\/rimanagency.com\/fr\/privacy-policy-gmb-review-analyzer-chrome-extension\/","title":{"rendered":"Politique de confidentialit\u00e9 \u2014 Analyseur d&#039;avis GMB (extension Chrome)"},"content":{"rendered":"<h2 data-start=\"193\" data-end=\"220\">\u00c0 quoi sert cette extension<\/h2>\n<p data-start=\"221\" data-end=\"633\">GMB Review Analyzer vous permet de transformer les avis publics d&#039;une fiche d&#039;entreprise Google Maps en un rapport exploitable. Il fait d\u00e9filer automatiquement le panneau \u00ab\u00a0Avis\u00a0\u00bb de la fiche, collecte le texte et les notes visibles sur la page, puis transmet le contenu des avis \u00e0 un mod\u00e8le d&#039;IA pour g\u00e9n\u00e9rer des analyses (sentiment, th\u00e8mes, suggestions d&#039;actions). Le rapport est affich\u00e9 sur la page et peut \u00eatre t\u00e9l\u00e9charg\u00e9 au format TXT ou Word (.doc).<\/p>\n<h2 data-start=\"635\" data-end=\"665\">Donn\u00e9es que nous collectons et traitons<\/h2>\n<ul data-start=\"666\" data-end=\"1028\">\n<li data-start=\"666\" data-end=\"828\">\n<p data-start=\"668\" data-end=\"828\"><strong data-start=\"668\" data-end=\"725\">\u00c0 partir des pages Web que vous visitez (listes Google Maps uniquement)\u00a0:<\/strong> Texte d&#039;\u00e9valuation public, notes par \u00e9toiles et dates d&#039;\u00e9valuation qui apparaissent sur la liste que vous choisissez d&#039;analyser.<\/p>\n<\/li>\n<li data-start=\"829\" data-end=\"940\">\n<p data-start=\"831\" data-end=\"940\"><strong data-start=\"831\" data-end=\"860\">Vos param\u00e8tres (facultatif) :<\/strong> Une cl\u00e9 API OpenAI que vous fournissez, le nom du mod\u00e8le pr\u00e9f\u00e9r\u00e9 et une limite maximale d&#039;avis.<\/p>\n<\/li>\n<li data-start=\"941\" data-end=\"1028\">\n<p data-start=\"943\" data-end=\"1028\"><strong data-start=\"943\" data-end=\"965\">Sorties g\u00e9n\u00e9r\u00e9es\u00a0:<\/strong> L&#039;analyse IA (JSON\/texte) et la liste des avis collect\u00e9s.<\/p>\n<\/li>\n<\/ul>\n<p data-start=\"1030\" data-end=\"1248\">Nous <strong data-start=\"1033\" data-end=\"1043\">ne pas<\/strong> Nous collectons votre nom, votre adresse e-mail, vos mots de passe ou les donn\u00e9es de votre compte Google. Nous ne consultons pas votre bo\u00eete de r\u00e9ception, votre calendrier ni vos contacts. Nous n&#039;enregistrons pas votre historique de navigation en dehors de l&#039;onglet sp\u00e9cifique o\u00f9 vous utilisez l&#039;outil.<\/p>\n<h2 data-start=\"1250\" data-end=\"1273\">O\u00f9 les donn\u00e9es sont stock\u00e9es<\/h2>\n<ul data-start=\"1274\" data-end=\"2108\">\n<li data-start=\"1274\" data-end=\"1563\">\n<p data-start=\"1276\" data-end=\"1306\"><strong data-start=\"1276\" data-end=\"1304\">Localement dans votre navigateur\u00a0:<\/strong><\/p>\n<ul data-start=\"1309\" data-end=\"1563\">\n<li data-start=\"1309\" data-end=\"1498\">\n<p data-start=\"1311\" data-end=\"1498\">Le dernier rapport (texte + JSON), le dernier nom\/URL de l&#039;entreprise analys\u00e9e, la p\u00e9riode et vos param\u00e8tres sont enregistr\u00e9s dans le stockage Chrome (synchronisation\/local) afin que vous ne les perdiez pas si vous fermez la fen\u00eatre contextuelle ou l&#039;onglet.<\/p>\n<\/li>\n<li data-start=\"1501\" data-end=\"1563\">\n<p data-start=\"1503\" data-end=\"1563\">Vous pouvez les effacer \u00e0 tout moment (voir \u00ab Vos contr\u00f4les \u00bb ci-dessous).<\/p>\n<\/li>\n<\/ul>\n<\/li>\n<li data-start=\"1564\" data-end=\"2108\">\n<p data-start=\"1566\" data-end=\"1608\"><strong data-start=\"1566\" data-end=\"1606\">Envoy\u00e9 \u00e0 l&#039;API OpenAI pour analyse\u00a0:<\/strong><\/p>\n<ul data-start=\"1611\" data-end=\"2108\">\n<li data-start=\"1611\" data-end=\"1741\">\n<p data-start=\"1613\" data-end=\"1741\">Les avis collect\u00e9s (texte, notes, dates) sont envoy\u00e9s directement depuis l&#039;extension \u00e0 <code data-start=\"1698\" data-end=\"1714\">api.openai.com<\/code> pour g\u00e9n\u00e9rer le r\u00e9sum\u00e9.<\/p>\n<\/li>\n<li data-start=\"1744\" data-end=\"1854\">\n<p data-start=\"1746\" data-end=\"1854\">Si vous saisissez votre propre cl\u00e9 API, elle est stock\u00e9e uniquement dans le stockage Chrome et utilis\u00e9e uniquement pour appeler l&#039;API OpenAI.<\/p>\n<\/li>\n<li data-start=\"1857\" data-end=\"1978\">\n<p data-start=\"1859\" data-end=\"1978\">Si vous n&#039;entrez pas de cl\u00e9, l&#039;extension peut utiliser une cl\u00e9 fournie par le d\u00e9veloppeur\u00a0; la demande est toujours envoy\u00e9e directement \u00e0 OpenAI.<\/p>\n<\/li>\n<li data-start=\"1981\" data-end=\"2108\">\n<p data-start=\"1983\" data-end=\"2108\">Nous n&#039;exploitons pas nos propres serveurs backend pour cette extension et nous ne recevons ni ne stockons vos donn\u00e9es d&#039;\u00e9valuation sur nos serveurs.<\/p>\n<\/li>\n<\/ul>\n<\/li>\n<\/ul>\n<blockquote data-start=\"2110\" data-end=\"2263\">\n<p data-start=\"2112\" data-end=\"2263\">Remarque\u00a0: OpenAI peut traiter et conserver temporairement le contenu de l&#039;API conform\u00e9ment \u00e0 ses propres politiques. Consultez la documentation d&#039;OpenAI sur l&#039;utilisation et la confidentialit\u00e9 des donn\u00e9es de l&#039;API pour plus de d\u00e9tails.<\/p>\n<\/blockquote>\n<h2 data-start=\"2265\" data-end=\"2306\">Pourquoi nous traitons vos donn\u00e9es (bases l\u00e9gales)<\/h2>\n<ul data-start=\"2307\" data-end=\"2698\">\n<li data-start=\"2307\" data-end=\"2407\">\n<p data-start=\"2309\" data-end=\"2407\"><strong data-start=\"2309\" data-end=\"2333\">Fournir le service :<\/strong> G\u00e9n\u00e9rez les informations d&#039;\u00e9valuation que vous avez demand\u00e9es (contrat\/int\u00e9r\u00eats l\u00e9gitimes).<\/p>\n<\/li>\n<li data-start=\"2408\" data-end=\"2571\">\n<p data-start=\"2410\" data-end=\"2571\"><strong data-start=\"2410\" data-end=\"2454\">Am\u00e9liorer la fiabilit\u00e9 et l\u2019exp\u00e9rience utilisateur :<\/strong> Conservez votre dernier rapport et vos param\u00e8tres localement afin de ne pas avoir \u00e0 les r\u00e9ex\u00e9cuter ou \u00e0 les ressaisir (int\u00e9r\u00eats l\u00e9gitimes).<\/p>\n<\/li>\n<li data-start=\"2572\" data-end=\"2698\">\n<p data-start=\"2574\" data-end=\"2698\"><strong data-start=\"2574\" data-end=\"2608\">S\u00e9curit\u00e9 et pr\u00e9vention des abus :<\/strong> Contr\u00f4les limit\u00e9s et n\u00e9cessaires pour \u00e9viter toute utilisation abusive de la fonction d&#039;analyse (int\u00e9r\u00eats l\u00e9gitimes).<\/p>\n<\/li>\n<\/ul>\n<p data-start=\"2700\" data-end=\"2776\">Nous faisons <strong data-start=\"2706\" data-end=\"2713\">pas<\/strong> vendez vos donn\u00e9es et faites <strong data-start=\"2736\" data-end=\"2743\">pas<\/strong> utilisez-le pour de la publicit\u00e9 cibl\u00e9e.<\/p>\n<h2 data-start=\"2778\" data-end=\"2793\">Partage de donn\u00e9es<\/h2>\n<ul data-start=\"2794\" data-end=\"3075\">\n<li data-start=\"2794\" data-end=\"2895\">\n<p data-start=\"2796\" data-end=\"2895\"><strong data-start=\"2796\" data-end=\"2819\">OpenAI (Processeur) :<\/strong> Re\u00e7oit le texte\/les notes\/les dates d&#039;\u00e9valuation pour produire l&#039;analyse que vous avez demand\u00e9e.<\/p>\n<\/li>\n<li data-start=\"2896\" data-end=\"2984\">\n<p data-start=\"2898\" data-end=\"2984\"><strong data-start=\"2898\" data-end=\"2927\">Google\/Chrome (Plateforme) :<\/strong> H\u00e9berge l&#039;extension, fournit le stockage et les autorisations.<\/p>\n<\/li>\n<li data-start=\"2985\" data-end=\"3075\">\n<p data-start=\"2987\" data-end=\"3075\"><strong data-start=\"2987\" data-end=\"3014\">Aucun autre tiers.<\/strong> Nous ne partageons ni ne vendons de donn\u00e9es \u00e0 des courtiers en donn\u00e9es ou \u00e0 des r\u00e9seaux publicitaires.<\/p>\n<\/li>\n<\/ul>\n<h2 data-start=\"3077\" data-end=\"3121\">Les autorisations que nous demandons (pourquoi nous en avons besoin)<\/h2>\n<ul data-start=\"3122\" data-end=\"3475\">\n<li data-start=\"3122\" data-end=\"3241\">\n<p data-start=\"3124\" data-end=\"3241\"><strong data-start=\"3124\" data-end=\"3150\">activeTab \/ scripting :<\/strong> Ex\u00e9cutez le script de contenu sur l\u2019onglet que vous activez pour extraire les avis et restituer le rapport.<\/p>\n<\/li>\n<li data-start=\"3242\" data-end=\"3323\">\n<p data-start=\"3244\" data-end=\"3323\"><strong data-start=\"3244\" data-end=\"3256\">stockage:<\/strong> Enregistrez vos param\u00e8tres et le dernier rapport localement afin qu&#039;ils persistent.<\/p>\n<\/li>\n<li data-start=\"3324\" data-end=\"3475\">\n<p data-start=\"3326\" data-end=\"3475\"><strong data-start=\"3326\" data-end=\"3382\">Autorisations de l&#039;h\u00f4te (<code data-start=\"3346\" data-end=\"3360\">*.google.com<\/code>, <code data-start=\"3362\" data-end=\"3378\">api.openai.com<\/code>):<\/strong> Lisez le contenu des avis sur les fiches Google Maps que vous ouvrez et appelez l&#039;API OpenAI pour l&#039;analyser.<\/p>\n<\/li>\n<\/ul>\n<p data-start=\"3477\" data-end=\"3587\">Nous limitons l&#039;activit\u00e9 \u00e0 l&#039;onglet \u00ab\u00a0Analyser\u00a0\u00bb. L&#039;extension ne fonctionne pas sur les sites non li\u00e9s.<\/p>\n<h2 data-start=\"3589\" data-end=\"3601\">R\u00e9tention<\/h2>\n<ul data-start=\"3602\" data-end=\"3884\">\n<li data-start=\"3602\" data-end=\"3747\">\n<p data-start=\"3604\" data-end=\"3747\"><strong data-start=\"3604\" data-end=\"3640\">Donn\u00e9es locales (rapports + param\u00e8tres) :<\/strong> Conserv\u00e9 jusqu&#039;\u00e0 ce que vous l&#039;effaciez ou d\u00e9sinstalliez l&#039;extension. La g\u00e9n\u00e9ration d&#039;un nouveau rapport peut \u00e9craser le pr\u00e9c\u00e9dent.<\/p>\n<\/li>\n<li data-start=\"3748\" data-end=\"3884\">\n<p data-start=\"3750\" data-end=\"3884\"><strong data-start=\"3750\" data-end=\"3761\">OpenAI :<\/strong> Le contenu de l&#039;API peut \u00eatre conserv\u00e9 pendant une dur\u00e9e limit\u00e9e, conform\u00e9ment \u00e0 ses politiques. Nous ne contr\u00f4lons pas sa conservation\u00a0; consultez la documentation d&#039;OpenAI.<\/p>\n<\/li>\n<\/ul>\n<h2 data-start=\"3886\" data-end=\"3914\">Vos contr\u00f4les et vos choix<\/h2>\n<ul data-start=\"3915\" data-end=\"4333\">\n<li data-start=\"3915\" data-end=\"4137\">\n<p data-start=\"3917\" data-end=\"3940\"><strong data-start=\"3917\" data-end=\"3938\">Effacer les donn\u00e9es locales :<\/strong><\/p>\n<ul data-start=\"3943\" data-end=\"4137\">\n<li data-start=\"3943\" data-end=\"3994\">\n<p data-start=\"3945\" data-end=\"3994\">Options \u2192 supprimez votre cl\u00e9 API, ajustez les param\u00e8tres.<\/p>\n<\/li>\n<li data-start=\"3997\" data-end=\"4137\">\n<p data-start=\"3999\" data-end=\"4137\">Chrome: <code data-start=\"4007\" data-end=\"4027\">chrome:\/\/settings\/<\/code> \u2192 \u00ab Effacer les donn\u00e9es de navigation \u00bb \u2192 \u00ab Donn\u00e9es de l\u2019application h\u00e9berg\u00e9e \u00bb ou d\u00e9sinstallez l\u2019extension pour supprimer tout le stockage local correspondant.<\/p>\n<\/li>\n<\/ul>\n<\/li>\n<li data-start=\"4138\" data-end=\"4238\">\n<p data-start=\"4140\" data-end=\"4238\"><strong data-start=\"4140\" data-end=\"4169\">D\u00e9sactiver la cl\u00e9 de d\u00e9veloppeur\u00a0:<\/strong> Saisissez votre propre cl\u00e9 API OpenAI dans Options afin que seule votre cl\u00e9 soit utilis\u00e9e.<\/p>\n<\/li>\n<li data-start=\"4239\" data-end=\"4333\">\n<p data-start=\"4241\" data-end=\"4333\"><strong data-start=\"4241\" data-end=\"4252\">Exporter:<\/strong> T\u00e9l\u00e9chargez les rapports au format TXT ou Word. Toutes les exportations sont enti\u00e8rement g\u00e9n\u00e9r\u00e9es c\u00f4t\u00e9 client.<\/p>\n<\/li>\n<\/ul>\n<p data-start=\"4335\" data-end=\"4558\">Pour exercer vos droits de confidentialit\u00e9 (acc\u00e8s, suppression, rectification, portabilit\u00e9) au-del\u00e0 des contr\u00f4les ci-dessus, envoyez un e-mail \u00e0 <a class=\"decorated-link cursor-pointer\" rel=\"noopener\" data-start=\"4439\" data-end=\"4459\">privacy@riman.agency<\/a>Nous pouvons demander des informations pour v\u00e9rifier que la demande concerne les donn\u00e9es de cette extension sur votre appareil.<\/p>\n<h2 data-start=\"4560\" data-end=\"4571\">S\u00e9curit\u00e9<\/h2>\n<p data-start=\"4572\" data-end=\"4878\">Nous suivons le principe de minimisation des donn\u00e9es\u00a0: nous stockons les param\u00e8tres et les rapports uniquement dans l&#039;espace de stockage des extensions Chrome et transmettons le contenu des avis \u00e0 OpenAI via HTTPS. Aucun syst\u00e8me n&#039;est parfaitement s\u00e9curis\u00e9\u00a0; \u00e9vitez d&#039;analyser les pages contenant des donn\u00e9es personnelles sensibles et pensez \u00e0 fournir votre propre cl\u00e9 API pour un contr\u00f4le plus strict.<\/p>\n<h2 data-start=\"4880\" data-end=\"4901\">Vie priv\u00e9e des enfants<\/h2>\n<p data-start=\"4902\" data-end=\"5049\">Cette extension ne s&#039;adresse pas aux enfants de moins de 13 ans (ou de moins de 16 ans, le cas \u00e9ch\u00e9ant). Nous ne collectons pas sciemment d&#039;informations personnelles aupr\u00e8s des enfants.<\/p>\n<h2 data-start=\"5051\" data-end=\"5077\">Transferts internationaux<\/h2>\n<p data-start=\"5078\" data-end=\"5228\">OpenAI et Google peuvent traiter des donn\u00e9es sur des serveurs situ\u00e9s aux \u00c9tats-Unis ou dans d&#039;autres pays. En utilisant l&#039;extension, vous acceptez ces transferts.<\/p>\n<h2 data-start=\"5230\" data-end=\"5255\">Modifications apport\u00e9es \u00e0 cette politique<\/h2>\n<p data-start=\"5256\" data-end=\"5441\">Nous sommes susceptibles de mettre \u00e0 jour cette politique \u00e0 mesure que l&#039;extension \u00e9volue. Les modifications importantes seront refl\u00e9t\u00e9es par la mise \u00e0 jour de la \u00ab\u00a0Date d&#039;entr\u00e9e en vigueur\u00a0\u00bb. L&#039;utilisation continue apr\u00e8s modification implique l&#039;acceptation de la politique mise \u00e0 jour.<\/p>","protected":false},"excerpt":{"rendered":"<p>What this extension does GMB Review Analyzer helps you turn a Google Maps business listing\u2019s public reviews into an actionable report. It auto-scrolls the listing\u2019s Reviews panel, collects the text and star ratings that are visible on the page, and sends that review content to an AI model to generate insights (sentiment, themes, suggested actions). [&hellip;]<\/p>\n","protected":false},"author":4,"featured_media":0,"parent":0,"menu_order":0,"comment_status":"closed","ping_status":"closed","template":"","meta":{"footnotes":""},"class_list":["post-4241","page","type-page","status-publish","hentry"],"yoast_head":"<!-- This site is optimized with the Yoast SEO plugin v27.4 - https:\/\/yoast.com\/product\/yoast-seo-wordpress\/ -->\n<title>Privacy Policy \u2014 GMB Review Analyzer (Chrome Extension) - Riman Agency<\/title>\n<meta name=\"robots\" content=\"index, follow, max-snippet:-1, max-image-preview:large, max-video-preview:-1\" \/>\n<link rel=\"canonical\" href=\"https:\/\/rimanagency.com\/fr\/privacy-policy-gmb-review-analyzer-chrome-extension\/\" \/>\n<meta property=\"og:locale\" content=\"fr_CA\" \/>\n<meta property=\"og:type\" content=\"article\" \/>\n<meta property=\"og:title\" content=\"Privacy Policy \u2014 GMB Review Analyzer (Chrome Extension) - Riman Agency\" \/>\n<meta property=\"og:description\" content=\"What this extension does GMB Review Analyzer helps you turn a Google Maps business listing\u2019s public reviews into an actionable report. It auto-scrolls the listing\u2019s Reviews panel, collects the text and star ratings that are visible on the page, and sends that review content to an AI model to generate insights (sentiment, themes, suggested actions). [&hellip;]\" \/>\n<meta property=\"og:url\" content=\"https:\/\/rimanagency.com\/fr\/privacy-policy-gmb-review-analyzer-chrome-extension\/\" \/>\n<meta property=\"og:site_name\" content=\"Riman Agency\" \/>\n<meta name=\"twitter:card\" content=\"summary_large_image\" \/>\n<meta name=\"twitter:label1\" content=\"Est. reading time\" \/>\n\t<meta name=\"twitter:data1\" content=\"4 minutes\" \/>\n<script type=\"application\/ld+json\" class=\"yoast-schema-graph\">{\"@context\":\"https:\\\/\\\/schema.org\",\"@graph\":[{\"@type\":\"WebPage\",\"@id\":\"https:\\\/\\\/rimanagency.com\\\/privacy-policy-gmb-review-analyzer-chrome-extension\\\/\",\"url\":\"https:\\\/\\\/rimanagency.com\\\/privacy-policy-gmb-review-analyzer-chrome-extension\\\/\",\"name\":\"Privacy Policy \u2014 GMB Review Analyzer (Chrome Extension) - Riman Agency\",\"isPartOf\":{\"@id\":\"https:\\\/\\\/rimanagency.com\\\/#website\"},\"datePublished\":\"2025-09-04T23:00:49+00:00\",\"breadcrumb\":{\"@id\":\"https:\\\/\\\/rimanagency.com\\\/privacy-policy-gmb-review-analyzer-chrome-extension\\\/#breadcrumb\"},\"inLanguage\":\"fr-CA\",\"potentialAction\":[{\"@type\":\"ReadAction\",\"target\":[\"https:\\\/\\\/rimanagency.com\\\/privacy-policy-gmb-review-analyzer-chrome-extension\\\/\"]}]},{\"@type\":\"BreadcrumbList\",\"@id\":\"https:\\\/\\\/rimanagency.com\\\/privacy-policy-gmb-review-analyzer-chrome-extension\\\/#breadcrumb\",\"itemListElement\":[{\"@type\":\"ListItem\",\"position\":1,\"name\":\"Home\",\"item\":\"https:\\\/\\\/rimanagency.com\\\/home\\\/\"},{\"@type\":\"ListItem\",\"position\":2,\"name\":\"Privacy Policy \u2014 GMB Review Analyzer (Chrome Extension)\"}]},{\"@type\":\"WebSite\",\"@id\":\"https:\\\/\\\/rimanagency.com\\\/#website\",\"url\":\"https:\\\/\\\/rimanagency.com\\\/\",\"name\":\"Riman Agency\",\"description\":\"A Full Service Digital Marketing Agency\",\"publisher\":{\"@id\":\"https:\\\/\\\/rimanagency.com\\\/#organization\"},\"potentialAction\":[{\"@type\":\"SearchAction\",\"target\":{\"@type\":\"EntryPoint\",\"urlTemplate\":\"https:\\\/\\\/rimanagency.com\\\/?s={search_term_string}\"},\"query-input\":{\"@type\":\"PropertyValueSpecification\",\"valueRequired\":true,\"valueName\":\"search_term_string\"}}],\"inLanguage\":\"fr-CA\"},{\"@type\":\"Organization\",\"@id\":\"https:\\\/\\\/rimanagency.com\\\/#organization\",\"name\":\"Riman Agency\",\"url\":\"https:\\\/\\\/rimanagency.com\\\/\",\"logo\":{\"@type\":\"ImageObject\",\"inLanguage\":\"fr-CA\",\"@id\":\"https:\\\/\\\/rimanagency.com\\\/#\\\/schema\\\/logo\\\/image\\\/\",\"url\":\"https:\\\/\\\/rimanagency.com\\\/wp-content\\\/uploads\\\/2022\\\/02\\\/RIMANagency-all-logos-1-2.png\",\"contentUrl\":\"https:\\\/\\\/rimanagency.com\\\/wp-content\\\/uploads\\\/2022\\\/02\\\/RIMANagency-all-logos-1-2.png\",\"width\":694,\"height\":211,\"caption\":\"Riman Agency\"},\"image\":{\"@id\":\"https:\\\/\\\/rimanagency.com\\\/#\\\/schema\\\/logo\\\/image\\\/\"}}]}<\/script>\n<!-- \/ Yoast SEO plugin. -->","yoast_head_json":{"title":"Politique de confidentialit\u00e9 \u2014 Analyseur d&#039;avis GMB (extension Chrome) - Agence Riman","robots":{"index":"index","follow":"follow","max-snippet":"max-snippet:-1","max-image-preview":"max-image-preview:large","max-video-preview":"max-video-preview:-1"},"canonical":"https:\/\/rimanagency.com\/fr\/privacy-policy-gmb-review-analyzer-chrome-extension\/","og_locale":"fr_CA","og_type":"article","og_title":"Privacy Policy \u2014 GMB Review Analyzer (Chrome Extension) - Riman Agency","og_description":"What this extension does GMB Review Analyzer helps you turn a Google Maps business listing\u2019s public reviews into an actionable report. It auto-scrolls the listing\u2019s Reviews panel, collects the text and star ratings that are visible on the page, and sends that review content to an AI model to generate insights (sentiment, themes, suggested actions). [&hellip;]","og_url":"https:\/\/rimanagency.com\/fr\/privacy-policy-gmb-review-analyzer-chrome-extension\/","og_site_name":"Riman Agency","twitter_card":"summary_large_image","twitter_misc":{"Est. reading time":"4 minutes"},"schema":{"@context":"https:\/\/schema.org","@graph":[{"@type":"WebPage","@id":"https:\/\/rimanagency.com\/privacy-policy-gmb-review-analyzer-chrome-extension\/","url":"https:\/\/rimanagency.com\/privacy-policy-gmb-review-analyzer-chrome-extension\/","name":"Politique de confidentialit\u00e9 \u2014 Analyseur d&#039;avis GMB (extension Chrome) - Agence Riman","isPartOf":{"@id":"https:\/\/rimanagency.com\/#website"},"datePublished":"2025-09-04T23:00:49+00:00","breadcrumb":{"@id":"https:\/\/rimanagency.com\/privacy-policy-gmb-review-analyzer-chrome-extension\/#breadcrumb"},"inLanguage":"fr-CA","potentialAction":[{"@type":"ReadAction","target":["https:\/\/rimanagency.com\/privacy-policy-gmb-review-analyzer-chrome-extension\/"]}]},{"@type":"BreadcrumbList","@id":"https:\/\/rimanagency.com\/privacy-policy-gmb-review-analyzer-chrome-extension\/#breadcrumb","itemListElement":[{"@type":"ListItem","position":1,"name":"Home","item":"https:\/\/rimanagency.com\/home\/"},{"@type":"ListItem","position":2,"name":"Privacy Policy \u2014 GMB Review Analyzer (Chrome Extension)"}]},{"@type":"WebSite","@id":"https:\/\/rimanagency.com\/#website","url":"https:\/\/rimanagency.com\/","name":"Agence Riman","description":"Une agence de marketing num\u00e9rique \u00e0 service complet","publisher":{"@id":"https:\/\/rimanagency.com\/#organization"},"potentialAction":[{"@type":"SearchAction","target":{"@type":"EntryPoint","urlTemplate":"https:\/\/rimanagency.com\/?s={search_term_string}"},"query-input":{"@type":"PropertyValueSpecification","valueRequired":true,"valueName":"search_term_string"}}],"inLanguage":"fr-CA"},{"@type":"Organization","@id":"https:\/\/rimanagency.com\/#organization","name":"Agence Riman","url":"https:\/\/rimanagency.com\/","logo":{"@type":"ImageObject","inLanguage":"fr-CA","@id":"https:\/\/rimanagency.com\/#\/schema\/logo\/image\/","url":"https:\/\/rimanagency.com\/wp-content\/uploads\/2022\/02\/RIMANagency-all-logos-1-2.png","contentUrl":"https:\/\/rimanagency.com\/wp-content\/uploads\/2022\/02\/RIMANagency-all-logos-1-2.png","width":694,"height":211,"caption":"Riman Agency"},"image":{"@id":"https:\/\/rimanagency.com\/#\/schema\/logo\/image\/"}}]}},"_links":{"self":[{"href":"https:\/\/rimanagency.com\/fr\/wp-json\/wp\/v2\/pages\/4241","targetHints":{"allow":["GET"]}}],"collection":[{"href":"https:\/\/rimanagency.com\/fr\/wp-json\/wp\/v2\/pages"}],"about":[{"href":"https:\/\/rimanagency.com\/fr\/wp-json\/wp\/v2\/types\/page"}],"author":[{"embeddable":true,"href":"https:\/\/rimanagency.com\/fr\/wp-json\/wp\/v2\/users\/4"}],"replies":[{"embeddable":true,"href":"https:\/\/rimanagency.com\/fr\/wp-json\/wp\/v2\/comments?post=4241"}],"version-history":[{"count":0,"href":"https:\/\/rimanagency.com\/fr\/wp-json\/wp\/v2\/pages\/4241\/revisions"}],"wp:attachment":[{"href":"https:\/\/rimanagency.com\/fr\/wp-json\/wp\/v2\/media?parent=4241"}],"curies":[{"name":"wp","href":"https:\/\/api.w.org\/{rel}","templated":true}]}}