{"id":4239,"date":"2025-09-04T22:17:47","date_gmt":"2025-09-04T22:17:47","guid":{"rendered":"https:\/\/rimanagency.com\/?page_id=4239"},"modified":"2025-09-04T22:17:47","modified_gmt":"2025-09-04T22:17:47","slug":"privacy-policy-google-maps-listings-scraper","status":"publish","type":"page","link":"https:\/\/rimanagency.com\/fr\/privacy-policy-google-maps-listings-scraper\/","title":{"rendered":"Politique de confidentialit\u00e9 \u2013 Google Maps Listings Scraper"},"content":{"rendered":"<p data-start=\"183\" data-end=\"471\">Google Maps Listings Scraper (\u00ab\u00a0l&#039;extension\u00a0\u00bb) est con\u00e7u pour aider les utilisateurs \u00e0 extraire des informations commerciales accessibles au public \u00e0 partir des r\u00e9sultats de recherche Google Maps. Nous respectons votre vie priv\u00e9e et nous engageons \u00e0 faire preuve de transparence sur le fonctionnement de cette extension et sur les donn\u00e9es collect\u00e9es (ou non).<\/p>\n<h2 data-start=\"473\" data-end=\"500\">Informations que nous collectons<\/h2>\n<ul data-start=\"501\" data-end=\"981\">\n<li data-start=\"501\" data-end=\"626\">\n<p data-start=\"503\" data-end=\"626\"><strong data-start=\"503\" data-end=\"535\">Aucune collecte de donn\u00e9es personnelles :<\/strong> L&#039;extension ne collecte, ne stocke ni ne transmet aucune information personnelle sur les utilisateurs.<\/p>\n<\/li>\n<li data-start=\"627\" data-end=\"832\">\n<p data-start=\"629\" data-end=\"832\"><strong data-start=\"629\" data-end=\"656\">Extraction de donn\u00e9es commerciales :<\/strong> L&#039;extension collecte uniquement les informations accessibles au public affich\u00e9es sur Google Maps (telles que le nom de l&#039;entreprise, la note, les avis, le num\u00e9ro de t\u00e9l\u00e9phone, le site Web, l&#039;adresse et la fourchette de prix).<\/p>\n<\/li>\n<li data-start=\"833\" data-end=\"981\">\n<p data-start=\"835\" data-end=\"981\"><strong data-start=\"835\" data-end=\"853\">Stockage local :<\/strong> Vos r\u00e9sultats d&#039;analyse et vos param\u00e8tres sont stock\u00e9s localement dans votre navigateur gr\u00e2ce au stockage de Chrome. Ils ne sont jamais transmis \u00e0 nos serveurs.<\/p>\n<\/li>\n<\/ul>\n<h2 data-start=\"983\" data-end=\"1014\">Utilisation des r\u00e9sum\u00e9s d&#039;\u00e9valuation de l&#039;IA<\/h2>\n<ul data-start=\"1015\" data-end=\"1426\">\n<li data-start=\"1015\" data-end=\"1166\">\n<p data-start=\"1017\" data-end=\"1166\">Si vous choisissez d&#039;activer les r\u00e9sum\u00e9s d&#039;\u00e9valuation de l&#039;IA, l&#039;extension enverra un petit \u00e9chantillon de texte d&#039;\u00e9valuation r\u00e9cup\u00e9r\u00e9 \u00e0 l&#039;API OpenAI pour g\u00e9n\u00e9rer des r\u00e9sum\u00e9s.<\/p>\n<\/li>\n<li data-start=\"1167\" data-end=\"1306\">\n<p data-start=\"1169\" data-end=\"1306\">Vous devez fournir votre propre cl\u00e9 API OpenAI pour que cette fonctionnalit\u00e9 fonctionne. Cette cl\u00e9 est stock\u00e9e localement dans votre navigateur et ne nous est jamais communiqu\u00e9e.<\/p>\n<\/li>\n<li data-start=\"1307\" data-end=\"1426\">\n<p data-start=\"1309\" data-end=\"1426\">Toutes les donn\u00e9es d&#039;\u00e9valuation envoy\u00e9es \u00e0 OpenAI sont soumises \u00e0 <a class=\"decorated-link\" href=\"https:\/\/openai.com\/policies\/privacy-policy?utm_source=chatgpt.com\" target=\"_new\" rel=\"noopener\" data-start=\"1354\" data-end=\"1423\">Politique de confidentialit\u00e9 d&#039;OpenAI<\/a>.<\/p>\n<\/li>\n<\/ul>\n<h2 data-start=\"1428\" data-end=\"1445\">Partage de donn\u00e9es<\/h2>\n<ul data-start=\"1446\" data-end=\"1639\">\n<li data-start=\"1446\" data-end=\"1514\">\n<p data-start=\"1448\" data-end=\"1514\">Nous ne vendons, ne louons ni ne partageons vos donn\u00e9es avec des tiers.<\/p>\n<\/li>\n<li data-start=\"1515\" data-end=\"1639\">\n<p data-start=\"1517\" data-end=\"1639\">Tout le traitement s&#039;effectue localement dans votre navigateur, sauf lorsque vous choisissez de g\u00e9n\u00e9rer des r\u00e9sum\u00e9s d&#039;IA via votre cl\u00e9 API OpenAI.<\/p>\n<\/li>\n<\/ul>\n<h2 data-start=\"1641\" data-end=\"1657\">Autorisations<\/h2>\n<p data-start=\"1658\" data-end=\"1856\">L&#039;extension n\u00e9cessite une autorisation pour s&#039;ex\u00e9cuter sur <code data-start=\"1702\" data-end=\"1733\">https:\/\/www.google.com\/maps\/*<\/code> afin d&#039;extraire les informations de la liste. Ces autorisations servent uniquement \u00e0 activer les fonctionnalit\u00e9s principales de l&#039;extension.<\/p>\n<h2 data-start=\"1858\" data-end=\"1871\">S\u00e9curit\u00e9<\/h2>\n<p data-start=\"1872\" data-end=\"2080\">Comme aucune donn\u00e9e personnelle n&#039;est collect\u00e9e ni transmise \u00e0 nos serveurs, les risques sont minimis\u00e9s. Cependant, si vous utilisez la fonctionnalit\u00e9 de r\u00e9sum\u00e9 des avis d&#039;IA, veuillez g\u00e9rer votre cl\u00e9 API OpenAI de mani\u00e8re responsable et la conserver en lieu s\u00fbr.<\/p>\n<h2 data-start=\"2082\" data-end=\"2109\">Modifications de cette politique<\/h2>\n<p data-start=\"2110\" data-end=\"2222\">Nous sommes susceptibles de mettre \u00e0 jour cette politique de confidentialit\u00e9 de temps \u00e0 autre. Toute mise \u00e0 jour sera refl\u00e9t\u00e9e dans la liste de l&#039;extension.<\/p>\n<p data-start=\"2237\" data-end=\"2385\">","protected":false},"excerpt":{"rendered":"<p>Google Maps Listings Scraper (\u201cthe Extension\u201d) is designed to help users extract publicly available business information from Google Maps search results. We value your privacy and are committed to being transparent about how this Extension works and what data is (and is not) collected. Information We Collect No personal data collection: The Extension does not [&hellip;]<\/p>\n","protected":false},"author":4,"featured_media":0,"parent":0,"menu_order":0,"comment_status":"closed","ping_status":"closed","template":"","meta":{"footnotes":""},"class_list":["post-4239","page","type-page","status-publish","hentry"],"yoast_head":"<!-- This site is optimized with the Yoast SEO plugin v27.4 - https:\/\/yoast.com\/product\/yoast-seo-wordpress\/ -->\n<title>Privacy Policy \u2013 Google Maps Listings Scraper - Riman Agency<\/title>\n<meta name=\"robots\" content=\"index, follow, max-snippet:-1, max-image-preview:large, max-video-preview:-1\" \/>\n<link rel=\"canonical\" href=\"https:\/\/rimanagency.com\/fr\/privacy-policy-google-maps-listings-scraper\/\" \/>\n<meta property=\"og:locale\" content=\"fr_CA\" \/>\n<meta property=\"og:type\" content=\"article\" \/>\n<meta property=\"og:title\" content=\"Privacy Policy \u2013 Google Maps Listings Scraper - Riman Agency\" \/>\n<meta property=\"og:description\" content=\"Google Maps Listings Scraper (\u201cthe Extension\u201d) is designed to help users extract publicly available business information from Google Maps search results. We value your privacy and are committed to being transparent about how this Extension works and what data is (and is not) collected. Information We Collect No personal data collection: The Extension does not [&hellip;]\" \/>\n<meta property=\"og:url\" content=\"https:\/\/rimanagency.com\/fr\/privacy-policy-google-maps-listings-scraper\/\" \/>\n<meta property=\"og:site_name\" content=\"Riman Agency\" \/>\n<meta name=\"twitter:card\" content=\"summary_large_image\" \/>\n<meta name=\"twitter:label1\" content=\"Est. reading time\" \/>\n\t<meta name=\"twitter:data1\" content=\"2 minutes\" \/>\n<script type=\"application\/ld+json\" class=\"yoast-schema-graph\">{\"@context\":\"https:\\\/\\\/schema.org\",\"@graph\":[{\"@type\":\"WebPage\",\"@id\":\"https:\\\/\\\/rimanagency.com\\\/privacy-policy-google-maps-listings-scraper\\\/\",\"url\":\"https:\\\/\\\/rimanagency.com\\\/privacy-policy-google-maps-listings-scraper\\\/\",\"name\":\"Privacy Policy \u2013 Google Maps Listings Scraper - Riman Agency\",\"isPartOf\":{\"@id\":\"https:\\\/\\\/rimanagency.com\\\/#website\"},\"datePublished\":\"2025-09-04T22:17:47+00:00\",\"breadcrumb\":{\"@id\":\"https:\\\/\\\/rimanagency.com\\\/privacy-policy-google-maps-listings-scraper\\\/#breadcrumb\"},\"inLanguage\":\"fr-CA\",\"potentialAction\":[{\"@type\":\"ReadAction\",\"target\":[\"https:\\\/\\\/rimanagency.com\\\/privacy-policy-google-maps-listings-scraper\\\/\"]}]},{\"@type\":\"BreadcrumbList\",\"@id\":\"https:\\\/\\\/rimanagency.com\\\/privacy-policy-google-maps-listings-scraper\\\/#breadcrumb\",\"itemListElement\":[{\"@type\":\"ListItem\",\"position\":1,\"name\":\"Home\",\"item\":\"https:\\\/\\\/rimanagency.com\\\/home\\\/\"},{\"@type\":\"ListItem\",\"position\":2,\"name\":\"Privacy Policy \u2013 Google Maps Listings Scraper\"}]},{\"@type\":\"WebSite\",\"@id\":\"https:\\\/\\\/rimanagency.com\\\/#website\",\"url\":\"https:\\\/\\\/rimanagency.com\\\/\",\"name\":\"Riman Agency\",\"description\":\"A Full Service Digital Marketing Agency\",\"publisher\":{\"@id\":\"https:\\\/\\\/rimanagency.com\\\/#organization\"},\"potentialAction\":[{\"@type\":\"SearchAction\",\"target\":{\"@type\":\"EntryPoint\",\"urlTemplate\":\"https:\\\/\\\/rimanagency.com\\\/?s={search_term_string}\"},\"query-input\":{\"@type\":\"PropertyValueSpecification\",\"valueRequired\":true,\"valueName\":\"search_term_string\"}}],\"inLanguage\":\"fr-CA\"},{\"@type\":\"Organization\",\"@id\":\"https:\\\/\\\/rimanagency.com\\\/#organization\",\"name\":\"Riman Agency\",\"url\":\"https:\\\/\\\/rimanagency.com\\\/\",\"logo\":{\"@type\":\"ImageObject\",\"inLanguage\":\"fr-CA\",\"@id\":\"https:\\\/\\\/rimanagency.com\\\/#\\\/schema\\\/logo\\\/image\\\/\",\"url\":\"https:\\\/\\\/rimanagency.com\\\/wp-content\\\/uploads\\\/2022\\\/02\\\/RIMANagency-all-logos-1-2.png\",\"contentUrl\":\"https:\\\/\\\/rimanagency.com\\\/wp-content\\\/uploads\\\/2022\\\/02\\\/RIMANagency-all-logos-1-2.png\",\"width\":694,\"height\":211,\"caption\":\"Riman Agency\"},\"image\":{\"@id\":\"https:\\\/\\\/rimanagency.com\\\/#\\\/schema\\\/logo\\\/image\\\/\"}}]}<\/script>\n<!-- \/ Yoast SEO plugin. -->","yoast_head_json":{"title":"Politique de confidentialit\u00e9 \u2013 Extracteur de donn\u00e9es Google Maps \u2013 Agence Riman","robots":{"index":"index","follow":"follow","max-snippet":"max-snippet:-1","max-image-preview":"max-image-preview:large","max-video-preview":"max-video-preview:-1"},"canonical":"https:\/\/rimanagency.com\/fr\/privacy-policy-google-maps-listings-scraper\/","og_locale":"fr_CA","og_type":"article","og_title":"Privacy Policy \u2013 Google Maps Listings Scraper - Riman Agency","og_description":"Google Maps Listings Scraper (\u201cthe Extension\u201d) is designed to help users extract publicly available business information from Google Maps search results. We value your privacy and are committed to being transparent about how this Extension works and what data is (and is not) collected. Information We Collect No personal data collection: The Extension does not [&hellip;]","og_url":"https:\/\/rimanagency.com\/fr\/privacy-policy-google-maps-listings-scraper\/","og_site_name":"Riman Agency","twitter_card":"summary_large_image","twitter_misc":{"Est. reading time":"2 minutes"},"schema":{"@context":"https:\/\/schema.org","@graph":[{"@type":"WebPage","@id":"https:\/\/rimanagency.com\/privacy-policy-google-maps-listings-scraper\/","url":"https:\/\/rimanagency.com\/privacy-policy-google-maps-listings-scraper\/","name":"Politique de confidentialit\u00e9 \u2013 Extracteur de donn\u00e9es Google Maps \u2013 Agence Riman","isPartOf":{"@id":"https:\/\/rimanagency.com\/#website"},"datePublished":"2025-09-04T22:17:47+00:00","breadcrumb":{"@id":"https:\/\/rimanagency.com\/privacy-policy-google-maps-listings-scraper\/#breadcrumb"},"inLanguage":"fr-CA","potentialAction":[{"@type":"ReadAction","target":["https:\/\/rimanagency.com\/privacy-policy-google-maps-listings-scraper\/"]}]},{"@type":"BreadcrumbList","@id":"https:\/\/rimanagency.com\/privacy-policy-google-maps-listings-scraper\/#breadcrumb","itemListElement":[{"@type":"ListItem","position":1,"name":"Home","item":"https:\/\/rimanagency.com\/home\/"},{"@type":"ListItem","position":2,"name":"Privacy Policy \u2013 Google Maps Listings Scraper"}]},{"@type":"WebSite","@id":"https:\/\/rimanagency.com\/#website","url":"https:\/\/rimanagency.com\/","name":"Agence Riman","description":"Une agence de marketing num\u00e9rique \u00e0 service complet","publisher":{"@id":"https:\/\/rimanagency.com\/#organization"},"potentialAction":[{"@type":"SearchAction","target":{"@type":"EntryPoint","urlTemplate":"https:\/\/rimanagency.com\/?s={search_term_string}"},"query-input":{"@type":"PropertyValueSpecification","valueRequired":true,"valueName":"search_term_string"}}],"inLanguage":"fr-CA"},{"@type":"Organization","@id":"https:\/\/rimanagency.com\/#organization","name":"Agence Riman","url":"https:\/\/rimanagency.com\/","logo":{"@type":"ImageObject","inLanguage":"fr-CA","@id":"https:\/\/rimanagency.com\/#\/schema\/logo\/image\/","url":"https:\/\/rimanagency.com\/wp-content\/uploads\/2022\/02\/RIMANagency-all-logos-1-2.png","contentUrl":"https:\/\/rimanagency.com\/wp-content\/uploads\/2022\/02\/RIMANagency-all-logos-1-2.png","width":694,"height":211,"caption":"Riman Agency"},"image":{"@id":"https:\/\/rimanagency.com\/#\/schema\/logo\/image\/"}}]}},"_links":{"self":[{"href":"https:\/\/rimanagency.com\/fr\/wp-json\/wp\/v2\/pages\/4239","targetHints":{"allow":["GET"]}}],"collection":[{"href":"https:\/\/rimanagency.com\/fr\/wp-json\/wp\/v2\/pages"}],"about":[{"href":"https:\/\/rimanagency.com\/fr\/wp-json\/wp\/v2\/types\/page"}],"author":[{"embeddable":true,"href":"https:\/\/rimanagency.com\/fr\/wp-json\/wp\/v2\/users\/4"}],"replies":[{"embeddable":true,"href":"https:\/\/rimanagency.com\/fr\/wp-json\/wp\/v2\/comments?post=4239"}],"version-history":[{"count":0,"href":"https:\/\/rimanagency.com\/fr\/wp-json\/wp\/v2\/pages\/4239\/revisions"}],"wp:attachment":[{"href":"https:\/\/rimanagency.com\/fr\/wp-json\/wp\/v2\/media?parent=4239"}],"curies":[{"name":"wp","href":"https:\/\/api.w.org\/{rel}","templated":true}]}}