{"id":4214,"date":"2025-05-19T12:12:08","date_gmt":"2025-05-19T12:12:08","guid":{"rendered":"https:\/\/rimanagency.com\/?page_id=4214"},"modified":"2025-05-19T12:12:08","modified_gmt":"2025-05-19T12:12:08","slug":"tire-review-extension-privacy-policy","status":"publish","type":"page","link":"https:\/\/rimanagency.com\/fr\/tire-review-extension-privacy-policy\/","title":{"rendered":"Politique de confidentialit\u00e9 \u2013 Extension de l&#039;\u00e9valuation des pneus"},"content":{"rendered":"<h3 class=\"\" data-start=\"375\" data-end=\"394\">1. Introduction<\/h3>\n<p class=\"\" data-start=\"396\" data-end=\"647\">L&#039;extension Tire Review (\u00ab l&#039;extension \u00bb) est une extension de navigateur Chrome con\u00e7ue pour aider les utilisateurs \u00e0 prendre des d\u00e9cisions d&#039;achat de pneus plus intelligentes en r\u00e9sumant les avis de style expert, les avantages et les inconv\u00e9nients, et en affichant des alternatives pertinentes lors de la consultation des pages de produits de pneus.<\/p>\n<p class=\"\" data-start=\"649\" data-end=\"774\">Nous prenons votre vie priv\u00e9e au s\u00e9rieux. Cette politique explique quelles donn\u00e9es nous collectons (le cas \u00e9ch\u00e9ant), comment nous les utilisons et vos droits en tant qu&#039;utilisateur.<\/p>\n<hr class=\"\" data-start=\"776\" data-end=\"779\" \/>\n<h3 class=\"\" data-start=\"781\" data-end=\"819\">2. Quelles informations collectons-nous ?<\/h3>\n<p class=\"\" data-start=\"821\" data-end=\"990\"><strong data-start=\"821\" data-end=\"861\">Nous ne collectons aucune donn\u00e9e personnelle.<\/strong><br data-start=\"861\" data-end=\"864\" \/>L&#039;extension Tire Review ne stocke, ne suit ni ne transmet aucune information personnellement identifiable (PII) ni aucun historique de navigateur.<\/p>\n<hr class=\"\" data-start=\"992\" data-end=\"995\" \/>\n<h3 class=\"\" data-start=\"997\" data-end=\"1025\">3. Autorisations et utilisation<\/h3>\n<p class=\"\" data-start=\"1027\" data-end=\"1079\">L&#039;extension utilise l&#039;autorisation minimale suivante\u00a0:<\/p>\n<ul data-start=\"1081\" data-end=\"1411\">\n<li class=\"\" data-start=\"1081\" data-end=\"1303\">\n<p class=\"\" data-start=\"1083\" data-end=\"1303\"><strong data-start=\"1083\" data-end=\"1098\"><code data-start=\"1085\" data-end=\"1096\">onglet actif<\/code><\/strong> \u2013 Cela permet \u00e0 l&#039;extension d&#039;acc\u00e9der au titre de l&#039;onglet actif lorsque l&#039;utilisateur clique sur l&#039;ic\u00f4ne de l&#039;extension. Ceci sert uniquement \u00e0 extraire le nom du produit pneumatique pour g\u00e9n\u00e9rer un r\u00e9sum\u00e9 pertinent.<\/p>\n<\/li>\n<li class=\"\" data-start=\"1304\" data-end=\"1347\">\n<p class=\"\" data-start=\"1306\" data-end=\"1347\">Aucun script n&#039;est inject\u00e9 dans les pages Web.<\/p>\n<\/li>\n<li class=\"\" data-start=\"1348\" data-end=\"1411\">\n<p class=\"\" data-start=\"1350\" data-end=\"1411\">Aucun cookie, aucune donn\u00e9e de localisation ni aucun comportement de navigation ne sont consult\u00e9s.<\/p>\n<\/li>\n<\/ul>\n<hr class=\"\" data-start=\"1413\" data-end=\"1416\" \/>\n<h3 class=\"\" data-start=\"1418\" data-end=\"1447\">4. Comment nous utilisons les informations<\/h3>\n<p class=\"\" data-start=\"1449\" data-end=\"1734\">L&#039;extension utilise le nom du pneu (analys\u00e9 \u00e0 partir du titre de l&#039;onglet) pour g\u00e9n\u00e9rer un r\u00e9sum\u00e9 d&#039;\u00e9valuation unique, aliment\u00e9 par l&#039;IA, sur l&#039;appareil, gr\u00e2ce \u00e0 l&#039;API OpenAI. Le nom du produit est envoy\u00e9 aux serveurs d&#039;OpenAI uniquement \u00e0 cette fin.<br data-start=\"1669\" data-end=\"1672\" \/><strong data-start=\"1672\" data-end=\"1734\">Aucun nom de produit ni aucune donn\u00e9e utilisateur n&#039;est stock\u00e9, r\u00e9utilis\u00e9 ou partag\u00e9.<\/strong><\/p>\n<hr class=\"\" data-start=\"1736\" data-end=\"1739\" \/>\n<h3 class=\"\" data-start=\"1741\" data-end=\"1768\">5. Services tiers<\/h3>\n<p class=\"\" data-start=\"1770\" data-end=\"2048\">L&#039;extension se connecte au <strong data-start=\"1800\" data-end=\"1814\">API OpenAI<\/strong> pour g\u00e9n\u00e9rer des \u00e9valuations et des comparaisons de pneus. La seule donn\u00e9e partag\u00e9e avec OpenAI est le nom du pneu, extrait du titre de l&#039;onglet.<br data-start=\"1936\" data-end=\"1939\" \/>L&#039;API et l&#039;utilisation des donn\u00e9es d&#039;OpenAI sont r\u00e9gies par leurs <a class=\"\" href=\"https:\/\/openai.com\/policies\/privacy-policy\" target=\"_new\" rel=\"noopener\" data-start=\"1987\" data-end=\"2047\">politique de confidentialit\u00e9<\/a>.<\/p>\n<hr class=\"\" data-start=\"2050\" data-end=\"2053\" \/>\n<h3 class=\"\" data-start=\"2055\" data-end=\"2074\">6. Stockage des donn\u00e9es<\/h3>\n<p class=\"\" data-start=\"2076\" data-end=\"2247\"><strong data-start=\"2076\" data-end=\"2098\">Aucune donn\u00e9e n&#039;est stock\u00e9e.<\/strong><br data-start=\"2098\" data-end=\"2101\" \/>L&#039;extension ne stocke aucune donn\u00e9e, ni localement ni \u00e0 distance. Toutes les op\u00e9rations se d\u00e9roulent en temps r\u00e9el, lorsque l&#039;utilisateur clique sur l&#039;ic\u00f4ne de l&#039;extension.<\/p>\n<hr class=\"\" data-start=\"2249\" data-end=\"2252\" \/>\n<h3 class=\"\" data-start=\"2254\" data-end=\"2288\">7. Votre contr\u00f4le et votre transparence<\/h3>\n<ul data-start=\"2290\" data-end=\"2496\">\n<li class=\"\" data-start=\"2290\" data-end=\"2363\">\n<p class=\"\" data-start=\"2292\" data-end=\"2363\">Vous n\u2019\u00eates pas oblig\u00e9 de cr\u00e9er un compte ni de partager des donn\u00e9es personnelles.<\/p>\n<\/li>\n<li class=\"\" data-start=\"2364\" data-end=\"2415\">\n<p class=\"\" data-start=\"2366\" data-end=\"2415\">L&#039;extension ne s&#039;active que lorsque vous cliquez dessus.<\/p>\n<\/li>\n<li class=\"\" data-start=\"2416\" data-end=\"2496\">\n<p class=\"\" data-start=\"2418\" data-end=\"2496\">Vous pouvez d\u00e9sactiver ou supprimer l&#039;extension \u00e0 tout moment via les param\u00e8tres de votre navigateur.<\/p>\n<\/li>\n<\/ul>\n<hr class=\"\" data-start=\"2498\" data-end=\"2501\" \/>\n<h3 class=\"\" data-start=\"2503\" data-end=\"2532\">8. Modifications de cette politique<\/h3>\n<p class=\"\" data-start=\"2534\" data-end=\"2741\">Nous sommes susceptibles de mettre \u00e0 jour cette Politique de confidentialit\u00e9 de temps \u00e0 autre. Toute modification sera indiqu\u00e9e sur cette page avec la date d&#039;entr\u00e9e en vigueur actualis\u00e9e. L&#039;utilisation continue de l&#039;Extension implique votre acceptation de la politique en vigueur.<\/p>\n<hr class=\"\" data-start=\"2743\" data-end=\"2746\" \/>\n<h3 class=\"\" data-start=\"2748\" data-end=\"2762\">9. Contact<\/h3>\n<p class=\"\" data-start=\"2764\" data-end=\"2865\">Si vous avez des questions sur cette politique de confidentialit\u00e9 ou sur les fonctionnalit\u00e9s de l&#039;extension, veuillez contacter :<\/p>\n<p class=\"\" data-start=\"2867\" data-end=\"2964\"><strong data-start=\"2867\" data-end=\"2883\">Agence Riman<\/strong><br data-start=\"2883\" data-end=\"2886\" \/><a class=\"cursor-pointer\" target=\"_new\" rel=\"noopener\" data-start=\"2886\" data-end=\"2938\">https:\/\/rimanagency.com\/<\/a><\/p>","protected":false},"excerpt":{"rendered":"<p>1. Introduction The Tire Review Extension (\u201cthe Extension\u201d) is a Chrome browser extension designed to help users make smarter tire-buying decisions by summarizing expert-style reviews, pros and cons, and showing relevant alternatives while viewing tire product pages. We take your privacy seriously. This policy explains what data we collect (if any), how we use it, [&hellip;]<\/p>\n","protected":false},"author":4,"featured_media":0,"parent":0,"menu_order":0,"comment_status":"closed","ping_status":"closed","template":"","meta":{"footnotes":""},"class_list":["post-4214","page","type-page","status-publish","hentry"],"yoast_head":"<!-- This site is optimized with the Yoast SEO plugin v27.5 - https:\/\/yoast.com\/product\/yoast-seo-wordpress\/ -->\n<title>Tire Review Extension - Privacy Policy - Riman Agency<\/title>\n<meta name=\"robots\" content=\"noindex, nofollow\" \/>\n<meta property=\"og:locale\" content=\"fr_CA\" \/>\n<meta property=\"og:type\" content=\"article\" \/>\n<meta property=\"og:title\" content=\"Tire Review Extension - Privacy Policy - Riman Agency\" \/>\n<meta property=\"og:description\" content=\"1. Introduction The Tire Review Extension (\u201cthe Extension\u201d) is a Chrome browser extension designed to help users make smarter tire-buying decisions by summarizing expert-style reviews, pros and cons, and showing relevant alternatives while viewing tire product pages. We take your privacy seriously. This policy explains what data we collect (if any), how we use it, [&hellip;]\" \/>\n<meta property=\"og:url\" content=\"https:\/\/rimanagency.com\/fr\/tire-review-extension-privacy-policy\/\" \/>\n<meta property=\"og:site_name\" content=\"Riman Agency\" \/>\n<meta name=\"twitter:card\" content=\"summary_large_image\" \/>\n<script type=\"application\/ld+json\" class=\"yoast-schema-graph\">{\"@context\":\"https:\\\/\\\/schema.org\",\"@graph\":[{\"@type\":\"WebPage\",\"@id\":\"https:\\\/\\\/rimanagency.com\\\/tire-review-extension-privacy-policy\\\/\",\"url\":\"https:\\\/\\\/rimanagency.com\\\/tire-review-extension-privacy-policy\\\/\",\"name\":\"Tire Review Extension - Privacy Policy - Riman Agency\",\"isPartOf\":{\"@id\":\"https:\\\/\\\/rimanagency.com\\\/#website\"},\"datePublished\":\"2025-05-19T12:12:08+00:00\",\"breadcrumb\":{\"@id\":\"https:\\\/\\\/rimanagency.com\\\/tire-review-extension-privacy-policy\\\/#breadcrumb\"},\"inLanguage\":\"fr-CA\",\"potentialAction\":[{\"@type\":\"ReadAction\",\"target\":[\"https:\\\/\\\/rimanagency.com\\\/tire-review-extension-privacy-policy\\\/\"]}]},{\"@type\":\"BreadcrumbList\",\"@id\":\"https:\\\/\\\/rimanagency.com\\\/tire-review-extension-privacy-policy\\\/#breadcrumb\",\"itemListElement\":[{\"@type\":\"ListItem\",\"position\":1,\"name\":\"Home\",\"item\":\"https:\\\/\\\/rimanagency.com\\\/home\\\/\"},{\"@type\":\"ListItem\",\"position\":2,\"name\":\"Tire Review Extension &#8211; Privacy Policy\"}]},{\"@type\":\"WebSite\",\"@id\":\"https:\\\/\\\/rimanagency.com\\\/#website\",\"url\":\"https:\\\/\\\/rimanagency.com\\\/\",\"name\":\"Riman Agency\",\"description\":\"A Full Service Digital Marketing Agency\",\"publisher\":{\"@id\":\"https:\\\/\\\/rimanagency.com\\\/#organization\"},\"potentialAction\":[{\"@type\":\"SearchAction\",\"target\":{\"@type\":\"EntryPoint\",\"urlTemplate\":\"https:\\\/\\\/rimanagency.com\\\/?s={search_term_string}\"},\"query-input\":{\"@type\":\"PropertyValueSpecification\",\"valueRequired\":true,\"valueName\":\"search_term_string\"}}],\"inLanguage\":\"fr-CA\"},{\"@type\":\"Organization\",\"@id\":\"https:\\\/\\\/rimanagency.com\\\/#organization\",\"name\":\"Riman Agency\",\"url\":\"https:\\\/\\\/rimanagency.com\\\/\",\"logo\":{\"@type\":\"ImageObject\",\"inLanguage\":\"fr-CA\",\"@id\":\"https:\\\/\\\/rimanagency.com\\\/#\\\/schema\\\/logo\\\/image\\\/\",\"url\":\"https:\\\/\\\/rimanagency.com\\\/wp-content\\\/uploads\\\/2022\\\/02\\\/RIMANagency-all-logos-1-2.png\",\"contentUrl\":\"https:\\\/\\\/rimanagency.com\\\/wp-content\\\/uploads\\\/2022\\\/02\\\/RIMANagency-all-logos-1-2.png\",\"width\":694,\"height\":211,\"caption\":\"Riman Agency\"},\"image\":{\"@id\":\"https:\\\/\\\/rimanagency.com\\\/#\\\/schema\\\/logo\\\/image\\\/\"}}]}<\/script>\n<!-- \/ Yoast SEO plugin. -->","yoast_head_json":{"title":"Tire Review Extension - Privacy Policy - Riman Agency","robots":{"index":"noindex","follow":"nofollow"},"og_locale":"fr_CA","og_type":"article","og_title":"Tire Review Extension - Privacy Policy - Riman Agency","og_description":"1. Introduction The Tire Review Extension (\u201cthe Extension\u201d) is a Chrome browser extension designed to help users make smarter tire-buying decisions by summarizing expert-style reviews, pros and cons, and showing relevant alternatives while viewing tire product pages. We take your privacy seriously. This policy explains what data we collect (if any), how we use it, [&hellip;]","og_url":"https:\/\/rimanagency.com\/fr\/tire-review-extension-privacy-policy\/","og_site_name":"Riman Agency","twitter_card":"summary_large_image","schema":{"@context":"https:\/\/schema.org","@graph":[{"@type":"WebPage","@id":"https:\/\/rimanagency.com\/tire-review-extension-privacy-policy\/","url":"https:\/\/rimanagency.com\/tire-review-extension-privacy-policy\/","name":"Tire Review Extension - Privacy Policy - Riman Agency","isPartOf":{"@id":"https:\/\/rimanagency.com\/#website"},"datePublished":"2025-05-19T12:12:08+00:00","breadcrumb":{"@id":"https:\/\/rimanagency.com\/tire-review-extension-privacy-policy\/#breadcrumb"},"inLanguage":"fr-CA","potentialAction":[{"@type":"ReadAction","target":["https:\/\/rimanagency.com\/tire-review-extension-privacy-policy\/"]}]},{"@type":"BreadcrumbList","@id":"https:\/\/rimanagency.com\/tire-review-extension-privacy-policy\/#breadcrumb","itemListElement":[{"@type":"ListItem","position":1,"name":"Home","item":"https:\/\/rimanagency.com\/home\/"},{"@type":"ListItem","position":2,"name":"Tire Review Extension &#8211; Privacy Policy"}]},{"@type":"WebSite","@id":"https:\/\/rimanagency.com\/#website","url":"https:\/\/rimanagency.com\/","name":"Agence Riman","description":"Une agence de marketing num\u00e9rique \u00e0 service complet","publisher":{"@id":"https:\/\/rimanagency.com\/#organization"},"potentialAction":[{"@type":"SearchAction","target":{"@type":"EntryPoint","urlTemplate":"https:\/\/rimanagency.com\/?s={search_term_string}"},"query-input":{"@type":"PropertyValueSpecification","valueRequired":true,"valueName":"search_term_string"}}],"inLanguage":"fr-CA"},{"@type":"Organization","@id":"https:\/\/rimanagency.com\/#organization","name":"Agence Riman","url":"https:\/\/rimanagency.com\/","logo":{"@type":"ImageObject","inLanguage":"fr-CA","@id":"https:\/\/rimanagency.com\/#\/schema\/logo\/image\/","url":"https:\/\/rimanagency.com\/wp-content\/uploads\/2022\/02\/RIMANagency-all-logos-1-2.png","contentUrl":"https:\/\/rimanagency.com\/wp-content\/uploads\/2022\/02\/RIMANagency-all-logos-1-2.png","width":694,"height":211,"caption":"Riman Agency"},"image":{"@id":"https:\/\/rimanagency.com\/#\/schema\/logo\/image\/"}}]}},"_links":{"self":[{"href":"https:\/\/rimanagency.com\/fr\/wp-json\/wp\/v2\/pages\/4214","targetHints":{"allow":["GET"]}}],"collection":[{"href":"https:\/\/rimanagency.com\/fr\/wp-json\/wp\/v2\/pages"}],"about":[{"href":"https:\/\/rimanagency.com\/fr\/wp-json\/wp\/v2\/types\/page"}],"author":[{"embeddable":true,"href":"https:\/\/rimanagency.com\/fr\/wp-json\/wp\/v2\/users\/4"}],"replies":[{"embeddable":true,"href":"https:\/\/rimanagency.com\/fr\/wp-json\/wp\/v2\/comments?post=4214"}],"version-history":[{"count":0,"href":"https:\/\/rimanagency.com\/fr\/wp-json\/wp\/v2\/pages\/4214\/revisions"}],"wp:attachment":[{"href":"https:\/\/rimanagency.com\/fr\/wp-json\/wp\/v2\/media?parent=4214"}],"curies":[{"name":"wp","href":"https:\/\/api.w.org\/{rel}","templated":true}]}}