{"id":4200,"date":"2025-04-13T12:45:22","date_gmt":"2025-04-13T12:45:22","guid":{"rendered":"https:\/\/rimanagency.com\/?page_id=4200"},"modified":"2025-04-13T12:45:49","modified_gmt":"2025-04-13T12:45:49","slug":"privacy-policy-for-accessibility-auditor","status":"publish","type":"page","link":"https:\/\/rimanagency.com\/fr\/privacy-policy-for-accessibility-auditor\/","title":{"rendered":"\ud83d\udd10 Politique de confidentialit\u00e9 pour l&#039;auditeur d&#039;accessibilit\u00e9"},"content":{"rendered":"<h3 class=\"\" data-start=\"226\" data-end=\"247\">1. <strong data-start=\"233\" data-end=\"245\">Aper\u00e7u<\/strong><\/h3>\n<p class=\"\" data-start=\"248\" data-end=\"515\">Le <strong data-start=\"252\" data-end=\"277\">Auditeur d&#039;accessibilit\u00e9<\/strong> L&#039;extension Chrome est con\u00e7ue pour aider les utilisateurs \u00e0 identifier les probl\u00e8mes d&#039;accessibilit\u00e9 courants sur les pages web qu&#039;ils consultent. Elle fonctionne enti\u00e8rement sur l&#039;ordinateur de l&#039;utilisateur et ne collecte, ne stocke ni ne transmet aucune donn\u00e9e personnelle ni de navigation.<\/p>\n<hr class=\"\" data-start=\"517\" data-end=\"520\" \/>\n<h3 class=\"\" data-start=\"522\" data-end=\"555\">2. <strong data-start=\"529\" data-end=\"553\">Quelles donn\u00e9es collectons-nous ?<\/strong><\/h3>\n<p class=\"\" data-start=\"556\" data-end=\"599\">Nous <strong data-start=\"559\" data-end=\"577\">ne pas collecter<\/strong> l&#039;un des \u00e9l\u00e9ments suivants :<\/p>\n<ul data-start=\"601\" data-end=\"736\">\n<li class=\"\" data-start=\"601\" data-end=\"625\">\n<p class=\"\" data-start=\"603\" data-end=\"625\">Informations personnelles<\/p>\n<\/li>\n<li class=\"\" data-start=\"626\" data-end=\"646\">\n<p class=\"\" data-start=\"628\" data-end=\"646\">Historique de navigation<\/p>\n<\/li>\n<li class=\"\" data-start=\"647\" data-end=\"677\">\n<p class=\"\" data-start=\"649\" data-end=\"677\">Saisies de formulaires ou informations d&#039;identification<\/p>\n<\/li>\n<li class=\"\" data-start=\"678\" data-end=\"699\">\n<p class=\"\" data-start=\"680\" data-end=\"699\">Interactions des utilisateurs<\/p>\n<\/li>\n<li class=\"\" data-start=\"700\" data-end=\"736\">\n<p class=\"\" data-start=\"702\" data-end=\"736\">Analyses de pages ou statistiques d&#039;utilisation<\/p>\n<\/li>\n<\/ul>\n<p class=\"\" data-start=\"738\" data-end=\"844\">Toutes les fonctionnalit\u00e9s s&#039;ex\u00e9cutent localement dans votre navigateur. Aucune information n&#039;est envoy\u00e9e \u00e0 un serveur ou \u00e0 une base de donn\u00e9es externe.<\/p>\n<hr class=\"\" data-start=\"846\" data-end=\"849\" \/>\n<h3 class=\"\" data-start=\"851\" data-end=\"887\">3. <strong data-start=\"858\" data-end=\"885\">Explication des autorisations<\/strong><\/h3>\n<p class=\"\" data-start=\"888\" data-end=\"937\">L&#039;extension demande les autorisations suivantes\u00a0:<\/p>\n<ul data-start=\"939\" data-end=\"1216\">\n<li class=\"\" data-start=\"939\" data-end=\"1036\">\n<p class=\"\" data-start=\"941\" data-end=\"1036\"><strong data-start=\"941\" data-end=\"956\"><code data-start=\"943\" data-end=\"954\">onglet actif<\/code><\/strong>: Pour analyser uniquement l&#039;onglet que vous consultez activement lorsque vous lancez un audit manuel.<\/p>\n<\/li>\n<li class=\"\" data-start=\"1037\" data-end=\"1108\">\n<p class=\"\" data-start=\"1039\" data-end=\"1108\"><strong data-start=\"1039\" data-end=\"1054\"><code data-start=\"1041\" data-end=\"1052\">scripts<\/code><\/strong>: Pour ex\u00e9cuter la logique d&#039;audit dans le contexte de la page Web.<\/p>\n<\/li>\n<li class=\"\" data-start=\"1109\" data-end=\"1216\">\n<p class=\"\" data-start=\"1111\" data-end=\"1216\"><strong data-start=\"1111\" data-end=\"1126\"><code data-start=\"1113\" data-end=\"1124\">t\u00e9l\u00e9chargements<\/code><\/strong>: Pour vous permettre d&#039;exporter les r\u00e9sultats de l&#039;audit sous forme de fichier CSV ou TXT directement sur votre ordinateur.<\/p>\n<\/li>\n<\/ul>\n<p class=\"\" data-start=\"1218\" data-end=\"1341\">Ces autorisations sont utilis\u00e9es uniquement pour activer la fonctionnalit\u00e9 de l&#039;extension et ne sont jamais utilis\u00e9es pour suivre ou collecter des donn\u00e9es utilisateur.<\/p>\n<hr class=\"\" data-start=\"1343\" data-end=\"1346\" \/>\n<h3 class=\"\" data-start=\"1348\" data-end=\"1381\">4. <strong data-start=\"1355\" data-end=\"1379\">Services tiers<\/strong><\/h3>\n<p class=\"\" data-start=\"1382\" data-end=\"1492\">Cette extension fait <strong data-start=\"1402\" data-end=\"1409\">pas<\/strong> utiliser des scripts, des services, des outils d\u2019analyse ou des cadres publicitaires tiers.<\/p>\n<hr class=\"\" data-start=\"1494\" data-end=\"1497\" \/>\n<h3 class=\"\" data-start=\"1499\" data-end=\"1535\">5. <strong data-start=\"1506\" data-end=\"1533\">Stockage local et cookies<\/strong><\/h3>\n<p class=\"\" data-start=\"1536\" data-end=\"1604\">L&#039;extension fait <strong data-start=\"1555\" data-end=\"1562\">pas<\/strong> utiliser des cookies ou un stockage local de toute sorte.<\/p>\n<hr class=\"\" data-start=\"1606\" data-end=\"1609\" \/>\n<h3 class=\"\" data-start=\"1611\" data-end=\"1638\">6. <strong data-start=\"1618\" data-end=\"1636\">Changements de politique<\/strong><\/h3>\n<p class=\"\" data-start=\"1639\" data-end=\"1789\">Si cette politique de confidentialit\u00e9 est modifi\u00e9e \u00e0 l&#039;avenir, nous mettrons \u00e0 jour cette page et modifierons la date ci-dessus. Nous vous encourageons \u00e0 consulter r\u00e9guli\u00e8rement cette politique.<\/p>\n<hr class=\"\" data-start=\"1791\" data-end=\"1794\" \/>\n<h3 class=\"\" data-start=\"1796\" data-end=\"1816\">7. <strong data-start=\"1803\" data-end=\"1814\">Contact<\/strong><\/h3>\n<p class=\"\" data-start=\"1817\" data-end=\"1897\">Si vous avez des questions ou des pr\u00e9occupations concernant cette politique de confidentialit\u00e9, veuillez contacter :<\/p>\n<p class=\"\" data-start=\"1899\" data-end=\"1968\"><strong data-start=\"1899\" data-end=\"1915\">Agence Riman<\/strong><br data-start=\"1915\" data-end=\"1918\" \/><a class=\"\" href=\"https:\/\/rimanagency.com\/fr\/\" target=\"_new\" rel=\"noopener\" data-start=\"1918\" data-end=\"1968\">https:\/\/rimanagency.com<\/a><\/p>","protected":false},"excerpt":{"rendered":"<p>1. Overview The Accessibility Auditor Chrome Extension is designed to help users identify common accessibility issues on the web pages they visit. The extension works entirely on the user&#8217;s local machine and does not collect, store, or transmit any personal or browsing data. 2. What Data We Collect We do not collect any of the [&hellip;]<\/p>\n","protected":false},"author":4,"featured_media":0,"parent":0,"menu_order":0,"comment_status":"closed","ping_status":"closed","template":"","meta":{"footnotes":""},"class_list":["post-4200","page","type-page","status-publish","hentry"],"yoast_head":"<!-- This site is optimized with the Yoast SEO plugin v27.3 - https:\/\/yoast.com\/product\/yoast-seo-wordpress\/ -->\n<title>\ud83d\udd10 Privacy Policy for Accessibility Auditor - Riman Agency<\/title>\n<meta name=\"robots\" content=\"index, follow, max-snippet:-1, max-image-preview:large, max-video-preview:-1\" \/>\n<link rel=\"canonical\" href=\"https:\/\/rimanagency.com\/fr\/privacy-policy-for-accessibility-auditor\/\" \/>\n<meta property=\"og:locale\" content=\"fr_CA\" \/>\n<meta property=\"og:type\" content=\"article\" \/>\n<meta property=\"og:title\" content=\"\ud83d\udd10 Privacy Policy for Accessibility Auditor - Riman Agency\" \/>\n<meta property=\"og:description\" content=\"1. Overview The Accessibility Auditor Chrome Extension is designed to help users identify common accessibility issues on the web pages they visit. The extension works entirely on the user&#8217;s local machine and does not collect, store, or transmit any personal or browsing data. 2. What Data We Collect We do not collect any of the [&hellip;]\" \/>\n<meta property=\"og:url\" content=\"https:\/\/rimanagency.com\/fr\/privacy-policy-for-accessibility-auditor\/\" \/>\n<meta property=\"og:site_name\" content=\"Riman Agency\" \/>\n<meta property=\"article:modified_time\" content=\"2025-04-13T12:45:49+00:00\" \/>\n<meta name=\"twitter:card\" content=\"summary_large_image\" \/>\n<meta name=\"twitter:label1\" content=\"Est. reading time\" \/>\n\t<meta name=\"twitter:data1\" content=\"2 minutes\" \/>\n<script type=\"application\/ld+json\" class=\"yoast-schema-graph\">{\"@context\":\"https:\\\/\\\/schema.org\",\"@graph\":[{\"@type\":\"WebPage\",\"@id\":\"https:\\\/\\\/rimanagency.com\\\/privacy-policy-for-accessibility-auditor\\\/\",\"url\":\"https:\\\/\\\/rimanagency.com\\\/privacy-policy-for-accessibility-auditor\\\/\",\"name\":\"\ud83d\udd10 Privacy Policy for Accessibility Auditor - Riman Agency\",\"isPartOf\":{\"@id\":\"https:\\\/\\\/rimanagency.com\\\/#website\"},\"datePublished\":\"2025-04-13T12:45:22+00:00\",\"dateModified\":\"2025-04-13T12:45:49+00:00\",\"breadcrumb\":{\"@id\":\"https:\\\/\\\/rimanagency.com\\\/privacy-policy-for-accessibility-auditor\\\/#breadcrumb\"},\"inLanguage\":\"fr-CA\",\"potentialAction\":[{\"@type\":\"ReadAction\",\"target\":[\"https:\\\/\\\/rimanagency.com\\\/privacy-policy-for-accessibility-auditor\\\/\"]}]},{\"@type\":\"BreadcrumbList\",\"@id\":\"https:\\\/\\\/rimanagency.com\\\/privacy-policy-for-accessibility-auditor\\\/#breadcrumb\",\"itemListElement\":[{\"@type\":\"ListItem\",\"position\":1,\"name\":\"Home\",\"item\":\"https:\\\/\\\/rimanagency.com\\\/home\\\/\"},{\"@type\":\"ListItem\",\"position\":2,\"name\":\"\ud83d\udd10 Privacy Policy for Accessibility Auditor\"}]},{\"@type\":\"WebSite\",\"@id\":\"https:\\\/\\\/rimanagency.com\\\/#website\",\"url\":\"https:\\\/\\\/rimanagency.com\\\/\",\"name\":\"Riman Agency\",\"description\":\"A Full Service Digital Marketing Agency\",\"publisher\":{\"@id\":\"https:\\\/\\\/rimanagency.com\\\/#organization\"},\"potentialAction\":[{\"@type\":\"SearchAction\",\"target\":{\"@type\":\"EntryPoint\",\"urlTemplate\":\"https:\\\/\\\/rimanagency.com\\\/?s={search_term_string}\"},\"query-input\":{\"@type\":\"PropertyValueSpecification\",\"valueRequired\":true,\"valueName\":\"search_term_string\"}}],\"inLanguage\":\"fr-CA\"},{\"@type\":\"Organization\",\"@id\":\"https:\\\/\\\/rimanagency.com\\\/#organization\",\"name\":\"Riman Agency\",\"url\":\"https:\\\/\\\/rimanagency.com\\\/\",\"logo\":{\"@type\":\"ImageObject\",\"inLanguage\":\"fr-CA\",\"@id\":\"https:\\\/\\\/rimanagency.com\\\/#\\\/schema\\\/logo\\\/image\\\/\",\"url\":\"https:\\\/\\\/rimanagency.com\\\/wp-content\\\/uploads\\\/2022\\\/02\\\/RIMANagency-all-logos-1-2.png\",\"contentUrl\":\"https:\\\/\\\/rimanagency.com\\\/wp-content\\\/uploads\\\/2022\\\/02\\\/RIMANagency-all-logos-1-2.png\",\"width\":694,\"height\":211,\"caption\":\"Riman Agency\"},\"image\":{\"@id\":\"https:\\\/\\\/rimanagency.com\\\/#\\\/schema\\\/logo\\\/image\\\/\"}}]}<\/script>\n<!-- \/ Yoast SEO plugin. -->","yoast_head_json":{"title":"\ud83d\udd10 Politique de confidentialit\u00e9 pour l&#039;auditeur d&#039;accessibilit\u00e9 - Agence Riman","robots":{"index":"index","follow":"follow","max-snippet":"max-snippet:-1","max-image-preview":"max-image-preview:large","max-video-preview":"max-video-preview:-1"},"canonical":"https:\/\/rimanagency.com\/fr\/privacy-policy-for-accessibility-auditor\/","og_locale":"fr_CA","og_type":"article","og_title":"\ud83d\udd10 Privacy Policy for Accessibility Auditor - Riman Agency","og_description":"1. Overview The Accessibility Auditor Chrome Extension is designed to help users identify common accessibility issues on the web pages they visit. The extension works entirely on the user&#8217;s local machine and does not collect, store, or transmit any personal or browsing data. 2. What Data We Collect We do not collect any of the [&hellip;]","og_url":"https:\/\/rimanagency.com\/fr\/privacy-policy-for-accessibility-auditor\/","og_site_name":"Riman Agency","article_modified_time":"2025-04-13T12:45:49+00:00","twitter_card":"summary_large_image","twitter_misc":{"Est. reading time":"2 minutes"},"schema":{"@context":"https:\/\/schema.org","@graph":[{"@type":"WebPage","@id":"https:\/\/rimanagency.com\/privacy-policy-for-accessibility-auditor\/","url":"https:\/\/rimanagency.com\/privacy-policy-for-accessibility-auditor\/","name":"\ud83d\udd10 Politique de confidentialit\u00e9 pour l&#039;auditeur d&#039;accessibilit\u00e9 - Agence Riman","isPartOf":{"@id":"https:\/\/rimanagency.com\/#website"},"datePublished":"2025-04-13T12:45:22+00:00","dateModified":"2025-04-13T12:45:49+00:00","breadcrumb":{"@id":"https:\/\/rimanagency.com\/privacy-policy-for-accessibility-auditor\/#breadcrumb"},"inLanguage":"fr-CA","potentialAction":[{"@type":"ReadAction","target":["https:\/\/rimanagency.com\/privacy-policy-for-accessibility-auditor\/"]}]},{"@type":"BreadcrumbList","@id":"https:\/\/rimanagency.com\/privacy-policy-for-accessibility-auditor\/#breadcrumb","itemListElement":[{"@type":"ListItem","position":1,"name":"Home","item":"https:\/\/rimanagency.com\/home\/"},{"@type":"ListItem","position":2,"name":"\ud83d\udd10 Privacy Policy for Accessibility Auditor"}]},{"@type":"WebSite","@id":"https:\/\/rimanagency.com\/#website","url":"https:\/\/rimanagency.com\/","name":"Agence Riman","description":"Une agence de marketing num\u00e9rique \u00e0 service complet","publisher":{"@id":"https:\/\/rimanagency.com\/#organization"},"potentialAction":[{"@type":"SearchAction","target":{"@type":"EntryPoint","urlTemplate":"https:\/\/rimanagency.com\/?s={search_term_string}"},"query-input":{"@type":"PropertyValueSpecification","valueRequired":true,"valueName":"search_term_string"}}],"inLanguage":"fr-CA"},{"@type":"Organization","@id":"https:\/\/rimanagency.com\/#organization","name":"Agence Riman","url":"https:\/\/rimanagency.com\/","logo":{"@type":"ImageObject","inLanguage":"fr-CA","@id":"https:\/\/rimanagency.com\/#\/schema\/logo\/image\/","url":"https:\/\/rimanagency.com\/wp-content\/uploads\/2022\/02\/RIMANagency-all-logos-1-2.png","contentUrl":"https:\/\/rimanagency.com\/wp-content\/uploads\/2022\/02\/RIMANagency-all-logos-1-2.png","width":694,"height":211,"caption":"Riman Agency"},"image":{"@id":"https:\/\/rimanagency.com\/#\/schema\/logo\/image\/"}}]}},"_links":{"self":[{"href":"https:\/\/rimanagency.com\/fr\/wp-json\/wp\/v2\/pages\/4200","targetHints":{"allow":["GET"]}}],"collection":[{"href":"https:\/\/rimanagency.com\/fr\/wp-json\/wp\/v2\/pages"}],"about":[{"href":"https:\/\/rimanagency.com\/fr\/wp-json\/wp\/v2\/types\/page"}],"author":[{"embeddable":true,"href":"https:\/\/rimanagency.com\/fr\/wp-json\/wp\/v2\/users\/4"}],"replies":[{"embeddable":true,"href":"https:\/\/rimanagency.com\/fr\/wp-json\/wp\/v2\/comments?post=4200"}],"version-history":[{"count":0,"href":"https:\/\/rimanagency.com\/fr\/wp-json\/wp\/v2\/pages\/4200\/revisions"}],"wp:attachment":[{"href":"https:\/\/rimanagency.com\/fr\/wp-json\/wp\/v2\/media?parent=4200"}],"curies":[{"name":"wp","href":"https:\/\/api.w.org\/{rel}","templated":true}]}}