{"id":4122,"date":"2025-03-02T17:35:55","date_gmt":"2025-03-02T17:35:55","guid":{"rendered":"https:\/\/rimanagency.com\/?page_id=4122"},"modified":"2025-03-02T17:35:55","modified_gmt":"2025-03-02T17:35:55","slug":"privacy-policy-for-tech-detector-pro","status":"publish","type":"page","link":"https:\/\/rimanagency.com\/fr\/privacy-policy-for-tech-detector-pro\/","title":{"rendered":"Politique de confidentialit\u00e9 de Tech Detector Pro"},"content":{"rendered":"<h3 data-start=\"0\" data-end=\"46\"><strong data-start=\"4\" data-end=\"44\">Politique de confidentialit\u00e9 de Tech Detector Pro<\/strong><\/h3>\n<p data-start=\"85\" data-end=\"228\"><strong data-start=\"85\" data-end=\"106\">D\u00e9tecteur de technologie Pro<\/strong> s&#039;engage \u00e0 prot\u00e9ger votre vie priv\u00e9e. Cette extension ne collecte, ne stocke et ne partage aucune donn\u00e9e personnelle des utilisateurs.<\/p>\n<h3 data-start=\"230\" data-end=\"262\"><strong data-start=\"234\" data-end=\"260\">Informations que nous collectons<\/strong><\/h3>\n<p data-start=\"263\" data-end=\"405\">\u2705 <strong data-start=\"265\" data-end=\"295\">Aucune donn\u00e9e personnelle collect\u00e9e<\/strong> \u2013 Tech Detector Pro ne suit, n\u2019enregistre ni ne stocke aucune information utilisateur, historique de navigation ou donn\u00e9es personnelles.<\/p>\n<p data-start=\"407\" data-end=\"591\">\u2705 <strong data-start=\"409\" data-end=\"434\">Traitement local uniquement<\/strong> \u2013 Toutes les analyses de sites web (par exemple, d\u00e9tection de CMS, pixels espions, frameworks) sont effectu\u00e9es localement sur votre appareil. Aucune donn\u00e9e n&#039;est transmise \u00e0 des serveurs externes.<\/p>\n<h3 data-start=\"593\" data-end=\"622\"><strong data-start=\"597\" data-end=\"620\">Autorisations et utilisation<\/strong><\/h3>\n<ul data-start=\"623\" data-end=\"837\">\n<li data-start=\"623\" data-end=\"776\">L&#039;extension utilise uniquement le <strong data-start=\"653\" data-end=\"668\"><code data-start=\"655\" data-end=\"666\">onglet actif<\/code><\/strong> et <strong data-start=\"673\" data-end=\"688\"><code data-start=\"675\" data-end=\"686\">scripts<\/code><\/strong> autorisations pour analyser la page Web actuellement active <strong data-start=\"741\" data-end=\"773\">lorsque vous cliquez sur l&#039;extension<\/strong>.<\/li>\n<li data-start=\"777\" data-end=\"837\">Aucun suivi en arri\u00e8re-plan ni acc\u00e8s persistant aux sites Web.<\/li>\n<\/ul>\n<h3 data-start=\"839\" data-end=\"869\"><strong data-start=\"843\" data-end=\"867\">Services tiers<\/strong><\/h3>\n<p data-start=\"870\" data-end=\"958\">Tech Detector Pro ne s&#039;int\u00e8gre pas et ne partage pas de donn\u00e9es avec des services tiers.<\/p>\n<h3 data-start=\"960\" data-end=\"992\"><strong data-start=\"964\" data-end=\"990\">Modifications de cette politique<\/strong><\/h3>\n<p data-start=\"993\" data-end=\"1069\">Toute mise \u00e0 jour de cette politique sera refl\u00e9t\u00e9e dans les futures versions d\u2019extension.<\/p>","protected":false},"excerpt":{"rendered":"<p>Privacy Policy for Tech Detector Pro Tech Detector Pro is committed to protecting your privacy. This extension does not collect, store, or share any personal data from users. Information We Collect \u2705 No Personal Data Collected \u2013 Tech Detector Pro does not track, log, or store any user information, browsing history, or personal data. \u2705 [&hellip;]<\/p>\n","protected":false},"author":4,"featured_media":0,"parent":0,"menu_order":0,"comment_status":"closed","ping_status":"closed","template":"","meta":{"footnotes":""},"class_list":["post-4122","page","type-page","status-publish","hentry"],"yoast_head":"<!-- This site is optimized with the Yoast SEO plugin v27.3 - https:\/\/yoast.com\/product\/yoast-seo-wordpress\/ -->\n<title>Privacy Policy for Tech Detector Pro - Riman Agency<\/title>\n<meta name=\"robots\" content=\"index, follow, max-snippet:-1, max-image-preview:large, max-video-preview:-1\" \/>\n<link rel=\"canonical\" href=\"https:\/\/rimanagency.com\/fr\/privacy-policy-for-tech-detector-pro\/\" \/>\n<meta property=\"og:locale\" content=\"fr_CA\" \/>\n<meta property=\"og:type\" content=\"article\" \/>\n<meta property=\"og:title\" content=\"Privacy Policy for Tech Detector Pro - Riman Agency\" \/>\n<meta property=\"og:description\" content=\"Privacy Policy for Tech Detector Pro Tech Detector Pro is committed to protecting your privacy. This extension does not collect, store, or share any personal data from users. Information We Collect \u2705 No Personal Data Collected \u2013 Tech Detector Pro does not track, log, or store any user information, browsing history, or personal data. \u2705 [&hellip;]\" \/>\n<meta property=\"og:url\" content=\"https:\/\/rimanagency.com\/fr\/privacy-policy-for-tech-detector-pro\/\" \/>\n<meta property=\"og:site_name\" content=\"Riman Agency\" \/>\n<meta name=\"twitter:card\" content=\"summary_large_image\" \/>\n<meta name=\"twitter:label1\" content=\"Est. reading time\" \/>\n\t<meta name=\"twitter:data1\" content=\"1 minute\" \/>\n<script type=\"application\/ld+json\" class=\"yoast-schema-graph\">{\"@context\":\"https:\\\/\\\/schema.org\",\"@graph\":[{\"@type\":\"WebPage\",\"@id\":\"https:\\\/\\\/rimanagency.com\\\/privacy-policy-for-tech-detector-pro\\\/\",\"url\":\"https:\\\/\\\/rimanagency.com\\\/privacy-policy-for-tech-detector-pro\\\/\",\"name\":\"Privacy Policy for Tech Detector Pro - Riman Agency\",\"isPartOf\":{\"@id\":\"https:\\\/\\\/rimanagency.com\\\/#website\"},\"datePublished\":\"2025-03-02T17:35:55+00:00\",\"breadcrumb\":{\"@id\":\"https:\\\/\\\/rimanagency.com\\\/privacy-policy-for-tech-detector-pro\\\/#breadcrumb\"},\"inLanguage\":\"fr-CA\",\"potentialAction\":[{\"@type\":\"ReadAction\",\"target\":[\"https:\\\/\\\/rimanagency.com\\\/privacy-policy-for-tech-detector-pro\\\/\"]}]},{\"@type\":\"BreadcrumbList\",\"@id\":\"https:\\\/\\\/rimanagency.com\\\/privacy-policy-for-tech-detector-pro\\\/#breadcrumb\",\"itemListElement\":[{\"@type\":\"ListItem\",\"position\":1,\"name\":\"Home\",\"item\":\"https:\\\/\\\/rimanagency.com\\\/home\\\/\"},{\"@type\":\"ListItem\",\"position\":2,\"name\":\"Privacy Policy for Tech Detector Pro\"}]},{\"@type\":\"WebSite\",\"@id\":\"https:\\\/\\\/rimanagency.com\\\/#website\",\"url\":\"https:\\\/\\\/rimanagency.com\\\/\",\"name\":\"Riman Agency\",\"description\":\"A Full Service Digital Marketing Agency\",\"publisher\":{\"@id\":\"https:\\\/\\\/rimanagency.com\\\/#organization\"},\"potentialAction\":[{\"@type\":\"SearchAction\",\"target\":{\"@type\":\"EntryPoint\",\"urlTemplate\":\"https:\\\/\\\/rimanagency.com\\\/?s={search_term_string}\"},\"query-input\":{\"@type\":\"PropertyValueSpecification\",\"valueRequired\":true,\"valueName\":\"search_term_string\"}}],\"inLanguage\":\"fr-CA\"},{\"@type\":\"Organization\",\"@id\":\"https:\\\/\\\/rimanagency.com\\\/#organization\",\"name\":\"Riman Agency\",\"url\":\"https:\\\/\\\/rimanagency.com\\\/\",\"logo\":{\"@type\":\"ImageObject\",\"inLanguage\":\"fr-CA\",\"@id\":\"https:\\\/\\\/rimanagency.com\\\/#\\\/schema\\\/logo\\\/image\\\/\",\"url\":\"https:\\\/\\\/rimanagency.com\\\/wp-content\\\/uploads\\\/2022\\\/02\\\/RIMANagency-all-logos-1-2.png\",\"contentUrl\":\"https:\\\/\\\/rimanagency.com\\\/wp-content\\\/uploads\\\/2022\\\/02\\\/RIMANagency-all-logos-1-2.png\",\"width\":694,\"height\":211,\"caption\":\"Riman Agency\"},\"image\":{\"@id\":\"https:\\\/\\\/rimanagency.com\\\/#\\\/schema\\\/logo\\\/image\\\/\"}}]}<\/script>\n<!-- \/ Yoast SEO plugin. -->","yoast_head_json":{"title":"Politique de confidentialit\u00e9 de Tech Detector Pro - Agence Riman","robots":{"index":"index","follow":"follow","max-snippet":"max-snippet:-1","max-image-preview":"max-image-preview:large","max-video-preview":"max-video-preview:-1"},"canonical":"https:\/\/rimanagency.com\/fr\/privacy-policy-for-tech-detector-pro\/","og_locale":"fr_CA","og_type":"article","og_title":"Privacy Policy for Tech Detector Pro - Riman Agency","og_description":"Privacy Policy for Tech Detector Pro Tech Detector Pro is committed to protecting your privacy. This extension does not collect, store, or share any personal data from users. Information We Collect \u2705 No Personal Data Collected \u2013 Tech Detector Pro does not track, log, or store any user information, browsing history, or personal data. \u2705 [&hellip;]","og_url":"https:\/\/rimanagency.com\/fr\/privacy-policy-for-tech-detector-pro\/","og_site_name":"Riman Agency","twitter_card":"summary_large_image","twitter_misc":{"Est. reading time":"1 minute"},"schema":{"@context":"https:\/\/schema.org","@graph":[{"@type":"WebPage","@id":"https:\/\/rimanagency.com\/privacy-policy-for-tech-detector-pro\/","url":"https:\/\/rimanagency.com\/privacy-policy-for-tech-detector-pro\/","name":"Politique de confidentialit\u00e9 de Tech Detector Pro - Agence Riman","isPartOf":{"@id":"https:\/\/rimanagency.com\/#website"},"datePublished":"2025-03-02T17:35:55+00:00","breadcrumb":{"@id":"https:\/\/rimanagency.com\/privacy-policy-for-tech-detector-pro\/#breadcrumb"},"inLanguage":"fr-CA","potentialAction":[{"@type":"ReadAction","target":["https:\/\/rimanagency.com\/privacy-policy-for-tech-detector-pro\/"]}]},{"@type":"BreadcrumbList","@id":"https:\/\/rimanagency.com\/privacy-policy-for-tech-detector-pro\/#breadcrumb","itemListElement":[{"@type":"ListItem","position":1,"name":"Home","item":"https:\/\/rimanagency.com\/home\/"},{"@type":"ListItem","position":2,"name":"Privacy Policy for Tech Detector Pro"}]},{"@type":"WebSite","@id":"https:\/\/rimanagency.com\/#website","url":"https:\/\/rimanagency.com\/","name":"Agence Riman","description":"Une agence de marketing num\u00e9rique \u00e0 service complet","publisher":{"@id":"https:\/\/rimanagency.com\/#organization"},"potentialAction":[{"@type":"SearchAction","target":{"@type":"EntryPoint","urlTemplate":"https:\/\/rimanagency.com\/?s={search_term_string}"},"query-input":{"@type":"PropertyValueSpecification","valueRequired":true,"valueName":"search_term_string"}}],"inLanguage":"fr-CA"},{"@type":"Organization","@id":"https:\/\/rimanagency.com\/#organization","name":"Agence Riman","url":"https:\/\/rimanagency.com\/","logo":{"@type":"ImageObject","inLanguage":"fr-CA","@id":"https:\/\/rimanagency.com\/#\/schema\/logo\/image\/","url":"https:\/\/rimanagency.com\/wp-content\/uploads\/2022\/02\/RIMANagency-all-logos-1-2.png","contentUrl":"https:\/\/rimanagency.com\/wp-content\/uploads\/2022\/02\/RIMANagency-all-logos-1-2.png","width":694,"height":211,"caption":"Riman Agency"},"image":{"@id":"https:\/\/rimanagency.com\/#\/schema\/logo\/image\/"}}]}},"_links":{"self":[{"href":"https:\/\/rimanagency.com\/fr\/wp-json\/wp\/v2\/pages\/4122","targetHints":{"allow":["GET"]}}],"collection":[{"href":"https:\/\/rimanagency.com\/fr\/wp-json\/wp\/v2\/pages"}],"about":[{"href":"https:\/\/rimanagency.com\/fr\/wp-json\/wp\/v2\/types\/page"}],"author":[{"embeddable":true,"href":"https:\/\/rimanagency.com\/fr\/wp-json\/wp\/v2\/users\/4"}],"replies":[{"embeddable":true,"href":"https:\/\/rimanagency.com\/fr\/wp-json\/wp\/v2\/comments?post=4122"}],"version-history":[{"count":0,"href":"https:\/\/rimanagency.com\/fr\/wp-json\/wp\/v2\/pages\/4122\/revisions"}],"wp:attachment":[{"href":"https:\/\/rimanagency.com\/fr\/wp-json\/wp\/v2\/media?parent=4122"}],"curies":[{"name":"wp","href":"https:\/\/api.w.org\/{rel}","templated":true}]}}