{"id":4002,"date":"2024-09-08T15:44:34","date_gmt":"2024-09-08T15:44:34","guid":{"rendered":"https:\/\/rimanagency.com\/?page_id=4002"},"modified":"2024-09-08T15:44:34","modified_gmt":"2024-09-08T15:44:34","slug":"ai-powered-virtual-try-ons","status":"publish","type":"page","link":"https:\/\/rimanagency.com\/fr\/ai-powered-virtual-try-ons\/","title":{"rendered":"Essais virtuels aliment\u00e9s par l&#039;IA"},"content":{"rendered":"<div  class='flex_column av-av_two_third-2d22dc0500e159f2b39fe7a147caf14c av_two_third  avia-builder-el-0  el_before_av_one_third  avia-builder-el-first  first flex_column_div'     ><section  class='av_textblock_section av-m0tqvkuf-77b1c3be3048d6bc440cfbed100ebfce'   itemscope=\"itemscope\" itemtype=\"https:\/\/schema.org\/CreativeWork\" ><div class='avia_textblock'  itemprop=\"text\" ><div class=\"flex-shrink-0 flex flex-col relative items-end\">\n<div>\n<div class=\"pt-0\">\n<div class=\"gizmo-bot-avatar flex h-8 w-8 items-center justify-center overflow-hidden rounded-full\">\n<div class=\"relative p-1 rounded-sm flex items-center justify-center bg-token-main-surface-primary text-token-text-primary h-8 w-8\">\n<h3>Essayages virtuels optimis\u00e9s par l&#039;IA\u00a0: transformer le shopping en ligne gr\u00e2ce aux cabines d&#039;essayage virtuelles<\/h3>\n<p>\u00c0 l\u2019\u00e8re du shopping num\u00e9rique, l\u2019un des plus grands d\u00e9fis pour les d\u00e9taillants en ligne est de reproduire l\u2019exp\u00e9rience en magasin consistant \u00e0 essayer les produits avant l\u2019achat. <strong>Essais virtuels aliment\u00e9s par l&#039;IA<\/strong> R\u00e9soudre ce probl\u00e8me en permettant aux utilisateurs d&#039;essayer virtuellement des produits tels que des v\u00eatements, des lunettes et des accessoires, depuis chez eux. Gr\u00e2ce \u00e0 des technologies avanc\u00e9es comme la r\u00e9alit\u00e9 augment\u00e9e (RA) et l&#039;intelligence artificielle (IA), des plateformes comme <strong>G\u00e2teau au visage<\/strong> r\u00e9volutionnent la fa\u00e7on dont les consommateurs interagissent avec les produits en ligne, am\u00e9liorant \u00e0 la fois l&#039;exp\u00e9rience d&#039;achat et augmentant les taux de conversion.<\/p>\n<h4>Que sont les essayages virtuels aliment\u00e9s par l\u2019IA\u00a0?<\/h4>\n<p>Utilisation des essayages virtuels aliment\u00e9s par l&#039;IA <strong>intelligence artificielle<\/strong> et <strong>r\u00e9alit\u00e9 augment\u00e9e<\/strong> simuler l&#039;apparence r\u00e9elle des produits sur un client. Gr\u00e2ce \u00e0 une webcam, \u00e0 l&#039;appareil photo de son smartphone ou \u00e0 des photos pr\u00e9-charg\u00e9es, les utilisateurs peuvent se visualiser portant des v\u00eatements, des lunettes ou du maquillage, ce qui leur permet de prendre des d\u00e9cisions d&#039;achat plus \u00e9clair\u00e9es. En combinant la reconnaissance faciale, la cartographie corporelle et la r\u00e9alit\u00e9 augment\u00e9e, les essais virtuels offrent une exp\u00e9rience d&#039;achat hautement interactive et personnalis\u00e9e.<\/p>\n<p>Par exemple, un acheteur qui recherche des lunettes de soleil en ligne peut utiliser une fonction d&#039;essai virtuel pour voir comment diff\u00e9rentes montures s&#039;adapteraient et se pr\u00e9senteraient sur son visage en temps r\u00e9el, imitant ainsi l&#039;exp\u00e9rience de les essayer dans un magasin.<\/p>\n<h4>Comment les essayages virtuels aliment\u00e9s par l&#039;IA am\u00e9liorent l&#039;exp\u00e9rience d&#039;achat<\/h4>\n<ol>\n<li><strong>Visualisation r\u00e9aliste du produit<\/strong>\n<ul>\n<li>Les essayages virtuels permettent aux acheteurs de se faire une id\u00e9e r\u00e9aliste de l&#039;apparence et de la coupe d&#039;un article sur leur corps ou leur visage. Ceci est particuli\u00e8rement utile pour des produits comme les v\u00eatements, les lunettes et le maquillage, o\u00f9 l&#039;apparence et la coupe sont des facteurs d\u00e9terminants dans la d\u00e9cision d&#039;achat.<\/li>\n<\/ul>\n<\/li>\n<li><strong>Exp\u00e9rience d&#039;achat personnalis\u00e9e<\/strong>\n<ul>\n<li>Gr\u00e2ce \u00e0 l&#039;IA, les essayages virtuels s&#039;adaptent aux caract\u00e9ristiques uniques de chaque utilisateur, comme sa morphologie, son teint ou ses mensurations, pour offrir une vue personnalis\u00e9e du produit. Ce niveau de personnalisation contribue \u00e0 cr\u00e9er une exp\u00e9rience d&#039;achat plus engageante et satisfaisante.<\/li>\n<\/ul>\n<\/li>\n<li><strong>Essayez avant d&#039;acheter<\/strong>\n<ul>\n<li>Les essayages virtuels r\u00e9duisent l&#039;incertitude li\u00e9e aux achats en ligne en permettant aux clients d&#039;essayer avant d&#039;acheter. Cela r\u00e9duit le risque de retours, car les clients peuvent prendre des d\u00e9cisions d&#039;achat plus sereines en sachant \u00e0 quoi ressemblera le produit sur eux.<\/li>\n<\/ul>\n<\/li>\n<\/ol>\n<h4>Principaux avantages des essais virtuels aliment\u00e9s par l&#039;IA<\/h4>\n<ol>\n<li><strong>Augmentation des taux de conversion<\/strong>\n<ul>\n<li>En proposant une exp\u00e9rience d&#039;essai virtuel, les entreprises peuvent renforcer la confiance des clients et, par cons\u00e9quent, am\u00e9liorer leurs taux de conversion. Lorsque les acheteurs peuvent visualiser un produit sur eux-m\u00eames et \u00eatre certains de leur achat, ils sont plus susceptibles de finaliser la transaction.<\/li>\n<\/ul>\n<\/li>\n<li><strong>Taux de retour r\u00e9duits<\/strong>\n<ul>\n<li>L&#039;une des principales raisons des retours en ligne est que le produit ne correspond pas \u00e0 la taille ou \u00e0 l&#039;apparence attendue. Les essayages virtuels bas\u00e9s sur l&#039;IA r\u00e9duisent consid\u00e9rablement les risques de telles divergences en offrant aux utilisateurs une vision plus pr\u00e9cise de la fa\u00e7on dont un produit leur conviendra avant de l&#039;acheter.<\/li>\n<\/ul>\n<\/li>\n<li><strong>Am\u00e9lioration de l&#039;engagement client<\/strong>\n<ul>\n<li>Les essayages virtuels offrent une exp\u00e9rience d&#039;achat ludique et interactive qui fid\u00e9lise les clients sur un site web ou une application plus longtemps. Cela augmente non seulement les chances de conclure une vente, mais aussi la fid\u00e9lit\u00e9 \u00e0 la marque et les visites r\u00e9p\u00e9t\u00e9es.<\/li>\n<\/ul>\n<\/li>\n<li><strong>\u00c9largit la port\u00e9e des marques exclusivement en ligne<\/strong>\n<ul>\n<li>Pour les marques exclusivement en ligne, les essayages virtuels permettent d&#039;offrir aux clients la m\u00eame exp\u00e9rience de \u00ab cabine d&#039;essayage \u00bb qu&#039;en magasin. Cela permet de combler le foss\u00e9 entre le commerce physique et le commerce en ligne, facilitant ainsi l&#039;attraction et la fid\u00e9lisation des clients.<\/li>\n<\/ul>\n<\/li>\n<li><strong>Personnalisation am\u00e9lior\u00e9e<\/strong>\n<ul>\n<li>Les algorithmes d&#039;IA utilis\u00e9s lors des essayages virtuels peuvent sugg\u00e9rer des produits parfaitement adapt\u00e9s aux caract\u00e9ristiques de l&#039;acheteur. Par exemple, une plateforme d&#039;essayage virtuel peut recommander des styles de lunettes de soleil sp\u00e9cifiques en fonction de la forme du visage de l&#039;utilisateur, ou des couleurs qui s&#039;harmonisent avec sa carnation.<\/li>\n<\/ul>\n<\/li>\n<\/ol>\n<h4>Comment FaceCake met en \u0153uvre des essais virtuels bas\u00e9s sur l&#039;IA<\/h4>\n<p><strong>G\u00e2teau au visage<\/strong> FaceCake est un leader de la technologie d&#039;essayage virtuel bas\u00e9e sur l&#039;IA, offrant aux d\u00e9taillants et aux marques une plateforme pour int\u00e9grer des cabines d&#039;essayage virtuelles \u00e0 leurs boutiques en ligne. La plateforme de FaceCake utilise <strong>RA<\/strong> et <strong>IA<\/strong> pour offrir des exp\u00e9riences d&#039;essai hautement pr\u00e9cises et personnalis\u00e9es pour une vari\u00e9t\u00e9 de produits, notamment des articles de mode, des produits de beaut\u00e9 et des lunettes.<\/p>\n<ul>\n<li><strong>Essais de r\u00e9alit\u00e9 augment\u00e9e en temps r\u00e9el<\/strong>FaceCake permet aux utilisateurs de visualiser les produits en temps r\u00e9el gr\u00e2ce \u00e0 l&#039;appareil photo de leur appareil. Qu&#039;il s&#039;agisse de maquillage, de v\u00eatements ou d&#039;accessoires, ils peuvent visualiser instantan\u00e9ment le rendu de l&#039;article, offrant ainsi une exp\u00e9rience hautement immersive.<\/li>\n<li><strong>Coupe et style personnalis\u00e9s<\/strong>L&#039;IA de FaceCake analyse les traits du visage et les mensurations des utilisateurs pour fournir des recommandations personnalis\u00e9es. La plateforme sugg\u00e8re \u00e9galement des styles et des couleurs en fonction des pr\u00e9f\u00e9rences et de l&#039;apparence de chacun, offrant ainsi une exp\u00e9rience d&#039;achat personnalis\u00e9e.<\/li>\n<li><strong>Int\u00e9gration transparente<\/strong>Les d\u00e9taillants peuvent facilement int\u00e9grer la technologie d&#039;essayage virtuel de FaceCake \u00e0 leurs sites e-commerce et applications mobiles. Cela permet aux entreprises de proposer des essais virtuels sans n\u00e9cessiter de mat\u00e9riel complexe ni de d\u00e9veloppement important.<\/li>\n<\/ul>\n<h4>Bonnes pratiques pour la mise en \u0153uvre d&#039;essais virtuels aliment\u00e9s par l&#039;IA<\/h4>\n<ol>\n<li><strong>Assurez des visuels r\u00e9alistes<\/strong>\n<ul>\n<li>Pour que les essayages virtuels soient efficaces, les visuels doivent \u00eatre aussi r\u00e9alistes que possible. Investissez dans une mod\u00e9lisation 3D de haute qualit\u00e9 et des algorithmes d&#039;IA qui reproduisent fid\u00e8lement l&#039;apparence, la couleur et la coupe du produit sur diff\u00e9rents utilisateurs.<\/li>\n<\/ul>\n<\/li>\n<li><strong>Int\u00e9gration sur tous les appareils<\/strong>\n<ul>\n<li>Assurez-vous que votre fonctionnalit\u00e9 d&#039;essayage virtuel soit accessible sur ordinateur et mobile. De nombreux utilisateurs pr\u00e9f\u00e8rent utiliser l&#039;appareil photo de leur smartphone pour les essayages\u00a0; il est donc essentiel d&#039;optimiser l&#039;exp\u00e9rience pour mobile.<\/li>\n<\/ul>\n<\/li>\n<li><strong>Fournir une taille et un ajustement pr\u00e9cis<\/strong>\n<ul>\n<li>Assurez-vous que le syst\u00e8me d&#039;essayage virtuel prenne en compte les tailles et les ajustements adapt\u00e9s aux diff\u00e9rentes morphologies, tailles et traits du visage. Cela am\u00e9liore non seulement l&#039;exp\u00e9rience utilisateur, mais contribue \u00e9galement \u00e0 r\u00e9duire les retours pour cause de taille.<\/li>\n<\/ul>\n<\/li>\n<li><strong>Proposer des recommandations de produits personnalis\u00e9es<\/strong>\n<ul>\n<li>Utilisez les donn\u00e9es recueillies lors de l&#039;essai assist\u00e9 par IA pour proposer des recommandations personnalis\u00e9es. Par exemple, apr\u00e8s avoir essay\u00e9 des lunettes de soleil, le syst\u00e8me peut sugg\u00e9rer des styles ou des couleurs qui s&#039;harmonisent mieux avec les traits du visage ou les pr\u00e9f\u00e9rences personnelles de l&#039;utilisateur.<\/li>\n<\/ul>\n<\/li>\n<li><strong>Promouvoir la fonctionnalit\u00e9<\/strong>\n<ul>\n<li>Encouragez les clients \u00e0 essayer la cabine d&#039;essayage virtuelle en affichant cette option de mani\u00e8re visible sur les pages produits. Mettez en avant les avantages de l&#039;outil d&#039;essayage, notamment en les aidant \u00e0 prendre des d\u00e9cisions d&#039;achat plus sereines.<\/li>\n<\/ul>\n<\/li>\n<li><strong>Suivre les performances et optimiser<\/strong>\n<ul>\n<li>Utilisez des outils d&#039;analyse pour suivre l&#039;interaction des clients avec la fonctionnalit\u00e9 d&#039;essai virtuel. Surveillez les indicateurs cl\u00e9s tels que l&#039;engagement, les taux de conversion et les taux de retour afin d&#039;optimiser l&#039;exp\u00e9rience et de garantir qu&#039;elle contribue \u00e0 l&#039;atteinte des objectifs commerciaux.<\/li>\n<\/ul>\n<\/li>\n<\/ol>\n<h4>Conclusion<\/h4>\n<p>Les essayages virtuels bas\u00e9s sur l&#039;IA transforment la fa\u00e7on dont les consommateurs ach\u00e8tent en ligne en offrant une exp\u00e9rience interactive et personnalis\u00e9e qui reproduit fid\u00e8lement l&#039;exp\u00e9rience d&#039;achat en magasin. Des plateformes comme <strong>G\u00e2teau au visage<\/strong> permettre aux d\u00e9taillants d&#039;int\u00e9grer facilement des cabines d&#039;essayage virtuelles dans leurs sites Web et applications, offrant aux utilisateurs un moyen transparent de visualiser les produits avant d&#039;effectuer un achat.<\/p>\n<p>Pour les entreprises, proposer des essais virtuels peut consid\u00e9rablement augmenter les taux de conversion, r\u00e9duire les taux de retour et am\u00e9liorer l&#039;engagement client. Avec l&#039;\u00e9volution constante des technologies d&#039;IA et de RA, les essais virtuels deviendront un outil de plus en plus important pour les marques e-commerce souhaitant offrir des exp\u00e9riences d&#039;achat personnalis\u00e9es et immersives.<\/p>\n<p>En adoptant les essais virtuels aliment\u00e9s par l\u2019IA, les d\u00e9taillants en ligne peuvent offrir la commodit\u00e9 du commerce \u00e9lectronique avec la confiance des achats en magasin, cr\u00e9ant ainsi un sc\u00e9nario gagnant-gagnant pour les entreprises et les consommateurs.<\/p>\n<\/div>\n<\/div>\n<\/div>\n<\/div>\n<\/div>\n<div class=\"group\/conversation-turn relative flex w-full min-w-0 flex-col agent-turn\">\n<div class=\"flex-col gap-1 md:gap-3\">\n<div class=\"flex max-w-full flex-col flex-grow\">\n<div class=\"min-h-&#091;20px&#093; text-message flex w-full flex-col items-end gap-2 whitespace-normal break-words &#091;.text-message+&amp;&#093;:mt-5\" dir=\"auto\" data-message-author-role=\"assistant\" data-message-id=\"ee05766c-5643-4754-916f-9395bb68bb57\">\n<div class=\"flex w-full flex-col gap-1 empty:hidden first:pt-&#091;3px&#093;\">\n<div class=\"markdown prose w-full break-words dark:prose-invert light\"><\/div>\n<\/div>\n<\/div>\n<\/div>\n<\/div>\n<\/div>\n<\/div><\/section><\/div><div  class='flex_column av-av_one_third-3b0d446bf9e6f7db91541aa567be4cdf av_one_third  avia-builder-el-2  el_after_av_two_third  el_before_av_one_half  flex_column_div'     ><p>\n<style type=\"text\/css\" data-created_by=\"avia_inline_auto\" id=\"style-css-av-av_image-2d00b637879795fccad5dfc1745bcdc7\">\n.avia-image-container.av-av_image-2d00b637879795fccad5dfc1745bcdc7 img.avia_image{\nbox-shadow:none;\n}\n.avia-image-container.av-av_image-2d00b637879795fccad5dfc1745bcdc7 .av-image-caption-overlay-center{\ncolor:#ffffff;\n}\n<\/style>\n<div  class='avia-image-container av-av_image-2d00b637879795fccad5dfc1745bcdc7 av-styling- avia-align-center  avia-builder-el-3  el_before_av_textblock  avia-builder-el-first'   itemprop=\"image\" itemscope=\"itemscope\" itemtype=\"https:\/\/schema.org\/ImageObject\" ><div class=\"avia-image-container-inner\"><div class=\"avia-image-overlay-wrap\"><img decoding=\"async\" fetchpriority=\"high\" class='wp-image-3973 avia-img-lazy-loading-not-3973 avia_image' src=\"https:\/\/rimanagency.com\/wp-content\/uploads\/2024\/09\/10-Tarek-Riman-HeadshotProai.jpg\" alt='' title='#10---Tarek-Riman---HeadshotProai'  height=\"1664\" width=\"2048\"  itemprop=\"thumbnailUrl\" srcset=\"https:\/\/rimanagency.com\/wp-content\/uploads\/2024\/09\/10-Tarek-Riman-HeadshotProai.jpg 2048w, https:\/\/rimanagency.com\/wp-content\/uploads\/2024\/09\/10-Tarek-Riman-HeadshotProai-300x244.jpg 300w, https:\/\/rimanagency.com\/wp-content\/uploads\/2024\/09\/10-Tarek-Riman-HeadshotProai-1030x837.jpg 1030w, https:\/\/rimanagency.com\/wp-content\/uploads\/2024\/09\/10-Tarek-Riman-HeadshotProai-768x624.jpg 768w, https:\/\/rimanagency.com\/wp-content\/uploads\/2024\/09\/10-Tarek-Riman-HeadshotProai-1536x1248.jpg 1536w, https:\/\/rimanagency.com\/wp-content\/uploads\/2024\/09\/10-Tarek-Riman-HeadshotProai-1500x1219.jpg 1500w, https:\/\/rimanagency.com\/wp-content\/uploads\/2024\/09\/10-Tarek-Riman-HeadshotProai-705x573.jpg 705w\" sizes=\"(max-width: 2048px) 100vw, 2048px\" \/><\/div><\/div><\/div><br \/>\n<section  class='av_textblock_section av-av_textblock-564067357eb74c20cdd60b282c9b50bd'   itemscope=\"itemscope\" itemtype=\"https:\/\/schema.org\/CreativeWork\" ><div class='avia_textblock'  itemprop=\"text\" ><p>D\u00e9couvrez nos services d&#039;IA et connectons-nous, je suis heureux d&#039;aider votre entreprise \u00e0 \u00eatre pr\u00eate pour l&#039;IA marketing.<\/p>\n<\/div><\/section><br \/>\n<div  class='avia-buttonrow-wrap av-av_buttonrow-5ef35acdc0e96f0e9eb052d035d5f79c avia-buttonrow-center  avia-builder-el-5  el_after_av_textblock  avia-builder-el-last'>\n\n<style type=\"text\/css\" data-created_by=\"avia_inline_auto\" id=\"style-css-av-av_buttonrow_item-2664a5e343dcd2921d6c546462b3f9ed\">\n#top #wrap_all .avia-button.av-av_buttonrow_item-2664a5e343dcd2921d6c546462b3f9ed{\nmargin-bottom:5px;\nmargin-right:3px;\nmargin-left:3px;\n}\n<\/style>\n<a href='https:\/\/www.linkedin.com\/in\/tarekriman\/'  class='avia-button av-av_buttonrow_item-2664a5e343dcd2921d6c546462b3f9ed avia-icon_select-yes-left-icon avia-size-large avia-color-theme-color'   aria-label=\"Connectez-vous sur LinkedIn\"><span class='avia_button_icon avia_button_icon_left avia-iconfont avia-font-entypo-fontello' data-av_icon='\ue8fc' data-av_iconfont='entypo-fontello' ><\/span><span class='avia_iconbox_title' >Connectez-vous sur LinkedIn<\/span><\/a>\n\n<style type=\"text\/css\" data-created_by=\"avia_inline_auto\" id=\"style-css-av-av_buttonrow_item-6b58222406b71ba82753adb0ffa56f0c\">\n#top #wrap_all .avia-button.av-av_buttonrow_item-6b58222406b71ba82753adb0ffa56f0c{\nmargin-bottom:5px;\nmargin-right:3px;\nmargin-left:3px;\n}\n<\/style>\n<a href='https:\/\/ai.rimanagency.com\/'  class='avia-button av-av_buttonrow_item-6b58222406b71ba82753adb0ffa56f0c avia-icon_select-yes-left-icon avia-size-large avia-color-theme-color'  target=\"_blank\"  rel=\"noopener noreferrer\"  aria-label=\"Services d&#039;IA\"><span class='avia_button_icon avia_button_icon_left avia-iconfont avia-font-entypo-fontello' data-av_icon='\ue8ad' data-av_iconfont='entypo-fontello' ><\/span><span class='avia_iconbox_title' >Services d&#039;IA<\/span><\/a>\n<\/div><\/p><\/div><\/p>\n<div  class='flex_column av-av_one_half-2d22dc0500e159f2b39fe7a147caf14c av_one_half  avia-builder-el-6  el_after_av_one_third  avia-builder-el-last  first flex_column_div  column-top-margin'     ><p><section  class='av_textblock_section av-av_textblock-564067357eb74c20cdd60b282c9b50bd'   itemscope=\"itemscope\" itemtype=\"https:\/\/schema.org\/CreativeWork\" ><div class='avia_textblock'  itemprop=\"text\" ><p><strong>Heureux de vous aider dans vos efforts de marketing et d&#039;IA.<\/strong><\/p>\n<p>Contactez-nous ou connectez-vous ci-dessous.<\/p>\n<p><span style=\"text-decoration: underline;\"><em>t@rimanagency.com<\/em><\/span><\/p>\n<p><a href=\"https:\/\/rimanagency.com\/fr\/ai-audit-tool\/\">D\u00e9couvrez d&#039;autres opportunit\u00e9s en IA sur notre site. D\u00e9couvrez notre outil d&#039;audit marketing IA.<\/a><\/p>\n<\/div><\/section><br \/>\n<div  class='avia-buttonrow-wrap av-av_buttonrow-5ef35acdc0e96f0e9eb052d035d5f79c avia-buttonrow-center  avia-builder-el-8  el_after_av_textblock  avia-builder-el-last'>\n\n<style type=\"text\/css\" data-created_by=\"avia_inline_auto\" id=\"style-css-av-av_buttonrow_item-90b0b21412d028230f0539bcfa68684e\">\n#top #wrap_all .avia-button.av-av_buttonrow_item-90b0b21412d028230f0539bcfa68684e{\nmargin-bottom:5px;\nmargin-right:3px;\nmargin-left:3px;\n}\n<\/style>\n<a href='https:\/\/www.linkedin.com\/in\/tarekriman\/'  class='avia-button av-av_buttonrow_item-90b0b21412d028230f0539bcfa68684e avia-icon_select-yes-left-icon avia-size-large avia-color-theme-color'   aria-label=\"Connectons-nous\"><span class='avia_button_icon avia_button_icon_left avia-iconfont avia-font-entypo-fontello' data-av_icon='\ue812' data-av_iconfont='entypo-fontello' ><\/span><span class='avia_iconbox_title' >Connectons-nous<\/span><\/a>\n\n<style type=\"text\/css\" data-created_by=\"avia_inline_auto\" id=\"style-css-av-av_buttonrow_item-3f77eea6782947104ab965adf9e1878c\">\n#top #wrap_all .avia-button.av-av_buttonrow_item-3f77eea6782947104ab965adf9e1878c{\nmargin-bottom:5px;\nmargin-right:3px;\nmargin-left:3px;\n}\n<\/style>\n<a href='https:\/\/ai.rimanagency.com\/'  class='avia-button av-av_buttonrow_item-3f77eea6782947104ab965adf9e1878c avia-icon_select-yes-left-icon avia-size-large avia-color-theme-color'  target=\"_blank\"  rel=\"noopener noreferrer\"  aria-label=\"En savoir plus sur nos services d&#039;IA\"><span class='avia_button_icon avia_button_icon_left avia-iconfont avia-font-entypo-fontello' data-av_icon='\ue8ad' data-av_iconfont='entypo-fontello' ><\/span><span class='avia_iconbox_title' >En savoir plus sur nos services d&#039;IA<\/span><\/a>\n<\/div><\/p><\/div>","protected":false},"excerpt":{"rendered":"","protected":false},"author":4,"featured_media":0,"parent":0,"menu_order":0,"comment_status":"closed","ping_status":"closed","template":"","meta":{"footnotes":""},"class_list":["post-4002","page","type-page","status-publish","hentry"],"yoast_head":"<!-- This site is optimized with the Yoast SEO plugin v27.3 - https:\/\/yoast.com\/product\/yoast-seo-wordpress\/ -->\n<title>AI-Powered Virtual Try-Ons - Riman Agency<\/title>\n<meta name=\"robots\" content=\"index, follow, max-snippet:-1, max-image-preview:large, max-video-preview:-1\" \/>\n<link rel=\"canonical\" href=\"https:\/\/rimanagency.com\/fr\/ai-powered-virtual-try-ons\/\" \/>\n<meta property=\"og:locale\" content=\"fr_CA\" \/>\n<meta property=\"og:type\" content=\"article\" \/>\n<meta property=\"og:title\" content=\"AI-Powered Virtual Try-Ons - Riman Agency\" \/>\n<meta property=\"og:url\" content=\"https:\/\/rimanagency.com\/fr\/ai-powered-virtual-try-ons\/\" \/>\n<meta property=\"og:site_name\" content=\"Riman Agency\" \/>\n<meta name=\"twitter:card\" content=\"summary_large_image\" \/>\n<meta name=\"twitter:label1\" content=\"Est. reading time\" \/>\n\t<meta name=\"twitter:data1\" content=\"5 minutes\" \/>\n<script type=\"application\/ld+json\" class=\"yoast-schema-graph\">{\"@context\":\"https:\\\/\\\/schema.org\",\"@graph\":[{\"@type\":\"WebPage\",\"@id\":\"https:\\\/\\\/rimanagency.com\\\/ai-powered-virtual-try-ons\\\/\",\"url\":\"https:\\\/\\\/rimanagency.com\\\/ai-powered-virtual-try-ons\\\/\",\"name\":\"AI-Powered Virtual Try-Ons - Riman Agency\",\"isPartOf\":{\"@id\":\"https:\\\/\\\/rimanagency.com\\\/#website\"},\"datePublished\":\"2024-09-08T15:44:34+00:00\",\"breadcrumb\":{\"@id\":\"https:\\\/\\\/rimanagency.com\\\/ai-powered-virtual-try-ons\\\/#breadcrumb\"},\"inLanguage\":\"fr-CA\",\"potentialAction\":[{\"@type\":\"ReadAction\",\"target\":[\"https:\\\/\\\/rimanagency.com\\\/ai-powered-virtual-try-ons\\\/\"]}]},{\"@type\":\"BreadcrumbList\",\"@id\":\"https:\\\/\\\/rimanagency.com\\\/ai-powered-virtual-try-ons\\\/#breadcrumb\",\"itemListElement\":[{\"@type\":\"ListItem\",\"position\":1,\"name\":\"Home\",\"item\":\"https:\\\/\\\/rimanagency.com\\\/home\\\/\"},{\"@type\":\"ListItem\",\"position\":2,\"name\":\"AI-Powered Virtual Try-Ons\"}]},{\"@type\":\"WebSite\",\"@id\":\"https:\\\/\\\/rimanagency.com\\\/#website\",\"url\":\"https:\\\/\\\/rimanagency.com\\\/\",\"name\":\"Riman Agency\",\"description\":\"A Full Service Digital Marketing Agency\",\"publisher\":{\"@id\":\"https:\\\/\\\/rimanagency.com\\\/#organization\"},\"potentialAction\":[{\"@type\":\"SearchAction\",\"target\":{\"@type\":\"EntryPoint\",\"urlTemplate\":\"https:\\\/\\\/rimanagency.com\\\/?s={search_term_string}\"},\"query-input\":{\"@type\":\"PropertyValueSpecification\",\"valueRequired\":true,\"valueName\":\"search_term_string\"}}],\"inLanguage\":\"fr-CA\"},{\"@type\":\"Organization\",\"@id\":\"https:\\\/\\\/rimanagency.com\\\/#organization\",\"name\":\"Riman Agency\",\"url\":\"https:\\\/\\\/rimanagency.com\\\/\",\"logo\":{\"@type\":\"ImageObject\",\"inLanguage\":\"fr-CA\",\"@id\":\"https:\\\/\\\/rimanagency.com\\\/#\\\/schema\\\/logo\\\/image\\\/\",\"url\":\"https:\\\/\\\/rimanagency.com\\\/wp-content\\\/uploads\\\/2022\\\/02\\\/RIMANagency-all-logos-1-2.png\",\"contentUrl\":\"https:\\\/\\\/rimanagency.com\\\/wp-content\\\/uploads\\\/2022\\\/02\\\/RIMANagency-all-logos-1-2.png\",\"width\":694,\"height\":211,\"caption\":\"Riman Agency\"},\"image\":{\"@id\":\"https:\\\/\\\/rimanagency.com\\\/#\\\/schema\\\/logo\\\/image\\\/\"}}]}<\/script>\n<!-- \/ Yoast SEO plugin. -->","yoast_head_json":{"title":"Essayages virtuels assist\u00e9s par l&#039;IA - Agence Riman","robots":{"index":"index","follow":"follow","max-snippet":"max-snippet:-1","max-image-preview":"max-image-preview:large","max-video-preview":"max-video-preview:-1"},"canonical":"https:\/\/rimanagency.com\/fr\/ai-powered-virtual-try-ons\/","og_locale":"fr_CA","og_type":"article","og_title":"AI-Powered Virtual Try-Ons - Riman Agency","og_url":"https:\/\/rimanagency.com\/fr\/ai-powered-virtual-try-ons\/","og_site_name":"Riman Agency","twitter_card":"summary_large_image","twitter_misc":{"Est. reading time":"5 minutes"},"schema":{"@context":"https:\/\/schema.org","@graph":[{"@type":"WebPage","@id":"https:\/\/rimanagency.com\/ai-powered-virtual-try-ons\/","url":"https:\/\/rimanagency.com\/ai-powered-virtual-try-ons\/","name":"Essayages virtuels assist\u00e9s par l&#039;IA - Agence Riman","isPartOf":{"@id":"https:\/\/rimanagency.com\/#website"},"datePublished":"2024-09-08T15:44:34+00:00","breadcrumb":{"@id":"https:\/\/rimanagency.com\/ai-powered-virtual-try-ons\/#breadcrumb"},"inLanguage":"fr-CA","potentialAction":[{"@type":"ReadAction","target":["https:\/\/rimanagency.com\/ai-powered-virtual-try-ons\/"]}]},{"@type":"BreadcrumbList","@id":"https:\/\/rimanagency.com\/ai-powered-virtual-try-ons\/#breadcrumb","itemListElement":[{"@type":"ListItem","position":1,"name":"Home","item":"https:\/\/rimanagency.com\/home\/"},{"@type":"ListItem","position":2,"name":"AI-Powered Virtual Try-Ons"}]},{"@type":"WebSite","@id":"https:\/\/rimanagency.com\/#website","url":"https:\/\/rimanagency.com\/","name":"Agence Riman","description":"Une agence de marketing num\u00e9rique \u00e0 service complet","publisher":{"@id":"https:\/\/rimanagency.com\/#organization"},"potentialAction":[{"@type":"SearchAction","target":{"@type":"EntryPoint","urlTemplate":"https:\/\/rimanagency.com\/?s={search_term_string}"},"query-input":{"@type":"PropertyValueSpecification","valueRequired":true,"valueName":"search_term_string"}}],"inLanguage":"fr-CA"},{"@type":"Organization","@id":"https:\/\/rimanagency.com\/#organization","name":"Agence Riman","url":"https:\/\/rimanagency.com\/","logo":{"@type":"ImageObject","inLanguage":"fr-CA","@id":"https:\/\/rimanagency.com\/#\/schema\/logo\/image\/","url":"https:\/\/rimanagency.com\/wp-content\/uploads\/2022\/02\/RIMANagency-all-logos-1-2.png","contentUrl":"https:\/\/rimanagency.com\/wp-content\/uploads\/2022\/02\/RIMANagency-all-logos-1-2.png","width":694,"height":211,"caption":"Riman Agency"},"image":{"@id":"https:\/\/rimanagency.com\/#\/schema\/logo\/image\/"}}]}},"_links":{"self":[{"href":"https:\/\/rimanagency.com\/fr\/wp-json\/wp\/v2\/pages\/4002","targetHints":{"allow":["GET"]}}],"collection":[{"href":"https:\/\/rimanagency.com\/fr\/wp-json\/wp\/v2\/pages"}],"about":[{"href":"https:\/\/rimanagency.com\/fr\/wp-json\/wp\/v2\/types\/page"}],"author":[{"embeddable":true,"href":"https:\/\/rimanagency.com\/fr\/wp-json\/wp\/v2\/users\/4"}],"replies":[{"embeddable":true,"href":"https:\/\/rimanagency.com\/fr\/wp-json\/wp\/v2\/comments?post=4002"}],"version-history":[{"count":0,"href":"https:\/\/rimanagency.com\/fr\/wp-json\/wp\/v2\/pages\/4002\/revisions"}],"wp:attachment":[{"href":"https:\/\/rimanagency.com\/fr\/wp-json\/wp\/v2\/media?parent=4002"}],"curies":[{"name":"wp","href":"https:\/\/api.w.org\/{rel}","templated":true}]}}