{"id":3916,"date":"2024-08-26T13:07:07","date_gmt":"2024-08-26T13:07:07","guid":{"rendered":"https:\/\/rimanagency.com\/?page_id=3916"},"modified":"2024-08-26T13:07:43","modified_gmt":"2024-08-26T13:07:43","slug":"riman-agency-seo-toolkit-extension-for-chrome","status":"publish","type":"page","link":"https:\/\/rimanagency.com\/fr\/riman-agency-seo-toolkit-extension-for-chrome\/","title":{"rendered":"Extension de la bo\u00eete \u00e0 outils SEO de l&#039;agence Riman pour Chrome"},"content":{"rendered":"<div id='av_section_1'  class='avia-section av-5p923w-bd66c92dc103647476fa1743124340f6 main_color avia-section-default avia-no-border-styling  avia-builder-el-0  avia-builder-el-no-sibling  avia-bg-style-scroll container_wrap sidebar_right'  ><div class='container av-section-cont-open' ><main  role=\"main\" itemprop=\"mainContentOfPage\"  class='template-page content  av-content-small alpha units'><div class='post-entry post-entry-type-page post-entry-3916'><div class='entry-content-wrapper clearfix'>\n<div  class='flex_column av-3lixoc-8a90d8f9ebcfcbcacdab86d9280895c8 av_one_half  avia-builder-el-1  el_before_av_one_half  avia-builder-el-first  first flex_column_div'     ><p>\n<style type=\"text\/css\" data-created_by=\"avia_inline_auto\" id=\"style-css-av-m0b0jsgn-2392f5ff03989894e22fe56b21148e4e\">\n#top .av-special-heading.av-m0b0jsgn-2392f5ff03989894e22fe56b21148e4e{\npadding-bottom:10px;\n}\nbody .av-special-heading.av-m0b0jsgn-2392f5ff03989894e22fe56b21148e4e .av-special-heading-tag .heading-char{\nfont-size:25px;\n}\n.av-special-heading.av-m0b0jsgn-2392f5ff03989894e22fe56b21148e4e .av-subheading{\nfont-size:15px;\n}\n<\/style>\n<div  class='av-special-heading av-m0b0jsgn-2392f5ff03989894e22fe56b21148e4e av-special-heading-h1 blockquote modern-quote  avia-builder-el-2  el_before_av_image  avia-builder-el-first'><h1 class='av-special-heading-tag'  itemprop=\"headline\"  >Extension de la bo\u00eete \u00e0 outils SEO de l&#039;agence Riman pour Chrome<\/h1><div class=\"special-heading-border\"><div class=\"special-heading-inner-border\"><\/div><\/div><\/div><br \/>\n\n<style type=\"text\/css\" data-created_by=\"avia_inline_auto\" id=\"style-css-av-m0b0f7v4-4d725e2d8e00c7e8c3e75b89749f1d0b\">\n.avia-image-container.av-m0b0f7v4-4d725e2d8e00c7e8c3e75b89749f1d0b img.avia_image{\nbox-shadow:none;\n}\n.avia-image-container.av-m0b0f7v4-4d725e2d8e00c7e8c3e75b89749f1d0b .av-image-caption-overlay-center{\ncolor:#ffffff;\n}\n<\/style>\n<div  class='avia-image-container av-m0b0f7v4-4d725e2d8e00c7e8c3e75b89749f1d0b av-styling- avia-align-center  avia-builder-el-3  el_after_av_heading  el_before_av_button'   itemprop=\"image\" itemscope=\"itemscope\" itemtype=\"https:\/\/schema.org\/ImageObject\" ><div class=\"avia-image-container-inner\"><div class=\"avia-image-overlay-wrap\"><img decoding=\"async\" fetchpriority=\"high\" class='wp-image-3917 avia-img-lazy-loading-not-3917 avia_image' src=\"https:\/\/rimanagency.com\/wp-content\/uploads\/2024\/08\/Screenshot-2024-08-26-090325.png\" alt='' title='Capture d&#039;\u00e9cran 2024-08-26 090325'  height=\"504\" width=\"722\"  itemprop=\"thumbnailUrl\" srcset=\"https:\/\/rimanagency.com\/wp-content\/uploads\/2024\/08\/Screenshot-2024-08-26-090325.png 722w, https:\/\/rimanagency.com\/wp-content\/uploads\/2024\/08\/Screenshot-2024-08-26-090325-300x209.png 300w, https:\/\/rimanagency.com\/wp-content\/uploads\/2024\/08\/Screenshot-2024-08-26-090325-705x492.png 705w\" sizes=\"(max-width: 722px) 100vw, 722px\" \/><\/div><\/div><\/div><br \/>\n<div  class='avia-button-wrap av-m0b0i9lk-4e652aace65ee87683579b9b660c31f1-wrap avia-button-center  avia-builder-el-4  el_after_av_image  avia-builder-el-last'><a href='https:\/\/chromewebstore.google.com\/detail\/riman-seo-meta-detector\/gbmppgngfacaagljepadhfghnedpenhb?hl=en&amp;authuser=0'  class='avia-button av-m0b0i9lk-4e652aace65ee87683579b9b660c31f1 av-link-btn avia-icon_select-yes-left-icon avia-size-x-large avia-position-center avia-color-theme-color'   aria-label=\"Obtenir une extension \"><span class='avia_button_icon avia_button_icon_left avia-iconfont avia-font-entypo-fontello' data-av_icon='\ue86c' data-av_iconfont='entypo-fontello' ><\/span><span class='avia_iconbox_title' >Obtenir une extension <\/span><\/a><\/div><\/p><\/div><div  class='flex_column av-2yp6cc-13b2a32b4a79f0aa7543fc8b9522826f av_one_half  avia-builder-el-5  el_after_av_one_half  el_before_av_textblock  flex_column_div'     ><p><section  class='av_textblock_section av-m0b0gt7k-3911160614401b0c78a9dc02b13b1e69'   itemscope=\"itemscope\" itemtype=\"https:\/\/schema.org\/CreativeWork\" ><div class='avia_textblock'  itemprop=\"text\" ><p>La bo\u00eete \u00e0 outils SEO de l&#039;agence Riman est une extension Chrome con\u00e7ue pour les professionnels du r\u00e9f\u00e9rencement, les d\u00e9veloppeurs web et les sp\u00e9cialistes du marketing digital. Elle offre des analyses d\u00e9taill\u00e9es sur les \u00e9l\u00e9ments cl\u00e9s du r\u00e9f\u00e9rencement, tels que les m\u00e9ta-titres, les descriptions, les en-t\u00eates et les URL canoniques, tout en analysant le balisage de sch\u00e9ma, les balises Open Graph et les Twitter Cards. Cet outil aide les utilisateurs \u00e0 identifier et \u00e0 corriger les probl\u00e8mes de r\u00e9f\u00e9rencement, \u00e0 optimiser le contenu pour les moteurs de recherche et les r\u00e9seaux sociaux, et \u00e0 am\u00e9liorer la visibilit\u00e9 et le classement de leur site. Son interface intuitive simplifie l&#039;analyse, ce qui en fait un outil essentiel pour am\u00e9liorer leur pr\u00e9sence en ligne.<\/p>\n<\/div><\/section><br \/>\n<section  class='av_textblock_section av-m0b0h2td-9dc78bd6b23bfd35b04472bc502528a5'   itemscope=\"itemscope\" itemtype=\"https:\/\/schema.org\/CreativeWork\" ><div class='avia_textblock'  itemprop=\"text\" ><h3>Principaux avantages :<\/h3>\n<ol>\n<li><strong>Am\u00e9liorer le r\u00e9f\u00e9rencement<\/strong>: Identifiez et corrigez rapidement les probl\u00e8mes de r\u00e9f\u00e9rencement, am\u00e9liorant ainsi le classement de votre site dans les moteurs de recherche.<\/li>\n<li><strong>Am\u00e9liorer le contenu<\/strong>: Assurez-vous que votre contenu est optimis\u00e9 pour les moteurs de recherche et les plateformes de m\u00e9dias sociaux.<\/li>\n<li><strong>Analyse simplifi\u00e9e<\/strong>:Acc\u00e9dez aux informations SEO critiques en un seul endroit, \u00e9conomisant ainsi du temps et des efforts.<\/li>\n<li><strong>Augmenter la visibilit\u00e9<\/strong>:Augmentez la visibilit\u00e9 et le classement de votre site avec un contenu et une structure bien optimis\u00e9s.<\/li>\n<\/ol>\n<h3>Caract\u00e9ristiques principales :<\/h3>\n<ol>\n<li><strong>Informations SEO<\/strong>:Analysez les titres de page, les m\u00e9ta descriptions, les URL canoniques et bien plus encore.<\/li>\n<li><strong>En-t\u00eates<\/strong>: D\u00e9tecter les probl\u00e8mes avec les en-t\u00eates (H1, H2, etc.).<\/li>\n<li><strong>Cartes Open Graph et Twitter<\/strong>:Assurer l&#039;optimisation du partage social.<\/li>\n<li><strong>Balisage de sch\u00e9ma<\/strong>: V\u00e9rifier l&#039;impl\u00e9mentation des donn\u00e9es structur\u00e9es.<\/li>\n<li><strong>Analyse de page<\/strong>: V\u00e9rifiez les balises m\u00e9ta des robots, le plan du site et les mesures de contenu.<\/li>\n<li><strong>Images<\/strong>: Examinez les attributs alt des images pour le r\u00e9f\u00e9rencement.<\/li>\n<li><strong>Liens externes<\/strong>: Identifiez et analysez les liens externes pour les meilleures pratiques SEO.<\/li>\n<\/ol>\n<\/div><\/section><\/p><\/div><section  class='av_textblock_section av-m0b0ij5q-ec5c128dc08828cc7fb252e6aa77abd3'   itemscope=\"itemscope\" itemtype=\"https:\/\/schema.org\/CreativeWork\" ><div class='avia_textblock'  itemprop=\"text\" ><h2>FAQ<\/h2>\n<p><strong>1. Qu&#039;est-ce que la bo\u00eete \u00e0 outils SEO de l&#039;agence Riman ?<\/strong> La bo\u00eete \u00e0 outils SEO de l&#039;agence Riman est une extension Chrome con\u00e7ue pour vous aider \u00e0 analyser et \u00e0 optimiser les \u00e9l\u00e9ments SEO de votre site Web, notamment les m\u00e9ta-titres, les descriptions, les en-t\u00eates, le balisage de sch\u00e9ma, etc.<\/p>\n<p><strong>2. Qui devrait utiliser cette extension\u00a0?<\/strong> Cette extension est id\u00e9ale pour les professionnels du r\u00e9f\u00e9rencement, les sp\u00e9cialistes du marketing num\u00e9rique et les d\u00e9veloppeurs Web qui ont besoin d&#039;optimiser leurs sites Web pour un meilleur classement dans les moteurs de recherche et un meilleur partage sur les r\u00e9seaux sociaux.<\/p>\n<p><strong>3. Comment l&#039;extension aide-t-elle au r\u00e9f\u00e9rencement ?<\/strong> L&#039;extension fournit des informations d\u00e9taill\u00e9es sur les \u00e9l\u00e9ments SEO critiques tels que les m\u00e9ta-titres, les en-t\u00eates, les URL canoniques et le balisage de sch\u00e9ma, vous permettant d&#039;identifier et de r\u00e9soudre les probl\u00e8mes susceptibles d&#039;avoir un impact sur la visibilit\u00e9 et le classement de votre site.<\/p>\n<p><strong>4. Cet outil peut-il analyser les tags des r\u00e9seaux sociaux\u00a0?<\/strong> Oui, l&#039;extension affiche les balises Open Graph et les balises Twitter Card, garantissant que votre contenu est optimis\u00e9 pour le partage sur les r\u00e9seaux sociaux.<\/p>\n<p><strong>5. V\u00e9rifie-t-il le r\u00e9f\u00e9rencement des images\u00a0?<\/strong> Oui, l&#039;extension r\u00e9pertorie toutes les images de la page ainsi que leurs attributs alt pour garantir des pratiques de r\u00e9f\u00e9rencement d&#039;image appropri\u00e9es.<\/p>\n<p><strong>6. Est-ce convivial ?<\/strong> Oui, l&#039;extension dispose d&#039;une interface conviviale, ce qui facilite l&#039;acc\u00e8s et l&#039;analyse de toutes les informations SEO critiques en un seul endroit.<\/p>\n<p><strong>7. Est-ce que cela aide \u00e0 l\u2019analyse de contenu ?<\/strong> Oui, l&#039;extension fournit un nombre de mots, un nombre de caract\u00e8res et des alertes si le contenu est mince, vous aidant \u00e0 garantir que votre contenu est robuste et bien optimis\u00e9.<\/p>\n<\/div><\/section>\n<\/div><\/div><\/main><!-- close content main element --><\/div><\/div><div id='after_section_1'  class='main_color av_default_container_wrap container_wrap sidebar_right'  ><div class='container av-section-cont-open' ><div class='template-page content  av-content-small alpha units'><div class='post-entry post-entry-type-page post-entry-3916'><div class='entry-content-wrapper clearfix'>","protected":false},"excerpt":{"rendered":"","protected":false},"author":4,"featured_media":3917,"parent":0,"menu_order":0,"comment_status":"closed","ping_status":"closed","template":"","meta":{"footnotes":""},"class_list":["post-3916","page","type-page","status-publish","has-post-thumbnail","hentry"],"yoast_head":"<!-- This site is optimized with the Yoast SEO plugin v27.3 - https:\/\/yoast.com\/product\/yoast-seo-wordpress\/ -->\n<title>Riman Agency SEO Toolkit Extension for Chrome - Riman Agency<\/title>\n<meta name=\"robots\" content=\"index, follow, max-snippet:-1, max-image-preview:large, max-video-preview:-1\" \/>\n<link rel=\"canonical\" href=\"https:\/\/rimanagency.com\/fr\/riman-agency-seo-toolkit-extension-for-chrome\/\" \/>\n<meta property=\"og:locale\" content=\"fr_CA\" \/>\n<meta property=\"og:type\" content=\"article\" \/>\n<meta property=\"og:title\" content=\"Riman Agency SEO Toolkit Extension for Chrome - Riman Agency\" \/>\n<meta property=\"og:url\" content=\"https:\/\/rimanagency.com\/fr\/riman-agency-seo-toolkit-extension-for-chrome\/\" \/>\n<meta property=\"og:site_name\" content=\"Riman Agency\" \/>\n<meta property=\"article:modified_time\" content=\"2024-08-26T13:07:43+00:00\" \/>\n<meta property=\"og:image\" content=\"https:\/\/rimanagency.com\/wp-content\/uploads\/2024\/08\/Screenshot-2024-08-26-090325.png\" \/>\n\t<meta property=\"og:image:width\" content=\"722\" \/>\n\t<meta property=\"og:image:height\" content=\"504\" \/>\n\t<meta property=\"og:image:type\" content=\"image\/png\" \/>\n<meta name=\"twitter:card\" content=\"summary_large_image\" \/>\n<meta name=\"twitter:label1\" content=\"Est. reading time\" \/>\n\t<meta name=\"twitter:data1\" content=\"3 minutes\" \/>\n<script type=\"application\/ld+json\" class=\"yoast-schema-graph\">{\"@context\":\"https:\\\/\\\/schema.org\",\"@graph\":[{\"@type\":\"WebPage\",\"@id\":\"https:\\\/\\\/rimanagency.com\\\/riman-agency-seo-toolkit-extension-for-chrome\\\/\",\"url\":\"https:\\\/\\\/rimanagency.com\\\/riman-agency-seo-toolkit-extension-for-chrome\\\/\",\"name\":\"Riman Agency SEO Toolkit Extension for Chrome - Riman Agency\",\"isPartOf\":{\"@id\":\"https:\\\/\\\/rimanagency.com\\\/#website\"},\"primaryImageOfPage\":{\"@id\":\"https:\\\/\\\/rimanagency.com\\\/riman-agency-seo-toolkit-extension-for-chrome\\\/#primaryimage\"},\"image\":{\"@id\":\"https:\\\/\\\/rimanagency.com\\\/riman-agency-seo-toolkit-extension-for-chrome\\\/#primaryimage\"},\"thumbnailUrl\":\"https:\\\/\\\/rimanagency.com\\\/wp-content\\\/uploads\\\/2024\\\/08\\\/Screenshot-2024-08-26-090325.png\",\"datePublished\":\"2024-08-26T13:07:07+00:00\",\"dateModified\":\"2024-08-26T13:07:43+00:00\",\"breadcrumb\":{\"@id\":\"https:\\\/\\\/rimanagency.com\\\/riman-agency-seo-toolkit-extension-for-chrome\\\/#breadcrumb\"},\"inLanguage\":\"fr-CA\",\"potentialAction\":[{\"@type\":\"ReadAction\",\"target\":[\"https:\\\/\\\/rimanagency.com\\\/riman-agency-seo-toolkit-extension-for-chrome\\\/\"]}]},{\"@type\":\"ImageObject\",\"inLanguage\":\"fr-CA\",\"@id\":\"https:\\\/\\\/rimanagency.com\\\/riman-agency-seo-toolkit-extension-for-chrome\\\/#primaryimage\",\"url\":\"https:\\\/\\\/rimanagency.com\\\/wp-content\\\/uploads\\\/2024\\\/08\\\/Screenshot-2024-08-26-090325.png\",\"contentUrl\":\"https:\\\/\\\/rimanagency.com\\\/wp-content\\\/uploads\\\/2024\\\/08\\\/Screenshot-2024-08-26-090325.png\",\"width\":722,\"height\":504},{\"@type\":\"BreadcrumbList\",\"@id\":\"https:\\\/\\\/rimanagency.com\\\/riman-agency-seo-toolkit-extension-for-chrome\\\/#breadcrumb\",\"itemListElement\":[{\"@type\":\"ListItem\",\"position\":1,\"name\":\"Home\",\"item\":\"https:\\\/\\\/rimanagency.com\\\/home\\\/\"},{\"@type\":\"ListItem\",\"position\":2,\"name\":\"Riman Agency SEO Toolkit Extension for Chrome\"}]},{\"@type\":\"WebSite\",\"@id\":\"https:\\\/\\\/rimanagency.com\\\/#website\",\"url\":\"https:\\\/\\\/rimanagency.com\\\/\",\"name\":\"Riman Agency\",\"description\":\"A Full Service Digital Marketing Agency\",\"publisher\":{\"@id\":\"https:\\\/\\\/rimanagency.com\\\/#organization\"},\"potentialAction\":[{\"@type\":\"SearchAction\",\"target\":{\"@type\":\"EntryPoint\",\"urlTemplate\":\"https:\\\/\\\/rimanagency.com\\\/?s={search_term_string}\"},\"query-input\":{\"@type\":\"PropertyValueSpecification\",\"valueRequired\":true,\"valueName\":\"search_term_string\"}}],\"inLanguage\":\"fr-CA\"},{\"@type\":\"Organization\",\"@id\":\"https:\\\/\\\/rimanagency.com\\\/#organization\",\"name\":\"Riman Agency\",\"url\":\"https:\\\/\\\/rimanagency.com\\\/\",\"logo\":{\"@type\":\"ImageObject\",\"inLanguage\":\"fr-CA\",\"@id\":\"https:\\\/\\\/rimanagency.com\\\/#\\\/schema\\\/logo\\\/image\\\/\",\"url\":\"https:\\\/\\\/rimanagency.com\\\/wp-content\\\/uploads\\\/2022\\\/02\\\/RIMANagency-all-logos-1-2.png\",\"contentUrl\":\"https:\\\/\\\/rimanagency.com\\\/wp-content\\\/uploads\\\/2022\\\/02\\\/RIMANagency-all-logos-1-2.png\",\"width\":694,\"height\":211,\"caption\":\"Riman Agency\"},\"image\":{\"@id\":\"https:\\\/\\\/rimanagency.com\\\/#\\\/schema\\\/logo\\\/image\\\/\"}}]}<\/script>\n<!-- \/ Yoast SEO plugin. -->","yoast_head_json":{"title":"Riman Agency SEO Toolkit Extension for Chrome - Riman Agency","robots":{"index":"index","follow":"follow","max-snippet":"max-snippet:-1","max-image-preview":"max-image-preview:large","max-video-preview":"max-video-preview:-1"},"canonical":"https:\/\/rimanagency.com\/fr\/riman-agency-seo-toolkit-extension-for-chrome\/","og_locale":"fr_CA","og_type":"article","og_title":"Riman Agency SEO Toolkit Extension for Chrome - Riman Agency","og_url":"https:\/\/rimanagency.com\/fr\/riman-agency-seo-toolkit-extension-for-chrome\/","og_site_name":"Riman Agency","article_modified_time":"2024-08-26T13:07:43+00:00","og_image":[{"width":722,"height":504,"url":"https:\/\/rimanagency.com\/wp-content\/uploads\/2024\/08\/Screenshot-2024-08-26-090325.png","type":"image\/png"}],"twitter_card":"summary_large_image","twitter_misc":{"Est. reading time":"3 minutes"},"schema":{"@context":"https:\/\/schema.org","@graph":[{"@type":"WebPage","@id":"https:\/\/rimanagency.com\/riman-agency-seo-toolkit-extension-for-chrome\/","url":"https:\/\/rimanagency.com\/riman-agency-seo-toolkit-extension-for-chrome\/","name":"Riman Agency SEO Toolkit Extension for Chrome - Riman Agency","isPartOf":{"@id":"https:\/\/rimanagency.com\/#website"},"primaryImageOfPage":{"@id":"https:\/\/rimanagency.com\/riman-agency-seo-toolkit-extension-for-chrome\/#primaryimage"},"image":{"@id":"https:\/\/rimanagency.com\/riman-agency-seo-toolkit-extension-for-chrome\/#primaryimage"},"thumbnailUrl":"https:\/\/rimanagency.com\/wp-content\/uploads\/2024\/08\/Screenshot-2024-08-26-090325.png","datePublished":"2024-08-26T13:07:07+00:00","dateModified":"2024-08-26T13:07:43+00:00","breadcrumb":{"@id":"https:\/\/rimanagency.com\/riman-agency-seo-toolkit-extension-for-chrome\/#breadcrumb"},"inLanguage":"fr-CA","potentialAction":[{"@type":"ReadAction","target":["https:\/\/rimanagency.com\/riman-agency-seo-toolkit-extension-for-chrome\/"]}]},{"@type":"ImageObject","inLanguage":"fr-CA","@id":"https:\/\/rimanagency.com\/riman-agency-seo-toolkit-extension-for-chrome\/#primaryimage","url":"https:\/\/rimanagency.com\/wp-content\/uploads\/2024\/08\/Screenshot-2024-08-26-090325.png","contentUrl":"https:\/\/rimanagency.com\/wp-content\/uploads\/2024\/08\/Screenshot-2024-08-26-090325.png","width":722,"height":504},{"@type":"BreadcrumbList","@id":"https:\/\/rimanagency.com\/riman-agency-seo-toolkit-extension-for-chrome\/#breadcrumb","itemListElement":[{"@type":"ListItem","position":1,"name":"Home","item":"https:\/\/rimanagency.com\/home\/"},{"@type":"ListItem","position":2,"name":"Riman Agency SEO Toolkit Extension for Chrome"}]},{"@type":"WebSite","@id":"https:\/\/rimanagency.com\/#website","url":"https:\/\/rimanagency.com\/","name":"Agence Riman","description":"Une agence de marketing num\u00e9rique \u00e0 service complet","publisher":{"@id":"https:\/\/rimanagency.com\/#organization"},"potentialAction":[{"@type":"SearchAction","target":{"@type":"EntryPoint","urlTemplate":"https:\/\/rimanagency.com\/?s={search_term_string}"},"query-input":{"@type":"PropertyValueSpecification","valueRequired":true,"valueName":"search_term_string"}}],"inLanguage":"fr-CA"},{"@type":"Organization","@id":"https:\/\/rimanagency.com\/#organization","name":"Agence Riman","url":"https:\/\/rimanagency.com\/","logo":{"@type":"ImageObject","inLanguage":"fr-CA","@id":"https:\/\/rimanagency.com\/#\/schema\/logo\/image\/","url":"https:\/\/rimanagency.com\/wp-content\/uploads\/2022\/02\/RIMANagency-all-logos-1-2.png","contentUrl":"https:\/\/rimanagency.com\/wp-content\/uploads\/2022\/02\/RIMANagency-all-logos-1-2.png","width":694,"height":211,"caption":"Riman Agency"},"image":{"@id":"https:\/\/rimanagency.com\/#\/schema\/logo\/image\/"}}]}},"_links":{"self":[{"href":"https:\/\/rimanagency.com\/fr\/wp-json\/wp\/v2\/pages\/3916","targetHints":{"allow":["GET"]}}],"collection":[{"href":"https:\/\/rimanagency.com\/fr\/wp-json\/wp\/v2\/pages"}],"about":[{"href":"https:\/\/rimanagency.com\/fr\/wp-json\/wp\/v2\/types\/page"}],"author":[{"embeddable":true,"href":"https:\/\/rimanagency.com\/fr\/wp-json\/wp\/v2\/users\/4"}],"replies":[{"embeddable":true,"href":"https:\/\/rimanagency.com\/fr\/wp-json\/wp\/v2\/comments?post=3916"}],"version-history":[{"count":0,"href":"https:\/\/rimanagency.com\/fr\/wp-json\/wp\/v2\/pages\/3916\/revisions"}],"wp:featuredmedia":[{"embeddable":true,"href":"https:\/\/rimanagency.com\/fr\/wp-json\/wp\/v2\/media\/3917"}],"wp:attachment":[{"href":"https:\/\/rimanagency.com\/fr\/wp-json\/wp\/v2\/media?parent=3916"}],"curies":[{"name":"wp","href":"https:\/\/api.w.org\/{rel}","templated":true}]}}