{"id":3863,"date":"2024-07-14T16:59:10","date_gmt":"2024-07-14T16:59:10","guid":{"rendered":"https:\/\/rimanagency.com\/?page_id=3863"},"modified":"2024-07-14T17:13:05","modified_gmt":"2024-07-14T17:13:05","slug":"comparing-text","status":"publish","type":"page","link":"https:\/\/rimanagency.com\/fr\/comparing-text\/","title":{"rendered":"Comparer du texte"},"content":{"rendered":"<div id='av_section_1'  class='avia-section av-1y5swn-69cb0728b5ac124b7fc6428195789f7d main_color avia-section-default avia-no-border-styling  avia-builder-el-0  el_before_av_codeblock  avia-builder-el-first  avia-bg-style-scroll container_wrap sidebar_right'  ><div class='container av-section-cont-open' ><main  role=\"main\" itemprop=\"mainContentOfPage\"  class='template-page content  av-content-small alpha units'><div class='post-entry post-entry-type-page post-entry-3863'><div class='entry-content-wrapper clearfix'>\n<div  class='flex_column av-4t9v5z-95deedacaa2ff02609a51e9203f394f0 av_one_third  avia-builder-el-1  el_before_av_two_third  avia-builder-el-first  first flex_column_div'     ><style type=\"text\/css\" data-created_by=\"avia_inline_auto\" id=\"style-css-av-lylswfpu-5aeaff25f0b36b3e983565024d33f4cb\">\n#top .av-special-heading.av-lylswfpu-5aeaff25f0b36b3e983565024d33f4cb{\npadding-bottom:10px;\n}\nbody .av-special-heading.av-lylswfpu-5aeaff25f0b36b3e983565024d33f4cb .av-special-heading-tag .heading-char{\nfont-size:25px;\n}\n.av-special-heading.av-lylswfpu-5aeaff25f0b36b3e983565024d33f4cb .av-subheading{\nfont-size:15px;\n}\n<\/style>\n<div  class='av-special-heading av-lylswfpu-5aeaff25f0b36b3e983565024d33f4cb av-special-heading-h3 blockquote modern-quote  avia-builder-el-2  avia-builder-el-no-sibling'><h3 class='av-special-heading-tag'  itemprop=\"headline\"  >Comparer 2 textes<\/h3><div class='av-subheading av-subheading_below'><p>Outil de comparaison de texte<\/p>\n<\/div><div class=\"special-heading-border\"><div class=\"special-heading-inner-border\"><\/div><\/div><\/div><\/div><div  class='flex_column av-35yg5z-d806783c042e5ee81e4a6eb5d35ddc03 av_two_third  avia-builder-el-3  el_after_av_one_third  avia-builder-el-last  flex_column_div'     ><div  class='togglecontainer av-lyltd1v9-8c1c872d732c7653784255e4b1f95d5e  avia-builder-el-4  avia-builder-el-no-sibling  toggle_close_all' >\n<section class='av_toggle_section av-lylt8xhn-76d4f76b656513ed5032f26914ed220c'  itemscope=\"itemscope\" itemtype=\"https:\/\/schema.org\/CreativeWork\" ><div role=\"tablist\" class=\"single_toggle\" data-tags=\"{All} \"  ><p id='toggle-toggle-id-1' data-fake-id='#toggle-id-1' class='toggler  av-title-above'  itemprop=\"headline\"  role='tab' tabindex='0' aria-controls='toggle-id-1' data-slide-speed=\"200\" data-title=\"What is a text comparison tool?\" data-title-open=\"\" data-aria_collapsed=\"Click to expand: What is a text comparison tool?\" data-aria_expanded=\"Click to collapse: What is a text comparison tool?\">Qu&#039;est-ce qu&#039;un outil de comparaison de texte ?<span class=\"toggle_icon\"><span class=\"vert_icon\"><\/span><span class=\"hor_icon\"><\/span><\/span><\/p><div id='toggle-id-1' aria-labelledby='toggle-toggle-id-1' role='region' class='toggle_wrap  av-title-above'  ><div class='toggle_content invers-color'  itemprop=\"text\" ><p>Un outil de comparaison de texte permet de comparer deux blocs de texte afin d&#039;identifier leurs diff\u00e9rences et leurs similitudes. Ces outils sont couramment utilis\u00e9s pour la relecture, la v\u00e9rification de documents et la v\u00e9rification de la coh\u00e9rence du contenu.<\/p>\n<\/div><\/div><\/div><\/section>\n<section class='av_toggle_section av-lylt955h-14174811945527636e196b1c20383450'  itemscope=\"itemscope\" itemtype=\"https:\/\/schema.org\/CreativeWork\" ><div role=\"tablist\" class=\"single_toggle\" data-tags=\"{All} \"  ><p id='toggle-toggle-id-2' data-fake-id='#toggle-id-2' class='toggler  av-title-above'  itemprop=\"headline\"  role='tab' tabindex='0' aria-controls='toggle-id-2' data-slide-speed=\"200\" data-title=\"How do text comparison tools work?\" data-title-open=\"\" data-aria_collapsed=\"Click to expand: How do text comparison tools work?\" data-aria_expanded=\"Click to collapse: How do text comparison tools work?\">Comment fonctionnent les outils de comparaison de texte ?<span class=\"toggle_icon\"><span class=\"vert_icon\"><\/span><span class=\"hor_icon\"><\/span><\/span><\/p><div id='toggle-id-2' aria-labelledby='toggle-toggle-id-2' role='region' class='toggle_wrap  av-title-above'  ><div class='toggle_content invers-color'  itemprop=\"text\" ><p>Les outils de comparaison de texte analysent les deux entr\u00e9es de texte et mettent en \u00e9vidence les diff\u00e9rences en termes d&#039;ajouts, de suppressions et de modifications. Ils peuvent utiliser des algorithmes pour d\u00e9tecter les plus petites modifications, facilitant ainsi la d\u00e9tection des divergences.<\/p>\n<\/div><\/div><\/div><\/section>\n<section class='av_toggle_section av-lylt955h-7-e4015c8c18199f47cf0c4f5846d7a4dd'  itemscope=\"itemscope\" itemtype=\"https:\/\/schema.org\/CreativeWork\" ><div role=\"tablist\" class=\"single_toggle\" data-tags=\"{All} \"  ><p id='toggle-toggle-id-3' data-fake-id='#toggle-id-3' class='toggler  av-title-above'  itemprop=\"headline\"  role='tab' tabindex='0' aria-controls='toggle-id-3' data-slide-speed=\"200\" data-title=\"How accurate are text comparison tools?\" data-title-open=\"\" data-aria_collapsed=\"Click to expand: How accurate are text comparison tools?\" data-aria_expanded=\"Click to collapse: How accurate are text comparison tools?\">Quelle est la pr\u00e9cision des outils de comparaison de texte\u00a0?<span class=\"toggle_icon\"><span class=\"vert_icon\"><\/span><span class=\"hor_icon\"><\/span><\/span><\/p><div id='toggle-id-3' aria-labelledby='toggle-toggle-id-3' role='region' class='toggle_wrap  av-title-above'  ><div class='toggle_content invers-color'  itemprop=\"text\" ><p>Les outils de comparaison de textes sont g\u00e9n\u00e9ralement tr\u00e8s pr\u00e9cis, notamment ceux qui utilisent des algorithmes avanc\u00e9s. Cependant, la pr\u00e9cision peut varier selon l&#039;outil et la complexit\u00e9 du texte compar\u00e9.<\/p>\n<\/div><\/div><\/div><\/section>\n<section class='av_toggle_section av-lylt955h-6-ace15c8655cee249fdfb46535ad5be1f'  itemscope=\"itemscope\" itemtype=\"https:\/\/schema.org\/CreativeWork\" ><div role=\"tablist\" class=\"single_toggle\" data-tags=\"{All} \"  ><p id='toggle-toggle-id-4' data-fake-id='#toggle-id-4' class='toggler  av-title-above'  itemprop=\"headline\"  role='tab' tabindex='0' aria-controls='toggle-id-4' data-slide-speed=\"200\" data-title=\"Who can benefit from using text comparison tools?\" data-title-open=\"\" data-aria_collapsed=\"Click to expand: Who can benefit from using text comparison tools?\" data-aria_expanded=\"Click to collapse: Who can benefit from using text comparison tools?\">Qui peut b\u00e9n\u00e9ficier de l\u2019utilisation d\u2019outils de comparaison de texte ?<span class=\"toggle_icon\"><span class=\"vert_icon\"><\/span><span class=\"hor_icon\"><\/span><\/span><\/p><div id='toggle-id-4' aria-labelledby='toggle-toggle-id-4' role='region' class='toggle_wrap  av-title-above'  ><div class='toggle_content invers-color'  itemprop=\"text\" ><p>Les outils de comparaison de texte sont utiles aux professionnels de divers domaines, notamment les \u00e9diteurs, les r\u00e9dacteurs, les avocats et toute personne qui a besoin de garantir l&#039;exactitude et la coh\u00e9rence de ses documents.<\/p>\n<\/div><\/div><\/div><\/section>\n<section class='av_toggle_section av-lylt955h-5-193f413a40f13736cbd1fab8c46e182a'  itemscope=\"itemscope\" itemtype=\"https:\/\/schema.org\/CreativeWork\" ><div role=\"tablist\" class=\"single_toggle\" data-tags=\"{All} \"  ><p id='toggle-toggle-id-5' data-fake-id='#toggle-id-5' class='toggler  av-title-above'  itemprop=\"headline\"  role='tab' tabindex='0' aria-controls='toggle-id-5' data-slide-speed=\"200\" data-title=\"How can text comparison tools improve my workflow?\" data-title-open=\"\" data-aria_collapsed=\"Click to expand: How can text comparison tools improve my workflow?\" data-aria_expanded=\"Click to collapse: How can text comparison tools improve my workflow?\">Comment les outils de comparaison de texte peuvent-ils am\u00e9liorer mon flux de travail ?<span class=\"toggle_icon\"><span class=\"vert_icon\"><\/span><span class=\"hor_icon\"><\/span><\/span><\/p><div id='toggle-id-5' aria-labelledby='toggle-toggle-id-5' role='region' class='toggle_wrap  av-title-above'  ><div class='toggle_content invers-color'  itemprop=\"text\" ><p>En automatisant le processus de recherche des diff\u00e9rences et en garantissant la coh\u00e9rence, les outils de comparaison de texte peuvent gagner du temps, r\u00e9duire les erreurs et am\u00e9liorer l\u2019efficacit\u00e9 globale de la gestion des documents.<\/p>\n<\/div><\/div><\/div><\/section>\n<section class='av_toggle_section av-lylt955h-4-6b455743f2e4a8ce1edcbb34b54d6a14'  itemscope=\"itemscope\" itemtype=\"https:\/\/schema.org\/CreativeWork\" ><div role=\"tablist\" class=\"single_toggle\" data-tags=\"{All} \"  ><p id='toggle-toggle-id-6' data-fake-id='#toggle-id-6' class='toggler  av-title-above'  itemprop=\"headline\"  role='tab' tabindex='0' aria-controls='toggle-id-6' data-slide-speed=\"200\" data-title=\"Are my documents secure when using text comparison tools?\" data-title-open=\"\" data-aria_collapsed=\"Click to expand: Are my documents secure when using text comparison tools?\" data-aria_expanded=\"Click to collapse: Are my documents secure when using text comparison tools?\">Mes documents sont-ils s\u00e9curis\u00e9s lorsque j&#039;utilise des outils de comparaison de texte ?<span class=\"toggle_icon\"><span class=\"vert_icon\"><\/span><span class=\"hor_icon\"><\/span><\/span><\/p><div id='toggle-id-6' aria-labelledby='toggle-toggle-id-6' role='region' class='toggle_wrap  av-title-above'  ><div class='toggle_content invers-color'  itemprop=\"text\" ><p>Les outils de comparaison de textes r\u00e9put\u00e9s privil\u00e9gient la s\u00e9curit\u00e9 et la confidentialit\u00e9, utilisant souvent le chiffrement et des serveurs s\u00e9curis\u00e9s pour prot\u00e9ger vos documents. Il est essentiel de choisir un outil conforme aux normes et r\u00e9glementations du secteur.<\/p>\n<\/div><\/div><\/div><\/section>\n<section class='av_toggle_section av-lylt955h-3-193007077c60f8d713dc241302d3ddb3'  itemscope=\"itemscope\" itemtype=\"https:\/\/schema.org\/CreativeWork\" ><div role=\"tablist\" class=\"single_toggle\" data-tags=\"{All} \"  ><p id='toggle-toggle-id-7' data-fake-id='#toggle-id-7' class='toggler  av-title-above'  itemprop=\"headline\"  role='tab' tabindex='0' aria-controls='toggle-id-7' data-slide-speed=\"200\" data-title=\"Do text comparison tools store my data?\" data-title-open=\"\" data-aria_collapsed=\"Click to expand: Do text comparison tools store my data?\" data-aria_expanded=\"Click to collapse: Do text comparison tools store my data?\">Les outils de comparaison de texte stockent-ils mes donn\u00e9es ?<span class=\"toggle_icon\"><span class=\"vert_icon\"><\/span><span class=\"hor_icon\"><\/span><\/span><\/p><div id='toggle-id-7' aria-labelledby='toggle-toggle-id-7' role='region' class='toggle_wrap  av-title-above'  ><div class='toggle_content invers-color'  itemprop=\"text\" ><p>Certains outils peuvent stocker temporairement des donn\u00e9es \u00e0 des fins de traitement, tandis que d&#039;autres proposent des options de traitement local afin de garantir qu&#039;aucune donn\u00e9e ne soit stock\u00e9e sur des serveurs externes. Consultez toujours la politique de confidentialit\u00e9 de l&#039;outil que vous utilisez.<\/p>\n<p><strong>Celui-ci ne le fait pas.<\/strong><\/p>\n<\/div><\/div><\/div><\/section>\n<\/div><\/div>\n<\/div><\/div><\/main><!-- close content main element --><\/div><\/div><div id='after_section_1'  class='main_color av_default_container_wrap container_wrap sidebar_right'  ><div class='container av-section-cont-open' ><div class='template-page content  av-content-small alpha units'><div class='post-entry post-entry-type-page post-entry-3863'><div class='entry-content-wrapper clearfix'>","protected":false},"excerpt":{"rendered":"","protected":false},"author":4,"featured_media":0,"parent":0,"menu_order":0,"comment_status":"closed","ping_status":"closed","template":"","meta":{"footnotes":""},"class_list":["post-3863","page","type-page","status-publish","hentry"],"yoast_head":"<!-- This site is optimized with the Yoast SEO plugin v27.4 - https:\/\/yoast.com\/product\/yoast-seo-wordpress\/ -->\n<title>Comparing text - Riman Agency<\/title>\n<meta name=\"robots\" content=\"index, follow, max-snippet:-1, max-image-preview:large, max-video-preview:-1\" \/>\n<link rel=\"canonical\" href=\"https:\/\/rimanagency.com\/fr\/comparing-text\/\" \/>\n<meta property=\"og:locale\" content=\"fr_CA\" \/>\n<meta property=\"og:type\" content=\"article\" \/>\n<meta property=\"og:title\" content=\"Comparing text - Riman Agency\" \/>\n<meta property=\"og:url\" content=\"https:\/\/rimanagency.com\/fr\/comparing-text\/\" \/>\n<meta property=\"og:site_name\" content=\"Riman Agency\" \/>\n<meta property=\"article:modified_time\" content=\"2024-07-14T17:13:05+00:00\" \/>\n<meta name=\"twitter:card\" content=\"summary_large_image\" \/>\n<meta name=\"twitter:label1\" content=\"Est. reading time\" \/>\n\t<meta name=\"twitter:data1\" content=\"2 minutes\" \/>\n<script type=\"application\/ld+json\" class=\"yoast-schema-graph\">{\"@context\":\"https:\\\/\\\/schema.org\",\"@graph\":[{\"@type\":\"WebPage\",\"@id\":\"https:\\\/\\\/rimanagency.com\\\/comparing-text\\\/\",\"url\":\"https:\\\/\\\/rimanagency.com\\\/comparing-text\\\/\",\"name\":\"Comparing text - Riman Agency\",\"isPartOf\":{\"@id\":\"https:\\\/\\\/rimanagency.com\\\/#website\"},\"datePublished\":\"2024-07-14T16:59:10+00:00\",\"dateModified\":\"2024-07-14T17:13:05+00:00\",\"breadcrumb\":{\"@id\":\"https:\\\/\\\/rimanagency.com\\\/comparing-text\\\/#breadcrumb\"},\"inLanguage\":\"fr-CA\",\"potentialAction\":[{\"@type\":\"ReadAction\",\"target\":[\"https:\\\/\\\/rimanagency.com\\\/comparing-text\\\/\"]}]},{\"@type\":\"BreadcrumbList\",\"@id\":\"https:\\\/\\\/rimanagency.com\\\/comparing-text\\\/#breadcrumb\",\"itemListElement\":[{\"@type\":\"ListItem\",\"position\":1,\"name\":\"Home\",\"item\":\"https:\\\/\\\/rimanagency.com\\\/home\\\/\"},{\"@type\":\"ListItem\",\"position\":2,\"name\":\"Comparing text\"}]},{\"@type\":\"WebSite\",\"@id\":\"https:\\\/\\\/rimanagency.com\\\/#website\",\"url\":\"https:\\\/\\\/rimanagency.com\\\/\",\"name\":\"Riman Agency\",\"description\":\"A Full Service Digital Marketing Agency\",\"publisher\":{\"@id\":\"https:\\\/\\\/rimanagency.com\\\/#organization\"},\"potentialAction\":[{\"@type\":\"SearchAction\",\"target\":{\"@type\":\"EntryPoint\",\"urlTemplate\":\"https:\\\/\\\/rimanagency.com\\\/?s={search_term_string}\"},\"query-input\":{\"@type\":\"PropertyValueSpecification\",\"valueRequired\":true,\"valueName\":\"search_term_string\"}}],\"inLanguage\":\"fr-CA\"},{\"@type\":\"Organization\",\"@id\":\"https:\\\/\\\/rimanagency.com\\\/#organization\",\"name\":\"Riman Agency\",\"url\":\"https:\\\/\\\/rimanagency.com\\\/\",\"logo\":{\"@type\":\"ImageObject\",\"inLanguage\":\"fr-CA\",\"@id\":\"https:\\\/\\\/rimanagency.com\\\/#\\\/schema\\\/logo\\\/image\\\/\",\"url\":\"https:\\\/\\\/rimanagency.com\\\/wp-content\\\/uploads\\\/2022\\\/02\\\/RIMANagency-all-logos-1-2.png\",\"contentUrl\":\"https:\\\/\\\/rimanagency.com\\\/wp-content\\\/uploads\\\/2022\\\/02\\\/RIMANagency-all-logos-1-2.png\",\"width\":694,\"height\":211,\"caption\":\"Riman Agency\"},\"image\":{\"@id\":\"https:\\\/\\\/rimanagency.com\\\/#\\\/schema\\\/logo\\\/image\\\/\"}}]}<\/script>\n<!-- \/ Yoast SEO plugin. -->","yoast_head_json":{"title":"Comparaison de textes - Agence Riman","robots":{"index":"index","follow":"follow","max-snippet":"max-snippet:-1","max-image-preview":"max-image-preview:large","max-video-preview":"max-video-preview:-1"},"canonical":"https:\/\/rimanagency.com\/fr\/comparing-text\/","og_locale":"fr_CA","og_type":"article","og_title":"Comparing text - Riman Agency","og_url":"https:\/\/rimanagency.com\/fr\/comparing-text\/","og_site_name":"Riman Agency","article_modified_time":"2024-07-14T17:13:05+00:00","twitter_card":"summary_large_image","twitter_misc":{"Est. reading time":"2 minutes"},"schema":{"@context":"https:\/\/schema.org","@graph":[{"@type":"WebPage","@id":"https:\/\/rimanagency.com\/comparing-text\/","url":"https:\/\/rimanagency.com\/comparing-text\/","name":"Comparaison de textes - Agence Riman","isPartOf":{"@id":"https:\/\/rimanagency.com\/#website"},"datePublished":"2024-07-14T16:59:10+00:00","dateModified":"2024-07-14T17:13:05+00:00","breadcrumb":{"@id":"https:\/\/rimanagency.com\/comparing-text\/#breadcrumb"},"inLanguage":"fr-CA","potentialAction":[{"@type":"ReadAction","target":["https:\/\/rimanagency.com\/comparing-text\/"]}]},{"@type":"BreadcrumbList","@id":"https:\/\/rimanagency.com\/comparing-text\/#breadcrumb","itemListElement":[{"@type":"ListItem","position":1,"name":"Home","item":"https:\/\/rimanagency.com\/home\/"},{"@type":"ListItem","position":2,"name":"Comparing text"}]},{"@type":"WebSite","@id":"https:\/\/rimanagency.com\/#website","url":"https:\/\/rimanagency.com\/","name":"Agence Riman","description":"Une agence de marketing num\u00e9rique \u00e0 service complet","publisher":{"@id":"https:\/\/rimanagency.com\/#organization"},"potentialAction":[{"@type":"SearchAction","target":{"@type":"EntryPoint","urlTemplate":"https:\/\/rimanagency.com\/?s={search_term_string}"},"query-input":{"@type":"PropertyValueSpecification","valueRequired":true,"valueName":"search_term_string"}}],"inLanguage":"fr-CA"},{"@type":"Organization","@id":"https:\/\/rimanagency.com\/#organization","name":"Agence Riman","url":"https:\/\/rimanagency.com\/","logo":{"@type":"ImageObject","inLanguage":"fr-CA","@id":"https:\/\/rimanagency.com\/#\/schema\/logo\/image\/","url":"https:\/\/rimanagency.com\/wp-content\/uploads\/2022\/02\/RIMANagency-all-logos-1-2.png","contentUrl":"https:\/\/rimanagency.com\/wp-content\/uploads\/2022\/02\/RIMANagency-all-logos-1-2.png","width":694,"height":211,"caption":"Riman Agency"},"image":{"@id":"https:\/\/rimanagency.com\/#\/schema\/logo\/image\/"}}]}},"_links":{"self":[{"href":"https:\/\/rimanagency.com\/fr\/wp-json\/wp\/v2\/pages\/3863","targetHints":{"allow":["GET"]}}],"collection":[{"href":"https:\/\/rimanagency.com\/fr\/wp-json\/wp\/v2\/pages"}],"about":[{"href":"https:\/\/rimanagency.com\/fr\/wp-json\/wp\/v2\/types\/page"}],"author":[{"embeddable":true,"href":"https:\/\/rimanagency.com\/fr\/wp-json\/wp\/v2\/users\/4"}],"replies":[{"embeddable":true,"href":"https:\/\/rimanagency.com\/fr\/wp-json\/wp\/v2\/comments?post=3863"}],"version-history":[{"count":0,"href":"https:\/\/rimanagency.com\/fr\/wp-json\/wp\/v2\/pages\/3863\/revisions"}],"wp:attachment":[{"href":"https:\/\/rimanagency.com\/fr\/wp-json\/wp\/v2\/media?parent=3863"}],"curies":[{"name":"wp","href":"https:\/\/api.w.org\/{rel}","templated":true}]}}