{"id":3840,"date":"2023-06-30T16:42:56","date_gmt":"2023-06-30T16:42:56","guid":{"rendered":"https:\/\/rimanagency.com\/?page_id=3840"},"modified":"2023-06-30T17:29:32","modified_gmt":"2023-06-30T17:29:32","slug":"capitalized-case-text-convertor","status":"publish","type":"page","link":"https:\/\/rimanagency.com\/fr\/capitalized-case-text-convertor\/","title":{"rendered":"Convertisseur de texte en majuscules"},"content":{"rendered":"<div  class='flex_column av-av_one_half-048119fdb636ea3d70edc0b975509c6c av_one_half  avia-builder-el-0  el_before_av_one_half  avia-builder-el-first  first flex_column_div'     ><p>\n<style type=\"text\/css\" data-created_by=\"avia_inline_auto\" id=\"style-css-av-ljiumqjp-775e065cc88732660e396437a4dae606\">\n#top .av-special-heading.av-ljiumqjp-775e065cc88732660e396437a4dae606{\npadding-bottom:10px;\n}\nbody .av-special-heading.av-ljiumqjp-775e065cc88732660e396437a4dae606 .av-special-heading-tag .heading-char{\nfont-size:25px;\n}\n.av-special-heading.av-ljiumqjp-775e065cc88732660e396437a4dae606 .av-subheading{\nfont-size:15px;\n}\n<\/style>\n<div  class='av-special-heading av-ljiumqjp-775e065cc88732660e396437a4dae606 av-special-heading-h1  avia-builder-el-1  el_before_av_codeblock  avia-builder-el-first'><h1 class='av-special-heading-tag'  itemprop=\"headline\"  >Convertisseur de casse majuscule<\/h1><div class=\"special-heading-border\"><div class=\"special-heading-inner-border\"><\/div><\/div><\/div><br \/>\n<\/p><\/div><div  class='flex_column av-av_one_half-feecfcc73494c68bb0d1632d1d5c38ae av_one_half  avia-builder-el-3  el_after_av_one_half  avia-builder-el-last  flex_column_div'     ><div  class='togglecontainer av-av_toggle_container-0d23d522d20859f94d59c7485c451e65  avia-builder-el-4  avia-builder-el-no-sibling  toggle_close_all' >\n<section class='av_toggle_section av-av_toggle-54e8a6fea44d7c380a1be7eaf2d7935c'  itemscope=\"itemscope\" itemtype=\"https:\/\/schema.org\/CreativeWork\" ><div role=\"tablist\" class=\"single_toggle\" data-tags=\"{All} \"  ><p id='toggle-toggle-id-1' data-fake-id='#toggle-id-1' class='toggler  av-title-above'  itemprop=\"headline\"  role='tab' tabindex='0' aria-controls='toggle-id-1' data-slide-speed=\"200\" data-title=\" What is a capitalize case converter?\" data-title-open=\"\" data-aria_collapsed=\"Click to expand:  What is a capitalize case converter?\" data-aria_expanded=\"Click to collapse:  What is a capitalize case converter?\"> Qu&#039;est-ce qu&#039;un convertisseur de majuscules et de minuscules ?<span class=\"toggle_icon\"><span class=\"vert_icon\"><\/span><span class=\"hor_icon\"><\/span><\/span><\/p><div id='toggle-id-1' aria-labelledby='toggle-toggle-id-1' role='region' class='toggle_wrap  av-title-above'  ><div class='toggle_content invers-color'  itemprop=\"text\" ><p>Un convertisseur de majuscules est un outil ou une fonction qui transforme un texte donn\u00e9 en mettant en majuscule la premi\u00e8re lettre de chaque mot tout en convertissant les lettres restantes en minuscules.<\/p>\n<\/div><\/div><\/div><\/section>\n<section class='av_toggle_section av-av_toggle-930606833ef3041e8f8a43d8abcbf589'  itemscope=\"itemscope\" itemtype=\"https:\/\/schema.org\/CreativeWork\" ><div role=\"tablist\" class=\"single_toggle\" data-tags=\"{All} \"  ><p id='toggle-toggle-id-2' data-fake-id='#toggle-id-2' class='toggler  av-title-above'  itemprop=\"headline\"  role='tab' tabindex='0' aria-controls='toggle-id-2' data-slide-speed=\"200\" data-title=\"How does a capitalize case converter work?\" data-title-open=\"\" data-aria_collapsed=\"Click to expand: How does a capitalize case converter work?\" data-aria_expanded=\"Click to collapse: How does a capitalize case converter work?\">Comment fonctionne un convertisseur de majuscules et de minuscules\u00a0?<span class=\"toggle_icon\"><span class=\"vert_icon\"><\/span><span class=\"hor_icon\"><\/span><\/span><\/p><div id='toggle-id-2' aria-labelledby='toggle-toggle-id-2' role='region' class='toggle_wrap  av-title-above'  ><div class='toggle_content invers-color'  itemprop=\"text\" ><p>Un convertisseur de majuscules analyse g\u00e9n\u00e9ralement le texte d&#039;entr\u00e9e et identifie les limites de chaque mot. Il met ensuite en majuscule la premi\u00e8re lettre de chaque mot et convertit les lettres suivantes en minuscules, en conservant l&#039;espacement et la ponctuation d&#039;origine.<\/p>\n<\/div><\/div><\/div><\/section>\n<section class='av_toggle_section av-av_toggle-3d405b7f41f410566b8669846103e5f4'  itemscope=\"itemscope\" itemtype=\"https:\/\/schema.org\/CreativeWork\" ><div role=\"tablist\" class=\"single_toggle\" data-tags=\"{All} \"  ><p id='toggle-toggle-id-3' data-fake-id='#toggle-id-3' class='toggler  av-title-above'  itemprop=\"headline\"  role='tab' tabindex='0' aria-controls='toggle-id-3' data-slide-speed=\"200\" data-title=\"Can a capitalize case converter handle different word structures and punctuation?\" data-title-open=\"\" data-aria_collapsed=\"Click to expand: Can a capitalize case converter handle different word structures and punctuation?\" data-aria_expanded=\"Click to collapse: Can a capitalize case converter handle different word structures and punctuation?\">Un convertisseur de majuscules peut-il g\u00e9rer diff\u00e9rentes structures de mots et ponctuations\u00a0?<span class=\"toggle_icon\"><span class=\"vert_icon\"><\/span><span class=\"hor_icon\"><\/span><\/span><\/p><div id='toggle-id-3' aria-labelledby='toggle-toggle-id-3' role='region' class='toggle_wrap  av-title-above'  ><div class='toggle_content invers-color'  itemprop=\"text\" ><p>Oui, un convertisseur de majuscules bien con\u00e7u peut g\u00e9rer les diff\u00e9rentes structures de mots et signes de ponctuation couramment utilis\u00e9s \u00e0 l&#039;\u00e9crit. Il reconna\u00eet les limites des mots en fonction des espaces et des signes de ponctuation et applique les r\u00e8gles de majuscules appropri\u00e9es \u00e0 chaque mot.<\/p>\n<\/div><\/div><\/div><\/section>\n<section class='av_toggle_section av-av_toggle-ed92b98249d108109f723e4ad14cf9b8'  itemscope=\"itemscope\" itemtype=\"https:\/\/schema.org\/CreativeWork\" ><div role=\"tablist\" class=\"single_toggle\" data-tags=\"{All} \"  ><p id='toggle-toggle-id-4' data-fake-id='#toggle-id-4' class='toggler  av-title-above'  itemprop=\"headline\"  role='tab' tabindex='0' aria-controls='toggle-id-4' data-slide-speed=\"200\" data-title=\"Does a capitalize case converter modify proper nouns or acronyms?\" data-title-open=\"\" data-aria_collapsed=\"Click to expand: Does a capitalize case converter modify proper nouns or acronyms?\" data-aria_expanded=\"Click to collapse: Does a capitalize case converter modify proper nouns or acronyms?\">Un convertisseur de majuscules modifie-t-il les noms propres ou les acronymes\u00a0?<span class=\"toggle_icon\"><span class=\"vert_icon\"><\/span><span class=\"hor_icon\"><\/span><\/span><\/p><div id='toggle-id-4' aria-labelledby='toggle-toggle-id-4' role='region' class='toggle_wrap  av-title-above'  ><div class='toggle_content invers-color'  itemprop=\"text\" ><p>Un convertisseur de majuscules laisse g\u00e9n\u00e9ralement les noms propres et les acronymes inchang\u00e9s. Les noms propres, qui incluent des noms de personnes, de lieux, d&#039;organisations ou de titres, sont souvent intentionnellement \u00e9crits en majuscules et ne doivent pas \u00eatre modifi\u00e9s. De m\u00eame, les acronymes, g\u00e9n\u00e9ralement \u00e9crits en majuscules ou en un m\u00e9lange de majuscules et de minuscules, sont conserv\u00e9s dans leur forme originale.<\/p>\n<\/div><\/div><\/div><\/section>\n<section class='av_toggle_section av-av_toggle-70c6108db26a96e2477c52f1fa31b950'  itemscope=\"itemscope\" itemtype=\"https:\/\/schema.org\/CreativeWork\" ><div role=\"tablist\" class=\"single_toggle\" data-tags=\"{All} \"  ><p id='toggle-toggle-id-5' data-fake-id='#toggle-id-5' class='toggler  av-title-above'  itemprop=\"headline\"  role='tab' tabindex='0' aria-controls='toggle-id-5' data-slide-speed=\"200\" data-title=\"Can a capitalize case converter handle non-alphabetic characters or numbers?\" data-title-open=\"\" data-aria_collapsed=\"Click to expand: Can a capitalize case converter handle non-alphabetic characters or numbers?\" data-aria_expanded=\"Click to collapse: Can a capitalize case converter handle non-alphabetic characters or numbers?\">Un convertisseur de majuscules peut-il g\u00e9rer des caract\u00e8res non alphab\u00e9tiques ou des chiffres\u00a0?<span class=\"toggle_icon\"><span class=\"vert_icon\"><\/span><span class=\"hor_icon\"><\/span><\/span><\/p><div id='toggle-id-5' aria-labelledby='toggle-toggle-id-5' role='region' class='toggle_wrap  av-title-above'  ><div class='toggle_content invers-color'  itemprop=\"text\" ><p>Oui, un convertisseur de majuscules\/minuscules peut g\u00e9rer les caract\u00e8res non alphab\u00e9tiques et les chiffres. Il les traite comme des entit\u00e9s distinctes et ne modifie pas leur casse. Par exemple, les signes de ponctuation, les symboles ou les valeurs num\u00e9riques ne sont pas affect\u00e9s par la casse.<\/p>\n<\/div><\/div><\/div><\/section>\n<section class='av_toggle_section av-av_toggle-1632182fc3eafa90e0220153af56e399'  itemscope=\"itemscope\" itemtype=\"https:\/\/schema.org\/CreativeWork\" ><div role=\"tablist\" class=\"single_toggle\" data-tags=\"{All} \"  ><p id='toggle-toggle-id-6' data-fake-id='#toggle-id-6' class='toggler  av-title-above'  itemprop=\"headline\"  role='tab' tabindex='0' aria-controls='toggle-id-6' data-slide-speed=\"200\" data-title=\"Yes, a capitalize case converter can handle non-alphabetic characters and numbers. It treats them as separate entities and does not modify their capitalization. For example, punctuation marks, symbols, or numeric values are not affected by the capitalization process.\" data-title-open=\"\" data-aria_collapsed=\"Click to expand: Yes, a capitalize case converter can handle non-alphabetic characters and numbers. It treats them as separate entities and does not modify their capitalization. For example, punctuation marks, symbols, or numeric values are not affected by the capitalization process.\" data-aria_expanded=\"Click to collapse: Yes, a capitalize case converter can handle non-alphabetic characters and numbers. It treats them as separate entities and does not modify their capitalization. For example, punctuation marks, symbols, or numeric values are not affected by the capitalization process.\">Oui, un convertisseur de majuscules\/minuscules peut g\u00e9rer les caract\u00e8res non alphab\u00e9tiques et les chiffres. Il les traite comme des entit\u00e9s distinctes et ne modifie pas leur casse. Par exemple, les signes de ponctuation, les symboles ou les valeurs num\u00e9riques ne sont pas affect\u00e9s par la casse.<span class=\"toggle_icon\"><span class=\"vert_icon\"><\/span><span class=\"hor_icon\"><\/span><\/span><\/p><div id='toggle-id-6' aria-labelledby='toggle-toggle-id-6' role='region' class='toggle_wrap  av-title-above'  ><div class='toggle_content invers-color'  itemprop=\"text\" ><p>Certains langages de programmation proposent des fonctions ou biblioth\u00e8ques int\u00e9gr\u00e9es pour la conversion de la casse, tandis que d&#039;autres ne la prennent pas directement en charge. Dans ce cas, vous pouvez impl\u00e9menter une logique personnalis\u00e9e en combinant des fonctions de manipulation de cha\u00eenes et des expressions r\u00e9guli\u00e8res pour obtenir la conversion de la casse.<\/p>\n<\/div><\/div><\/div><\/section>\n<section class='av_toggle_section av-av_toggle-ab71c13218c66aeda4bb7712d24ab6ef'  itemscope=\"itemscope\" itemtype=\"https:\/\/schema.org\/CreativeWork\" ><div role=\"tablist\" class=\"single_toggle\" data-tags=\"{All} \"  ><p id='toggle-toggle-id-7' data-fake-id='#toggle-id-7' class='toggler  av-title-above'  itemprop=\"headline\"  role='tab' tabindex='0' aria-controls='toggle-id-7' data-slide-speed=\"200\" data-title=\"Can I use a capitalize case converter to convert specific parts of a text?\" data-title-open=\"\" data-aria_collapsed=\"Click to expand: Can I use a capitalize case converter to convert specific parts of a text?\" data-aria_expanded=\"Click to collapse: Can I use a capitalize case converter to convert specific parts of a text?\">Puis-je utiliser un convertisseur de majuscules et de minuscules pour convertir des parties sp\u00e9cifiques d&#039;un texte\u00a0?<span class=\"toggle_icon\"><span class=\"vert_icon\"><\/span><span class=\"hor_icon\"><\/span><\/span><\/p><div id='toggle-id-7' aria-labelledby='toggle-toggle-id-7' role='region' class='toggle_wrap  av-title-above'  ><div class='toggle_content invers-color'  itemprop=\"text\" ><p>Un convertisseur de majuscules convertit g\u00e9n\u00e9ralement l&#039;int\u00e9gralit\u00e9 du texte ou tous les mots qu&#039;il contient. Si vous devez convertir des parties sp\u00e9cifiques, comme des mots ou des sections sp\u00e9cifiques, vous devrez impl\u00e9menter une logique personnalis\u00e9e ou utiliser des expressions r\u00e9guli\u00e8res pour identifier et convertir ces parties sp\u00e9cifiques.<\/p>\n<\/div><\/div><\/div><\/section>\n<section class='av_toggle_section av-av_toggle-7362fa90104574daba8e1878f0bba53a'  itemscope=\"itemscope\" itemtype=\"https:\/\/schema.org\/CreativeWork\" ><div role=\"tablist\" class=\"single_toggle\" data-tags=\"{All} \"  ><p id='toggle-toggle-id-8' data-fake-id='#toggle-id-8' class='toggler  av-title-above'  itemprop=\"headline\"  role='tab' tabindex='0' aria-controls='toggle-id-8' data-slide-speed=\"200\" data-title=\"Can a capitalize case converter handle multiple lines or paragraphs of text?\" data-title-open=\"\" data-aria_collapsed=\"Click to expand: Can a capitalize case converter handle multiple lines or paragraphs of text?\" data-aria_expanded=\"Click to collapse: Can a capitalize case converter handle multiple lines or paragraphs of text?\">Un convertisseur de majuscules peut-il g\u00e9rer plusieurs lignes ou paragraphes de texte\u00a0?<span class=\"toggle_icon\"><span class=\"vert_icon\"><\/span><span class=\"hor_icon\"><\/span><\/span><\/p><div id='toggle-id-8' aria-labelledby='toggle-toggle-id-8' role='region' class='toggle_wrap  av-title-above'  ><div class='toggle_content invers-color'  itemprop=\"text\" ><p>Oui, un convertisseur de majuscules\/minuscules peut g\u00e9rer plusieurs lignes ou paragraphes de texte. Il traite chaque mot individuellement, mettant la premi\u00e8re lettre en majuscule et convertissant les lettres suivantes en minuscules, tout en pr\u00e9servant l&#039;espacement et la ponctuation d&#039;origine.<\/p>\n<\/div><\/div><\/div><\/section>\n<section class='av_toggle_section av-av_toggle-7670329b8b0f28df61a5e92d5b369903'  itemscope=\"itemscope\" itemtype=\"https:\/\/schema.org\/CreativeWork\" ><div role=\"tablist\" class=\"single_toggle\" data-tags=\"{All} \"  ><p id='toggle-toggle-id-9' data-fake-id='#toggle-id-9' class='toggler  av-title-above'  itemprop=\"headline\"  role='tab' tabindex='0' aria-controls='toggle-id-9' data-slide-speed=\"200\" data-title=\"Are capitalize case conversions reversible?\" data-title-open=\"\" data-aria_collapsed=\"Click to expand: Are capitalize case conversions reversible?\" data-aria_expanded=\"Click to collapse: Are capitalize case conversions reversible?\">Les conversions de majuscules sont-elles r\u00e9versibles\u00a0?<span class=\"toggle_icon\"><span class=\"vert_icon\"><\/span><span class=\"hor_icon\"><\/span><\/span><\/p><div id='toggle-id-9' aria-labelledby='toggle-toggle-id-9' role='region' class='toggle_wrap  av-title-above'  ><div class='toggle_content invers-color'  itemprop=\"text\" ><p>Les conversions de majuscules sont g\u00e9n\u00e9ralement irr\u00e9versibles sans contexte suppl\u00e9mentaire. Comme le convertisseur convertit tous les mots en minuscules, \u00e0 l&#039;exception de la premi\u00e8re lettre, la majuscule d&#039;origine des mots intentionnellement mis en majuscules peut \u00eatre perdue. Par cons\u00e9quent, il peut \u00eatre impossible de r\u00e9tablir correctement la casse initiale.<\/p>\n<\/div><\/div><\/div><\/section>\n<\/div><\/div><\/p>","protected":false},"excerpt":{"rendered":"","protected":false},"author":2,"featured_media":0,"parent":0,"menu_order":0,"comment_status":"closed","ping_status":"closed","template":"","meta":{"footnotes":""},"class_list":["post-3840","page","type-page","status-publish","hentry"],"yoast_head":"<!-- This site is optimized with the Yoast SEO plugin v27.4 - https:\/\/yoast.com\/product\/yoast-seo-wordpress\/ -->\n<title>Capitalized Case Text Convertor - Riman Agency<\/title>\n<meta name=\"robots\" content=\"index, follow, max-snippet:-1, max-image-preview:large, max-video-preview:-1\" \/>\n<link rel=\"canonical\" href=\"https:\/\/rimanagency.com\/fr\/capitalized-case-text-convertor\/\" \/>\n<meta property=\"og:locale\" content=\"fr_CA\" \/>\n<meta property=\"og:type\" content=\"article\" \/>\n<meta property=\"og:title\" content=\"Capitalized Case Text Convertor - Riman Agency\" \/>\n<meta property=\"og:url\" content=\"https:\/\/rimanagency.com\/fr\/capitalized-case-text-convertor\/\" \/>\n<meta property=\"og:site_name\" content=\"Riman Agency\" \/>\n<meta property=\"article:modified_time\" content=\"2023-06-30T17:29:32+00:00\" \/>\n<meta name=\"twitter:card\" content=\"summary_large_image\" \/>\n<script type=\"application\/ld+json\" class=\"yoast-schema-graph\">{\"@context\":\"https:\\\/\\\/schema.org\",\"@graph\":[{\"@type\":\"WebPage\",\"@id\":\"https:\\\/\\\/rimanagency.com\\\/capitalized-case-text-convertor\\\/\",\"url\":\"https:\\\/\\\/rimanagency.com\\\/capitalized-case-text-convertor\\\/\",\"name\":\"Capitalized Case Text Convertor - Riman Agency\",\"isPartOf\":{\"@id\":\"https:\\\/\\\/rimanagency.com\\\/#website\"},\"datePublished\":\"2023-06-30T16:42:56+00:00\",\"dateModified\":\"2023-06-30T17:29:32+00:00\",\"breadcrumb\":{\"@id\":\"https:\\\/\\\/rimanagency.com\\\/capitalized-case-text-convertor\\\/#breadcrumb\"},\"inLanguage\":\"fr-CA\",\"potentialAction\":[{\"@type\":\"ReadAction\",\"target\":[\"https:\\\/\\\/rimanagency.com\\\/capitalized-case-text-convertor\\\/\"]}]},{\"@type\":\"BreadcrumbList\",\"@id\":\"https:\\\/\\\/rimanagency.com\\\/capitalized-case-text-convertor\\\/#breadcrumb\",\"itemListElement\":[{\"@type\":\"ListItem\",\"position\":1,\"name\":\"Home\",\"item\":\"https:\\\/\\\/rimanagency.com\\\/home\\\/\"},{\"@type\":\"ListItem\",\"position\":2,\"name\":\"Capitalized Case Text Convertor\"}]},{\"@type\":\"WebSite\",\"@id\":\"https:\\\/\\\/rimanagency.com\\\/#website\",\"url\":\"https:\\\/\\\/rimanagency.com\\\/\",\"name\":\"Riman Agency\",\"description\":\"A Full Service Digital Marketing Agency\",\"publisher\":{\"@id\":\"https:\\\/\\\/rimanagency.com\\\/#organization\"},\"potentialAction\":[{\"@type\":\"SearchAction\",\"target\":{\"@type\":\"EntryPoint\",\"urlTemplate\":\"https:\\\/\\\/rimanagency.com\\\/?s={search_term_string}\"},\"query-input\":{\"@type\":\"PropertyValueSpecification\",\"valueRequired\":true,\"valueName\":\"search_term_string\"}}],\"inLanguage\":\"fr-CA\"},{\"@type\":\"Organization\",\"@id\":\"https:\\\/\\\/rimanagency.com\\\/#organization\",\"name\":\"Riman Agency\",\"url\":\"https:\\\/\\\/rimanagency.com\\\/\",\"logo\":{\"@type\":\"ImageObject\",\"inLanguage\":\"fr-CA\",\"@id\":\"https:\\\/\\\/rimanagency.com\\\/#\\\/schema\\\/logo\\\/image\\\/\",\"url\":\"https:\\\/\\\/rimanagency.com\\\/wp-content\\\/uploads\\\/2022\\\/02\\\/RIMANagency-all-logos-1-2.png\",\"contentUrl\":\"https:\\\/\\\/rimanagency.com\\\/wp-content\\\/uploads\\\/2022\\\/02\\\/RIMANagency-all-logos-1-2.png\",\"width\":694,\"height\":211,\"caption\":\"Riman Agency\"},\"image\":{\"@id\":\"https:\\\/\\\/rimanagency.com\\\/#\\\/schema\\\/logo\\\/image\\\/\"}}]}<\/script>\n<!-- \/ Yoast SEO plugin. -->","yoast_head_json":{"title":"Convertisseur de texte en majuscules - Agence Riman","robots":{"index":"index","follow":"follow","max-snippet":"max-snippet:-1","max-image-preview":"max-image-preview:large","max-video-preview":"max-video-preview:-1"},"canonical":"https:\/\/rimanagency.com\/fr\/capitalized-case-text-convertor\/","og_locale":"fr_CA","og_type":"article","og_title":"Capitalized Case Text Convertor - Riman Agency","og_url":"https:\/\/rimanagency.com\/fr\/capitalized-case-text-convertor\/","og_site_name":"Riman Agency","article_modified_time":"2023-06-30T17:29:32+00:00","twitter_card":"summary_large_image","schema":{"@context":"https:\/\/schema.org","@graph":[{"@type":"WebPage","@id":"https:\/\/rimanagency.com\/capitalized-case-text-convertor\/","url":"https:\/\/rimanagency.com\/capitalized-case-text-convertor\/","name":"Convertisseur de texte en majuscules - Agence Riman","isPartOf":{"@id":"https:\/\/rimanagency.com\/#website"},"datePublished":"2023-06-30T16:42:56+00:00","dateModified":"2023-06-30T17:29:32+00:00","breadcrumb":{"@id":"https:\/\/rimanagency.com\/capitalized-case-text-convertor\/#breadcrumb"},"inLanguage":"fr-CA","potentialAction":[{"@type":"ReadAction","target":["https:\/\/rimanagency.com\/capitalized-case-text-convertor\/"]}]},{"@type":"BreadcrumbList","@id":"https:\/\/rimanagency.com\/capitalized-case-text-convertor\/#breadcrumb","itemListElement":[{"@type":"ListItem","position":1,"name":"Home","item":"https:\/\/rimanagency.com\/home\/"},{"@type":"ListItem","position":2,"name":"Capitalized Case Text Convertor"}]},{"@type":"WebSite","@id":"https:\/\/rimanagency.com\/#website","url":"https:\/\/rimanagency.com\/","name":"Agence Riman","description":"Une agence de marketing num\u00e9rique \u00e0 service complet","publisher":{"@id":"https:\/\/rimanagency.com\/#organization"},"potentialAction":[{"@type":"SearchAction","target":{"@type":"EntryPoint","urlTemplate":"https:\/\/rimanagency.com\/?s={search_term_string}"},"query-input":{"@type":"PropertyValueSpecification","valueRequired":true,"valueName":"search_term_string"}}],"inLanguage":"fr-CA"},{"@type":"Organization","@id":"https:\/\/rimanagency.com\/#organization","name":"Agence Riman","url":"https:\/\/rimanagency.com\/","logo":{"@type":"ImageObject","inLanguage":"fr-CA","@id":"https:\/\/rimanagency.com\/#\/schema\/logo\/image\/","url":"https:\/\/rimanagency.com\/wp-content\/uploads\/2022\/02\/RIMANagency-all-logos-1-2.png","contentUrl":"https:\/\/rimanagency.com\/wp-content\/uploads\/2022\/02\/RIMANagency-all-logos-1-2.png","width":694,"height":211,"caption":"Riman Agency"},"image":{"@id":"https:\/\/rimanagency.com\/#\/schema\/logo\/image\/"}}]}},"_links":{"self":[{"href":"https:\/\/rimanagency.com\/fr\/wp-json\/wp\/v2\/pages\/3840","targetHints":{"allow":["GET"]}}],"collection":[{"href":"https:\/\/rimanagency.com\/fr\/wp-json\/wp\/v2\/pages"}],"about":[{"href":"https:\/\/rimanagency.com\/fr\/wp-json\/wp\/v2\/types\/page"}],"author":[{"embeddable":true,"href":"https:\/\/rimanagency.com\/fr\/wp-json\/wp\/v2\/users\/2"}],"replies":[{"embeddable":true,"href":"https:\/\/rimanagency.com\/fr\/wp-json\/wp\/v2\/comments?post=3840"}],"version-history":[{"count":0,"href":"https:\/\/rimanagency.com\/fr\/wp-json\/wp\/v2\/pages\/3840\/revisions"}],"wp:attachment":[{"href":"https:\/\/rimanagency.com\/fr\/wp-json\/wp\/v2\/media?parent=3840"}],"curies":[{"name":"wp","href":"https:\/\/api.w.org\/{rel}","templated":true}]}}