{"id":3298,"date":"2018-05-03T01:24:46","date_gmt":"2018-05-03T01:24:46","guid":{"rendered":"http:\/\/captaim.com\/?page_id=3298"},"modified":"2018-05-03T01:25:12","modified_gmt":"2018-05-03T01:25:12","slug":"certifications","status":"publish","type":"page","link":"https:\/\/rimanagency.com\/fr\/certifications\/","title":{"rendered":"Certifications"},"content":{"rendered":"<style type=\"text\/css\" data-created_by=\"avia_inline_auto\" id=\"style-css-av-av_section-8527da692f0be95d495599d9b44e7e62\">\n.avia-section.av-av_section-8527da692f0be95d495599d9b44e7e62{\nbackground-repeat:no-repeat;\nbackground-image:url(https:\/\/rimanagency.com\/wp-content\/uploads\/2018\/05\/DSC_0401.jpg);\nbackground-position:50% 50%;\nbackground-attachment:scroll;\n}\n<\/style>\n<div id='av_section_1'  class='avia-section av-av_section-8527da692f0be95d495599d9b44e7e62 main_color avia-section-default avia-no-shadow  avia-builder-el-0  el_before_av_section  avia-builder-el-first  avia-full-stretch avia-bg-style-scroll av-minimum-height av-minimum-height-50 av-height-50  container_wrap sidebar_right'  data-section-bg-repeat='stretch' data-av_minimum_height_pc='50' data-av_min_height_opt='50'><div class='container av-section-cont-open' ><main  role=\"main\" itemprop=\"mainContentOfPage\"  class='template-page content  av-content-small alpha units'><div class='post-entry post-entry-type-page post-entry-3298'><div class='entry-content-wrapper clearfix'>\n<\/div><\/div><\/main><!-- close content main element --><\/div><\/div><div id='av_section_2'  class='avia-section av-av_section-43fa913dbbd7170bb5693496c11aa38b main_color avia-section-large avia-no-border-styling  avia-builder-el-1  el_after_av_section  avia-builder-el-last  avia-bg-style-scroll container_wrap sidebar_right'  ><div class='container av-section-cont-open' ><div class='template-page content  av-content-small alpha units'><div class='post-entry post-entry-type-page post-entry-3298'><div class='entry-content-wrapper clearfix'>\n\n<style type=\"text\/css\" data-created_by=\"avia_inline_auto\" id=\"style-css-av-av_heading-7e7c2039d5a27632decdf0e5b6b7b4e1\">\n#top .av-special-heading.av-av_heading-7e7c2039d5a27632decdf0e5b6b7b4e1{\npadding-bottom:20px;\ncolor:#0a0a0a;\nfont-size:40px;\n}\nbody .av-special-heading.av-av_heading-7e7c2039d5a27632decdf0e5b6b7b4e1 .av-special-heading-tag .heading-char{\nfont-size:25px;\n}\n#top #wrap_all .av-special-heading.av-av_heading-7e7c2039d5a27632decdf0e5b6b7b4e1 .av-special-heading-tag{\nfont-size:40px;\n}\n.av-special-heading.av-av_heading-7e7c2039d5a27632decdf0e5b6b7b4e1 .special-heading-inner-border{\nborder-color:#0a0a0a;\n}\n.av-special-heading.av-av_heading-7e7c2039d5a27632decdf0e5b6b7b4e1 .av-subheading{\nfont-size:15px;\n}\n\n@media only screen and (min-width: 480px) and (max-width: 767px){ \n#top #wrap_all .av-special-heading.av-av_heading-7e7c2039d5a27632decdf0e5b6b7b4e1 .av-special-heading-tag{\nfont-size:0.8em;\n}\n}\n\n@media only screen and (max-width: 479px){ \n#top #wrap_all .av-special-heading.av-av_heading-7e7c2039d5a27632decdf0e5b6b7b4e1 .av-special-heading-tag{\nfont-size:0.8em;\n}\n}\n<\/style>\n<div  class='av-special-heading av-av_heading-7e7c2039d5a27632decdf0e5b6b7b4e1 av-special-heading-h2 custom-color-heading blockquote modern-quote  avia-builder-el-2  el_before_av_hr  avia-builder-el-first  av-inherit-size'><h2 class='av-special-heading-tag'  itemprop=\"headline\"  >Certifications<\/h2><div class=\"special-heading-border\"><div class=\"special-heading-inner-border\"><\/div><\/div><\/div>\n\n<style type=\"text\/css\" data-created_by=\"avia_inline_auto\" id=\"style-css-av-av_hr-fe7ea066d7db16e4cb97982272ef9663\">\n#top .hr.av-av_hr-fe7ea066d7db16e4cb97982272ef9663{\nmargin-top:10px;\nmargin-bottom:10px;\n}\n.hr.av-av_hr-fe7ea066d7db16e4cb97982272ef9663 .hr-inner{\nwidth:50px;\nborder-color:#000000;\n}\n<\/style>\n<div  class='hr av-av_hr-fe7ea066d7db16e4cb97982272ef9663 hr-custom  avia-builder-el-3  el_after_av_heading  el_before_av_one_half  hr-left hr-icon-no'><span class='hr-inner inner-border-av-border-fat'><span class=\"hr-inner-style\"><\/span><\/span><\/div>\n\n<style type=\"text\/css\" data-created_by=\"avia_inline_auto\" id=\"style-css-av-av_one_half-6126cab7d8fab8d08143dd2dacdf673c\">\n.flex_column.av-av_one_half-6126cab7d8fab8d08143dd2dacdf673c{\nborder-radius:0px 0px 0px 0px;\npadding:0px 0px 0px 0px;\n}\n<\/style>\n<div  class='flex_column av-av_one_half-6126cab7d8fab8d08143dd2dacdf673c av_one_half  avia-builder-el-4  el_after_av_hr  el_before_av_one_half  first flex_column_div av-zero-column-padding'     ><p><section  class='av_textblock_section av-av_textblock-2de302bf1aa3cf4c9157dbe6f50ac7eb'   itemscope=\"itemscope\" itemtype=\"https:\/\/schema.org\/CreativeWork\" ><div class='avia_textblock'  itemprop=\"text\" ><p>En tant que fondateur de Riman Agency, une agence de marketing num\u00e9rique \u00e0 service complet, j&#039;ai collabor\u00e9 avec plus de 50 agences, PME et entreprises du Fortune 500. Je suis titulaire de plus de 35 certifications en marketing num\u00e9rique, notamment AdWords, Analytics, Bing, Hubspot, Woorank, Facebook et Hootsuite.<\/p>\n<\/div><\/section><br \/>\n\n<style type=\"text\/css\" data-created_by=\"avia_inline_auto\" id=\"style-css-av-av_hr-5ea7596238ed9f191e6b5e662093052f\">\n#top .hr.hr-invisible.av-av_hr-5ea7596238ed9f191e6b5e662093052f{\nheight:30px;\n}\n<\/style>\n<div  class='hr av-av_hr-5ea7596238ed9f191e6b5e662093052f hr-invisible  avia-builder-el-6  el_after_av_textblock  el_before_av_progress'><span class='hr-inner'><span class=\"hr-inner-style\"><\/span><\/span><\/div><br \/>\n\n<style type=\"text\/css\" data-created_by=\"avia_inline_auto\" id=\"style-css-av-av_progress-e032f3579640e86dc7c3aacbaa1cedd8\">\n.avia-progress-bar-container.av-av_progress-e032f3579640e86dc7c3aacbaa1cedd8 .progress{\nheight:10px;\n}\n<\/style>\n\n<style type=\"text\/css\" data-created_by=\"avia_inline_auto\" id=\"style-css-sub-av-av_progress-e032f3579640e86dc7c3aacbaa1cedd8\">\n#top .avia-progress-bar-container .avia-progress-bar.av-av_progress_bar-88fa17b4e1bca16821251021fff3c067 .bar{\nwidth:100%;\n}\n#top .avia-progress-bar-container .avia-progress-bar.av-av_progress_bar-2d352d097016c0f031db7989bb992a8c .bar{\nwidth:100%;\n}\n#top .avia-progress-bar-container .avia-progress-bar.av-av_progress_bar-e1cac7d559deaae0c54392f2d67b2ace .bar{\nwidth:90%;\n}\n#top .avia-progress-bar-container .avia-progress-bar.av-av_progress_bar-ba586c15801558e985d7d15cc7fa4c7f .bar{\nwidth:70%;\n}\n<\/style>\n<div  class='avia-progress-bar-container av-av_progress-e032f3579640e86dc7c3aacbaa1cedd8 av-flat-bar av-animated-bar av-small-bar avia_animate_when_almost_visible  avia-builder-el-7  el_after_av_hr  el_before_av_image'><div class='avia-progress-bar av-av_progress_bar-88fa17b4e1bca16821251021fff3c067 icon-bar-no theme-color-bar theme-color-bar icon-bar-no'><div class=\"progressbar-title-wrap\"><div class=\"progressbar-icon\"><span class='progressbar-char avia-iconfont avia-font-entypo-fontello' data-av_icon='' data-av_iconfont='entypo-fontello' ><\/span><\/div><div class='progressbar-title'>Conception et d\u00e9veloppement Web<\/div><\/div><div class=\"progressbar-percent\" data-timer=\"2200\"><span class='av-bar-counter __av-single-number' data-number='100'>0<\/span>%<\/div><div class=\"progress\"><div class=\"bar-outer\"><div class='bar' data-progress='100'><\/div><\/div><\/div><\/div><div class='avia-progress-bar av-av_progress_bar-2d352d097016c0f031db7989bb992a8c icon-bar-no theme-color-bar theme-color-bar icon-bar-no'><div class=\"progressbar-title-wrap\"><div class=\"progressbar-icon\"><span class='progressbar-char avia-iconfont avia-font-entypo-fontello' data-av_icon='' data-av_iconfont='entypo-fontello' ><\/span><\/div><div class='progressbar-title'>Optimisation des moteurs de recherche | SEO<\/div><\/div><div class=\"progressbar-percent\" data-timer=\"2200\"><span class='av-bar-counter __av-single-number' data-number='100'>0<\/span>%<\/div><div class=\"progress\"><div class=\"bar-outer\"><div class='bar' data-progress='100'><\/div><\/div><\/div><\/div><div class='avia-progress-bar av-av_progress_bar-e1cac7d559deaae0c54392f2d67b2ace icon-bar-no theme-color-bar theme-color-bar icon-bar-no'><div class=\"progressbar-title-wrap\"><div class=\"progressbar-icon\"><span class='progressbar-char avia-iconfont avia-font-entypo-fontello' data-av_icon='' data-av_iconfont='entypo-fontello' ><\/span><\/div><div class='progressbar-title'>Recherche payante<\/div><\/div><div class=\"progressbar-percent\" data-timer=\"2200\"><span class='av-bar-counter __av-single-number' data-number='90'>0<\/span>%<\/div><div class=\"progress\"><div class=\"bar-outer\"><div class='bar' data-progress='90'><\/div><\/div><\/div><\/div><div class='avia-progress-bar av-av_progress_bar-ba586c15801558e985d7d15cc7fa4c7f icon-bar-no theme-color-bar theme-color-bar icon-bar-no'><div class=\"progressbar-title-wrap\"><div class=\"progressbar-icon\"><span class='progressbar-char avia-iconfont avia-font-entypo-fontello' data-av_icon='' data-av_iconfont='entypo-fontello' ><\/span><\/div><div class='progressbar-title'>Analyse et flux utilisateur<\/div><\/div><div class=\"progressbar-percent\" data-timer=\"2200\"><span class='av-bar-counter __av-single-number' data-number='70'>0<\/span>%<\/div><div class=\"progress\"><div class=\"bar-outer\"><div class='bar' data-progress='70'><\/div><\/div><\/div><\/div><\/div><br \/>\n\n<style type=\"text\/css\" data-created_by=\"avia_inline_auto\" id=\"style-css-av-av_image-dfd06f7795779722a151052a1c354015\">\n.avia-image-container.av-av_image-dfd06f7795779722a151052a1c354015 img.avia_image{\nbox-shadow:none;\n}\n.avia-image-container.av-av_image-dfd06f7795779722a151052a1c354015 .av-image-caption-overlay-center{\ncolor:#ffffff;\n}\n<\/style>\n<div  class='avia-image-container av-av_image-dfd06f7795779722a151052a1c354015 av-styling- avia-align-center  avia-builder-el-8  el_after_av_progress  avia-builder-el-last'   itemprop=\"image\" itemscope=\"itemscope\" itemtype=\"https:\/\/schema.org\/ImageObject\" ><div class=\"avia-image-container-inner\"><div class=\"avia-image-overlay-wrap\"><img decoding=\"async\" fetchpriority=\"high\" class='wp-image-3150 avia-img-lazy-loading-not-3150 avia_image' src=\"https:\/\/rimanagency.com\/wp-content\/uploads\/2018\/04\/aa-930x1030-930x1030.jpg\" alt='' title='aa-930x1030'  height=\"1030\" width=\"930\"  itemprop=\"thumbnailUrl\" srcset=\"https:\/\/rimanagency.com\/wp-content\/uploads\/2018\/04\/aa-930x1030.jpg 930w, https:\/\/rimanagency.com\/wp-content\/uploads\/2018\/04\/aa-930x1030-271x300.jpg 271w, https:\/\/rimanagency.com\/wp-content\/uploads\/2018\/04\/aa-930x1030-768x851.jpg 768w, https:\/\/rimanagency.com\/wp-content\/uploads\/2018\/04\/aa-930x1030-637x705.jpg 637w, https:\/\/rimanagency.com\/wp-content\/uploads\/2018\/04\/aa-930x1030-450x498.jpg 450w\" sizes=\"(max-width: 930px) 100vw, 930px\" \/><\/div><\/div><\/div><\/p><\/div>\n<style type=\"text\/css\" data-created_by=\"avia_inline_auto\" id=\"style-css-av-av_one_half-0aa7055fe62c3622faec82866afbaeb2\">\n.flex_column.av-av_one_half-0aa7055fe62c3622faec82866afbaeb2{\nborder-radius:0px 0px 0px 0px;\npadding:0px 0px 0px 0px;\n}\n<\/style>\n<div  class='flex_column av-av_one_half-0aa7055fe62c3622faec82866afbaeb2 av_one_half  avia-builder-el-9  el_after_av_one_half  avia-builder-el-last  flex_column_div av-zero-column-padding'     ><p><section  class='av_textblock_section av-av_textblock-2de302bf1aa3cf4c9157dbe6f50ac7eb'   itemscope=\"itemscope\" itemtype=\"https:\/\/schema.org\/CreativeWork\" ><div class='avia_textblock'  itemprop=\"text\" ><p><strong>Certification AdWords\/PPC :<\/strong><br \/>\n\u2013 Recherche avanc\u00e9e Google<br \/>\n\u2013 Les fondamentaux de la publicit\u00e9<br \/>\n\u2013 Publicit\u00e9 mobile<br \/>\n\u2013 Publicit\u00e9 vid\u00e9o<br \/>\n\u2013 Publicit\u00e9 commerciale<br \/>\n\u2013 Affichage publicitaire<br \/>\n\u2013 Professionnel accr\u00e9dit\u00e9 Bing Ads<br \/>\n\u2013 Gestionnaire de balises Google<br \/>\n\u2013 DoubleClick Rich Media<\/p>\n<p><strong>Certifications Google Analytics :<\/strong><br \/>\n\u2013 Certifi\u00e9 individuel Google Analytics<br \/>\n\u2013 Principes fondamentaux de l&#039;analyse num\u00e9rique<br \/>\n\u2013 Principes de la plateforme<br \/>\n\u2013 Analyse du commerce \u00e9lectronique<br \/>\n\u2013 Analyse des applications mobiles<br \/>\n\u2013 Google Analytics avanc\u00e9<br \/>\n\u2013 Google Analytics pour les d\u00e9butants<br \/>\n\u2013 Site mobile de Google<br \/>\n\u2013 Ventes num\u00e9riques Google<\/p>\n<p><strong>Autres certifications :<\/strong><br \/>\n\u2013 Google Wildfire<br \/>\n\u2013 Woorank | Partenaire marketing certifi\u00e9<br \/>\n\u2013 Professionnel certifi\u00e9 Hootsuite<br \/>\n\u2013 HubSpot | Certifi\u00e9 en marketing entrant<br \/>\n\u2013 Certifi\u00e9 SEO SEMrush<\/p>\n<p><strong>Certifications Facebook :<\/strong><br \/>\n\u2013 Ciblage : Certification des publics cibles<br \/>\n\u2013 Certification FB et Instagram<br \/>\n\u2013 Certification Promouvoir votre entreprise \u00e0 partir de votre page Facebook<br \/>\n\u2013 Pr\u00e9sentation des ench\u00e8res et de la livraison des annonces<br \/>\n\u2013 \u00c9tendez la port\u00e9e de votre campagne avec Audience Network<\/p>\n<\/div><\/section><br \/>\n\n<style type=\"text\/css\" data-created_by=\"avia_inline_auto\" id=\"style-css-av-av_hr-5ea7596238ed9f191e6b5e662093052f\">\n#top .hr.hr-invisible.av-av_hr-5ea7596238ed9f191e6b5e662093052f{\nheight:30px;\n}\n<\/style>\n<div  class='hr av-av_hr-5ea7596238ed9f191e6b5e662093052f hr-invisible  avia-builder-el-11  el_after_av_textblock  el_before_av_button'><span class='hr-inner'><span class=\"hr-inner-style\"><\/span><\/span><\/div><br \/>\n<div  class='avia-button-wrap av-av_button-4e0acd71523389678befb7017d0273b9-wrap avia-button-left  avia-builder-el-12  el_after_av_hr  avia-builder-el-last'><a href='https:\/\/www.linkedin.com\/company\/15238587\/'  class='avia-button av-av_button-4e0acd71523389678befb7017d0273b9 av-link-btn avia-icon_select-no avia-size-large avia-position-left av-icon-on-hover avia-color-dark'   aria-label=\"Voir les certifications de Tarek sur LinkedIn\"><span class='avia_iconbox_title' >Voir les certifications de Tarek sur LinkedIn<\/span><\/a><\/div><\/p><\/div>\n<\/div><\/div><\/div><!-- close content main div --><\/div><\/div><div id='after_section_2'  class='main_color av_default_container_wrap container_wrap sidebar_right'  ><div class='container av-section-cont-open' ><div class='template-page content  av-content-small alpha units'><div class='post-entry post-entry-type-page post-entry-3298'><div class='entry-content-wrapper clearfix'>","protected":false},"excerpt":{"rendered":"","protected":false},"author":2,"featured_media":3294,"parent":0,"menu_order":0,"comment_status":"closed","ping_status":"closed","template":"","meta":{"footnotes":""},"class_list":["post-3298","page","type-page","status-publish","has-post-thumbnail","hentry"],"yoast_head":"<!-- This site is optimized with the Yoast SEO plugin v27.3 - https:\/\/yoast.com\/product\/yoast-seo-wordpress\/ -->\n<title>Digital Marketing Certified Expert in Canada | Tarek Riman Certifications<\/title>\n<meta name=\"description\" content=\"As Founder of Riman Agency, a full-service digital marketing agency, I have worked with 50+ agencies, SMBs and Fortune 500s. I hold 35+ certifications in digital marketing including AdWords, Analytics, Bing, Hubspot, Woorank, Facebook &amp; Hootsuite.\" \/>\n<meta name=\"robots\" content=\"index, follow, max-snippet:-1, max-image-preview:large, max-video-preview:-1\" \/>\n<link rel=\"canonical\" href=\"https:\/\/rimanagency.com\/fr\/certifications\/\" \/>\n<meta property=\"og:locale\" content=\"fr_CA\" \/>\n<meta property=\"og:type\" content=\"article\" \/>\n<meta property=\"og:title\" content=\"Digital Marketing Certified Expert in Canada | Tarek Riman Certifications\" \/>\n<meta property=\"og:description\" content=\"As Founder of Riman Agency, a full-service digital marketing agency, I have worked with 50+ agencies, SMBs and Fortune 500s. I hold 35+ certifications in digital marketing including AdWords, Analytics, Bing, Hubspot, Woorank, Facebook &amp; Hootsuite.\" \/>\n<meta property=\"og:url\" content=\"https:\/\/rimanagency.com\/fr\/certifications\/\" \/>\n<meta property=\"og:site_name\" content=\"Riman Agency\" \/>\n<meta property=\"article:modified_time\" content=\"2018-05-03T01:25:12+00:00\" \/>\n<meta property=\"og:image\" content=\"https:\/\/rimanagency.com\/wp-content\/uploads\/2018\/05\/DSC_0401.jpg\" \/>\n\t<meta property=\"og:image:width\" content=\"2000\" \/>\n\t<meta property=\"og:image:height\" content=\"1333\" \/>\n\t<meta property=\"og:image:type\" content=\"image\/jpeg\" \/>\n<meta name=\"twitter:card\" content=\"summary_large_image\" \/>\n<meta name=\"twitter:title\" content=\"Digital Marketing Certified Expert in Canada | Tarek Riman Certifications\" \/>\n<meta name=\"twitter:description\" content=\"As Founder of Riman Agency, a full-service digital marketing agency, I have worked with 50+ agencies, SMBs and Fortune 500s. I hold 35+ certifications in digital marketing including AdWords, Analytics, Bing, Hubspot, Woorank, Facebook &amp; Hootsuite.\" \/>\n<meta name=\"twitter:image\" content=\"https:\/\/rimanagency.com\/wp-content\/uploads\/2018\/05\/DSC_0401.jpg\" \/>\n<meta name=\"twitter:label1\" content=\"Est. reading time\" \/>\n\t<meta name=\"twitter:data1\" content=\"4 minutes\" \/>\n<script type=\"application\/ld+json\" class=\"yoast-schema-graph\">{\"@context\":\"https:\\\/\\\/schema.org\",\"@graph\":[{\"@type\":\"WebPage\",\"@id\":\"https:\\\/\\\/rimanagency.com\\\/certifications\\\/\",\"url\":\"https:\\\/\\\/rimanagency.com\\\/certifications\\\/\",\"name\":\"Digital Marketing Certified Expert in Canada | Tarek Riman Certifications\",\"isPartOf\":{\"@id\":\"https:\\\/\\\/rimanagency.com\\\/#website\"},\"primaryImageOfPage\":{\"@id\":\"https:\\\/\\\/rimanagency.com\\\/certifications\\\/#primaryimage\"},\"image\":{\"@id\":\"https:\\\/\\\/rimanagency.com\\\/certifications\\\/#primaryimage\"},\"thumbnailUrl\":\"https:\\\/\\\/rimanagency.com\\\/wp-content\\\/uploads\\\/2018\\\/05\\\/DSC_0401.jpg\",\"datePublished\":\"2018-05-03T01:24:46+00:00\",\"dateModified\":\"2018-05-03T01:25:12+00:00\",\"description\":\"As Founder of Riman Agency, a full-service digital marketing agency, I have worked with 50+ agencies, SMBs and Fortune 500s. I hold 35+ certifications in digital marketing including AdWords, Analytics, Bing, Hubspot, Woorank, Facebook & Hootsuite.\",\"breadcrumb\":{\"@id\":\"https:\\\/\\\/rimanagency.com\\\/certifications\\\/#breadcrumb\"},\"inLanguage\":\"fr-CA\",\"potentialAction\":[{\"@type\":\"ReadAction\",\"target\":[\"https:\\\/\\\/rimanagency.com\\\/certifications\\\/\"]}]},{\"@type\":\"ImageObject\",\"inLanguage\":\"fr-CA\",\"@id\":\"https:\\\/\\\/rimanagency.com\\\/certifications\\\/#primaryimage\",\"url\":\"https:\\\/\\\/rimanagency.com\\\/wp-content\\\/uploads\\\/2018\\\/05\\\/DSC_0401.jpg\",\"contentUrl\":\"https:\\\/\\\/rimanagency.com\\\/wp-content\\\/uploads\\\/2018\\\/05\\\/DSC_0401.jpg\",\"width\":2000,\"height\":1333,\"caption\":\"Digital Marketing Certified Expert in Canada | Tarek Riman Certifications\"},{\"@type\":\"BreadcrumbList\",\"@id\":\"https:\\\/\\\/rimanagency.com\\\/certifications\\\/#breadcrumb\",\"itemListElement\":[{\"@type\":\"ListItem\",\"position\":1,\"name\":\"Home\",\"item\":\"https:\\\/\\\/rimanagency.com\\\/home\\\/\"},{\"@type\":\"ListItem\",\"position\":2,\"name\":\"Certifications\"}]},{\"@type\":\"WebSite\",\"@id\":\"https:\\\/\\\/rimanagency.com\\\/#website\",\"url\":\"https:\\\/\\\/rimanagency.com\\\/\",\"name\":\"Riman Agency\",\"description\":\"A Full Service Digital Marketing Agency\",\"publisher\":{\"@id\":\"https:\\\/\\\/rimanagency.com\\\/#organization\"},\"potentialAction\":[{\"@type\":\"SearchAction\",\"target\":{\"@type\":\"EntryPoint\",\"urlTemplate\":\"https:\\\/\\\/rimanagency.com\\\/?s={search_term_string}\"},\"query-input\":{\"@type\":\"PropertyValueSpecification\",\"valueRequired\":true,\"valueName\":\"search_term_string\"}}],\"inLanguage\":\"fr-CA\"},{\"@type\":\"Organization\",\"@id\":\"https:\\\/\\\/rimanagency.com\\\/#organization\",\"name\":\"Riman Agency\",\"url\":\"https:\\\/\\\/rimanagency.com\\\/\",\"logo\":{\"@type\":\"ImageObject\",\"inLanguage\":\"fr-CA\",\"@id\":\"https:\\\/\\\/rimanagency.com\\\/#\\\/schema\\\/logo\\\/image\\\/\",\"url\":\"https:\\\/\\\/rimanagency.com\\\/wp-content\\\/uploads\\\/2022\\\/02\\\/RIMANagency-all-logos-1-2.png\",\"contentUrl\":\"https:\\\/\\\/rimanagency.com\\\/wp-content\\\/uploads\\\/2022\\\/02\\\/RIMANagency-all-logos-1-2.png\",\"width\":694,\"height\":211,\"caption\":\"Riman Agency\"},\"image\":{\"@id\":\"https:\\\/\\\/rimanagency.com\\\/#\\\/schema\\\/logo\\\/image\\\/\"}}]}<\/script>\n<!-- \/ Yoast SEO plugin. -->","yoast_head_json":{"title":"Digital Marketing Certified Expert in Canada | Tarek Riman Certifications","description":"As Founder of Riman Agency, a full-service digital marketing agency, I have worked with 50+ agencies, SMBs and Fortune 500s. I hold 35+ certifications in digital marketing including AdWords, Analytics, Bing, Hubspot, Woorank, Facebook & Hootsuite.","robots":{"index":"index","follow":"follow","max-snippet":"max-snippet:-1","max-image-preview":"max-image-preview:large","max-video-preview":"max-video-preview:-1"},"canonical":"https:\/\/rimanagency.com\/fr\/certifications\/","og_locale":"fr_CA","og_type":"article","og_title":"Digital Marketing Certified Expert in Canada | Tarek Riman Certifications","og_description":"As Founder of Riman Agency, a full-service digital marketing agency, I have worked with 50+ agencies, SMBs and Fortune 500s. I hold 35+ certifications in digital marketing including AdWords, Analytics, Bing, Hubspot, Woorank, Facebook & Hootsuite.","og_url":"https:\/\/rimanagency.com\/fr\/certifications\/","og_site_name":"Riman Agency","article_modified_time":"2018-05-03T01:25:12+00:00","og_image":[{"width":2000,"height":1333,"url":"https:\/\/rimanagency.com\/wp-content\/uploads\/2018\/05\/DSC_0401.jpg","type":"image\/jpeg"}],"twitter_card":"summary_large_image","twitter_title":"Digital Marketing Certified Expert in Canada | Tarek Riman Certifications","twitter_description":"As Founder of Riman Agency, a full-service digital marketing agency, I have worked with 50+ agencies, SMBs and Fortune 500s. I hold 35+ certifications in digital marketing including AdWords, Analytics, Bing, Hubspot, Woorank, Facebook & Hootsuite.","twitter_image":"https:\/\/rimanagency.com\/wp-content\/uploads\/2018\/05\/DSC_0401.jpg","twitter_misc":{"Est. reading time":"4 minutes"},"schema":{"@context":"https:\/\/schema.org","@graph":[{"@type":"WebPage","@id":"https:\/\/rimanagency.com\/certifications\/","url":"https:\/\/rimanagency.com\/certifications\/","name":"Digital Marketing Certified Expert in Canada | Tarek Riman Certifications","isPartOf":{"@id":"https:\/\/rimanagency.com\/#website"},"primaryImageOfPage":{"@id":"https:\/\/rimanagency.com\/certifications\/#primaryimage"},"image":{"@id":"https:\/\/rimanagency.com\/certifications\/#primaryimage"},"thumbnailUrl":"https:\/\/rimanagency.com\/wp-content\/uploads\/2018\/05\/DSC_0401.jpg","datePublished":"2018-05-03T01:24:46+00:00","dateModified":"2018-05-03T01:25:12+00:00","description":"As Founder of Riman Agency, a full-service digital marketing agency, I have worked with 50+ agencies, SMBs and Fortune 500s. I hold 35+ certifications in digital marketing including AdWords, Analytics, Bing, Hubspot, Woorank, Facebook & Hootsuite.","breadcrumb":{"@id":"https:\/\/rimanagency.com\/certifications\/#breadcrumb"},"inLanguage":"fr-CA","potentialAction":[{"@type":"ReadAction","target":["https:\/\/rimanagency.com\/certifications\/"]}]},{"@type":"ImageObject","inLanguage":"fr-CA","@id":"https:\/\/rimanagency.com\/certifications\/#primaryimage","url":"https:\/\/rimanagency.com\/wp-content\/uploads\/2018\/05\/DSC_0401.jpg","contentUrl":"https:\/\/rimanagency.com\/wp-content\/uploads\/2018\/05\/DSC_0401.jpg","width":2000,"height":1333,"caption":"Digital Marketing Certified Expert in Canada | Tarek Riman Certifications"},{"@type":"BreadcrumbList","@id":"https:\/\/rimanagency.com\/certifications\/#breadcrumb","itemListElement":[{"@type":"ListItem","position":1,"name":"Home","item":"https:\/\/rimanagency.com\/home\/"},{"@type":"ListItem","position":2,"name":"Certifications"}]},{"@type":"WebSite","@id":"https:\/\/rimanagency.com\/#website","url":"https:\/\/rimanagency.com\/","name":"Agence Riman","description":"Une agence de marketing num\u00e9rique \u00e0 service complet","publisher":{"@id":"https:\/\/rimanagency.com\/#organization"},"potentialAction":[{"@type":"SearchAction","target":{"@type":"EntryPoint","urlTemplate":"https:\/\/rimanagency.com\/?s={search_term_string}"},"query-input":{"@type":"PropertyValueSpecification","valueRequired":true,"valueName":"search_term_string"}}],"inLanguage":"fr-CA"},{"@type":"Organization","@id":"https:\/\/rimanagency.com\/#organization","name":"Agence Riman","url":"https:\/\/rimanagency.com\/","logo":{"@type":"ImageObject","inLanguage":"fr-CA","@id":"https:\/\/rimanagency.com\/#\/schema\/logo\/image\/","url":"https:\/\/rimanagency.com\/wp-content\/uploads\/2022\/02\/RIMANagency-all-logos-1-2.png","contentUrl":"https:\/\/rimanagency.com\/wp-content\/uploads\/2022\/02\/RIMANagency-all-logos-1-2.png","width":694,"height":211,"caption":"Riman Agency"},"image":{"@id":"https:\/\/rimanagency.com\/#\/schema\/logo\/image\/"}}]}},"_links":{"self":[{"href":"https:\/\/rimanagency.com\/fr\/wp-json\/wp\/v2\/pages\/3298","targetHints":{"allow":["GET"]}}],"collection":[{"href":"https:\/\/rimanagency.com\/fr\/wp-json\/wp\/v2\/pages"}],"about":[{"href":"https:\/\/rimanagency.com\/fr\/wp-json\/wp\/v2\/types\/page"}],"author":[{"embeddable":true,"href":"https:\/\/rimanagency.com\/fr\/wp-json\/wp\/v2\/users\/2"}],"replies":[{"embeddable":true,"href":"https:\/\/rimanagency.com\/fr\/wp-json\/wp\/v2\/comments?post=3298"}],"version-history":[{"count":0,"href":"https:\/\/rimanagency.com\/fr\/wp-json\/wp\/v2\/pages\/3298\/revisions"}],"wp:featuredmedia":[{"embeddable":true,"href":"https:\/\/rimanagency.com\/fr\/wp-json\/wp\/v2\/media\/3294"}],"wp:attachment":[{"href":"https:\/\/rimanagency.com\/fr\/wp-json\/wp\/v2\/media?parent=3298"}],"curies":[{"name":"wp","href":"https:\/\/api.w.org\/{rel}","templated":true}]}}